{"id":6682,"date":"2026-04-06T10:58:41","date_gmt":"2026-04-06T08:58:41","guid":{"rendered":"https:\/\/apexvape.de\/?post_type=product&#038;p=6682"},"modified":"2026-04-06T10:59:13","modified_gmt":"2026-04-06T08:59:13","slug":"airmez-fox-4-in-1-120k","status":"publish","type":"product","link":"https:\/\/apexvape.de\/sv\/product\/airmez-fox-4-in-1-120k\/","title":{"rendered":"Airmez FOX 4 IN 1 120K puffar eng\u00e5ngs vape"},"content":{"rendered":"<h1>Airmez FOX 4 IN 1 120K Puffs eng\u00e5ngsvape | 4 smaker &amp; 120.000 puffar<\/h1>\n<p>Airmez FOX 4 IN 1 120K ger upp till 120 000 puffar med ett 4-i-1-smaksystem och 60 ml e-v\u00e4tska f\u00f6r l\u00e5ngvarig njutning. LED-displayen g\u00f6r det enkelt att \u00f6vervaka batteri- och e-v\u00e4tskeniv\u00e5erna, medan 650 mAh-batteriet med snabbladdning av typ C minimerar stillest\u00e5ndstiden. Med 3 % nikotinstyrkor och en 1,0 \u03a9 mesh-spole f\u00f6r j\u00e4mn, konsekvent \u00e5nga \u00e4r det en m\u00e5ngsidig h\u00f6gpresterande enhet f\u00f6r vapers som kr\u00e4ver kvalitet och variation.<\/p>\n<h2>Airmez FOX 4 IN 1 120K Puffs - De viktigaste h\u00f6jdpunkterna<\/h2>\n<p>Airmez FOX 4 IN 1 120K \u00e4r en kraftfull vaporiserare med en imponerande kapacitet p\u00e5 upp till 120 000 puffar f\u00f6r en l\u00e5ngvarig och tillfredsst\u00e4llande vapingupplevelse. Det som utm\u00e4rker den \u00e4r dess 4-i-1-smaksystem, som g\u00f6r det m\u00f6jligt f\u00f6r anv\u00e4ndare att njuta av fyra unika smaker i en enda enhet - f\u00f6r o\u00f6vertr\u00e4ffad variation och bekv\u00e4mlighet.<\/p>\n<p>Med en gener\u00f6s f\u00f6rfyllning p\u00e5 60 ml e-v\u00e4tska (15 ml \u00d7 4 tankar) \u00e4r den h\u00e4r enheten utformad f\u00f6r l\u00e5ngvarig njutning med f\u00e4rre avbrott. En intuitiv LED-display h\u00e5ller dig informerad hela tiden och g\u00f6r det enkelt att \u00f6vervaka batteristatus och p\u00e5fyllningsniv\u00e5 f\u00f6r e-v\u00e4tska - \u00e4ven n\u00e4r du \u00e4r p\u00e5 spr\u00e5ng.<\/p>\n<p>Laddningen g\u00e5r snabbt och enkelt tack vare 650 mAh-batteriet med Type-C-snabbladdning, s\u00e5 att enheten alltid \u00e4r redo n\u00e4r du beh\u00f6ver den. Airmez FOX 4 IN 1 120K finns tillg\u00e4nglig med 3 % nikotinstyrkor och riktar sig till anv\u00e4ndare som f\u00f6redrar en j\u00e4mn och kontrollerad nikotinupplevelse.<\/p>\n<p>I mitten av enheten sitter en 1,0 \u03a9 mesh-spole som ger en j\u00e4mn och aromatisk \u00e5nga vid varje bloss. Denna kombination av kapacitet, variation och teknik g\u00f6r Airmez FOX 4 IN 1 120K till en m\u00e5ngsidig h\u00f6gpresterande enhet f\u00f6r kr\u00e4sna vapnare.<\/p>\n<h2>Tekniska data - Airmez FOX 4 IN 1 120K Puffs<\/h2>\n<table>\n<thead>\n<tr>\n<th>Funktion<\/th>\n<th>Detaljer<\/th>\n<\/tr>\n<\/thead>\n<tbody>\n<tr>\n<td>Antal t\u00e5g<\/td>\n<td>120.000 t\u00e5g<\/td>\n<\/tr>\n<tr>\n<td>Kapacitet f\u00f6r e-v\u00e4tskor<\/td>\n<td>15 ml \u00d7 4 tankar (totalt 60 ml)<\/td>\n<\/tr>\n<tr>\n<td>Smakl\u00e4gen<\/td>\n<td>4 justerbara smaker<\/td>\n<\/tr>\n<tr>\n<td>Batteriets kapacitet<\/td>\n<td>650 mAh (uppladdningsbar)<\/td>\n<\/tr>\n<tr>\n<td>Coil<\/td>\n<td>1,0 \u03a9 N\u00e4tspole<\/td>\n<\/tr>\n<tr>\n<td>Laddningsanslutning<\/td>\n<td>USB typ C<\/td>\n<\/tr>\n<tr>\n<td>F\u00f6rpackningsenhet<\/td>\n<td>10 stycken per f\u00f6rpackning<\/td>\n<\/tr>\n<tr>\n<td>Tillg\u00e4ngliga smaker<\/td>\n<td>10 alternativ<\/td>\n<\/tr>\n<\/tbody>\n<\/table>\n<h2>Airmez FOX 4 IN 1 120K Puffs - Tillg\u00e4ngliga smaker<\/h2>\n<ol>\n<li>Jordgubb Hallon \/ Jordgubb Kiwi \/ Jordgubb Is \/ Persika Mango Vattenmelon<\/li>\n<li>Vattenmelon Ice \/ Jordgubbsvattenmelon \/ Hallonvattenmelon \/ Bl\u00e5b\u00e4rs hallon<\/li>\n<li>Pink Lemonade \/ Passion Kiss \/ Mixed Berries \/ Triple Berry<\/li>\n<li>K\u00f6rsb\u00e4r \/ Love 66 \/ Berry Lemonade \/ Grape Ice<\/li>\n<li>Mango Persika \/ Tropisk frukt \/ Persika is \/ Sour Mango Ananas<\/li>\n<li>Grape Ice \/ Love 66 \/ Blueberry On Ice \/ Dragon Fruit Ice<\/li>\n<li>Love 66 \/ K\u00f6rsb\u00e4r \/ Bl\u00e5b\u00e4r On Ice \/ Kiwi Passionsfrukt Guava<\/li>\n<li>Peach Ice \/ Pink Lemonade \/ Watermelon Ice \/ Dr Blue<\/li>\n<li>Red Mojito \/ Love 66 \/ Mixed Berries \/ Strawberry Watermelon<\/li>\n<li>Persika Mango Vattenmelon \/ Bl\u00e5b\u00e4r K\u00f6rsb\u00e4r \/ Vattenmelon Drakfrukt \/ Passion Kiss<\/li>\n<\/ol>\n<h2>Vanliga fr\u00e5gor (FAQ) - Airmez FOX 4 IN 1 120K Puffs<\/h2>\n<p><strong>F1: Vad skiljer Airmez FOX 4 IN 1 120K fr\u00e5n andra eng\u00e5ngsvapor?<\/strong> Airmez FOX 4 IN 1 120K sticker ut med sin imponerande kapacitet p\u00e5 120 000 puffar, fyra unika smaker i en enhet och en 60 ml e-juice - ett av de mest m\u00e5ngsidiga och l\u00e5ngvariga alternativen p\u00e5 marknaden.<\/p>\n<p><strong>Q2: Hur m\u00e5nga smaker finns det i en apparat?<\/strong> Denna innovativa enhet har ett 4-i-1-smaksystem som ger anv\u00e4ndarna tillg\u00e5ng till fyra olika smaker utan att beh\u00f6va byta enhet - perfekt f\u00f6r vapers som uppskattar variation.<\/p>\n<p><strong>F3: Hur l\u00e4nge r\u00e4cker batteriet och finns det st\u00f6d f\u00f6r snabbladdning?<\/strong> Enheten drivs av ett 650 mAh-batteri med snabbladdning av typ C, vilket garanterar minimal stillest\u00e5ndstid och h\u00e5ller enheten redo att anv\u00e4ndas hela tiden.<\/p>\n<p><strong>Q4: Finns det en display f\u00f6r \u00f6vervakning av e-v\u00e4tska och batteriniv\u00e5?<\/strong> Ja, den har en integrerad LED-display som g\u00f6r det m\u00f6jligt f\u00f6r anv\u00e4ndare att enkelt \u00f6vervaka b\u00e5de batteriniv\u00e5n och den \u00e5terst\u00e5ende niv\u00e5n av e-juice i realtid.<\/p>\n<p><strong>F5: Vilken nikotinstyrka och coiltyp anv\u00e4nder den h\u00e4r vaporisatorn?<\/strong> Den finns med 3 % nikotinstyrkor och har en 1,0 \u03a9 mesh-spole som ger j\u00e4mn, konsekvent och smakrik \u00e5nga vid varje bloss.<\/p>\n<h2>Uppt\u00e4ck mer AIRMEZ VAPE p\u00e5 Apexvape<\/h2>\n<p>Om du letar efter andra h\u00f6gkvalitativa vaporiserprodukter hittar du garanterat det du letar efter i v\u00e5r butik. Bl\u00e4ddra igenom v\u00e5ra <strong><a href=\"https:\/\/apexvape.de\/sv\/\">hemsida<\/a><\/strong> genom hela sortimentet eller uppt\u00e4ck fler modeller och nya produkter fr\u00e5n varum\u00e4rket i <strong><a href=\"https:\/\/apexvape.de\/sv\/product-category\/airmez-vape\/\">Airmez Vape Kategori<\/a><\/strong>.<\/p>","protected":false},"excerpt":{"rendered":"<p class=\"font-claude-response-body break-words whitespace-normal leading-[1.7]\">Der Airmez FOX 4 IN 1 120K bietet 120.000 Z\u00fcge, 60 ml E-Liquid auf 4 Tanks und ein 4-in-1-Aromasystem. LED-Display f\u00fcr Akku- und F\u00fcllstandskontrolle, 1,0-\u03a9-Mesh-Coil, 650-mAh-Akku mit Type-C-Schnellladung \u2013 mit 3 % Nikotin.<\/p>\n<p class=\"font-claude-response-body break-words whitespace-normal leading-[1.7]\">\n","protected":false},"featured_media":6694,"comment_status":"open","ping_status":"closed","template":"","meta":[],"product_brand":[],"product_cat":[86],"product_tag":[],"class_list":{"0":"post-6682","1":"product","2":"type-product","3":"status-publish","4":"has-post-thumbnail","6":"product_cat-airmez-vape","8":"first","9":"instock","10":"shipping-taxable","11":"purchasable","12":"product-type-variable"},"_links":{"self":[{"href":"https:\/\/apexvape.de\/sv\/wp-json\/wp\/v2\/product\/6682","targetHints":{"allow":["GET"]}}],"collection":[{"href":"https:\/\/apexvape.de\/sv\/wp-json\/wp\/v2\/product"}],"about":[{"href":"https:\/\/apexvape.de\/sv\/wp-json\/wp\/v2\/types\/product"}],"replies":[{"embeddable":true,"href":"https:\/\/apexvape.de\/sv\/wp-json\/wp\/v2\/comments?post=6682"}],"version-history":[{"count":0,"href":"https:\/\/apexvape.de\/sv\/wp-json\/wp\/v2\/product\/6682\/revisions"}],"wp:featuredmedia":[{"embeddable":true,"href":"https:\/\/apexvape.de\/sv\/wp-json\/wp\/v2\/media\/6694"}],"wp:attachment":[{"href":"https:\/\/apexvape.de\/sv\/wp-json\/wp\/v2\/media?parent=6682"}],"wp:term":[{"taxonomy":"product_brand","embeddable":true,"href":"https:\/\/apexvape.de\/sv\/wp-json\/wp\/v2\/product_brand?post=6682"},{"taxonomy":"product_cat","embeddable":true,"href":"https:\/\/apexvape.de\/sv\/wp-json\/wp\/v2\/product_cat?post=6682"},{"taxonomy":"product_tag","embeddable":true,"href":"https:\/\/apexvape.de\/sv\/wp-json\/wp\/v2\/product_tag?post=6682"}],"curies":[{"name":"wp","href":"https:\/\/api.w.org\/{rel}","templated":true}]}}