{"id":6531,"date":"2026-03-15T14:21:33","date_gmt":"2026-03-15T13:21:33","guid":{"rendered":"https:\/\/apexvape.de\/?post_type=product&#038;p=6531"},"modified":"2026-03-15T14:22:48","modified_gmt":"2026-03-15T13:22:48","slug":"airmez-tornado-25000","status":"publish","type":"product","link":"https:\/\/apexvape.de\/sv\/product\/airmez-tornado-25000\/","title":{"rendered":"Airmez Tornado 25000 puffar eng\u00e5ngs vape"},"content":{"rendered":"<h1>Airmez Tornado 25000 puffar - e-cigarett f\u00f6r eng\u00e5ngsbruk<\/h1>\n<p>Den <strong>Airmez Tornado 25000<\/strong> \u00e4r en h\u00f6gkvalitativ eng\u00e5ngs e-cigarett f\u00f6r l\u00e5ngvariga och smakrika vapingupplevelser. Med upp till <strong>25.000 t\u00e5g<\/strong>, <strong>25 ml f\u00f6rfylld e-juice<\/strong> och en <strong>Nikotinkoncentration av 5 %<\/strong> erbjuder den enast\u00e5ende uth\u00e5llighet. A <strong>Mesh-spole<\/strong> ger en j\u00e4mn uppv\u00e4rmning, medan en <strong>Integrerad display<\/strong> Batteri- och e-v\u00e4tskeniv\u00e5erna visas tydligt. Tack vare det uppladdningsbara batteriet beh\u00f6ver du inte ladda ofta - f\u00f6r oavbruten \u00e5ngupplevelse. Den <strong>Automatisk finf\u00f6rdelningsteknik<\/strong> g\u00f6r vaping till en barnlek f\u00f6r alla niv\u00e5er av erfarenhet.<\/p>\n<p><img decoding=\"async\" class=\"alignnone size-large wp-image-6548\" src=\"https:\/\/spcdn.shortpixel.ai\/spio\/ret_img,q_cdnize,to_webp,s_webp\/apexvape.de\/wp-content\/uploads\/2026\/03\/AIRMEZ-25K-banner-1024x427.png\" alt=\"Airmez Tornado 25000\" width=\"1024\" height=\"427\" srcset=\"https:\/\/spcdn.shortpixel.ai\/spio\/ret_img,q_cdnize,to_webp,s_webp\/apexvape.de\/wp-content\/uploads\/2026\/03\/AIRMEZ-25K-banner-1024x427.png 1024w, https:\/\/spcdn.shortpixel.ai\/spio\/ret_img,q_cdnize,to_webp,s_webp\/apexvape.de\/wp-content\/uploads\/2026\/03\/AIRMEZ-25K-banner-300x125.png 300w, https:\/\/spcdn.shortpixel.ai\/spio\/ret_img,q_cdnize,to_webp,s_webp\/apexvape.de\/wp-content\/uploads\/2026\/03\/AIRMEZ-25K-banner-768x320.png 768w, https:\/\/spcdn.shortpixel.ai\/spio\/ret_img,q_cdnize,to_webp,s_webp\/apexvape.de\/wp-content\/uploads\/2026\/03\/AIRMEZ-25K-banner-1536x640.png 1536w, https:\/\/spcdn.shortpixel.ai\/spio\/ret_img,q_cdnize,to_webp,s_webp\/apexvape.de\/wp-content\/uploads\/2026\/03\/AIRMEZ-25K-banner-18x8.png 18w, https:\/\/spcdn.shortpixel.ai\/spio\/ret_img,q_cdnize,to_webp,s_webp\/apexvape.de\/wp-content\/uploads\/2026\/03\/AIRMEZ-25K-banner-1200x500.png 1200w, https:\/\/spcdn.shortpixel.ai\/spio\/ret_img,q_cdnize,to_webp,s_webp\/apexvape.de\/wp-content\/uploads\/2026\/03\/AIRMEZ-25K-banner-150x63.png 150w, https:\/\/spcdn.shortpixel.ai\/spio\/ret_img,q_cdnize,to_webp,s_webp\/apexvape.de\/wp-content\/uploads\/2026\/03\/AIRMEZ-25K-banner.png 1920w\" sizes=\"(max-width: 1024px) 100vw, 1024px\" \/><\/p>\n<h2>Airmez Tornado 25000 Puffs - H\u00f6jdpunkter<\/h2>\n<p>Den <strong>Airmez Tornado 25000<\/strong> \u00e4r en automatisk atomiserare i toppklass - perfekt f\u00f6r vapers som uppskattar en l\u00e5ng och aromatisk upplevelse. Den avancerade atomiseringstekniken g\u00f6r det m\u00f6jligt att vaping utan inandning - lika naturligt och enkelt som att andas.<\/p>\n<p>Med <strong>25.000 t\u00e5g<\/strong> och <strong>25 ml e-v\u00e4tska<\/strong> med <strong>5 % (50 mg) Nikotinhalt<\/strong> Tornado 25000 erbjuder ett s\u00e4rskilt l\u00e5ngvarigt vapingn\u00f6je. Den <strong>Mesh-spole<\/strong> ger en j\u00e4mn uppv\u00e4rmning f\u00f6r ett genomg\u00e5ende j\u00e4mnt drag, medan <strong>Integrerad display<\/strong> batteri och fyllnadsniv\u00e5 enkelt i blickf\u00e5nget.<\/p>\n<p>Den kraftfulla, <strong>Uppladdningsbart 850 mAh-batteri<\/strong> eliminerar behovet av frekventa laddningar och h\u00e5ller j\u00e4mna steg med varje vaping-session - fr\u00e5n b\u00f6rjan till slut. Den \u00e4r utformad f\u00f6r maximal uth\u00e5llighet och f\u00f6rl\u00e4nger atomiseringstiden f\u00f6r en oavbruten upplevelse.<\/p>\n<h2>Tekniska data<\/h2>\n<table>\n<thead>\n<tr>\n<th>Funktion<\/th>\n<th>Detaljer<\/th>\n<\/tr>\n<\/thead>\n<tbody>\n<tr>\n<td>E-v\u00e4tska<\/td>\n<td>25 ml<\/td>\n<\/tr>\n<tr>\n<td>Antal t\u00e5g<\/td>\n<td>25 000 t\u00e5g<\/td>\n<\/tr>\n<tr>\n<td>Coil<\/td>\n<td>Dubbel mesh-spole<\/td>\n<\/tr>\n<tr>\n<td>batteri<\/td>\n<td>850 mAh, uppladdningsbart<\/td>\n<\/tr>\n<tr>\n<td>\u00c5ngl\u00e4gen<\/td>\n<td>Flera l\u00e4gen tillg\u00e4ngliga<\/td>\n<\/tr>\n<tr>\n<td>Display<\/td>\n<td>Display f\u00f6r batteri och e-v\u00e4tska<\/td>\n<\/tr>\n<tr>\n<td>Inneh\u00e5ll av nikotin<\/td>\n<td>5 %<\/td>\n<\/tr>\n<tr>\n<td>Port f\u00f6r laddning<\/td>\n<td>USB-C<\/td>\n<\/tr>\n<tr>\n<td>Typ<\/td>\n<td>MTL e-cigarett<\/td>\n<\/tr>\n<\/tbody>\n<\/table>\n<h2>Airmez Tornado 25000 - Tillg\u00e4ngliga smaker<\/h2>\n<ol>\n<li>Jordgubbsvattenmelon <em>(Jordgubb &amp; Vattenmelon)<\/em><\/li>\n<li>Kiwi Passionsfrukt Guava <em>(kiwi, passionsfrukt &amp; guava)<\/em><\/li>\n<li>Bl\u00e5b\u00e4r p\u00e5 is <em>(Bl\u00e5b\u00e4r p\u00e5 is)<\/em><\/li>\n<li>Persika Mango <em>(Persika &amp; Mango)<\/em><\/li>\n<li>Jordgubbsis <em>(Jordgubbar p\u00e5 glass)<\/em><\/li>\n<li>Blandade b\u00e4r <em>(Blandade b\u00e4r)<\/em><\/li>\n<li>Lush Ice <em>(Vattenmelon p\u00e5 is)<\/em><\/li>\n<li>Grape Ice <em>(Druva p\u00e5 is)<\/em><\/li>\n<li>Peach Ice <em>(Persika p\u00e5 is)<\/em><\/li>\n<li>B\u00e4rlemonad <em>(b\u00e4rlemonad)<\/em><\/li>\n<li>Drakfruktglass <em>(Drakfrukt p\u00e5 is)<\/em><\/li>\n<li>Citron &amp; lime <em>(citron &amp; lime)<\/em><\/li>\n<li>Trippelb\u00e4r <em>(trippelb\u00e4r)<\/em><\/li>\n<li>Cherry <em>(k\u00f6rsb\u00e4r)<\/em><\/li>\n<li>Syrlig \u00e4pple <em>(Surt \u00e4pple)<\/em><\/li>\n<\/ol>\n<h2>Vanliga fr\u00e5gor (FAQ)<\/h2>\n<p><strong>F1: Vad \u00e4r Airmez Tornado 25000 och hur m\u00e5nga puffar erbjuder den?<\/strong> Airmez Tornado 25000 \u00e4r en avancerad e-cigarett f\u00f6r eng\u00e5ngsbruk med upp till <strong>25.000 t\u00e5g<\/strong>, <strong>25 ml f\u00f6rfylld e-juice<\/strong> och en <strong>Nikotininneh\u00e5ll i 5 %<\/strong>.<\/p>\n<p><strong>Q2: M\u00e5ste Tornado 25000 laddas ofta?<\/strong> Nej. Det kraftfulla, uppladdningsbara batteriet f\u00f6rl\u00e4nger atomiseringstiden avsev\u00e4rt och garanterar oavbrutna \u00e5ngsessioner - utan kr\u00e5ngel med laddning.<\/p>\n<p><strong>Q3: Vilken teknik s\u00e4kerst\u00e4ller en behaglig \u00e5ngupplevelse med Tornado 25000?<\/strong> Den <strong>Mesh-spole<\/strong> m\u00f6jligg\u00f6r j\u00e4mn uppv\u00e4rmning f\u00f6r ett j\u00e4mnt drag. Den <strong>Integrerad display<\/strong> visar tydligt batteri- och e-v\u00e4tskeniv\u00e5erna hela tiden.<\/p>\n<p><strong>Q4: \u00c4r Tornado 25000 ocks\u00e5 l\u00e4mplig f\u00f6r nyb\u00f6rjare?<\/strong> Ja, absolut. Tack vare <strong>automatisk finf\u00f6rdelningsteknik<\/strong> Vaping \u00e4r lika enkelt som att andas - ingen komplicerad installation kr\u00e4vs. Perfekt f\u00f6r alla niv\u00e5er av erfarenhet.<\/p>\n<h2>Uppt\u00e4ck nu p\u00e5 Apex Vape<\/h2>\n<p>Airmez Tornado 25000 \u00e4r det perfekta valet f\u00f6r alla som letar efter en h\u00f6gkvalitativ, l\u00e5ngvarig och smakrik vapingupplevelse. Bl\u00e4ddra igenom hela v\u00e5rt sortiment p\u00e5 <strong><a href=\"https:\/\/apexvape.de\/sv\/\">Apex Vape<\/a><\/strong> eller uppt\u00e4ck fler topprodukter i <strong><a href=\"https:\/\/apexvape.de\/sv\/product-category\/airmez-vape\/\">Airmez Vape Kategori<\/a><\/strong> - f\u00f6r f\u00f6rstklassig kvalitet och ett stort urval av smaker.<\/p>","protected":false},"excerpt":{"rendered":"<p class=\"font-claude-response-body break-words whitespace-normal leading-[1.7]\">Der Airmez Tornado 25000 bietet bis zu 25.000 Z\u00fcge, 25 ml E-Liquid mit 5 % Nikotin und einen Dual-Mesh-Coil f\u00fcr gleichm\u00e4\u00dfigen Dampfgenuss. Mit wiederaufladbarem 850-mAh-Akku, integriertem Display und USB-C-Ladeanschluss \u2013 perfekt f\u00fcr Einsteiger und Profis.<\/p>\n<p class=\"font-claude-response-body break-words whitespace-normal leading-[1.7]\">\n","protected":false},"featured_media":6549,"comment_status":"open","ping_status":"closed","template":"","meta":[],"product_brand":[],"product_cat":[86],"product_tag":[],"class_list":{"0":"post-6531","1":"product","2":"type-product","3":"status-publish","4":"has-post-thumbnail","6":"product_cat-airmez-vape","8":"first","9":"instock","10":"shipping-taxable","11":"purchasable","12":"product-type-variable"},"_links":{"self":[{"href":"https:\/\/apexvape.de\/sv\/wp-json\/wp\/v2\/product\/6531","targetHints":{"allow":["GET"]}}],"collection":[{"href":"https:\/\/apexvape.de\/sv\/wp-json\/wp\/v2\/product"}],"about":[{"href":"https:\/\/apexvape.de\/sv\/wp-json\/wp\/v2\/types\/product"}],"replies":[{"embeddable":true,"href":"https:\/\/apexvape.de\/sv\/wp-json\/wp\/v2\/comments?post=6531"}],"version-history":[{"count":3,"href":"https:\/\/apexvape.de\/sv\/wp-json\/wp\/v2\/product\/6531\/revisions"}],"predecessor-version":[{"id":6562,"href":"https:\/\/apexvape.de\/sv\/wp-json\/wp\/v2\/product\/6531\/revisions\/6562"}],"wp:featuredmedia":[{"embeddable":true,"href":"https:\/\/apexvape.de\/sv\/wp-json\/wp\/v2\/media\/6549"}],"wp:attachment":[{"href":"https:\/\/apexvape.de\/sv\/wp-json\/wp\/v2\/media?parent=6531"}],"wp:term":[{"taxonomy":"product_brand","embeddable":true,"href":"https:\/\/apexvape.de\/sv\/wp-json\/wp\/v2\/product_brand?post=6531"},{"taxonomy":"product_cat","embeddable":true,"href":"https:\/\/apexvape.de\/sv\/wp-json\/wp\/v2\/product_cat?post=6531"},{"taxonomy":"product_tag","embeddable":true,"href":"https:\/\/apexvape.de\/sv\/wp-json\/wp\/v2\/product_tag?post=6531"}],"curies":[{"name":"wp","href":"https:\/\/api.w.org\/{rel}","templated":true}]}}