{"id":5407,"date":"2025-12-13T15:04:10","date_gmt":"2025-12-13T14:04:10","guid":{"rendered":"https:\/\/apexvape.de\/?post_type=product&#038;p=5407"},"modified":"2026-02-27T09:27:34","modified_gmt":"2026-02-27T08:27:34","slug":"razz-bar-40000","status":"publish","type":"product","link":"https:\/\/apexvape.de\/sv\/product\/razz-bar-40000\/","title":{"rendered":"Razz Bar 40000 drag eng\u00e5ngsvape"},"content":{"rendered":"<h1>Razz Bar 40000 drag eng\u00e5ngs-e-cigarett med 10 dubbla smaker \u2013 650 mAh uppladdningsbar<\/h1>\n<p>Razz Bar 40000 levererar exceptionella 40 000 drag per enhet med innovativ dual-tank mesh-coil-teknik f\u00f6r f\u00f6rst\u00e4rkt \u00e5nga och konstant smak. Den drivs av ett uppladdningsbart 650 mAh-batteri med snabb laddning av typ C, vilket minimerar driftstopp samtidigt som den ger p\u00e5litlig prestanda. V\u00e4lj mellan 20 sp\u00e4nnande dubbla smakkombinationer f\u00f6r alla smaker. Det avancerade mesh-spolsystemet eliminerar torra drag och br\u00e4nda fl\u00e4ckar och garanterar genomg\u00e5ende mjuka, tillfredsst\u00e4llande drag. Perfekt f\u00f6r \u00e5ngare som s\u00f6ker l\u00e5ngvarig komfort utan frekventa byten och kombinerar \u00f6verl\u00e4gsen kapacitet med rik smak och t\u00e4ta moln.<\/p>\n<h2>Razz Bar 40000 drag H\u00f6jdpunkter<\/h2>\n<p>Razz Bar 40000 drag s\u00e4tter en ny standard f\u00f6r h\u00e5llbarheten hos eng\u00e5ngs-e-cigaretter och levererar exceptionella 40 000 drag per enhet. Denna imponerande kapacitet garanterar l\u00e5nga vapningssessioner utan besv\u00e4ret med frekventa byten eller p\u00e5fyllningar, vilket g\u00f6r den till det perfekta valet f\u00f6r vapare som uppskattar bekv\u00e4mlighet och tillf\u00f6rlitlighet i daglig anv\u00e4ndning.<\/p>\n<p>Med ett innovativt dubbeltank-system med mesh-coil-teknik f\u00f6rst\u00e4rker denna enhet \u00e5ngproduktionen samtidigt som den ger en konstant smak under hela sin livsl\u00e4ngd. Den avancerade coil-designen s\u00e4kerst\u00e4ller att varje drag f\u00f6rblir mjukt och tillfredsst\u00e4llande, eliminerar torra drag och br\u00e4nda fl\u00e4ckar och skapar t\u00e4ta, smakrika moln som uppfyller \u00e4ven de mest kr\u00e4vande vapers f\u00f6rv\u00e4ntningar.<\/p>\n<p>Enheten drivs av ett robust uppladdningsbart 650 mAh-batteri med typ C-laddningsfunktion och erbjuder snabb och effektiv laddning med minimalt driftstopp. Snabbladdningsanslutningen g\u00f6r att du snabbt kan \u00e5terg\u00e5 till att vapea, medan det p\u00e5litliga batteriet uppr\u00e4tth\u00e5ller konstant prestanda under hektiska dagar och ger den uth\u00e5llighet som kr\u00e4vs f\u00f6r l\u00e5ngvarig anv\u00e4ndning utan att kompromissa med vapekvaliteten.<\/p>\n<p>Med 20 sp\u00e4nnande dubbla smakkombinationer att v\u00e4lja mellan tillgodoser Razz Bar 40000 en m\u00e4ngd olika smaker och preferenser. Varje noggrant sammansatt smakkombination ger unika smakupplevelser som g\u00f6r dina sessioner intressanta och njutbara och erbjuder en m\u00e5ngfald som tilltalar b\u00e5de \u00e4ventyrliga vape-entusiaster som s\u00f6ker nya upplevelser och de som f\u00f6redrar klassiska smaker.<\/p>\n<h2>Produktspecifikationer<\/h2>\n<p><strong>T\u00e5g:<\/strong> 40 000 t\u00e5g<br \/>\n<strong>Batteri:<\/strong> 650 mAh uppladdningsbar<br \/>\n<strong>Laddning:<\/strong> Typ C snabbladdning<br \/>\n<strong>Spoltyp:<\/strong> Dubbel mesh-spole<br \/>\n<strong>Smaker:<\/strong> 20 dubbla smaker<br \/>\n<strong>Produktvikt:<\/strong> 120 g<\/p>\n<h2>Razz Bar 40000 drag Smaker<\/h2>\n<ol>\n<li>Blueberry Ice\/Love 66 (Bl\u00e5b\u00e4rsis\/Love 66)<\/li>\n<li>Lemon Lime\/Lush Ice (citron-lime\/Lush Ice)<\/li>\n<li>Mixed Berries\/Watermelon Ice (Blandade b\u00e4r\/vattenmelon-glass)<\/li>\n<li>Peach Ice\/Blueberry Ice (Persika- och bl\u00e5b\u00e4rsis)<\/li>\n<li>Strawberry Banana\/Red Bull Ice (Jordgubb-banan\/Red Bull-glass)<\/li>\n<li>Strawberry Ice\/Mixed Berries (Jordgubbsglass\/Blandade b\u00e4r)<\/li>\n<li>Strawberry Kiwi\/Blueberry Sour Raspberry (Jordgubb Kiwi\/Bl\u00e5b\u00e4r Syrlig Hallon)<\/li>\n<li>Strawberry Watermelon\/Grape Ice (Jordgubbsvattenmelon\/Druvglass)<\/li>\n<li>Watermelon Ice\/Cola Ice (Vattenmelon- och colaglass)<\/li>\n<li>Blue Razz Ice\/Strawberry Watermelon Bubble Gum (Bl\u00e5 hallonis\/jordgubbsvattenmelon-tuggummi)<\/li>\n<li>Cherry Lemon\/Blueberry Sour Raspberry (k\u00f6rsb\u00e4r citron\/bl\u00e5b\u00e4r sur hallon)<\/li>\n<li>Pink Lemonade\/Blackberry Ice (Rosa limonad\/bj\u00f6rnb\u00e4rsis)<\/li>\n<li>Citron-lime\/jordgubbs-kiwi<\/li>\n<li>Juicy Peach Ice\/Pineapple Ice (Saftig persika- och ananasglass)<\/li>\n<li>Kiwi Passionsfrukt Guava\/Ananas Kokosn\u00f6t (Kiwi Passionsfrukt Guava\/Ananas Kokosn\u00f6t)<\/li>\n<li>Skittles\/Grape Burst (Skittles\/Druvburst)<\/li>\n<li>Black Ice Dragon Fruit Strawberry\/Triple Melon (Black Ice drakfrukt jordgubbe\/trippel melon)<\/li>\n<li>Summer Dream\/Strawberry Banana (Sommardr\u00f6m\/Jordgubbabanan)<\/li>\n<li>Love 66\/Sour Apple (K\u00e4rlek 66\/Surt \u00e4pple)<\/li>\n<li>Citron-lime\/f\u00e4rsk mynta<\/li>\n<\/ol>\n<h2>Razz Bar 40000 drag Vanliga fr\u00e5gor<\/h2>\n<p><strong>1. Hur m\u00e5nga drag erbjuder Razz Bar 40000?<\/strong><\/p>\n<p>Denna h\u00f6gkapacitiva eng\u00e5ngs-e-cigarett levererar exceptionella 40 000 drag per enhet och s\u00e4tter d\u00e4rmed en ny standard f\u00f6r h\u00e5llbarhet. Det imponerande antalet drag garanterar l\u00e5nga \u00e5ngsessioner utan besv\u00e4ret med frekventa byten eller p\u00e5fyllningar, vilket g\u00f6r den idealisk f\u00f6r \u00e5ngare som prioriterar komfort och l\u00e5ngvarig prestanda.<\/p>\n<p><strong>2. Vad \u00e4r dual tank-tekniken?<\/strong><\/p>\n<p>Med ett innovativt dubbeltank-system med avancerad mesh-coil-teknik f\u00f6rst\u00e4rker denna enhet \u00e5ngproduktionen samtidigt som smaken f\u00f6rblir konstant. Mesh-coil-designen s\u00e4kerst\u00e4ller att varje drag f\u00f6rblir mjukt och tillfredsst\u00e4llande, eliminerar torra drag och br\u00e4nda fl\u00e4ckar och skapar t\u00e4ta, smakrika moln under hela enhetens livsl\u00e4ngd.<\/p>\n<p><strong>3. Hur fungerar batteriet och laddningssystemet?<\/strong><\/p>\n<p>Denna e-cigarett drivs av ett robust uppladdningsbart 650 mAh-batteri och har typ C-laddning f\u00f6r snabb och effektiv laddning. Snabb laddningsfunktion minimerar driftstopp och g\u00f6r att du snabbt kan \u00e5terg\u00e5 till att vapea, samtidigt som konstant prestanda uppr\u00e4tth\u00e5lls under hektiska dagar utan att det p\u00e5verkar \u00e5ngkvaliteten eller smakintensiteten.<\/p>\n<p><strong>4. Hur m\u00e5nga smaker finns det att v\u00e4lja mellan?<\/strong><\/p>\n<p>V\u00e4lj mellan 20 sp\u00e4nnande dubbla smakkombinationer som tillgodoser olika smaker och preferenser. Varje noggrant sammansatt smakpar ger unika smakupplevelser och erbjuder en m\u00e5ngfald som tilltalar b\u00e5de \u00e4ventyrliga vape-entusiaster som s\u00f6ker nya upplevelser och de som f\u00f6redrar klassiska profiler f\u00f6r genomg\u00e5ende behagliga sessioner.<\/p>\n<p><strong>5. Vad skiljer denna enhet fr\u00e5n andra eng\u00e5ngs-e-cigaretter?<\/strong><\/p>\n<p>Kombinationen av 40 000 drag, dubbeltank-mesh-coil-system och uppladdningsbart batteri med typ C-laddning skapar en \u00f6verl\u00e4gsen \u00e5ngupplevelse. Denna enhet eliminerar vanliga problem som inkonsekvent smak eller frekventa byten och erbjuder p\u00e5litlig prestanda hela dagen med mjuk \u00e5ngproduktion och rik smak fr\u00e5n f\u00f6rsta till sista draget.<\/p>\n<h2>Razz Bar Produktutbud hos ApexVape<\/h2>\n<p>Uppt\u00e4ck p\u00e5 v\u00e5r <strong><a href=\"https:\/\/apexvape.de\/sv\/\">hemsida<\/a><\/strong> det omfattande utbudet av premium eng\u00e5ngs-e-cigaretter och \u00e5ngprodukter f\u00f6r alla behov. I v\u00e5r <strong><a href=\"https:\/\/apexvape.de\/sv\/product-category\/razz-bar-vape\/\">RAZZ BAR VAPE Kategori<\/a><\/strong> Vi presenterar hela Razz Bar-serien med olika kapaciteter, smakkombinationer och tekniska funktioner. Oavsett om det g\u00e4ller detaljhandel eller grossistf\u00f6rs\u00e4ljning \u2013 ApexVape garanterar originalprodukter, r\u00e4ttvisa villkor och kompetent r\u00e5dgivning f\u00f6r din framg\u00e5ngsrika verksamhet.<\/p>","protected":false},"excerpt":{"rendered":"<p class=\"font-claude-response-body break-words whitespace-normal leading-[1.7]\">Die Razz Bar 40000 bietet au\u00dfergew\u00f6hnliche 40.000 Z\u00fcge mit Dual-Tank-Mesh-Coil-Technologie. Ausgestattet mit 650mAh wiederaufladbarem Akku und Type-C-Schnellladung. 20 Doppel-Geschmackskombinationen f\u00fcr vielf\u00e4ltigen Genuss. Eliminiert trockene Z\u00fcge, liefert dichte Wolken und konstanten Geschmack. Perfekt f\u00fcr Langzeitdampfer.<\/p>\n","protected":false},"featured_media":5408,"comment_status":"open","ping_status":"closed","template":"","meta":[],"product_brand":[],"product_cat":[79],"product_tag":[],"class_list":{"0":"post-5407","1":"product","2":"type-product","3":"status-publish","4":"has-post-thumbnail","6":"product_cat-razz-bar-vape","8":"first","9":"instock","10":"shipping-taxable","11":"purchasable","12":"product-type-variable"},"_links":{"self":[{"href":"https:\/\/apexvape.de\/sv\/wp-json\/wp\/v2\/product\/5407","targetHints":{"allow":["GET"]}}],"collection":[{"href":"https:\/\/apexvape.de\/sv\/wp-json\/wp\/v2\/product"}],"about":[{"href":"https:\/\/apexvape.de\/sv\/wp-json\/wp\/v2\/types\/product"}],"replies":[{"embeddable":true,"href":"https:\/\/apexvape.de\/sv\/wp-json\/wp\/v2\/comments?post=5407"}],"version-history":[{"count":0,"href":"https:\/\/apexvape.de\/sv\/wp-json\/wp\/v2\/product\/5407\/revisions"}],"wp:featuredmedia":[{"embeddable":true,"href":"https:\/\/apexvape.de\/sv\/wp-json\/wp\/v2\/media\/5408"}],"wp:attachment":[{"href":"https:\/\/apexvape.de\/sv\/wp-json\/wp\/v2\/media?parent=5407"}],"wp:term":[{"taxonomy":"product_brand","embeddable":true,"href":"https:\/\/apexvape.de\/sv\/wp-json\/wp\/v2\/product_brand?post=5407"},{"taxonomy":"product_cat","embeddable":true,"href":"https:\/\/apexvape.de\/sv\/wp-json\/wp\/v2\/product_cat?post=5407"},{"taxonomy":"product_tag","embeddable":true,"href":"https:\/\/apexvape.de\/sv\/wp-json\/wp\/v2\/product_tag?post=5407"}],"curies":[{"name":"wp","href":"https:\/\/api.w.org\/{rel}","templated":true}]}}