{"id":5237,"date":"2025-12-12T04:22:37","date_gmt":"2025-12-12T03:22:37","guid":{"rendered":"https:\/\/apexvape.de\/?post_type=product&#038;p=5237"},"modified":"2025-12-12T04:22:58","modified_gmt":"2025-12-12T03:22:58","slug":"uwin-tornado-triple-60000","status":"publish","type":"product","link":"https:\/\/apexvape.de\/sv\/product\/uwin-tornado-triple-60000\/","title":{"rendered":"Uwin Tornado Triple 60000 drag eng\u00e5ngsvape"},"content":{"rendered":"<h1>Uwin Tornado Triple 60000 Puffs 3-i-1 smak L\u00e5g nikotin Stork\u00f6p Original Uppladdningsbar Eng\u00e5ngs-e-cigarett Partihandel<\/h1>\n<p>Uwin Tornado Triple 60000 erbjuder upp till 60 000 drag med ett innovativt trippelsmakssystem som inneh\u00e5ller 3 separata tankar f\u00f6r ren smakv\u00e4xling p\u00e5 beg\u00e4ran. Triple Mesh Coil-tekniken garanterar snabb uppv\u00e4rmning, intensiv smak och mjuka drag med f\u00f6rb\u00e4ttrad \u00e5ngproduktion. Utrustad med ett 650 mAh uppladdningsbart batteri med typ C-snabbladdning och LED-display f\u00f6r batteri- och anv\u00e4ndnings\u00f6vervakning. Finns i nikotinstyrkorna 0%, 2%, 3% och 5%. V\u00e4lj mellan 12 sp\u00e4nnande trippel smakkombinationer, f\u00f6rpackade med 10 stycken per l\u00e5da. Upplev ultimat smakvariation och l\u00e5ngvarig prestanda!<\/p>\n<h2>Uwin Tornado Triple 60000 Puffs H\u00f6jdpunkter<\/h2>\n<p>Uwin Tornado Triple 60000 med 60K drag revolutionerar vapingupplevelsen med sitt innovativa trippelsmakssystem och exceptionella prestanda. Utvecklad f\u00f6r vapers som kr\u00e4ver m\u00e5ngsidighet och h\u00e5llbarhet, levererar denna enhet upp till 60 000 drag av ren tillfredsst\u00e4llelse. Den banbrytande trippel-smakstekniken har tre separata tankar med justerbar smakval, s\u00e5 att du kan v\u00e4xla mellan smakerna efter behag utan blandning eller korskontaminering \u2013 varje drag f\u00f6rblir s\u00e5 rent och autentiskt som avsett.<\/p>\n<p>I hj\u00e4rtat av denna enhet finns den avancerade Triple Mesh Coil-tekniken, som garanterar snabb uppv\u00e4rmning, intensiv smak och anm\u00e4rkningsv\u00e4rt mjuka drag vid varje inhalering. Det f\u00f6rb\u00e4ttrade \u00e5ngproduktionssystemet skapar t\u00e4ta, tillfredsst\u00e4llande moln med j\u00e4mn smak under hela enhetens livsl\u00e4ngd. Enheten drivs av ett p\u00e5litligt 650 mAh uppladdningsbart batteri med snabb laddningsfunktion av typ C och erbjuder konstant prestanda vid alla \u00e5ngsessioner med snabb och bekv\u00e4m laddning vid behov. Den inbyggda LED-displayen tillf\u00f6r intelligent funktionalitet genom att ge tydliga statusuppdateringar i realtid f\u00f6r batteriniv\u00e5 och anv\u00e4ndningssp\u00e5rning.<\/p>\n<p>Uwin Tornado Triple 60000 finns i flexibla nikotinstyrkor p\u00e5 0%, 2%, 3% och 5% och passar alla preferenser, fr\u00e5n nikotinfritt dampande till stark tillfredsst\u00e4llelse. Med 12 noggrant sammansatta trippel-smakkombinationer \u00e4r varje profil utformad f\u00f6r att ge balanserade och sp\u00e4nnande smakupplevelser som f\u00e4ngslar dina smakl\u00f6kar. Enheten levereras f\u00f6rpackad med 10 stycken per l\u00e5da, vilket \u00e4r idealiskt f\u00f6r grossistdistribution och detaljhandel.<\/p>\n<h2>Produktspecifikationer<\/h2>\n<p><strong>Produkttyp:<\/strong> Eng\u00e5ngs-e-cigarett<br \/>\n<strong>Nikotinstyrka:<\/strong> 0% \/ 2% \/ 3% \/ 5%<br \/>\n<strong>Dragkapacitet:<\/strong> Upp till 60 000 t\u00e5g<br \/>\n<strong>Smakl\u00e4gen:<\/strong> 3 inst\u00e4llbara aromer<br \/>\n<strong>Spoltyp:<\/strong> Trippel mesh-spole<br \/>\n<strong>Batterikapacitet:<\/strong> 650 mAh, uppladdningsbar<br \/>\n<strong>Displayfunktion:<\/strong> Intelligent LED-display<br \/>\n<strong>Laddningsanslutning:<\/strong> Typ C<br \/>\n<strong>F\u00f6rpackningsspecifikation:<\/strong> 10 stycken\/f\u00f6rpackning<br \/>\n<strong>Smakalternativ:<\/strong> 12 smakkombinationer<\/p>\n<h2>Uwin Tornado Triple 60000 Smaklista<\/h2>\n<ol>\n<li>K\u00f6rsb\u00e4rsglas \/ Jordgubbs-Red Bull \/ Bl\u00e5b\u00e4r-hallon<\/li>\n<li>Bl\u00e5b\u00e4rsglas \/ Jordgubbsvattenmelon \/ Jordgubbs- och hallonglas<\/li>\n<li>Pink Lemonade \/ Vaniljglass \/ Jordgubbs- och hallonkaramell<\/li>\n<li>Jordgubbe Kiwi \/ Love 66 (passionsfrukt Melon) \/ Blue Razz Glass<\/li>\n<li>Citron-lime \/ Jordgubb-banan \/ Blandade frukter<\/li>\n<li>Vattenmelon-glass \/ Cola-glass \/ Mr Blue<\/li>\n<li>Sommar Persika Glass \/ Bl\u00e5b\u00e4r Hallon \/ Jordgubbar Red Bull<\/li>\n<li>Kiwi Passionsfrukt Guava \/ Persika Mango \/ Hallon Vattenmelon<\/li>\n<li>Red Bull \/ Kirsch-glass \/ Citron-lime<\/li>\n<li>Jordgubbsglass \/ Sommarpersikoglass \/ Druvglass<\/li>\n<li>Blandade b\u00e4r \/ Drakefruktglass \/ Jordgubbsvattenmelon Tuggummi<\/li>\n<li>K\u00f6rsb\u00e4r Cola \/ Jordgubbsvanilj Cola \/ Druva B\u00e4r<\/li>\n<\/ol>\n<h2>Vanliga fr\u00e5gor \u2013 Uwin Tornado Triple 60000<\/h2>\n<p><strong>1. Hur fungerar det tredubbla smaksystemet i denna apparat?<\/strong><\/p>\n<p>Enheten har ett innovativt trippelsmakssystem med tre separata tankar som g\u00f6r att du kan v\u00e4xla mellan tre olika smaker n\u00e4r du vill. Varje tank fungerar oberoende av de andra och garanterar rena smakbyten utan blandning eller korskontaminering. Denna unika design inneb\u00e4r att du kan njuta av flera smakprofiler i en enda enhet och alltid ha full kontroll \u00f6ver din vapingupplevelse.<\/p>\n<p><strong>2. Hur m\u00e5nga drag f\u00e5r jag fr\u00e5n denna e-cigarett?<\/strong><\/p>\n<p>Denna h\u00f6gkapacitiva eng\u00e5ngs-e-cigarett levererar imponerande upp till 60 000 drag och \u00e4r d\u00e4rmed en av de mest h\u00e5llbara enheterna p\u00e5 marknaden. Detta exceptionella antal drag garanterar veckor eller till och med m\u00e5nader av kontinuerlig anv\u00e4ndning, erbjuder utm\u00e4rkt valuta f\u00f6r pengarna och eliminerar behovet av frekventa ers\u00e4ttningsk\u00f6p. Perfekt f\u00f6r intensiva anv\u00e4ndare eller de som vill ha l\u00e4ngre prestanda utan kompromisser.<\/p>\n<p><strong>3. Vilka nikotinstyrkor finns tillg\u00e4ngliga?<\/strong><\/p>\n<p>E-cigaretten finns i fyra nikotinstyrkor: 0%, 2%, 3% och 5%, och erbjuder flexibla alternativ f\u00f6r alla anv\u00e4ndares preferenser. Oavsett om du f\u00f6redrar nikotinfritt damping, en mild upplevelse eller stark nikotintillfredsst\u00e4llelse \u2013 det finns ett alternativ som passar dina behov. Denna m\u00e5ngsidighet g\u00f6r den l\u00e4mplig b\u00e5de f\u00f6r tillf\u00e4lliga anv\u00e4ndare och f\u00f6r personer som byter fr\u00e5n traditionell r\u00f6kning.<\/p>\n<p><strong>4. Vilken teknik f\u00f6rb\u00e4ttrar smaken och \u00e5ngproduktionen?<\/strong><\/p>\n<p>Denna enhet anv\u00e4nder Triple Mesh Coil-teknik som garanterar snabb uppv\u00e4rmning f\u00f6r omedelbar \u00e5ngproduktion, intensiv smak och anm\u00e4rkningsv\u00e4rt mjuka drag. Det avancerade coilsystemet maximerar e-v\u00e4tskekontakten och v\u00e4rmeeffektiviteten, skapar t\u00e4ta, tillfredsst\u00e4llande moln och bibeh\u00e5ller en konstant smak under hela enhetens livsl\u00e4ngd. I kombination med det separata tanksystemet f\u00e5r du ren, autentisk smak vid varje drag.<\/p>\n<p><strong>5. Hur \u00f6vervakar jag batteriniv\u00e5n och laddar enheten?<\/strong><\/p>\n<p>E-cigaretten har en praktisk LED-display som visar batteristatus och anv\u00e4ndningsstatistik i realtid, s\u00e5 att du alltid vet n\u00e4r det \u00e4r dags att ladda. Den drivs av ett uppladdningsbart 650 mAh-batteri med snabb laddning av typ C, vilket ger snabb och effektiv laddning f\u00f6r oavbrutna \u00e5ngsessioner. Type-C-anslutningen garanterar universell kompatibilitet och snabbare laddningstider j\u00e4mf\u00f6rt med \u00e4ldre laddningsstandarder.<\/p>\n<h2>Uppt\u00e4ck fler premium-e-cigaretter<\/h2>\n<p>Uwin Tornado Triple 60000 ing\u00e5r i v\u00e5rt exklusiva sortiment av h\u00f6gkvalitativa eng\u00e5ngs-e-cigaretter. Uppt\u00e4ck fler innovativa \u00e5ngprodukter i v\u00e5rt <strong><a href=\"https:\/\/apexvape.de\/sv\/product-category\/uwin-vape\/\">UWIN VAPE-sortiment<\/a><\/strong>, d\u00e4r du hittar de senaste modellerna och smakerna. Bes\u00f6k v\u00e5r <strong><a href=\"https:\/\/apexvape.de\/sv\/\">Apex Vape hemsida<\/a><\/strong> f\u00f6r ett komplett utbud av premium-e-cigaretter, grossistalternativ och exklusiva specialerbjudanden. Dra nytta av snabb leverans, kompetent r\u00e5dgivning och f\u00f6rstklassig kundservice f\u00f6r en perfekt vapingupplevelse.<\/p>","protected":false},"excerpt":{"rendered":"<p class=\"font-claude-response-body break-words whitespace-normal leading-[1.7]\">Der Uwin Tornado Triple 60000 revolutioniert Dampfen mit 60.000 Z\u00fcgen und 3-in-1-Geschmackssystem in separaten Tanks. Triple-Mesh-Coil, 650-mAh-Akku mit Type-C-Schnelladung und LED-Display garantieren Premium-Performance. 12 Dreifach-Kombinationen in 0-5% Nikotinst\u00e4rken. Ultimative Vielseitigkeit f\u00fcr anspruchsvolle Dampfer und Gro\u00dfhandel.<\/p>\n","protected":false},"featured_media":5242,"comment_status":"open","ping_status":"closed","template":"","meta":[],"product_brand":[],"product_cat":[78],"product_tag":[],"class_list":{"0":"post-5237","1":"product","2":"type-product","3":"status-publish","4":"has-post-thumbnail","6":"product_cat-uwin-vape","8":"first","9":"instock","10":"shipping-taxable","11":"purchasable","12":"product-type-variable"},"_links":{"self":[{"href":"https:\/\/apexvape.de\/sv\/wp-json\/wp\/v2\/product\/5237","targetHints":{"allow":["GET"]}}],"collection":[{"href":"https:\/\/apexvape.de\/sv\/wp-json\/wp\/v2\/product"}],"about":[{"href":"https:\/\/apexvape.de\/sv\/wp-json\/wp\/v2\/types\/product"}],"replies":[{"embeddable":true,"href":"https:\/\/apexvape.de\/sv\/wp-json\/wp\/v2\/comments?post=5237"}],"version-history":[{"count":0,"href":"https:\/\/apexvape.de\/sv\/wp-json\/wp\/v2\/product\/5237\/revisions"}],"wp:featuredmedia":[{"embeddable":true,"href":"https:\/\/apexvape.de\/sv\/wp-json\/wp\/v2\/media\/5242"}],"wp:attachment":[{"href":"https:\/\/apexvape.de\/sv\/wp-json\/wp\/v2\/media?parent=5237"}],"wp:term":[{"taxonomy":"product_brand","embeddable":true,"href":"https:\/\/apexvape.de\/sv\/wp-json\/wp\/v2\/product_brand?post=5237"},{"taxonomy":"product_cat","embeddable":true,"href":"https:\/\/apexvape.de\/sv\/wp-json\/wp\/v2\/product_cat?post=5237"},{"taxonomy":"product_tag","embeddable":true,"href":"https:\/\/apexvape.de\/sv\/wp-json\/wp\/v2\/product_tag?post=5237"}],"curies":[{"name":"wp","href":"https:\/\/api.w.org\/{rel}","templated":true}]}}