{"id":4326,"date":"2025-11-28T14:11:01","date_gmt":"2025-11-28T13:11:01","guid":{"rendered":"https:\/\/apexvape.de\/?post_type=product&#038;p=4326"},"modified":"2025-11-28T14:11:38","modified_gmt":"2025-11-28T13:11:38","slug":"bang-leader-120k","status":"publish","type":"product","link":"https:\/\/apexvape.de\/sv\/product\/bang-leader-120k\/","title":{"rendered":"Bang Leader 120K drag eng\u00e5ngsvape"},"content":{"rendered":"<h1>Bang Leader 120K drag \u2013 dubbel arom &amp; dubbel mesh-spole eng\u00e5ngs-e-cigarett<\/h1>\n<p>Bang Leader 120K s\u00e4tter nya standarder med otroliga 120 000 drag i en enda enhet och g\u00f6r frekventa ers\u00e4ttningsk\u00f6p \u00f6verfl\u00f6diga. Den drivs av ett 650 mAh-batteri med snabb laddning av typ C och erbjuder prestanda hela dagen med minimal driftstopp. Den avancerade 1,0 \u03a9 mesh-coil-tekniken garanterar en fyllig, j\u00e4mn smak och mjuk \u00e5nga fr\u00e5n f\u00f6rsta till sista draget. Den intelligenta displayen m\u00f6jligg\u00f6r \u00f6vervakning i realtid av batteriniv\u00e5 och e-v\u00e4tskeniv\u00e5, s\u00e5 att du alltid \u00e4r v\u00e4l informerad. Det speciella med den h\u00e4r enheten \u00e4r det dubbla aromsystemet \u2013 tv\u00e5 olika smaker i en enhet som du enkelt kan v\u00e4xla mellan f\u00f6r maximal variation. Med p\u00e5litlig prestanda och innovativa funktioner \u00e4r den utformad f\u00f6r anv\u00e4ndare som kr\u00e4ver h\u00e5llbarhet, komfort och flexibilitet i ett premiumpaket.<\/p>\n<h2>Bang Leader 120K drag \u2013 Produktens h\u00f6jdpunkter<\/h2>\n<p>Bang Leader 120K eng\u00e5ngsvape levererar branschledande 120 000 drag och erbjuder exceptionell h\u00e5llbarhet, vilket drastiskt minskar behovet av frekventa \u00e5terk\u00f6p. Denna enorma kapacitet garanterar oavbrutna vapningssessioner och g\u00f6r den till en av de mest uth\u00e5lliga enheterna p\u00e5 marknaden idag.<\/p>\n<p>Utrustad med ett p\u00e5litligt 650 mAh-batteri med modern Type-C-laddningsfunktion h\u00e5ller denna enhet dig ig\u00e5ng hela dagen \u2013 tack vare snabb, effektiv laddning n\u00e4r det beh\u00f6vs. Den avancerade 1,0 \u03a9 mesh-coil-tekniken s\u00e4kerst\u00e4ller en j\u00e4mn v\u00e4rmef\u00f6rdelning \u00f6ver en st\u00f6rre yta och ger en intensiv, konstant smak samt en mjukare \u00e5ngproduktion som beh\u00e5ller sin kvalitet fr\u00e5n f\u00f6rsta till sista draget.<\/p>\n<p>H\u00e5ll dig alltid uppdaterad tack vare den integrerade smarta sk\u00e4rmen som \u00f6vervakar batteriniv\u00e5n och e-v\u00e4tskeniv\u00e5n i realtid och ger dig full kontroll \u00f6ver din vapingupplevelse. Du vet alltid exakt var du st\u00e5r \u2013 utan gissningar och ov\u00e4ntade avbrott.<\/p>\n<p>Det innovativa Dual Aroma-systemet utm\u00e4rker denna enhet genom att kombinera tv\u00e5 olika smaker i en enhet och g\u00f6r det m\u00f6jligt f\u00f6r dig att enkelt v\u00e4xla mellan dem n\u00e4r som helst. Denna m\u00e5ngsidiga konfiguration ger mer variation i din dagliga rutin och l\u00e5ter dig anpassa varje session efter hum\u00f6r eller preferens \u2013 utan att beh\u00f6va b\u00e4ra med sig flera enheter.<\/p>\n<h2>Tekniska data<\/h2>\n<p>\u2611 0% 2% 3% 5% Nikotin<br \/>\n\u2611 T\u00e5g: 120 000<br \/>\n\u2611 12 smaker tillg\u00e4ngliga<br \/>\n\u2611 650 mAh uppladdningsbar<br \/>\n\u2611 Dubbel mesh-spole<br \/>\n\u2611 Typ C-anslutning<br \/>\n\u2611 Leveransomfattning: 1x enhet<\/p>\n<h2>Bang Leader 120K drag \u2013 smaker<\/h2>\n<ol>\n<li>Blue Razz\/Love66<\/li>\n<li>Jordgubbe K\u00f6rsb\u00e4r\/kiwi Passionsfrukt Guava<\/li>\n<li>Vattenmelon-tuggummi\/fruktblandning<\/li>\n<li>Jordgubb Banana\/Cherry Fiesta<\/li>\n<li>Vattenmelon Ice\/Persika Mango<\/li>\n<li>Bl\u00e5b\u00e4r Ice\/Hallon Citron<\/li>\n<li>Red Energy Ice\/Druva Ice<\/li>\n<li>Jordgubbar, vattenmelon\/apelsinl\u00e4sk<\/li>\n<li>Cola Ice\/K\u00f6rsb\u00e4r Cranberry<\/li>\n<li>Bl\u00e5b\u00e4r Ice\/Svart vinb\u00e4r<\/li>\n<li>Hallonmojito Persika Ice\/Lady Killer<\/li>\n<li>Vattenmelon Ice\/Jordgubbe Mamba<\/li>\n<\/ol>\n<h2>Vanliga fr\u00e5gor (FAQ)<\/h2>\n<p><strong>F: Hur l\u00e4nge h\u00e5ller en apparat?<\/strong><br \/>\nA: Bang Leader 120K erbjuder 120 000 drag och h\u00e5ller normalt i flera veckor vid regelbunden anv\u00e4ndning.<\/p>\n<p><strong>F: Hur l\u00e5ng tid tar det att ladda?<\/strong><br \/>\nA: Med Type-C-snabbladdning laddas 650 mAh-batteriet fullt p\u00e5 cirka 60 minuter.<\/p>\n<p><strong>F: Kan jag anv\u00e4nda enheten medan den laddas?<\/strong><br \/>\nA: F\u00f6r optimal batterih\u00e4lsa rekommenderar vi att du inte anv\u00e4nder Bang Leader 120K under laddningen.<\/p>\n<p><strong>F: \u00c4r apparaten sv\u00e5r att transportera?<\/strong><br \/>\nA: Med en vikt p\u00e5 105 g har den en h\u00f6gkvalitativ k\u00e4nsla, men \u00e4r \u00e4nd\u00e5 bekv\u00e4m att b\u00e4ra med sig och anv\u00e4nda varje dag.<\/p>\n<h2 class=\"font-claude-response-heading text-text-100 mt-1 -mb-0.5\">Uppt\u00e4ck Bang Leader 120K hos Apex Vape nu<\/h2>\n<p class=\"font-claude-response-body whitespace-normal break-words\">Uppt\u00e4ck Bang Leader 120K och andra innovativa eng\u00e5ngs-e-cigaretter i v\u00e5rt sortiment. <strong><a class=\"underline\" href=\"https:\/\/apexvape.de\/sv\/\">onlinebutik<\/a><\/strong>. Som ledande leverant\u00f6r av premiumprodukter f\u00f6r vaping erbjuder Apex Vape ett noggrant utvalt sortiment av h\u00f6gkvalitativa enheter till attraktiva priser. Utforska v\u00e5rt kompletta <strong><a class=\"underline\" href=\"https:\/\/apexvape.de\/sv\/product-category\/bang-vape\/\">BANG VAPE-kollektionen<\/a><\/strong> med alla aktuella modeller och dra nytta av snabb leverans, utm\u00e4rkt kundservice och garanterad produktkvalitet. Best\u00e4ll idag och upplev den ultimata \u00e5ngupplevelsen med Bang Leader 120K!<\/p>","protected":false},"excerpt":{"rendered":"<p class=\"font-claude-response-body whitespace-normal break-words\">Bang Leader 120K \u00f6vertygar med 120 000 drag och ett innovativt dubbelt aromsystem \u2013 tv\u00e5 smaker i en enhet. 650 mAh-batteri med snabb laddning av typ C, 1,0 \u03a9 dubbel mesh-spole och smart display f\u00f6r batteri- och v\u00e4tskeniv\u00e5. Nikotinstyrkor 0-5%, 12 smaker \u2013 maximal flexibilitet f\u00f6r kr\u00e4sna vapers!<\/p>","protected":false},"featured_media":4327,"comment_status":"open","ping_status":"closed","template":"","meta":[],"product_brand":[],"product_cat":[76],"product_tag":[],"class_list":{"0":"post-4326","1":"product","2":"type-product","3":"status-publish","4":"has-post-thumbnail","6":"product_cat-bang-vape","8":"first","9":"instock","10":"shipping-taxable","11":"purchasable","12":"product-type-variable"},"_links":{"self":[{"href":"https:\/\/apexvape.de\/sv\/wp-json\/wp\/v2\/product\/4326","targetHints":{"allow":["GET"]}}],"collection":[{"href":"https:\/\/apexvape.de\/sv\/wp-json\/wp\/v2\/product"}],"about":[{"href":"https:\/\/apexvape.de\/sv\/wp-json\/wp\/v2\/types\/product"}],"replies":[{"embeddable":true,"href":"https:\/\/apexvape.de\/sv\/wp-json\/wp\/v2\/comments?post=4326"}],"version-history":[{"count":0,"href":"https:\/\/apexvape.de\/sv\/wp-json\/wp\/v2\/product\/4326\/revisions"}],"wp:featuredmedia":[{"embeddable":true,"href":"https:\/\/apexvape.de\/sv\/wp-json\/wp\/v2\/media\/4327"}],"wp:attachment":[{"href":"https:\/\/apexvape.de\/sv\/wp-json\/wp\/v2\/media?parent=4326"}],"wp:term":[{"taxonomy":"product_brand","embeddable":true,"href":"https:\/\/apexvape.de\/sv\/wp-json\/wp\/v2\/product_brand?post=4326"},{"taxonomy":"product_cat","embeddable":true,"href":"https:\/\/apexvape.de\/sv\/wp-json\/wp\/v2\/product_cat?post=4326"},{"taxonomy":"product_tag","embeddable":true,"href":"https:\/\/apexvape.de\/sv\/wp-json\/wp\/v2\/product_tag?post=4326"}],"curies":[{"name":"wp","href":"https:\/\/api.w.org\/{rel}","templated":true}]}}