{"id":4127,"date":"2025-11-28T13:33:14","date_gmt":"2025-11-28T12:33:14","guid":{"rendered":"https:\/\/apexvape.de\/?post_type=product&#038;p=4127"},"modified":"2025-11-28T13:33:31","modified_gmt":"2025-11-28T12:33:31","slug":"bang-leader-80000","status":"publish","type":"product","link":"https:\/\/apexvape.de\/sv\/product\/bang-leader-80000\/","title":{"rendered":"Bang Leader 80000 drag eng\u00e5ngsvape"},"content":{"rendered":"<h1>Bang Leader 80000 drag Vape | 78 ml e-v\u00e4tska, 850 mAh batteri, trippel aromsystem, dubbel spole, typ C-laddning<\/h1>\n<p>Bang Leader 80000 drag 3-i-1 eng\u00e5ngsvape med trippel smak erbjuder imponerande 80 000 drag med ett unikt trippel smaksystem. Med 78 ml e-v\u00e4tska f\u00f6rdelat p\u00e5 3 poddar (26 ml vardera) m\u00f6jligg\u00f6r denna enhet en dynamisk vapingupplevelse med smaker som kan bytas n\u00e4r du \u00e4r p\u00e5 spr\u00e5ng. Den drivs av ett 850 mAh uppladdningsbart batteri och en 1,0 \u03a9 mesh-spole och levererar smidig \u00e5nga och exceptionell smak. Finns i 0%, 2%, 3% eller 5% nikotin \u2013 Bang Leader 80000 garanterar en anpassningsbar upplevelse f\u00f6r alla vapers.<\/p>\n<h2>Bang Leader 80000 drag H\u00f6jdpunkter<\/h2>\n<p>Bang Leader 80000 drag Vape omdefinierar uth\u00e5llighet med sin exceptionella kapacitet p\u00e5 upp till 80 000 drag och s\u00e4tter d\u00e4rmed en ny standard f\u00f6r h\u00e5llbarhet i vapingv\u00e4rlden. Den \u00e4r utformad f\u00f6r power-anv\u00e4ndare som inte kompromissar och kombinerar massiv prestanda med elegant, modern design och erbjuder b\u00e5de kvantitet och exceptionell smakdjup vid varje session.<\/p>\n<p>Det som verkligen utm\u00e4rker denna enhet \u00e4r dess innovativa 3-i-1-aromkammarsystem, som kombinerar tre olika e-v\u00e4tskeblandningar i en enda enhet. Du kan fritt v\u00e4xla mellan aromerna under hela dagen eller experimentera genom att kombinera dem f\u00f6r att skapa din egen individuella smakprofil och uppt\u00e4cka helt nya dimensioner av tillfredsst\u00e4llelse med varje drag. Med en gener\u00f6s f\u00f6rfylld e-v\u00e4tskekapacitet p\u00e5 78 ml slipper du st\u00e4ndigt fylla p\u00e5 och kan vapea l\u00e4ngre utan avbrott \u2013 perfekt f\u00f6r alla som kr\u00e4ver ut\u00f6kad, oavbruten anv\u00e4ndning var som helst och n\u00e4r som helst.<\/p>\n<p>Denna imponerande enhet drivs av ett snabbladdande 850 mAh uppladdningsbart batteri med praktisk typ C-anslutning, vilket garanterar timmar av p\u00e5litlig prestanda och minimala avbrott vid laddning. Det avancerade 1,0 \u03a9 Dual Mesh Coil-systemet tar varje drag till en ny niv\u00e5 genom att producera t\u00e4t, aromatisk \u00e5nga med j\u00e4mn konsistens fr\u00e5n f\u00f6rsta till sista draget, samtidigt som kvaliteten bibeh\u00e5lls under hela enhetens imponerande livsl\u00e4ngd.<\/p>\n<p>Bang Leader 80000 finns i nikotinstyrkorna 0%, 2%, 3% och 5% och passar alla typer av anv\u00e4ndare \u2013 fr\u00e5n dem som s\u00f6ker nikotinfria alternativ till erfarna anv\u00e4ndare som vill ha en starkare kick. Det \u00e4r en m\u00e5ngsidig kraftpaket som \u00e4r anpassad efter dina preferenser och h\u00e5ller j\u00e4mna steg med din livsstil.<\/p>\n<h2>Tekniska data<\/h2>\n<ul>\n<li><strong>T\u00e5g:<\/strong> Upp till 80 000 t\u00e5g<\/li>\n<li><strong>Nikotin:<\/strong> 0% \/ 2% \/ 3% \/ 5%<\/li>\n<li><strong>Aromer:<\/strong> 3-i-1-aromsystem<\/li>\n<li><strong>E-v\u00e4tska:<\/strong> 78 ml f\u00f6rfylld (3 kapslar, 26 ml + 26 ml + 26 ml)<\/li>\n<li><strong>Batteri:<\/strong> 850 mAh uppladdningsbar<\/li>\n<li><strong>Coil:<\/strong> 1,0 \u03a9 mesh<\/li>\n<li><strong>Laddningsanslutning:<\/strong> Typ C<\/li>\n<li><strong>Tillg\u00e4ngliga smaker:<\/strong> 12<\/li>\n<\/ul>\n<h2>Bang Leader 80000 drag Smaklista<\/h2>\n<ol>\n<li>Vattenmelon-is\/jordgubbe och mango\/banan<\/li>\n<li>Hallon-mojito Persika-is\/jordgubbe och vattenmelon\/kiwi Passionsfrukt Guava<\/li>\n<li>Jordgubbe och vattenmelon\/druva Ice\/Rainbow Candy<\/li>\n<li>Cola Ice\/Bl\u00e5b\u00e4r Hallon\/Persika Mango Vattenmelon<\/li>\n<li>Bl\u00e5b\u00e4r Vattenmelon\/Jordgubbe Mango\/Svart vinb\u00e4r<\/li>\n<li>Bl\u00e5b\u00e4r Ice\/Black Dragon Ice\/Mango Persika<\/li>\n<li>Bl\u00e5b\u00e4r\/jordgubbe och banan\/blandade b\u00e4r<\/li>\n<li>Red Bull\/bl\u00e5b\u00e4r Vattenmelon\/\u00e4pple P\u00e4ron<\/li>\n<li>Red Bull\/vattenmelon Bubble Candy\/jordgubbsglass<\/li>\n<li>Jordgubb Kiwi\/Persika Ice\/K\u00f6rsb\u00e4r-Cola<\/li>\n<li>Kiwi Passion\/Litchi Ice\/Mango Persika Ananas<\/li>\n<li>Avokadois\/citron-lime\/vattenmelon-hallon<\/li>\n<\/ol>\n<h2>Vanliga fr\u00e5gor om Bang Leader 80000 3-i-1 eng\u00e5ngsvape<\/h2>\n<p><strong>1. Hur m\u00e5nga drag erbjuder Bang Leader 80K totalt?<\/strong><br \/>\nEnheten erbjuder upp till 80 000 drag totalt, d\u00e4r var och en av de tre podarna bidrar med cirka 26 000+ drag.<\/p>\n<p><strong>2. Vad betyder \u201e3-i-1\u201c?<\/strong><br \/>\nBang Leader 80K har ett trippel aromsystem som l\u00e5ter dig v\u00e4xla mellan tre separata e-v\u00e4tskekapslar, var och en med en unik smak, via en dedikerad v\u00e4ljarmekanism.<\/p>\n<p><strong>3. \u00c4r enheten uppladdningsbar?<\/strong><br \/>\nJa. Den drivs av ett uppladdningsbart batteri p\u00e5 850 mAh och st\u00f6der snabb laddning av typ C.<\/p>\n<p><strong>4. Hur v\u00e4xlar jag mellan smakerna?<\/strong><br \/>\nDu kan byta smak genom att flytta v\u00e4ljaren p\u00e5 enheten, som v\u00e4xlar mellan de tre integrerade podarna.<\/p>\n<p><strong>5. Hur l\u00e5ng tid tar det att ladda enheten?<\/strong><br \/>\nLaddningstiden \u00e4r vanligtvis cirka 60\u201390 minuter via typ C-anslutning.<\/p>\n<p><strong>6. \u00c4r det l\u00e4mpligt f\u00f6r nyb\u00f6rjare?<\/strong><br \/>\nJa. Den \u00e4r dragaktiverad, utan knappar och f\u00f6rfylld \u2013 vilket g\u00f6r den extremt enkel att anv\u00e4nda, \u00e4ven f\u00f6r nyb\u00f6rjare.<\/p>\n<h2>Uppt\u00e4ck fler premiumprodukter f\u00f6r vaping<\/h2>\n<p>Bang Leader 80000 drag \u00e4r bara en av m\u00e5nga h\u00f6gkvalitativa eng\u00e5ngsvapes i v\u00e5rt sortiment. Bes\u00f6k v\u00e5r <strong><a href=\"https:\/\/apexvape.de\/sv\/\">hemsida<\/a><\/strong>, f\u00f6r att uppt\u00e4cka hela utbudet av premiumprodukter f\u00f6r vaping, eller utforska v\u00e5ra <strong><a href=\"https:\/\/apexvape.de\/sv\/product-category\/bang-vape\/\">BANG VAPE Kategori<\/a><\/strong> f\u00f6r fler innovativa enheter i Bang-serien med exceptionell prestanda och smakvariation. Hos Apex Vape hittar du alltid de senaste och b\u00e4sta vaping-l\u00f6sningarna f\u00f6r alla behov.<\/p>","protected":false},"excerpt":{"rendered":"<p class=\"font-claude-response-body whitespace-normal break-words\">Bang Leader 80000 revolutionerar vaping med 80 000 drag och ett innovativt 3-i-1-aromsystem. 78 ml e-v\u00e4tska i 3 utbytbara poddar, 850 mAh-batteri med typ C-snabbladdning och 1,0 \u03a9 dubbla mesh-spolar garanterar intensiv smak. Nikotinstyrkor 0\u20135% \u2013 maximal m\u00e5ngsidighet f\u00f6r kr\u00e4sna vapers.<\/p>","protected":false},"featured_media":4128,"comment_status":"open","ping_status":"closed","template":"","meta":[],"product_brand":[],"product_cat":[76],"product_tag":[],"class_list":{"0":"post-4127","1":"product","2":"type-product","3":"status-publish","4":"has-post-thumbnail","6":"product_cat-bang-vape","8":"first","9":"instock","10":"shipping-taxable","11":"purchasable","12":"product-type-variable"},"_links":{"self":[{"href":"https:\/\/apexvape.de\/sv\/wp-json\/wp\/v2\/product\/4127","targetHints":{"allow":["GET"]}}],"collection":[{"href":"https:\/\/apexvape.de\/sv\/wp-json\/wp\/v2\/product"}],"about":[{"href":"https:\/\/apexvape.de\/sv\/wp-json\/wp\/v2\/types\/product"}],"replies":[{"embeddable":true,"href":"https:\/\/apexvape.de\/sv\/wp-json\/wp\/v2\/comments?post=4127"}],"version-history":[{"count":0,"href":"https:\/\/apexvape.de\/sv\/wp-json\/wp\/v2\/product\/4127\/revisions"}],"wp:featuredmedia":[{"embeddable":true,"href":"https:\/\/apexvape.de\/sv\/wp-json\/wp\/v2\/media\/4128"}],"wp:attachment":[{"href":"https:\/\/apexvape.de\/sv\/wp-json\/wp\/v2\/media?parent=4127"}],"wp:term":[{"taxonomy":"product_brand","embeddable":true,"href":"https:\/\/apexvape.de\/sv\/wp-json\/wp\/v2\/product_brand?post=4127"},{"taxonomy":"product_cat","embeddable":true,"href":"https:\/\/apexvape.de\/sv\/wp-json\/wp\/v2\/product_cat?post=4127"},{"taxonomy":"product_tag","embeddable":true,"href":"https:\/\/apexvape.de\/sv\/wp-json\/wp\/v2\/product_tag?post=4127"}],"curies":[{"name":"wp","href":"https:\/\/api.w.org\/{rel}","templated":true}]}}