{"id":3335,"date":"2025-11-26T13:34:53","date_gmt":"2025-11-26T12:34:53","guid":{"rendered":"https:\/\/apexvape.de\/?post_type=product&#038;p=3335"},"modified":"2025-11-26T13:35:14","modified_gmt":"2025-11-26T12:35:14","slug":"bang-king-25000","status":"publish","type":"product","link":"https:\/\/apexvape.de\/sv\/product\/bang-king-25000\/","title":{"rendered":"Bang King 25000 drag eng\u00e5ngsvape"},"content":{"rendered":"<h1>Bang King 25000 drag | Dubbla poddar 0%-5% nikotin, 46 ml 650 mAh eng\u00e5ngsvape i grossistf\u00f6rpackning<\/h1>\n<p>Bang King 25000 Z\u00fcge \u00e4r en eng\u00e5ngsvape med h\u00f6g kapacitet som har utvecklats f\u00f6r att ge en o\u00f6vertr\u00e4ffad vapingupplevelse med upp till 25 000 drag. Denna enhet \u00e4r utformad f\u00f6r b\u00e5de vapingentusiaster och \u00e5terf\u00f6rs\u00e4ljare och kombinerar komfort, prestanda och h\u00e5llbarhet. Den gener\u00f6sa e-v\u00e4tskekapaciteten p\u00e5 46 ml (uppdelad p\u00e5 2 poddar \u00e0 23 ml) minimerar behovet av p\u00e5fyllningar, medan det kraftfulla uppladdningsbara batteriet p\u00e5 650 mAh garanterar l\u00e5ngvarig anv\u00e4ndning. Den finns i nikotinstyrkorna 0%, 2%, 3% och 5% och tillgodoser d\u00e4rmed en m\u00e4ngd olika preferenser.<\/p>\n<h2>Bang King 25000 drag H\u00f6jdpunkter:<\/h2>\n<p>Upplev en extraordin\u00e4r \u00e5ngresa med en imponerande kapacitet p\u00e5 upp till 25 000 drag, driven av tv\u00e5 23 ml f\u00f6rfyllda e-v\u00e4tskekapslar med en gener\u00f6s totalvolym p\u00e5 46 ml. Denna ut\u00f6kade kapacitet garanterar l\u00e5ngvarig njutning utan behov av st\u00e4ndiga byten och passar perfekt f\u00f6r b\u00e5de tillf\u00e4lliga anv\u00e4ndare och dampentusiaster.<\/p>\n<p>Anpassa din upplevelse med flexibla nikotininneh\u00e5llsalternativ, tillg\u00e4ngliga i styrkorna 0%, 2%, 3% och 5%, f\u00f6r att passa dina individuella preferenser och behov. Oavsett om du vill minska nikotinintaget eller f\u00f6redrar en starkare kick \u2013 det finns ett alternativ som \u00e4r speciellt utformat f\u00f6r dig.<\/p>\n<p>Enheten har avancerad teknik med en 1,0 ohm mesh-spole som ger f\u00f6rb\u00e4ttrade smakprofiler och imponerande \u00e5ngproduktion vid varje drag. Drivs av ett p\u00e5litligt 650 mAh uppladdningsbart batteri, s\u00e5 du kan r\u00e4kna med konstant prestanda hela dagen, medan den praktiska typ C-laddningsporten m\u00f6jligg\u00f6r snabb och effektiv laddning n\u00e4r det beh\u00f6vs.<\/p>\n<p>V\u00e4lj bland ett lockande utbud av 12 l\u00e4ckra smaker, noggrant skapade f\u00f6r att tillfredsst\u00e4lla alla smakl\u00f6kar och preferenser. Fr\u00e5n klassiska favoriter till unika blandningar \u2013 detta varierade utbud av smaker garanterar att du hittar den perfekta smaken som passar ditt hum\u00f6r och berikar din vapingupplevelse.<\/p>\n<h2>Produktspecifikationer:<\/h2>\n<ul>\n<li><strong>T\u00e5g:<\/strong> Upp till 25 000 t\u00e5g<\/li>\n<li><strong>V\u00e4tska:<\/strong> 46 ml f\u00f6rfylld e-v\u00e4tska (2 PODS, 23 ml + 23 ml)<\/li>\n<li><strong>Nikotin:<\/strong> 0%, 2%, 3%, 5%<\/li>\n<li><strong>Typ:<\/strong> eng\u00e5ngs<\/li>\n<li><strong>Batteri:<\/strong> 650 mAh batteri<\/li>\n<li><strong>Justerbar luftfl\u00f6de<\/strong><\/li>\n<li><strong>Typ C-laddning<\/strong><\/li>\n<li><strong>12 smaker tillg\u00e4ngliga<\/strong><\/li>\n<\/ul>\n<h2>Smaklista:<\/h2>\n<ol>\n<li>Bl\u00e5 Razz Ice<\/li>\n<li>Saftig persika-is<\/li>\n<li>Jordgubbsvattenmelon<\/li>\n<li>Vattenmelon-glass<\/li>\n<li>Jordgubb-banan<\/li>\n<li>Syrlig \u00e4pple-is<\/li>\n<li>Trippelb\u00e4rglass<\/li>\n<li>Tropisk frukt<\/li>\n<li>Cherry Bomb<\/li>\n<li>Grape Ice<\/li>\n<li>Persika Mango<\/li>\n<li>Jordgubb Mango<\/li>\n<\/ol>\n<h2>Vanliga fr\u00e5gor (FAQ)<\/h2>\n<p><strong>1. Hur l\u00e4nge h\u00e5ller Bang King 25000 drag?<\/strong><\/p>\n<p>Bang King 25000 drag \u00e4r utformad f\u00f6r att ge upp till 25 000 drag, beroende p\u00e5 hur du anv\u00e4nder den. Det \u00e4r betydligt l\u00e4ngre \u00e4n de flesta eng\u00e5ngsvapes och g\u00f6r den idealisk f\u00f6r intensiva anv\u00e4ndare.<\/p>\n<p><strong>2. Vilka smaker finns tillg\u00e4ngliga f\u00f6r Bang King 25000 drag?<\/strong><\/p>\n<p>Bang King 25000 drag finns i en m\u00e4ngd olika smaker, inklusive fruktiga, mentol- och dessertalternativ. Popul\u00e4ra val inkluderar bl\u00e5b\u00e4rsmynta, mangois och jordgubb-banan.<\/p>\n<p><strong>3. Hur kasserar jag min anv\u00e4nda Bang King 25000 drag?<\/strong><\/p>\n<p>Vi uppmuntrar alla kunder att kassera anv\u00e4nda eng\u00e5ngsvapes p\u00e5 ett ansvarsfullt s\u00e4tt. Informera dig om l\u00e4mpliga avfallshanteringsmetoder hos lokala \u00e5tervinningsprogram, s\u00e4rskilt eftersom m\u00e5nga komponenter i eng\u00e5ngsvapes \u00e4r \u00e5tervinningsbara.<\/p>\n<h2 class=\"font-claude-response-heading text-text-100 mt-1 -mb-0.5\">Uppt\u00e4ck mer hos Apex Vape<\/h2>\n<p class=\"font-claude-response-body whitespace-normal break-words\">Letar du efter fler premiumprodukter f\u00f6r vaping? Bes\u00f6k v\u00e5r <strong><a class=\"underline\" href=\"https:\/\/apexvape.de\/sv\/\">hemsida<\/a><\/strong>, f\u00f6r att uppt\u00e4cka v\u00e5rt kompletta sortiment av h\u00f6gkvalitativa eng\u00e5ngsvapes och \u00e5ngprodukter. Bang King 25000 drag \u00e4r en del av v\u00e5rt exklusiva <strong><a class=\"underline\" href=\"https:\/\/apexvape.de\/sv\/product-category\/bang-vape\/\">BANG VAPE-kollektionen<\/a><\/strong>, som erbjuder ett brett utbud av innovativa enheter med exceptionell prestanda och smakvariation. Hos Apex Vape fokuserar vi p\u00e5 kvalitet, tillf\u00f6rlitlighet och kundn\u00f6jdhet \u2013 din p\u00e5litliga partner f\u00f6r f\u00f6rstklassiga vape-produkter i Tyskland.<\/p>","protected":false},"excerpt":{"rendered":"<p class=\"font-claude-response-body whitespace-normal break-words\">Bang King 25000 erbjuder exceptionella 25 000 drag med ett innovativt dubbelt pod-system (2x23 ml). Utrustad med 650 mAh batteri, typ C-laddning, 1,0 \u03a9 mesh-spole och justerbar luftfl\u00f6de. Finns i 0%-5% nikotin och 12 premium smaker. Perfekt f\u00f6r grossister och kr\u00e4sna vapers.<\/p>","protected":false},"featured_media":3336,"comment_status":"open","ping_status":"closed","template":"","meta":[],"product_brand":[],"product_cat":[76],"product_tag":[],"class_list":{"0":"post-3335","1":"product","2":"type-product","3":"status-publish","4":"has-post-thumbnail","6":"product_cat-bang-vape","8":"first","9":"instock","10":"shipping-taxable","11":"purchasable","12":"product-type-variable"},"_links":{"self":[{"href":"https:\/\/apexvape.de\/sv\/wp-json\/wp\/v2\/product\/3335","targetHints":{"allow":["GET"]}}],"collection":[{"href":"https:\/\/apexvape.de\/sv\/wp-json\/wp\/v2\/product"}],"about":[{"href":"https:\/\/apexvape.de\/sv\/wp-json\/wp\/v2\/types\/product"}],"replies":[{"embeddable":true,"href":"https:\/\/apexvape.de\/sv\/wp-json\/wp\/v2\/comments?post=3335"}],"version-history":[{"count":0,"href":"https:\/\/apexvape.de\/sv\/wp-json\/wp\/v2\/product\/3335\/revisions"}],"wp:featuredmedia":[{"embeddable":true,"href":"https:\/\/apexvape.de\/sv\/wp-json\/wp\/v2\/media\/3336"}],"wp:attachment":[{"href":"https:\/\/apexvape.de\/sv\/wp-json\/wp\/v2\/media?parent=3335"}],"wp:term":[{"taxonomy":"product_brand","embeddable":true,"href":"https:\/\/apexvape.de\/sv\/wp-json\/wp\/v2\/product_brand?post=3335"},{"taxonomy":"product_cat","embeddable":true,"href":"https:\/\/apexvape.de\/sv\/wp-json\/wp\/v2\/product_cat?post=3335"},{"taxonomy":"product_tag","embeddable":true,"href":"https:\/\/apexvape.de\/sv\/wp-json\/wp\/v2\/product_tag?post=3335"}],"curies":[{"name":"wp","href":"https:\/\/api.w.org\/{rel}","templated":true}]}}