{"id":2849,"date":"2025-11-23T10:54:44","date_gmt":"2025-11-23T09:54:44","guid":{"rendered":"https:\/\/apexvape.de\/?post_type=product&#038;p=2849"},"modified":"2025-11-23T10:56:16","modified_gmt":"2025-11-23T09:56:16","slug":"waspe-6-in-1-150000","status":"publish","type":"product","link":"https:\/\/apexvape.de\/sv\/product\/waspe-6-in-1-150000\/","title":{"rendered":"WASPE 6-i-1 150 000 bloss eng\u00e5ngsvape"},"content":{"rendered":"<h2>WASPE 6-i-1 150 000 drag | 6 smaker i en 150K 64 ml eng\u00e5ngs-e-cigarett med l\u00e5ngvarig effekt<\/h2>\n<p>WASPE 6-in-1 150000 erbjuder o\u00f6vertr\u00e4ffade 150 000 drag \u2013 den h\u00f6gsta kapaciteten p\u00e5 marknaden. Det innovativa 6-in-1-smakbytessystemet g\u00f6r det m\u00f6jligt att anv\u00e4nda enskilda eller blandade smaker. Triple-Mesh-Coils garanterar f\u00f6rstklassig smak och \u00e5ngutveckling. Stor kapacitet p\u00e5 64 ml med uppladdningsbart 650 mAh Type-C-batteri. Smart LED-display f\u00f6r \u00f6vervakning av batteriniv\u00e5, e-v\u00e4tskeniv\u00e5 och inst\u00e4llningar. Finns i nikotinstyrkorna 0 %, 2 % eller 5 %. L\u00e4ttviktig med 140 g och stilren apdesign. Perfekt f\u00f6r l\u00e5ngvarig, okomplicerad \u00e5ngning.<\/p>\n<h3>WASPE 6-i-1 150000 drag H\u00f6jdpunkter:<\/h3>\n<p>WASPE 6-i-1 150000 eng\u00e5ngs-e-cigarett erbjuder imponerande 150 000 drag och levererar en branschledande, l\u00e5ngvarig \u00e5ngupplevelse som vida \u00f6verstiger konventionella eng\u00e5ngsprodukter. Det innovativa sex-i-ett-aromsystemet g\u00f6r det m\u00f6jligt att v\u00e4xla mellan sex olika smakprofiler i en enda enhet, vilket ger maximal m\u00e5ngfald och eliminerar behovet av flera vapes. Med en enorm f\u00f6rfylld e-v\u00e4tskekapacitet p\u00e5 64 ml kan du njuta av l\u00e5nga \u00e5ngsessioner utan att beh\u00f6va oroa dig f\u00f6r att den ska ta slut snabbt.<\/p>\n<p>Denna enhet drivs av ett p\u00e5litligt uppladdningsbart 650 mAh-batteri som ger konstant prestanda hela dagen och kan laddas snabbt och enkelt via en modern typ C-anslutning. Den intelligenta LED-displayen h\u00e5ller dig uppdaterad med realtidsuppdateringar om batteri- och e-v\u00e4tskeniv\u00e5, s\u00e5 att du alltid vet n\u00e4r det \u00e4r dags att ladda och aldrig blir \u00f6verraskad.<\/p>\n<p>Det h\u00f6gkvalitativa Triple Mesh Coil-systemet (3 x 1,0 \u03a9) \u00e4r utformat f\u00f6r en exceptionell smakupplevelse och producerar med varje drag en mjuk, intensiv och j\u00e4mn \u00e5nga f\u00f6r en f\u00f6rstklassig vapingupplevelse. WASPE 150000 finns i nikotinstyrkorna 0 %, 2 % eller 5 % och passar alla preferenser \u2013 oavsett om du vill ha nikotinfri \u00e5nga eller en starkare kick.<\/p>\n<h3>Produktspecifikationer:<\/h3>\n<ul>\n<li>T\u00e5g: 150 000<\/li>\n<li>Mesh-spole: 3 x 1,0 ohm<\/li>\n<li>E-v\u00e4tskekapacitet: 64 ml<\/li>\n<li>Nikotinstyrka: 0 % \/ 2 % \/ 5 %<\/li>\n<li>Batterikapacitet: 650 mAh<\/li>\n<li>Laddning: Typ C (uppladdningsbar)<\/li>\n<li>S\u00e4rskild egenskap: LED-display<\/li>\n<li>Produktvikt: 140 g\/styck<\/li>\n<li>Produktstorlek: 53 x 46 x 138 mm<\/li>\n<\/ul>\n<h3>WASPE 6-i-1 150 000 drag Smaklista:<\/h3>\n<ol>\n<li>Vattenmelon Ice \/ Citron Lime \/ Citron Persika<\/li>\n<li>Bl\u00e5b\u00e4r Ice \/ Jordgubbe Kiwi \/ K\u00f6rsb\u00e4r Jordgubbe Ice<\/li>\n<li>Red Bull Ice \/ Hallon Granat\u00e4pple \/ Syrlig mango Jordgubbe<\/li>\n<li>Jordgubbe Vattenmelon \/ Saftig persika Ice \/ Trippelb\u00e4r Ice<\/li>\n<li>K\u00f6rsb\u00e4r Cola Ice \/ Jordgubbe Red Bull Ice \/ Vattenmelon Hallon<\/li>\n<li>Druva Ice \/ Bl\u00e5 razz Kirsch \/ Jordgubbe Ice<\/li>\n<li>Blandade b\u00e4r \/ Svart drake Ice \/ Jordgubbe Kirsch Cola<\/li>\n<li>Sprudelig Cola Ice \/ Energidryck \/ Kirsche Ice<\/li>\n<li>Jordgubbe Banan \/ Kiwi Vattenmelon \/ Kokosn\u00f6t Jordgubbe<\/li>\n<li>Red Bull Cola Ice \/ Jordgubb, hallon, k\u00f6rsb\u00e4r \/ Bj\u00f6rnb\u00e4r, drakefrukt<\/li>\n<li>Jordgubbs- och vattenmelon-tuggummi \/ Syrlig mango-is \/ Jordgubbs- och druv-is<\/li>\n<li>Melon Passionsfrukt \/ Bj\u00f6rnb\u00e4r Ice \/ \u00c4pple Kiwi<\/li>\n<\/ol>\n<h3>Vanliga fr\u00e5gor om WASPE Aiviou 6 i 1 150K<\/h3>\n<p><strong>Hur l\u00e4nge h\u00e5ller WASPE 6-in-1 150000?<\/strong><\/p>\n<p>WASPE Aiviou 150K \u00e4r konstruerad f\u00f6r imponerande 150 000 drag. Den faktiska livsl\u00e4ngden beror i h\u00f6g grad p\u00e5 ditt personliga anv\u00e4ndningsm\u00f6nster, men tack vare e-v\u00e4tskekapaciteten p\u00e5 64 ml och det h\u00f6ga antalet drag erbjuder den en exceptionellt l\u00e5ng anv\u00e4ndningstid.<\/p>\n<p><strong>Kan jag ladda WASPE Aiviou igen?<\/strong><\/p>\n<p>Ja, det \u00e4r m\u00f6jligt! \u00c4ven om WASPE Aiviou \u00e4r en eng\u00e5ngs-e-cigarett har den ett uppladdningsbart 650 mAh-batteri. Du kan enkelt ladda enheten via Type-C-porten f\u00f6r att s\u00e4kerst\u00e4lla att du kan anv\u00e4nda hela m\u00e4ngden 64 ml e-v\u00e4tska.<\/p>\n<p><strong>Hur fungerar 6-i-1-smakbytet?<\/strong><\/p>\n<p>WASPE Aiviou 6 i 1 har utvecklats f\u00f6r att ge dig maximal m\u00e5ngsidighet. Omkopplingen sker vanligtvis via en intuitiv mekanism eller omkopplare p\u00e5 sj\u00e4lva enheten, som g\u00f6r att du snabbt kan v\u00e4xla mellan de sex f\u00f6rinst\u00e4llda smakerna.<\/p>\n<h3 class=\"font-claude-response-heading text-text-100 mt-1 -mb-0.5\">Uppt\u00e4ck mer hos Apex Vape<\/h3>\n<p class=\"font-claude-response-body whitespace-normal break-words\">Letar du efter fler h\u00f6gkvalitativa e-cigaretter och vape-produkter? Bes\u00f6k v\u00e5r <strong><a class=\"underline\" href=\"https:\/\/apexvape.de\/sv\/\">hemsida<\/a><\/strong>, f\u00f6r att uppt\u00e4cka v\u00e5rt kompletta sortiment. F\u00f6r alla WASPE-\u00e4lskare erbjuder v\u00e5r <strong><a class=\"underline\" href=\"https:\/\/apexvape.de\/sv\/product-category\/waspe-vape\/\">WASPE VAPE Kategori<\/a><\/strong> ett omfattande utbud av innovativa enheter med modern teknik och m\u00e5nga olika smaker. Upplev f\u00f6rstklassig kvalitet och p\u00e5litlig service hos Apex Vape \u2013 din p\u00e5litliga partner f\u00f6r exceptionella vapingupplevelser.<\/p>","protected":false},"excerpt":{"rendered":"<p class=\"font-claude-response-body whitespace-normal break-words\">WASPE 6-i-1 150000 drag eng\u00e5ngs-e-cigarett erbjuder marknadsledande kapacitet med 6-i-1 smakv\u00e4xlingssystem. Triple-Mesh-Coils (3\u00d71,0\u03a9), 64 ml e-v\u00e4tska, 650 mAh batteri med typ C-laddning och LED-display. Finns i 0%, 2% eller 5% nikotin. Snygg apdesign, v\u00e4ger bara 140 g.<\/p>","protected":false},"featured_media":2850,"comment_status":"open","ping_status":"closed","template":"","meta":[],"product_brand":[],"product_cat":[75],"product_tag":[],"class_list":{"0":"post-2849","1":"product","2":"type-product","3":"status-publish","4":"has-post-thumbnail","6":"product_cat-waspe-vape","8":"first","9":"instock","10":"shipping-taxable","11":"purchasable","12":"product-type-variable"},"_links":{"self":[{"href":"https:\/\/apexvape.de\/sv\/wp-json\/wp\/v2\/product\/2849","targetHints":{"allow":["GET"]}}],"collection":[{"href":"https:\/\/apexvape.de\/sv\/wp-json\/wp\/v2\/product"}],"about":[{"href":"https:\/\/apexvape.de\/sv\/wp-json\/wp\/v2\/types\/product"}],"replies":[{"embeddable":true,"href":"https:\/\/apexvape.de\/sv\/wp-json\/wp\/v2\/comments?post=2849"}],"version-history":[{"count":0,"href":"https:\/\/apexvape.de\/sv\/wp-json\/wp\/v2\/product\/2849\/revisions"}],"wp:featuredmedia":[{"embeddable":true,"href":"https:\/\/apexvape.de\/sv\/wp-json\/wp\/v2\/media\/2850"}],"wp:attachment":[{"href":"https:\/\/apexvape.de\/sv\/wp-json\/wp\/v2\/media?parent=2849"}],"wp:term":[{"taxonomy":"product_brand","embeddable":true,"href":"https:\/\/apexvape.de\/sv\/wp-json\/wp\/v2\/product_brand?post=2849"},{"taxonomy":"product_cat","embeddable":true,"href":"https:\/\/apexvape.de\/sv\/wp-json\/wp\/v2\/product_cat?post=2849"},{"taxonomy":"product_tag","embeddable":true,"href":"https:\/\/apexvape.de\/sv\/wp-json\/wp\/v2\/product_tag?post=2849"}],"curies":[{"name":"wp","href":"https:\/\/api.w.org\/{rel}","templated":true}]}}