{"id":2612,"date":"2025-11-23T10:13:15","date_gmt":"2025-11-23T09:13:15","guid":{"rendered":"https:\/\/apexvape.de\/?post_type=product&#038;p=2612"},"modified":"2025-11-23T10:13:40","modified_gmt":"2025-11-23T09:13:40","slug":"waspe-aiviou-40000","status":"publish","type":"product","link":"https:\/\/apexvape.de\/sv\/product\/waspe-aiviou-40000\/","title":{"rendered":"WASPE AIVIOU 40000 puffar eng\u00e5ngsvape"},"content":{"rendered":"<h2>WASPE AIVIOU 40000 drag | 36 ml, Dual Mesh, 0%-5% nikotin, dubbel arom, eng\u00e5ngs-e-cigarett<\/h2>\n<p>WASPE AIVIOU 40000 drag eng\u00e5ngs-e-cigarett med dubbel arom erbjuder en branschledande kapacitet p\u00e5 40 000 drag. Det innovativa dubbla aromsystemet m\u00f6jligg\u00f6r omedelbar v\u00e4xling mellan tv\u00e5 olika smaker fr\u00e5n 20 aromalternativ. Den intelligenta LCD-sk\u00e4rmen ger information i realtid om batteriniv\u00e5 och e-v\u00e4tskeniv\u00e5, medan dubbla mesh-spolar ger en intensiv smakutveckling. Drivs av ett 850 mAh uppladdningsbart batteri med typ C-laddning och finns i nikotinstyrkorna 0%\/2%\/5%.<\/p>\n<h3>WASPE AIVIOU 40000 drag H\u00f6jdpunkter:<\/h3>\n<p>WASPE 40000 40K drag eng\u00e5ngs-e-cigarett \u00e4r en toppmodern enhet f\u00f6r vapers som s\u00f6ker innovation och exceptionell prestanda. Med upp till 40 000 drag och dubbla 0,9 Ohm mesh-coils garanterar den mjuk, aromatisk \u00e5ngproduktion med tillfredsst\u00e4llande throat hit-effekt. De dubbla spolarna ser till att varje drag \u00e4r rikt och fylligt och f\u00f6rb\u00e4ttrar din vapingupplevelse.<\/p>\n<p>Med en gener\u00f6s e-v\u00e4tskekapacitet p\u00e5 36 ml och ett uppladdningsbart batteri p\u00e5 850 mAh erbjuder denna e-cigarett l\u00e5nga \u00e5ngsessioner utan frekventa p\u00e5fyllningar eller laddningsavbrott. Snabbladdning av typ C garanterar snabb och bekv\u00e4m laddning s\u00e5 att du alltid \u00e4r redo att anv\u00e4nda den. Den intelligenta LED-displayen ger uppdateringar i realtid om batteriniv\u00e5 och e-v\u00e4tskeniv\u00e5, s\u00e5 att du alltid \u00e4r informerad om enhetens status.<\/p>\n<p>Dual-Aroma-funktionen g\u00f6r det m\u00f6jligt att v\u00e4xla mellan tv\u00e5 olika smaker och erbjuder en individuellt anpassningsbar vapingupplevelse med o\u00e4ndliga m\u00f6jligheter. WASPE 40000 finns i nikotinstyrkorna 0%, 2% och 5% och riktar sig b\u00e5de till tillf\u00e4lliga anv\u00e4ndare och erfarna anv\u00e4ndare, med 20 olika smaker f\u00f6r alla smaker.<\/p>\n<h3>Tekniska data:<\/h3>\n<ul>\n<li><strong>Nikotin:<\/strong> 0%\/2%\/5%<\/li>\n<li><strong>T\u00e5g:<\/strong> 40 000 t\u00e5g<\/li>\n<li><strong>E-v\u00e4tskekapacitet:<\/strong> 36 ml<\/li>\n<li>Dubbla 0,9 Ohm mesh-spolar f\u00f6r mjuka, aromatiska drag<\/li>\n<li>Type-C uppladdningsbar f\u00f6r snabb laddning<\/li>\n<li>850 mAh uppladdningsbart batteri<\/li>\n<li>Intelligent LED-display visar batteriniv\u00e5 och e-v\u00e4tskeniv\u00e5<\/li>\n<li>Dubbel aromupplevelse<\/li>\n<li>20 smaker att v\u00e4lja mellan<\/li>\n<\/ul>\n<h3>WASPE AIVIOU 40000 drag Aromlista:<\/h3>\n<ol>\n<li>Vattenmelon-glass\/citron-lime<\/li>\n<li>Sprudlande k\u00f6rsb\u00e4r Is\/bl\u00e5b\u00e4r Sockervadd<\/li>\n<li>Jordgubbe Vattenmelon\/Bl\u00e5b\u00e4r Hallon<\/li>\n<li>Red Bull Glass\/Jordgubb Mango<\/li>\n<li>Persika glass\/ananas mango persika<\/li>\n<li>Druva Glass\/Jordgubbe Kiwi<\/li>\n<li>Blandade b\u00e4r\/dubbel \u00e4pple glass<\/li>\n<li>Blue Razz Lemonade\/Watermelon Tuggummi<\/li>\n<li>Jordgubbe Hallon K\u00f6rsb\u00e4r\/Love 666<\/li>\n<li>Jordgubbar, banan\/ananas, kokosn\u00f6t, glass<\/li>\n<li>Jordgubbe Vattenmelon Tuggummi\/Blandade frukter<\/li>\n<li>K\u00f6rsb\u00e4rsl\u00e4sk\/jordgubbar och hallon Candy<\/li>\n<li>Surt \u00e4pple, hallon\/jordgubbe Big Bang<\/li>\n<li>Persika B\u00e4r\/Vattenmelon Mango Persika<\/li>\n<li>Bl\u00e5b\u00e4rsglas\/Black Dragon-glass<\/li>\n<li>Jordgubbe K\u00f6rsb\u00e4r\/kiwi Passionsfrukt<\/li>\n<li>Gummib\u00e4r\/jordgubb Cola<\/li>\n<li>Banan Ananasglass\/Red Bull-glass<\/li>\n<li>Red Bull Jordgubb\/Svarta vinb\u00e4r Glass<\/li>\n<li>Trippel melon glass\/hallon vattenmelon<\/li>\n<\/ol>\n<h3>Vanliga fr\u00e5gor (FAQ)<\/h3>\n<p><strong>F: Hur v\u00e4xlar jag mellan de tv\u00e5 smakerna p\u00e5 WASPE 40000?<\/strong><\/p>\n<p>A: Det \u00f6vre munstycket kan skjutas \u00e5t v\u00e4nster och h\u00f6ger. Den v\u00e4nstra sidan \u00e4r den f\u00f6rsta aromen och den h\u00f6gra sidan \u00e4r den andra aromen. Du kan n\u00e4r som helst byta \u00f6nskad arom genom att skjuta det \u00f6vre munstycket \u00e5t v\u00e4nster eller h\u00f6ger.<\/p>\n<p><strong>F: Hur l\u00e4nge h\u00e5ller 850 mAh-batteriet i WASPE 40K e-cigaretten?<\/strong><\/p>\n<p>A: Batteritiden varierar beroende p\u00e5 anv\u00e4ndning. Det uppladdningsbara Type-C-batteriet kan laddas flera g\u00e5nger och s\u00e4kerst\u00e4ller att det r\u00e4cker f\u00f6r hela 36 ml e-v\u00e4tskekapacitet.<\/p>\n<p><strong>F: Vad visar LED-displayen p\u00e5 WASPE eng\u00e5ngs-e-cigarett 40K drag?<\/strong><\/p>\n<p>A: LED-displayen visar tydligt \u00e5terst\u00e5ende batteriniv\u00e5 och vilken av de tv\u00e5 smakerna som f\u00f6r n\u00e4rvarande \u00e4r vald f\u00f6r \u00e5ngning.<\/p>\n<h3>Uppt\u00e4ck mer hos Apex Vape<\/h3>\n<p>Letar du efter h\u00f6gkvalitativa e-cigaretter och vape-produkter? Bes\u00f6k <strong><a href=\"https:\/\/apexvape.de\/sv\/\">Apex Vape<\/a><\/strong>, din p\u00e5litliga onlinebutik f\u00f6r premiumprodukter f\u00f6r \u00e5ngning i Tyskland. WASPE AIVIOU 40000 drag ing\u00e5r i v\u00e5rt omfattande sortiment. <strong><a href=\"https:\/\/apexvape.de\/sv\/product-category\/waspe-vape\/\">WASPE VAPE-kollektionen<\/a><\/strong>, som erbjuder innovativa eng\u00e5ngs-e-cigaretter med den senaste tekniken. Uppt\u00e4ck fler WASPE-modeller och dra nytta av snabb leverans, \u00e4kta produkter och f\u00f6rstklassig kundservice. Oavsett om du \u00e4r nyb\u00f6rjare eller erfaren e-r\u00f6kare \u2013 hos Apex Vape hittar du den perfekta e-cigaretten f\u00f6r dina behov.<\/p>","protected":false},"excerpt":{"rendered":"<p class=\"font-claude-response-body whitespace-normal break-words\">WASPE AIVIOU 40000 drag eng\u00e5ngs-e-cigarett imponerar med sitt innovativa dubbla aromsystem som g\u00f6r det m\u00f6jligt att v\u00e4xla mellan 20 smaker. Dual-Mesh-Coils, 36 ml e-v\u00e4tska, 850 mAh batteri med typ C-laddning och LCD-display f\u00f6r batteri- och v\u00e4tskeniv\u00e5. Finns i 0%, 2% eller 5% nikotin.<\/p>","protected":false},"featured_media":2676,"comment_status":"open","ping_status":"closed","template":"","meta":[],"product_brand":[],"product_cat":[75],"product_tag":[],"class_list":{"0":"post-2612","1":"product","2":"type-product","3":"status-publish","4":"has-post-thumbnail","6":"product_cat-waspe-vape","8":"first","9":"instock","10":"shipping-taxable","11":"purchasable","12":"product-type-variable"},"_links":{"self":[{"href":"https:\/\/apexvape.de\/sv\/wp-json\/wp\/v2\/product\/2612","targetHints":{"allow":["GET"]}}],"collection":[{"href":"https:\/\/apexvape.de\/sv\/wp-json\/wp\/v2\/product"}],"about":[{"href":"https:\/\/apexvape.de\/sv\/wp-json\/wp\/v2\/types\/product"}],"replies":[{"embeddable":true,"href":"https:\/\/apexvape.de\/sv\/wp-json\/wp\/v2\/comments?post=2612"}],"version-history":[{"count":0,"href":"https:\/\/apexvape.de\/sv\/wp-json\/wp\/v2\/product\/2612\/revisions"}],"wp:featuredmedia":[{"embeddable":true,"href":"https:\/\/apexvape.de\/sv\/wp-json\/wp\/v2\/media\/2676"}],"wp:attachment":[{"href":"https:\/\/apexvape.de\/sv\/wp-json\/wp\/v2\/media?parent=2612"}],"wp:term":[{"taxonomy":"product_brand","embeddable":true,"href":"https:\/\/apexvape.de\/sv\/wp-json\/wp\/v2\/product_brand?post=2612"},{"taxonomy":"product_cat","embeddable":true,"href":"https:\/\/apexvape.de\/sv\/wp-json\/wp\/v2\/product_cat?post=2612"},{"taxonomy":"product_tag","embeddable":true,"href":"https:\/\/apexvape.de\/sv\/wp-json\/wp\/v2\/product_tag?post=2612"}],"curies":[{"name":"wp","href":"https:\/\/api.w.org\/{rel}","templated":true}]}}