{"id":2424,"date":"2025-11-22T14:49:42","date_gmt":"2025-11-22T13:49:42","guid":{"rendered":"https:\/\/apexvape.de\/?post_type=product&#038;p=2424"},"modified":"2025-11-22T15:04:39","modified_gmt":"2025-11-22T14:04:39","slug":"fumot-tornado-25000","status":"publish","type":"product","link":"https:\/\/apexvape.de\/sv\/product\/fumot-tornado-25000\/","title":{"rendered":"Fumot Tornado 25000 drag eng\u00e5ngsvape"},"content":{"rendered":"<h2>Fumot Tornado 25000 drag 2% 3% 5% L\u00e5g nikotinhalt Stork\u00f6p Grossist Uppladdningsbar e-cigarett med digital display<\/h2>\n<p>Den <strong>Fumot Tornado 25000<\/strong> \u00e4r en eng\u00e5ngs-e-cigarett med dubbelt mesh-coil-system och intelligent peksk\u00e4rm. Enheten inneh\u00e5ller 20 ml e-v\u00e4tska och m\u00f6jligg\u00f6r upp till 25 000 drag. Tornado 25000 finns i 4 nikotinstyrkor: 0%, 2%, 3% och 5% samt i 26 olika smaker. Med en snabbladdande typ C-anslutning p\u00e5 undersidan kan du vara s\u00e4ker p\u00e5 att du kan anv\u00e4nda upp all e-v\u00e4tska.<\/p>\n<h3>Fumot Tornado 25000 drag \u2013 Produktens h\u00f6jdpunkter:<\/h3>\n<p>Fumot Tornado 25000 erbjuder imponerande 25 000 drag och \u00e4r d\u00e4rmed en av de mest h\u00e5llbara e-cigaretterna p\u00e5 marknaden. Den finns i l\u00e4ckra smaker som bl\u00e5b\u00e4r-hallon och jordgubb-mynta och levererar en intensiv smak vid varje drag. Det dubbla mesh-coil-systemet producerar mjuk, aromatisk \u00e5nga med utm\u00e4rkt \u00e5ngproduktion f\u00f6r en genomg\u00e5ende tillfredsst\u00e4llande upplevelse.<\/p>\n<p>Enheten har ett uppladdningsbart 700 mAh-batteri med typ C-laddningsport f\u00f6r snabb och bekv\u00e4m laddning. Det speciella med denna e-cigarett \u00e4r den 1,77 tum stora peksk\u00e4rmen som visar viktig information som batteriniv\u00e5, dragr\u00e4knare och effektinst\u00e4llningar. Via denna l\u00e4ttl\u00e4sta sk\u00e4rm kan du \u00f6vervaka och anpassa din vapingupplevelse med n\u00e5gra f\u00e5 tryckningar.<\/p>\n<p>En utm\u00e4rkande funktion \u00e4r det integrerade spell\u00e4get, som tillf\u00f6r ett underh\u00e5llande interaktivt inslag till dina vapningssessioner. Du kan njuta av korta spel under pauserna, vilket g\u00f6r Fumot Tornado 25000 till mer \u00e4n bara en e-cigarett. Den eleganta touchkontrollen g\u00f6r det enkelt att navigera genom alla inst\u00e4llningar och funktioner.<\/p>\n<p>Den justerbara effekten str\u00e4cker sig fr\u00e5n 24 W till 80 W och g\u00f6r att du kan anpassa din \u00e5ngstil. V\u00e4lj l\u00e4gre wattantal f\u00f6r mjuka, l\u00e4tta drag eller \u00f6ka till 80 W f\u00f6r kraftfull, intensiv \u00e5ngutveckling. Denna flexibilitet g\u00f6r Fumot Tornado 25000 l\u00e4mplig f\u00f6r alla \u2013 oavsett om du \u00e4r nyb\u00f6rjare eller en erfaren anv\u00e4ndare som letar efter en funktionsrik enhet.<\/p>\n<h3>Tekniska data:<\/h3>\n<ul>\n<li>Nikotininneh\u00e5ll: 2% \/ 3% \/ 5%<\/li>\n<li>700 mAh uppladdningsbart batteri<\/li>\n<li>T\u00e5g: 25 000 t\u00e5g<\/li>\n<li>Tankkapacitet: 20 ml<\/li>\n<li>Touch-brytare<\/li>\n<li>1,77-tums TFT-sk\u00e4rm<\/li>\n<li>Prestandajustering genom att trycka tre g\u00e5nger p\u00e5 peksk\u00e4rmen<\/li>\n<li>Display med niv\u00e5- och batteriindikator<\/li>\n<li>Typ C-anslutning<\/li>\n<li>26 smaker tillg\u00e4ngliga<\/li>\n<li>Dubbelt mesh-spiralsystem<\/li>\n<\/ul>\n<h3>Smaker:<\/h3>\n<ol>\n<li>Banana Ice (banan-glass)<\/li>\n<li>Strawberry Watermelon (Jordgubbsvattenmelon)<\/li>\n<li>Miami Mint (Miami-mynta)<\/li>\n<li>Blueberry Raspberry (bl\u00e5b\u00e4r och hallon)<\/li>\n<li>Black Ice (Svart is)<\/li>\n<li>White Gummy Ice (vit gummibj\u00f6rnsglass)<\/li>\n<li>Watermelon Ice (Vattenmelon-glass)<\/li>\n<li>Juicy Peach Ice (Saftig persikoglass)<\/li>\n<li>Pink Lemonade (rosa lemonad)<\/li>\n<li>Strawberry Mango (jordgubbe mango)<\/li>\n<li>Peach Mango Watermelon (persika, mango, vattenmelon)<\/li>\n<li>Grape Lemon (druva citron)<\/li>\n<li>Tropical Rainbow Blast (Tropisk regnb\u00e5ge)<\/li>\n<li>Cherry Bomb (K\u00f6rsb\u00e4rsbomb)<\/li>\n<li>Strawberry Mint Candy (jordgubbs- och myntacandy)<\/li>\n<li>Double Apple (Dubbel \u00e4pple)<\/li>\n<li>Blueberry On Ice (Bl\u00e5b\u00e4r p\u00e5 is)<\/li>\n<li>Strawberry Ice (jordgubbsglass)<\/li>\n<li>Lush Ice (Frodig is)<\/li>\n<li>Pineapple Ice (Ananasglass)<\/li>\n<li>Grape Ice (druvglass)<\/li>\n<li>Dr Blue (Dr. Blau)<\/li>\n<li>Kiwi Passion Fruit Guava (kiwi, passionsfrukt, guava)<\/li>\n<li>Cherry Cola (k\u00f6rsb\u00e4rsl\u00e4sk)<\/li>\n<li>Cool Mint (Sval mint)<\/li>\n<li>Strawberry Red Bull (Jordgubbs-Red Bull)<\/li>\n<\/ol>\n<h3>Vanliga fr\u00e5gor (FAQ)<\/h3>\n<p><strong>1. Hur m\u00e5nga drag har Fumot Tornado 25k?<\/strong> Fumot Tornado 25000 har en e-v\u00e4tskekapacitet p\u00e5 20 ml och ger upp till 25 000 bloss.<\/p>\n<p><strong>2. Vilka nikotinstyrkor finns tillg\u00e4ngliga?<\/strong> Du kan v\u00e4lja mellan nikotinalternativen 0%, 2%, 3% eller 5%.<\/p>\n<p><strong>3. Har enheten ett uppladdningsbart batteri?<\/strong> Ja, den har ett 700 mAh-batteri som kan laddas snabbt och effektivt via en typ C-laddningsport.<\/p>\n<p><strong>4. Vad \u00e4r \u201espell\u00e4ge\u201c?<\/strong> Spell\u00e4get g\u00f6r det m\u00f6jligt f\u00f6r anv\u00e4ndare att kasta cyber-t\u00e4rningar och tillf\u00f6r ett interaktivt och underh\u00e5llande inslag till \u00e5ngningen.<\/p>\n<p><strong>5. Hur fungerar peksk\u00e4rmen?<\/strong> Tornado 25k har en smart touch-knapp f\u00f6r enkel effektjustering och aktivering av spell\u00e4get genom att trycka p\u00e5 sk\u00e4rmen.<\/p>\n<h3 class=\"font-claude-response-heading text-text-100 mt-1 -mb-0.5\">Mer information och produkter<\/h3>\n<p class=\"font-claude-response-body whitespace-normal break-words\">Uppt\u00e4ck Fumot Tornado 25000 och andra h\u00f6gkvalitativa e-cigaretter i v\u00e5r onlinebutik. Bes\u00f6k v\u00e5r <strong><a class=\"underline\" href=\"https:\/\/apexvape.de\/sv\/\">hemsida<\/a><\/strong> f\u00f6r hela sortimentet av premium-\u00e5ngprodukter och attraktiva erbjudanden. Om du \u00e4r s\u00e4rskilt intresserad av Fumot-produkter hittar du i v\u00e5r <strong><a class=\"underline\" href=\"https:\/\/apexvape.de\/sv\/product-category\/fumot-vape\/\">FUMOT VAPE Kategori<\/a><\/strong> ett omfattande utbud av innovativa eng\u00e5ngs-e-cigaretter med den senaste tekniken. Dra nytta av v\u00e5r snabba leverans, kompetenta kundservice och attraktiva grossistpriser f\u00f6r f\u00f6retagskunder.<\/p>","protected":false},"excerpt":{"rendered":"<p class=\"font-claude-response-body whitespace-normal break-words\">Fumot Tornado 25000 erbjuder upp till 25 000 drag med 20 ml e-v\u00e4tska och dubbelt mesh-coil-system. Den 1,77 tum stora peksk\u00e4rmen visar batteri, drag och effekt (24\u201380 W). Med spell\u00e4ge, 700 mAh-batteri, snabb laddning av typ C och 26 smaker. Innovativ och kraftfull.<\/p>","protected":false},"featured_media":2506,"comment_status":"open","ping_status":"closed","template":"","meta":[],"product_brand":[],"product_cat":[74],"product_tag":[],"class_list":{"0":"post-2424","1":"product","2":"type-product","3":"status-publish","4":"has-post-thumbnail","6":"product_cat-fumot-vape","8":"first","9":"instock","10":"shipping-taxable","11":"purchasable","12":"product-type-variable"},"_links":{"self":[{"href":"https:\/\/apexvape.de\/sv\/wp-json\/wp\/v2\/product\/2424","targetHints":{"allow":["GET"]}}],"collection":[{"href":"https:\/\/apexvape.de\/sv\/wp-json\/wp\/v2\/product"}],"about":[{"href":"https:\/\/apexvape.de\/sv\/wp-json\/wp\/v2\/types\/product"}],"replies":[{"embeddable":true,"href":"https:\/\/apexvape.de\/sv\/wp-json\/wp\/v2\/comments?post=2424"}],"version-history":[{"count":0,"href":"https:\/\/apexvape.de\/sv\/wp-json\/wp\/v2\/product\/2424\/revisions"}],"wp:featuredmedia":[{"embeddable":true,"href":"https:\/\/apexvape.de\/sv\/wp-json\/wp\/v2\/media\/2506"}],"wp:attachment":[{"href":"https:\/\/apexvape.de\/sv\/wp-json\/wp\/v2\/media?parent=2424"}],"wp:term":[{"taxonomy":"product_brand","embeddable":true,"href":"https:\/\/apexvape.de\/sv\/wp-json\/wp\/v2\/product_brand?post=2424"},{"taxonomy":"product_cat","embeddable":true,"href":"https:\/\/apexvape.de\/sv\/wp-json\/wp\/v2\/product_cat?post=2424"},{"taxonomy":"product_tag","embeddable":true,"href":"https:\/\/apexvape.de\/sv\/wp-json\/wp\/v2\/product_tag?post=2424"}],"curies":[{"name":"wp","href":"https:\/\/api.w.org\/{rel}","templated":true}]}}