{"id":1579,"date":"2025-11-19T15:05:39","date_gmt":"2025-11-19T14:05:39","guid":{"rendered":"https:\/\/apexvape.de\/?post_type=product&#038;p=1579"},"modified":"2025-11-21T16:39:58","modified_gmt":"2025-11-21T15:39:58","slug":"vozol-gear-shisha-25000","status":"publish","type":"product","link":"https:\/\/apexvape.de\/sv\/product\/vozol-gear-shisha-25000\/","title":{"rendered":"Vozol Gear Shisha 25000 eng\u00e5ngsvape"},"content":{"rendered":"<h2>Vozol Gear Shisha 25000 | 25k e-cigarett med dubbla l\u00e4gen, 25 000 drag, smart display och grossistf\u00f6rs\u00e4ljning<\/h2>\n<p>De <strong>Vozol Gear Shisha 25000<\/strong> har utvecklats f\u00f6r att ge dig en autentisk shisha-upplevelse med simulerade bubblande effekter. Med upp till <strong>25 000 t\u00e5g i Eco-l\u00e4ge<\/strong> m\u00f6jligg\u00f6r l\u00e5ngvariga \u00e5ngsessioner utan avbrott. Power-l\u00e4get ger d\u00e4remot en mer intensiv \u00e5ngupplevelse tack vare de dubbla mesh-spolarna. Airway-designen, som baseras p\u00e5 fluidmekanik, uppfyller kraven f\u00f6r de flesta DTL-\u00e5ngare och garanterar ett omedelbart och smidigt drag. Med ett 1000 mAh-batteri, en gener\u00f6s 24 ml-v\u00e4tsketank och en 2,1-tums megask\u00e4rm erbjuder Vozol Gear Shisha 25000 den perfekta balansen mellan h\u00e5llbarhet, funktionalitet och komfort.<\/p>\n<h3>Vozol Gear Shisha 25000 drag \u2013 H\u00f6jdpunkter:<\/h3>\n<p>Enheten levererar imponerande 25 000 drag f\u00f6r l\u00e5ngvarig anv\u00e4ndning utan upprepade p\u00e5fyllningar och har ett nikotininneh\u00e5ll p\u00e5 5%, vilket ger en kraftfull, fyllig smak vid varje drag. Den \u00e4r utformad f\u00f6r direkt-till-lunga-\u00e5ngning (DTL) och m\u00f6jligg\u00f6r fylligare smakprofiler och st\u00f6rre \u00e5ngmoln, kompletterat med ett stort urval av uts\u00f6kta e-v\u00e4tskesmaker \u2013 fr\u00e5n frukt och mynta till dessertvarianter som passar alla smaker.<\/p>\n<p>E-cigaretten \u00f6vertygar med sin smidiga, l\u00e4tta design som \u00e4r perfekt f\u00f6r resor, medan det inbyggda batteriet garanterar l\u00e5ngvarig prestanda under hela enhetens livsl\u00e4ngd. Som en helt eng\u00e5ngs-vape levereras den f\u00f6rfylld och klar att anv\u00e4ndas, utan besv\u00e4rlig laddning eller p\u00e5fyllning och utan n\u00e5got underh\u00e5llsbehov.<\/p>\n<p>Med sin kombination av h\u00f6gt antal drag, kraftfull nikotinavgivning och anv\u00e4ndarv\u00e4nliga komfortfunktioner erbjuder denna enhet en exceptionell vapingupplevelse fr\u00e5n det f\u00f6rsta till det sista av de anm\u00e4rkningsv\u00e4rda 25 000 dragen.<\/p>\n<h3>Tekniska egenskaper:<\/h3>\n<ul>\n<li>V\u00e4rldens f\u00f6rsta ljudinteraktiva DTL-eng\u00e5ngs-e-cigarett med shisha-effekt<\/li>\n<li>Intelligent chip med S.i.L.C.-teknik<\/li>\n<li>Uppladdningsbart 1000 mAh-batteri<\/li>\n<li>Dual-Mesh-Coil-System<\/li>\n<li>Tv\u00e5 l\u00e4gen: Eco (25 000 drag) \/ Power (18 000 drag)<\/li>\n<li>E-v\u00e4tskekapacitet: 24 ml<\/li>\n<li>2,1-tums f\u00e4rgsk\u00e4rm<\/li>\n<li>Justerbar luftfl\u00f6de<\/li>\n<li>Fluiddynamiskt luftfl\u00f6dessystem: 0,1 s reaktionshastighet<\/li>\n<\/ul>\n<h3>Smaker:<\/h3>\n<ol>\n<li>Tv\u00e5 \u00e4pplen<\/li>\n<li>Vattenmelon-glass<\/li>\n<li>Mango Freeze<\/li>\n<li>Svartvinb\u00e4rsglass<\/li>\n<li>Mango Persika<\/li>\n<li>Bl\u00e5b\u00e4r och mynta<\/li>\n<li>Bl\u00e5b\u00e4rsglass<\/li>\n<li>Parfym Lemon<\/li>\n<li>Citronmynta<\/li>\n<li>Bl\u00e5 Razz Ice<\/li>\n<li>Grape Ice<\/li>\n<li>Jordgubbs-kiwi<\/li>\n<li>Bl\u00e5b\u00e4r och vattenmelon<\/li>\n<li>Cherry Cola<\/li>\n<li>Bl\u00e5 mojito<\/li>\n<li>B\u00e4rmynta<\/li>\n<li>Grape Mint<\/li>\n<li>K\u00e4rlek 777<\/li>\n<li>Moskva-kv\u00e4llar<\/li>\n<li>Jungfrud\u00f6daren<\/li>\n<li>Cherry Ice<\/li>\n<li>B\u00e4ris<\/li>\n<li>Peach Ice<\/li>\n<li>Jordgubbsmargarita<\/li>\n<li>Vattenmelon och mynta<\/li>\n<li>Blackberry Ice<\/li>\n<li>S\u00f6t passionsfrukt<\/li>\n<li>Fryst jordgubbs-kiwi<\/li>\n<li>Passionfrukt, litchi och apelsin<\/li>\n<li>Drakfrukt Banana K\u00f6rsb\u00e4r<\/li>\n<\/ol>\n<h3>Vanliga fr\u00e5gor (FAQ)<\/h3>\n<p><strong>1. Vad \u00e4r Vozol Gear Shisha 25000 drag?<\/strong> Vozol Gear Shisha 25000 \u00e4r en smart, uppladdningsbar eng\u00e5ngs-e-cigarett med dubbla mesh-spolar, dubbla effektl\u00e4gen och en stor e-v\u00e4tskekapacitet p\u00e5 24 ml f\u00f6r l\u00e5ngvarig prestanda.<\/p>\n<p><strong>2. Hur fungerar Dual Power-l\u00e4get?<\/strong> Dual Power-l\u00e4get g\u00f6r det m\u00f6jligt att v\u00e4xla mellan ECO-l\u00e4ge (upp till 25 000 drag) och Power-l\u00e4ge (upp till 18 000 drag), vilket g\u00f6r att du kan styra \u00e5ngintensiteten och antalet drag.<\/p>\n<p><strong>3. \u00c4r Vozol Gear Shisha 25k uppladdningsbar?<\/strong> Ja, den har ett 1000 mAh-batteri och en typ C-laddningsport f\u00f6r snabb och bekv\u00e4m laddning.<\/p>\n<h3 class=\"font-claude-response-heading text-text-100 mt-1 -mb-0.5\">K\u00f6p nu hos Apex Vape<\/h3>\n<p class=\"font-claude-response-body whitespace-normal break-words\">Uppt\u00e4ck Vozol Gear Shisha 25000 och upplev innovation och kvalitet p\u00e5 h\u00f6gsta niv\u00e5. Hos <strong><a class=\"underline\" href=\"https:\/\/apexvape.de\/sv\/\">Apex Vape<\/a><\/strong> hittar du inte bara denna premiumprodukt, utan ocks\u00e5 ett stort utbud av h\u00f6gkvalitativa e-cigaretter och vape-produkter f\u00f6r alla behov. Bes\u00f6k v\u00e5r <strong><a class=\"underline\" href=\"https:\/\/apexvape.de\/sv\/product-category\/vozol-vape\/\">VOZOL VAPE Kategori<\/a><\/strong>, f\u00f6r att uppt\u00e4cka hela produktsortimentet och hitta den perfekta vapingupplevelsen f\u00f6r dig. Dra nytta av snabb leverans, attraktiva grossistpriser och f\u00f6rstklassig kundservice.<\/p>","protected":false},"excerpt":{"rendered":"<p>Vozol Gear Shisha 25000 revolutionerar vaping med en autentisk shisha-k\u00e4nsla och bubblande ljud. Upp till 25 000 drag i Eco-l\u00e4ge, dubbelt mesh-coil-system och 2,1-tums display erbjuder h\u00f6gsta komfort. 24 ml-tanken och 1000 mAh-batteriet garanterar l\u00e5ngvarig njutning f\u00f6r DTL-\u00e5ngare. R\u00e9essayer<\/p>","protected":false},"featured_media":1580,"comment_status":"open","ping_status":"closed","template":"","meta":[],"product_brand":[],"product_cat":[73],"product_tag":[],"class_list":{"0":"post-1579","1":"product","2":"type-product","3":"status-publish","4":"has-post-thumbnail","6":"product_cat-vozol-vape","8":"first","9":"instock","10":"shipping-taxable","11":"purchasable","12":"product-type-variable"},"_links":{"self":[{"href":"https:\/\/apexvape.de\/sv\/wp-json\/wp\/v2\/product\/1579","targetHints":{"allow":["GET"]}}],"collection":[{"href":"https:\/\/apexvape.de\/sv\/wp-json\/wp\/v2\/product"}],"about":[{"href":"https:\/\/apexvape.de\/sv\/wp-json\/wp\/v2\/types\/product"}],"replies":[{"embeddable":true,"href":"https:\/\/apexvape.de\/sv\/wp-json\/wp\/v2\/comments?post=1579"}],"version-history":[{"count":0,"href":"https:\/\/apexvape.de\/sv\/wp-json\/wp\/v2\/product\/1579\/revisions"}],"wp:featuredmedia":[{"embeddable":true,"href":"https:\/\/apexvape.de\/sv\/wp-json\/wp\/v2\/media\/1580"}],"wp:attachment":[{"href":"https:\/\/apexvape.de\/sv\/wp-json\/wp\/v2\/media?parent=1579"}],"wp:term":[{"taxonomy":"product_brand","embeddable":true,"href":"https:\/\/apexvape.de\/sv\/wp-json\/wp\/v2\/product_brand?post=1579"},{"taxonomy":"product_cat","embeddable":true,"href":"https:\/\/apexvape.de\/sv\/wp-json\/wp\/v2\/product_cat?post=1579"},{"taxonomy":"product_tag","embeddable":true,"href":"https:\/\/apexvape.de\/sv\/wp-json\/wp\/v2\/product_tag?post=1579"}],"curies":[{"name":"wp","href":"https:\/\/api.w.org\/{rel}","templated":true}]}}