{"id":1570,"date":"2025-11-18T08:19:45","date_gmt":"2025-11-18T07:19:45","guid":{"rendered":"https:\/\/apexvape.de\/?page_id=1570"},"modified":"2025-11-18T08:19:48","modified_gmt":"2025-11-18T07:19:48","slug":"ueber-uns","status":"publish","type":"page","link":"https:\/\/apexvape.de\/sv\/ueber-uns\/","title":{"rendered":"om oss"},"content":{"rendered":"<h1 class=\"wp-block-heading\">Om apexvape<\/h1>\n\n\n\n<h2 class=\"wp-block-heading\">Din p\u00e5litliga partner f\u00f6r e-cigaretter f\u00f6r eng\u00e5ngsbruk i grossistledet online<\/h2>\n\n\n\n<p>V\u00e4lkommen till apexvape - ditt f\u00f6rstklassiga onlinekontor f\u00f6r h\u00f6gkvalitativa e-cigaretter f\u00f6r eng\u00e5ngsbruk. Med mer \u00e4n fem \u00e5rs erfarenhet inom branschen har vi etablerat oss som en p\u00e5litlig leverant\u00f6r och erbjuder dig ett omfattande utbud av k\u00e4nda varum\u00e4rken. V\u00e5r produktportf\u00f6lj inkluderar Bang King, Al Fakher Vape, Vapeme, Waspe, RandM Tornado, Bang Box och m\u00e5nga andra premiumm\u00e4rken.<\/p>\n\n\n\n<h2 class=\"wp-block-heading\">V\u00e5rt uppdrag och v\u00e5r r\u00e4ckvidd<\/h2>\n\n\n\n<p>apexvape har positionerat sig som en ledande kraft inom omr\u00e5det elektronisk vaping. V\u00e5ra produkter har hittat sin v\u00e4g till m\u00e5nga l\u00e4nder runt om i v\u00e4rlden - ett tydligt bevis p\u00e5 v\u00e5r kompromissl\u00f6sa str\u00e4van efter kvalitet och v\u00e5rt fokus p\u00e5 kundn\u00f6jdhet. Som erfarna specialister inom distribution av e-cigaretter tillgodoser vi b\u00e5de detaljhandelns och partihandelns behov och garanterar alltid v\u00e5ra kunder tillg\u00e5ng till de b\u00e4sta produkterna och tj\u00e4nsterna p\u00e5 marknaden.<\/p>\n\n\n\n<h2 class=\"wp-block-heading\">V\u00e5rt online-erbjudande<\/h2>\n\n\n\n<p>V\u00e5r plattform apexvape.de fungerar som en central kontaktpunkt f\u00f6r b\u00e5de \u00e5ngentusiaster och nyb\u00f6rjare. Vi erbjuder dig en okomplicerad shoppingupplevelse med ett brett urval av e-cigaretter f\u00f6r eng\u00e5ngsbruk. Oavsett om du letar efter de senaste produktinnovationerna eller bepr\u00f6vade klassiker, hittar du vad du letar efter p\u00e5 apexvape. Vi ser oss sj\u00e4lva som din p\u00e5litliga f\u00f6ljeslagare i vapingv\u00e4rlden.<\/p>\n\n\n\n<h2 class=\"wp-block-heading\">V\u00e5r vision f\u00f6r framtiden<\/h2>\n\n\n\n<p>Bli en del av v\u00e5r framg\u00e5ngssaga n\u00e4r vi forts\u00e4tter att s\u00e4tta nya standarder f\u00f6r excellens inom e-cigarettindustrin f\u00f6r eng\u00e5ngsbruk. P\u00e5 apexvape kommer du att uppleva skillnaden - d\u00e4r h\u00f6gsta kvalitet, ett brett utbud av produkter och utm\u00e4rkt kundservice sm\u00e4lter samman till ett harmoniskt helhetspaket.<\/p>\n\n\n\n<h2 class=\"wp-block-heading\">Kontakta oss<\/h2>\n\n\n\n<p><strong>E-post:<\/strong> canliumit3535@gmail.com<\/p>\n\n\n\n<p>Bes\u00f6k v\u00e5r onlinebutik och uppt\u00e4ck v\u00e5rt kompletta sortiment av f\u00f6rstklassiga e-cigaretter f\u00f6r eng\u00e5ngsbruk!<\/p>","protected":false},"excerpt":{"rendered":"<p>Om apexvape Din p\u00e5litliga partner f\u00f6r eng\u00e5ngs-e-cigaretter i grossistledet V\u00e4lkommen till apexvape - din f\u00f6rstklassiga kontaktpunkt p\u00e5 Internet f\u00f6r h\u00f6gkvalitativa e-cigaretter.<\/p>","protected":false},"author":1,"featured_media":0,"parent":0,"menu_order":0,"comment_status":"closed","ping_status":"closed","template":"","meta":{"footnotes":""},"class_list":["post-1570","page","type-page","status-publish","hentry"],"_links":{"self":[{"href":"https:\/\/apexvape.de\/sv\/wp-json\/wp\/v2\/pages\/1570","targetHints":{"allow":["GET"]}}],"collection":[{"href":"https:\/\/apexvape.de\/sv\/wp-json\/wp\/v2\/pages"}],"about":[{"href":"https:\/\/apexvape.de\/sv\/wp-json\/wp\/v2\/types\/page"}],"author":[{"embeddable":true,"href":"https:\/\/apexvape.de\/sv\/wp-json\/wp\/v2\/users\/1"}],"replies":[{"embeddable":true,"href":"https:\/\/apexvape.de\/sv\/wp-json\/wp\/v2\/comments?post=1570"}],"version-history":[{"count":0,"href":"https:\/\/apexvape.de\/sv\/wp-json\/wp\/v2\/pages\/1570\/revisions"}],"wp:attachment":[{"href":"https:\/\/apexvape.de\/sv\/wp-json\/wp\/v2\/media?parent=1570"}],"curies":[{"name":"wp","href":"https:\/\/api.w.org\/{rel}","templated":true}]}}