{"id":1560,"date":"2025-11-18T08:11:28","date_gmt":"2025-11-18T07:11:28","guid":{"rendered":"https:\/\/apexvape.de\/?page_id=1560"},"modified":"2025-11-18T08:11:30","modified_gmt":"2025-11-18T07:11:30","slug":"versand-und-lieferung","status":"publish","type":"page","link":"https:\/\/apexvape.de\/sv\/versand-und-lieferung\/","title":{"rendered":"Frakt och leverans"},"content":{"rendered":"<h1 class=\"wp-block-heading\">Fraktpolicy och leverans - apexvape<\/h1>\n\n\n\n<h2 class=\"wp-block-heading\">Bearbetnings- och leveranstid<\/h2>\n\n\n\n<p>Dina best\u00e4llningar behandlas och expedieras av oss inom en till tre arbetsdagar. Efter avs\u00e4ndandet kan du f\u00f6rv\u00e4nta dig en leveranstid p\u00e5 vanligtvis tio till femton arbetsdagar. Observera att best\u00e4llningar inte skickas p\u00e5 helger.<\/p>\n\n\n\n<h2 class=\"wp-block-heading\">Sp\u00e5ra din best\u00e4llning<\/h2>\n\n\n\n<p>S\u00e5 snart din best\u00e4llning har l\u00e4mnat v\u00e5rt lager skickar vi dig ett e-postmeddelande med tillh\u00f6rande sp\u00e5rningsuppgifter. Observera att det kan ta en till tv\u00e5 dagar innan sp\u00e5rningsinformationen har uppdaterats p\u00e5 fraktleverant\u00f6rens sp\u00e5rningswebbplats.<\/p>\n\n\n\n<h2 class=\"wp-block-heading\">Avbest\u00e4llning och \u00e4ndring av leveransadress<\/h2>\n\n\n\n<p>Du har m\u00f6jlighet att annullera din best\u00e4llning eller \u00e4ndra leveransadressen s\u00e5 l\u00e4nge best\u00e4llningen \u00e4nnu inte har skickats. Tyv\u00e4rr kan vi inte utf\u00e4rda \u00e5terbetalningar eller g\u00f6ra adress\u00e4ndringar n\u00e4r din best\u00e4llning har skickats.<\/p>\n\n\n\n<h2 class=\"wp-block-heading\">DDP-frakttj\u00e4nst (Delivered Duty Paid)<\/h2>\n\n\n\n<p>Vi erbjuder DDP-frakt f\u00f6r utvalda l\u00e4nder. Med denna leveransmetod beh\u00f6ver du inte betala n\u00e5gra tullklareringsf\u00f6rfaranden eller tullavgifter:<\/p>\n\n\n\n<h3 class=\"wp-block-heading\">F\u00f6renade kungariket<\/h3>\n\n\n\n<ul class=\"wp-block-list\">\n<li><strong>Fraktpartner<\/strong>Lokal DPD Express<\/li>\n\n\n\n<li><strong>Leveranstid<\/strong>: 7 till 12 dagar<\/li>\n<\/ul>\n\n\n\n<h3 class=\"wp-block-heading\">Europeiska unionen<\/h3>\n\n\n\n<ul class=\"wp-block-list\">\n<li><strong>Fraktpartner<\/strong>UPS\/DPD\/DHL Express<\/li>\n\n\n\n<li><strong>Leveranstid<\/strong>: 10 till 15 dagar<\/li>\n<\/ul>\n\n\n\n<h2 class=\"wp-block-heading\">DDP-frakt i europeiska l\u00e4nder<\/h2>\n\n\n\n<p>F\u00f6ljande europeiska l\u00e4nder drar nytta av v\u00e5r DDP-frakttj\u00e4nst:<\/p>\n\n\n\n<p>Tyskland, Belgien, Luxemburg, Nederl\u00e4nderna, Tjeckien, Polen, Kroatien, Slovakien, Slovenien, Finland, Danmark, Sverige, \u00d6sterrike, Frankrike, Italien, Ungern, Bulgarien, Litauen, Estland, Lettland, Grekland, Irland, Portugal och Spanien.<\/p>\n\n\n\n<h2 class=\"wp-block-heading\">Anm\u00e4rkningar om leveranstider<\/h2>\n\n\n\n<p>Den faktiska leveranstiden kan variera beroende p\u00e5 destinationsland och vald leveransmetod. F\u00f6r leveranser inom europeiska l\u00e4nder \u00e4r standardleveranstiden \u00e5tta till tretton dagar.<\/p>","protected":false},"excerpt":{"rendered":"<p>Versandrichtlinien und Zustellung &#8211; apexvape Bearbeitungs- und Lieferdauer Ihre Bestellungen werden von uns innerhalb eines Zeitraums von ein bis drei<\/p>","protected":false},"author":1,"featured_media":0,"parent":0,"menu_order":0,"comment_status":"closed","ping_status":"closed","template":"","meta":{"footnotes":""},"class_list":["post-1560","page","type-page","status-publish","hentry"],"_links":{"self":[{"href":"https:\/\/apexvape.de\/sv\/wp-json\/wp\/v2\/pages\/1560","targetHints":{"allow":["GET"]}}],"collection":[{"href":"https:\/\/apexvape.de\/sv\/wp-json\/wp\/v2\/pages"}],"about":[{"href":"https:\/\/apexvape.de\/sv\/wp-json\/wp\/v2\/types\/page"}],"author":[{"embeddable":true,"href":"https:\/\/apexvape.de\/sv\/wp-json\/wp\/v2\/users\/1"}],"replies":[{"embeddable":true,"href":"https:\/\/apexvape.de\/sv\/wp-json\/wp\/v2\/comments?post=1560"}],"version-history":[{"count":0,"href":"https:\/\/apexvape.de\/sv\/wp-json\/wp\/v2\/pages\/1560\/revisions"}],"wp:attachment":[{"href":"https:\/\/apexvape.de\/sv\/wp-json\/wp\/v2\/media?parent=1560"}],"curies":[{"name":"wp","href":"https:\/\/api.w.org\/{rel}","templated":true}]}}