{"id":6682,"date":"2026-04-06T10:58:41","date_gmt":"2026-04-06T08:58:41","guid":{"rendered":"https:\/\/apexvape.de\/?post_type=product&#038;p=6682"},"modified":"2026-04-06T10:59:13","modified_gmt":"2026-04-06T08:59:13","slug":"airmez-fox-4-in-1-120k","status":"publish","type":"product","link":"https:\/\/apexvape.de\/pl\/product\/airmez-fox-4-in-1-120k\/","title":{"rendered":"Airmez FOX 4 IN 1 120K puff\u00f3w jednorazowy vape"},"content":{"rendered":"<h1>Airmez FOX 4 IN 1 120K Puffs jednorazowy vape | 4 smaki i 120 000 zaci\u0105gni\u0119\u0107<\/h1>\n<p>Airmez FOX 4 IN 1 120K zapewnia do 120 000 zaci\u0105gni\u0119\u0107 z systemem smakowym 4 w 1 i 60 ml e-cieczy dla d\u0142ugotrwa\u0142ej przyjemno\u015bci. Wy\u015bwietlacz LED umo\u017cliwia \u0142atwe monitorowanie poziomu baterii i e-cieczy, a bateria 650 mAh z szybkim \u0142adowaniem typu C minimalizuje przestoje. Dzi\u0119ki 3 mocom nikotyny % i cewce siatkowej 1,0 \u03a9 zapewniaj\u0105cej g\u0142adk\u0105, sp\u00f3jn\u0105 par\u0119, jest to wszechstronne, wysokowydajne urz\u0105dzenie dla vaper\u00f3w, kt\u00f3rzy wymagaj\u0105 jako\u015bci i r\u00f3\u017cnorodno\u015bci.<\/p>\n<h2>Airmez FOX 4 IN 1 120K Puffs - Najwa\u017cniejsze informacje<\/h2>\n<p>Airmez FOX 4 IN 1 120K to pot\u0119\u017cny waporyzator o imponuj\u0105cej pojemno\u015bci do 120 000 zaci\u0105gni\u0119\u0107, zapewniaj\u0105cy d\u0142ugotrwa\u0142\u0105 i satysfakcjonuj\u0105c\u0105 waporyzacj\u0119. To, co go wyr\u00f3\u017cnia, to system smakowy 4 w 1, kt\u00f3ry pozwala u\u017cytkownikom cieszy\u0107 si\u0119 czterema unikalnymi smakami w jednym urz\u0105dzeniu - dla niezr\u00f3wnanej r\u00f3\u017cnorodno\u015bci i wygody.<\/p>\n<p>Dzi\u0119ki du\u017cej pojemno\u015bci 60 ml e-cieczy (15 ml \u00d7 4 zbiorniki), urz\u0105dzenie to zosta\u0142o zaprojektowane z my\u015bl\u0105 o d\u0142ugotrwa\u0142ej przyjemno\u015bci z mniejsz\u0105 liczb\u0105 przerw. Intuicyjny wy\u015bwietlacz LED informuje u\u017cytkownika przez ca\u0142y czas i u\u0142atwia monitorowanie stanu baterii i poziomu nape\u0142nienia e-ciecz\u0105 - nawet gdy jeste\u015b w ruchu.<\/p>\n<p>\u0141adowanie jest szybkie i \u0142atwe dzi\u0119ki baterii 650 mAh z szybkim \u0142adowaniem typu C, dzi\u0119ki czemu urz\u0105dzenie jest zawsze gotowe, gdy jest potrzebne. Airmez FOX 4 IN 1 120K jest dost\u0119pny z 3 mocami nikotyny % i jest skierowany do u\u017cytkownik\u00f3w, kt\u00f3rzy preferuj\u0105 p\u0142ynne i kontrolowane doznania nikotynowe.<\/p>\n<p>W centrum urz\u0105dzenia znajduje si\u0119 cewka siatkowa 1,0 \u03a9, kt\u00f3ra zapewnia niezmiennie g\u0142adk\u0105 i aromatyczn\u0105 par\u0119 przy ka\u017cdym zaci\u0105gni\u0119ciu. To po\u0142\u0105czenie pojemno\u015bci, r\u00f3\u017cnorodno\u015bci i technologii sprawia, \u017ce Airmez FOX 4 IN 1 120K jest wszechstronnym, wysokowydajnym urz\u0105dzeniem dla wymagaj\u0105cych waper\u00f3w.<\/p>\n<h2>Dane techniczne - Airmez FOX 4 IN 1 120K Puffs<\/h2>\n<table>\n<thead>\n<tr>\n<th>Cecha<\/th>\n<th>szczeg\u00f3\u0142y<\/th>\n<\/tr>\n<\/thead>\n<tbody>\n<tr>\n<td>Liczba poci\u0105g\u00f3w<\/td>\n<td>120 000 poci\u0105g\u00f3w<\/td>\n<\/tr>\n<tr>\n<td>Pojemno\u015b\u0107 e-liquidu<\/td>\n<td>15 ml \u00d7 4 zbiorniki (\u0142\u0105cznie 60 ml)<\/td>\n<\/tr>\n<tr>\n<td>Tryby smaku<\/td>\n<td>4 regulowane smaki<\/td>\n<\/tr>\n<tr>\n<td>Pojemno\u015b\u0107 akumulatora<\/td>\n<td>650 mAh (\u0142adowalna)<\/td>\n<\/tr>\n<tr>\n<td>Cewka<\/td>\n<td>Cewka siatkowa 1,0 \u03a9<\/td>\n<\/tr>\n<tr>\n<td>Po\u0142\u0105czenie \u0142adowania<\/td>\n<td>USB typu C<\/td>\n<\/tr>\n<tr>\n<td>Jednostka opakowania<\/td>\n<td>10 sztuk w opakowaniu<\/td>\n<\/tr>\n<tr>\n<td>Dost\u0119pne smaki<\/td>\n<td>10 opcji<\/td>\n<\/tr>\n<\/tbody>\n<\/table>\n<h2>Airmez FOX 4 IN 1 120K Puffs - dost\u0119pne smaki<\/h2>\n<ol>\n<li>Truskawka Malina \/ Truskawka Kiwi \/ Truskawka L\u00f3d \/ Brzoskwinia Mango Arbuz<\/li>\n<li>L\u00f3d arbuzowy \/ arbuz truskawkowy \/ arbuz malinowy \/ malina jagodowa<\/li>\n<li>Pink Lemonade \/ Passion Kiss \/ Mixed Berries \/ Triple Berry<\/li>\n<li>Cherry \/ Love 66 \/ Berry Lemonade \/ Grape Ice<\/li>\n<li>Mango z brzoskwini\u0105 \/ Owoce tropikalne \/ L\u00f3d brzoskwiniowy \/ Kwa\u015bne mango z ananasem<\/li>\n<li>Grape Ice \/ Love 66 \/ Blueberry On Ice \/ Dragon Fruit Ice<\/li>\n<li>Love 66 \/ Cherry \/ Blueberry On Ice \/ Kiwi Passion Fruit Guava<\/li>\n<li>Peach Ice \/ Pink Lemonade \/ Watermelon Ice \/ Dr Blue<\/li>\n<li>Red Mojito \/ Love 66 \/ Mixed Berries \/ Strawberry Watermelon<\/li>\n<li>Brzoskwinia Mango Arbuz \/ Jagoda Wi\u015bnia \/ Arbuz Smoczy Owoc \/ Passion Kiss<\/li>\n<\/ol>\n<h2>Cz\u0119sto zadawane pytania (FAQ) - Airmez FOX 4 IN 1 120K Puffs<\/h2>\n<p><strong>P1: Co odr\u00f3\u017cnia Airmez FOX 4 IN 1 120K od innych waporyzator\u00f3w jednorazowych?<\/strong> Airmez FOX 4 IN 1 120K wyr\u00f3\u017cnia si\u0119 imponuj\u0105c\u0105 pojemno\u015bci\u0105 120 000 zaci\u0105gni\u0119\u0107, czterema unikalnymi smakami w jednym urz\u0105dzeniu i zapasem 60 ml e-liquidu - jest to jedna z najbardziej wszechstronnych i trwa\u0142ych opcji na rynku.<\/p>\n<p><strong>P2: Ile smak\u00f3w jest dost\u0119pnych w jednym urz\u0105dzeniu?<\/strong> To innowacyjne urz\u0105dzenie posiada system smakowy 4 w 1, kt\u00f3ry daje u\u017cytkownikom dost\u0119p do czterech r\u00f3\u017cnych smak\u00f3w bez konieczno\u015bci zmiany urz\u0105dzenia - idealny dla vaper\u00f3w, kt\u00f3rzy ceni\u0105 sobie r\u00f3\u017cnorodno\u015b\u0107.<\/p>\n<p><strong>P3: Jak d\u0142ugo wytrzymuje bateria i czy obs\u0142uguje szybkie \u0142adowanie?<\/strong> Urz\u0105dzenie jest zasilane bateri\u0105 o pojemno\u015bci 650 mAh z funkcj\u0105 szybkiego \u0142adowania Type-C, kt\u00f3ra zapewnia minimalny czas przestoju i utrzymuje urz\u0105dzenie w gotowo\u015bci do u\u017cycia przez ca\u0142y czas.<\/p>\n<p><strong>P4: Czy dost\u0119pny jest wy\u015bwietlacz do monitorowania poziomu e-liquidu i baterii?<\/strong> Tak, posiada zintegrowany wy\u015bwietlacz LED, kt\u00f3ry pozwala u\u017cytkownikom \u0142atwo monitorowa\u0107 zar\u00f3wno poziom na\u0142adowania baterii, jak i pozosta\u0142y poziom e-liquidu w czasie rzeczywistym.<\/p>\n<p><strong>P5: Jakiej mocy nikotyny i jakiego typu cewki u\u017cywa ten waporyzator?<\/strong> Jest on dost\u0119pny z 3 mocami nikotyny % i jest wyposa\u017cony w cewk\u0119 siatkow\u0105 1,0 \u03a9, kt\u00f3ra zapewnia g\u0142adk\u0105, sp\u00f3jn\u0105 i aromatyczn\u0105 par\u0119 przy ka\u017cdym zaci\u0105gni\u0119ciu.<\/p>\n<h2>Odkryj wi\u0119cej AIRMEZ VAPE w Apexvape<\/h2>\n<p>Je\u015bli szukasz innych wysokiej jako\u015bci produkt\u00f3w do waporyzacji, masz gwarancj\u0119, \u017ce znajdziesz to, czego szukasz w naszym sklepie. Przejrzyj nasz\u0105 ofert\u0119 <strong><a href=\"https:\/\/apexvape.de\/pl\/\">Strona g\u0142\u00f3wna<\/a><\/strong> Przejrzyj ca\u0142\u0105 gam\u0119 lub odkryj kolejne modele i nowe produkty marki na stronie <strong><a href=\"https:\/\/apexvape.de\/pl\/product-category\/airmez-vape\/\">Kategoria Airmez Vape<\/a><\/strong>.<\/p>","protected":false},"excerpt":{"rendered":"<p class=\"font-claude-response-body break-words whitespace-normal leading-[1.7]\">Der Airmez FOX 4 IN 1 120K bietet 120.000 Z\u00fcge, 60 ml E-Liquid auf 4 Tanks und ein 4-in-1-Aromasystem. LED-Display f\u00fcr Akku- und F\u00fcllstandskontrolle, 1,0-\u03a9-Mesh-Coil, 650-mAh-Akku mit Type-C-Schnellladung \u2013 mit 3 % Nikotin.<\/p>\n<p class=\"font-claude-response-body break-words whitespace-normal leading-[1.7]\">\n","protected":false},"featured_media":6694,"comment_status":"open","ping_status":"closed","template":"","meta":[],"product_brand":[],"product_cat":[86],"product_tag":[],"class_list":{"0":"post-6682","1":"product","2":"type-product","3":"status-publish","4":"has-post-thumbnail","6":"product_cat-airmez-vape","8":"first","9":"instock","10":"shipping-taxable","11":"purchasable","12":"product-type-variable"},"_links":{"self":[{"href":"https:\/\/apexvape.de\/pl\/wp-json\/wp\/v2\/product\/6682","targetHints":{"allow":["GET"]}}],"collection":[{"href":"https:\/\/apexvape.de\/pl\/wp-json\/wp\/v2\/product"}],"about":[{"href":"https:\/\/apexvape.de\/pl\/wp-json\/wp\/v2\/types\/product"}],"replies":[{"embeddable":true,"href":"https:\/\/apexvape.de\/pl\/wp-json\/wp\/v2\/comments?post=6682"}],"version-history":[{"count":0,"href":"https:\/\/apexvape.de\/pl\/wp-json\/wp\/v2\/product\/6682\/revisions"}],"wp:featuredmedia":[{"embeddable":true,"href":"https:\/\/apexvape.de\/pl\/wp-json\/wp\/v2\/media\/6694"}],"wp:attachment":[{"href":"https:\/\/apexvape.de\/pl\/wp-json\/wp\/v2\/media?parent=6682"}],"wp:term":[{"taxonomy":"product_brand","embeddable":true,"href":"https:\/\/apexvape.de\/pl\/wp-json\/wp\/v2\/product_brand?post=6682"},{"taxonomy":"product_cat","embeddable":true,"href":"https:\/\/apexvape.de\/pl\/wp-json\/wp\/v2\/product_cat?post=6682"},{"taxonomy":"product_tag","embeddable":true,"href":"https:\/\/apexvape.de\/pl\/wp-json\/wp\/v2\/product_tag?post=6682"}],"curies":[{"name":"wp","href":"https:\/\/api.w.org\/{rel}","templated":true}]}}