{"id":6531,"date":"2026-03-15T14:21:33","date_gmt":"2026-03-15T13:21:33","guid":{"rendered":"https:\/\/apexvape.de\/?post_type=product&#038;p=6531"},"modified":"2026-03-15T14:22:48","modified_gmt":"2026-03-15T13:22:48","slug":"airmez-tornado-25000","status":"publish","type":"product","link":"https:\/\/apexvape.de\/pl\/product\/airmez-tornado-25000\/","title":{"rendered":"Airmez Tornado 25000 puff\u00f3w jednorazowy vape"},"content":{"rendered":"<h1>Airmez Tornado 25000 zaci\u0105gni\u0119\u0107 - jednorazowy e-papieros<\/h1>\n<p>Der <strong>Airmez Tornado 25000<\/strong> to wysokiej jako\u015bci jednorazowy e-papieros zapewniaj\u0105cy d\u0142ugotrwa\u0142e i aromatyczne doznania podczas waporyzacji. Dzi\u0119ki pojemno\u015bci do <strong>25 000 poci\u0105g\u00f3w<\/strong>, <strong>Wst\u0119pnie nape\u0142niony e-liquid o pojemno\u015bci 25 ml<\/strong> i jeden <strong>St\u0119\u017cenie nikotyny w 5 %<\/strong> oferuje wyj\u0105tkow\u0105 wytrzyma\u0142o\u015b\u0107. A <strong>Cewka siatkowa<\/strong> zapewnia r\u00f3wnomierne ogrzewanie, podczas gdy <strong>Zintegrowany wy\u015bwietlacz<\/strong> Poziomy baterii i e-liquidu s\u0105 wyra\u017anie wy\u015bwietlane. Dzi\u0119ki akumulatorowi nie ma potrzeby cz\u0119stego \u0142adowania, co zapewnia nieprzerwan\u0105 przyjemno\u015b\u0107 z waporyzacji. Bateria <strong>Technologia automatycznej atomizacji<\/strong> sprawia, \u017ce wapowanie jest dziecinnie proste dla wszystkich poziom\u00f3w do\u015bwiadczenia.<\/p>\n<p><img decoding=\"async\" class=\"alignnone size-large wp-image-6548\" src=\"https:\/\/spcdn.shortpixel.ai\/spio\/ret_img,q_cdnize,to_webp,s_webp\/apexvape.de\/wp-content\/uploads\/2026\/03\/AIRMEZ-25K-banner-1024x427.png\" alt=\"Airmez Tornado 25000\" width=\"1024\" height=\"427\" srcset=\"https:\/\/spcdn.shortpixel.ai\/spio\/ret_img,q_cdnize,to_webp,s_webp\/apexvape.de\/wp-content\/uploads\/2026\/03\/AIRMEZ-25K-banner-1024x427.png 1024w, https:\/\/spcdn.shortpixel.ai\/spio\/ret_img,q_cdnize,to_webp,s_webp\/apexvape.de\/wp-content\/uploads\/2026\/03\/AIRMEZ-25K-banner-300x125.png 300w, https:\/\/spcdn.shortpixel.ai\/spio\/ret_img,q_cdnize,to_webp,s_webp\/apexvape.de\/wp-content\/uploads\/2026\/03\/AIRMEZ-25K-banner-768x320.png 768w, https:\/\/spcdn.shortpixel.ai\/spio\/ret_img,q_cdnize,to_webp,s_webp\/apexvape.de\/wp-content\/uploads\/2026\/03\/AIRMEZ-25K-banner-1536x640.png 1536w, https:\/\/spcdn.shortpixel.ai\/spio\/ret_img,q_cdnize,to_webp,s_webp\/apexvape.de\/wp-content\/uploads\/2026\/03\/AIRMEZ-25K-banner-18x8.png 18w, https:\/\/spcdn.shortpixel.ai\/spio\/ret_img,q_cdnize,to_webp,s_webp\/apexvape.de\/wp-content\/uploads\/2026\/03\/AIRMEZ-25K-banner-1200x500.png 1200w, https:\/\/spcdn.shortpixel.ai\/spio\/ret_img,q_cdnize,to_webp,s_webp\/apexvape.de\/wp-content\/uploads\/2026\/03\/AIRMEZ-25K-banner-150x63.png 150w, https:\/\/spcdn.shortpixel.ai\/spio\/ret_img,q_cdnize,to_webp,s_webp\/apexvape.de\/wp-content\/uploads\/2026\/03\/AIRMEZ-25K-banner.png 1920w\" sizes=\"(max-width: 1024px) 100vw, 1024px\" \/><\/p>\n<h2>Airmez Tornado 25000 Puffs - Najwa\u017cniejsze cechy<\/h2>\n<p>Der <strong>Airmez Tornado 25000<\/strong> to najwy\u017cszej klasy automatyczny atomizer - idealny dla vaper\u00f3w, kt\u00f3rzy ceni\u0105 sobie d\u0142ugie i aromatyczne doznania. Zaawansowana technologia atomizacji umo\u017cliwia wapowanie bez inhalacji - tak naturalne i proste jak oddychanie.<\/p>\n<p>Z <strong>25 000 poci\u0105g\u00f3w<\/strong> i <strong>25 ml e-liquidu<\/strong> z <strong>5 % (50 mg) Zawarto\u015b\u0107 nikotyny<\/strong> Tornado 25000 oferuje szczeg\u00f3lnie d\u0142ugotrwa\u0142\u0105 przyjemno\u015b\u0107 z waporyzacji. Wtyczka <strong>Cewka siatkowa<\/strong> zapewnia r\u00f3wnomierne ogrzewanie, zapewniaj\u0105c niezmiennie p\u0142ynny ci\u0105g, podczas gdy <strong>Zintegrowany wy\u015bwietlacz<\/strong> Bateria i poziom na\u0142adowania s\u0105 \u0142atwo widoczne.<\/p>\n<p>Ten pot\u0119\u017cny, <strong>Akumulator 850 mAh<\/strong> eliminuje potrzeb\u0119 cz\u0119stego \u0142adowania i dotrzymuje kroku ka\u017cdej sesji waporyzacji - od pocz\u0105tku do ko\u0144ca. Zaprojektowany z my\u015bl\u0105 o maksymalnej wytrzyma\u0142o\u015bci, wyd\u0142u\u017ca czas atomizacji, zapewniaj\u0105c nieprzerwane doznania.<\/p>\n<h2>Dane techniczne<\/h2>\n<table>\n<thead>\n<tr>\n<th>Cecha<\/th>\n<th>szczeg\u00f3\u0142y<\/th>\n<\/tr>\n<\/thead>\n<tbody>\n<tr>\n<td>E-liquid<\/td>\n<td>25 ml<\/td>\n<\/tr>\n<tr>\n<td>Liczba poci\u0105g\u00f3w<\/td>\n<td>25 000 poci\u0105g\u00f3w<\/td>\n<\/tr>\n<tr>\n<td>Cewka<\/td>\n<td>Cewka z podw\u00f3jn\u0105 siatk\u0105<\/td>\n<\/tr>\n<tr>\n<td>akumulator<\/td>\n<td>850 mAh, akumulator<\/td>\n<\/tr>\n<tr>\n<td>Tryby parowe<\/td>\n<td>Dost\u0119pnych jest kilka tryb\u00f3w<\/td>\n<\/tr>\n<tr>\n<td>Wy\u015bwietlacz<\/td>\n<td>Wy\u015bwietlacz baterii i e-cieczy<\/td>\n<\/tr>\n<tr>\n<td>Zawarto\u015b\u0107 nikotyny<\/td>\n<td>5 %<\/td>\n<\/tr>\n<tr>\n<td>Port \u0142adowania<\/td>\n<td>USB-C<\/td>\n<\/tr>\n<tr>\n<td>Typ<\/td>\n<td>E-papieros MTL<\/td>\n<\/tr>\n<\/tbody>\n<\/table>\n<h2>Airmez Tornado 25000 - dost\u0119pne smaki<\/h2>\n<ol>\n<li>Truskawka i arbuz <em>(Truskawka i arbuz)<\/em><\/li>\n<li>Kiwi Marakuja Guawa <em>(kiwi, marakuja i guawa)<\/em><\/li>\n<li>Jagoda na lodzie <em>(Jagoda na lodzie)<\/em><\/li>\n<li>Brzoskwinia Mango <em>(Brzoskwinia i mango)<\/em><\/li>\n<li>Truskawkowy l\u00f3d <em>(Truskawka na lodach)<\/em><\/li>\n<li>Mieszanka jag\u00f3d <em>(Mieszane jagody)<\/em><\/li>\n<li>Lush Ice <em>(Arbuz na lodzie)<\/em><\/li>\n<li>Lody winogronowe <em>(Winogrono na lodzie)<\/em><\/li>\n<li>Lody brzoskwiniowe <em>(Brzoskwinia na lodzie)<\/em><\/li>\n<li>Lemoniada jagodowa <em>(lemoniada jagodowa)<\/em><\/li>\n<li>Lody z owocami smoka <em>(Smoczy owoc na lodzie)<\/em><\/li>\n<li>Cytryna i limonka <em>(cytryna i limonka)<\/em><\/li>\n<li>Potr\u00f3jna jagoda <em>(potr\u00f3jna jagoda)<\/em><\/li>\n<li>Wi\u015bnia <em>(wi\u015bnia)<\/em><\/li>\n<li>Kwa\u015bne jab\u0142ko <em>(Kwa\u015bne jab\u0142ko)<\/em><\/li>\n<\/ol>\n<h2>Cz\u0119sto zadawane pytania (FAQ)<\/h2>\n<p><strong>P1: Co to jest Airmez Tornado 25000 i ile zaci\u0105gni\u0119\u0107 oferuje?<\/strong> Airmez Tornado 25000 to zaawansowany e-papieros jednorazowego u\u017cytku, kt\u00f3ry oferuje do <strong>25 000 poci\u0105g\u00f3w<\/strong>, <strong>Wst\u0119pnie nape\u0142niony e-liquid o pojemno\u015bci 25 ml<\/strong> i jednym <strong>Zawarto\u015b\u0107 nikotyny w 5 %<\/strong>.<\/p>\n<p><strong>P2: Czy Tornado 25000 wymaga cz\u0119stego \u0142adowania?<\/strong> Wydajny akumulator znacznie wyd\u0142u\u017ca czas atomizacji i zapewnia nieprzerwane sesje waporyzacji - bez konieczno\u015bci \u0142adowania.<\/p>\n<p><strong>P3: Jaka technologia zapewnia przyjemne doznania podczas waporyzacji przy u\u017cyciu Tornado 25000?<\/strong> Der <strong>Cewka siatkowa<\/strong> umo\u017cliwia r\u00f3wnomierne ogrzewanie, zapewniaj\u0105c niezmiennie p\u0142ynny ci\u0105g. Wentylator <strong>Zintegrowany wy\u015bwietlacz<\/strong> Przez ca\u0142y czas wyra\u017anie wy\u015bwietla poziom na\u0142adowania baterii i poziom e-cieczy.<\/p>\n<p><strong>P4: Czy Tornado 25000 nadaje si\u0119 r\u00f3wnie\u017c dla pocz\u0105tkuj\u0105cych?<\/strong> Absolutnie. Dzi\u0119ki <strong>Technologia automatycznej atomizacji<\/strong> Wapowanie jest tak proste jak oddychanie - nie wymaga skomplikowanej konfiguracji. Idealny dla wszystkich poziom\u00f3w do\u015bwiadczenia.<\/p>\n<h2>Odkryj teraz w Apex Vape<\/h2>\n<p>Airmez Tornado 25000 to idealny wyb\u00f3r dla ka\u017cdego, kto szuka wysokiej jako\u015bci, d\u0142ugotrwa\u0142ego i aromatycznego vapingu. Przegl\u0105daj nasz\u0105 pe\u0142n\u0105 ofert\u0119 na <strong><a href=\"https:\/\/apexvape.de\/pl\/\">Apex Vape<\/a><\/strong> lub odkryj wi\u0119cej najlepszych produkt\u00f3w w <strong><a href=\"https:\/\/apexvape.de\/pl\/product-category\/airmez-vape\/\">Kategoria Airmez Vape<\/a><\/strong> - za pierwszorz\u0119dn\u0105 jako\u015b\u0107 i ogromny wyb\u00f3r smak\u00f3w.<\/p>","protected":false},"excerpt":{"rendered":"<p class=\"font-claude-response-body break-words whitespace-normal leading-[1.7]\">Der Airmez Tornado 25000 bietet bis zu 25.000 Z\u00fcge, 25 ml E-Liquid mit 5 % Nikotin und einen Dual-Mesh-Coil f\u00fcr gleichm\u00e4\u00dfigen Dampfgenuss. Mit wiederaufladbarem 850-mAh-Akku, integriertem Display und USB-C-Ladeanschluss \u2013 perfekt f\u00fcr Einsteiger und Profis.<\/p>\n<p class=\"font-claude-response-body break-words whitespace-normal leading-[1.7]\">\n","protected":false},"featured_media":6549,"comment_status":"open","ping_status":"closed","template":"","meta":[],"product_brand":[],"product_cat":[86],"product_tag":[],"class_list":{"0":"post-6531","1":"product","2":"type-product","3":"status-publish","4":"has-post-thumbnail","6":"product_cat-airmez-vape","8":"first","9":"instock","10":"shipping-taxable","11":"purchasable","12":"product-type-variable"},"_links":{"self":[{"href":"https:\/\/apexvape.de\/pl\/wp-json\/wp\/v2\/product\/6531","targetHints":{"allow":["GET"]}}],"collection":[{"href":"https:\/\/apexvape.de\/pl\/wp-json\/wp\/v2\/product"}],"about":[{"href":"https:\/\/apexvape.de\/pl\/wp-json\/wp\/v2\/types\/product"}],"replies":[{"embeddable":true,"href":"https:\/\/apexvape.de\/pl\/wp-json\/wp\/v2\/comments?post=6531"}],"version-history":[{"count":3,"href":"https:\/\/apexvape.de\/pl\/wp-json\/wp\/v2\/product\/6531\/revisions"}],"predecessor-version":[{"id":6562,"href":"https:\/\/apexvape.de\/pl\/wp-json\/wp\/v2\/product\/6531\/revisions\/6562"}],"wp:featuredmedia":[{"embeddable":true,"href":"https:\/\/apexvape.de\/pl\/wp-json\/wp\/v2\/media\/6549"}],"wp:attachment":[{"href":"https:\/\/apexvape.de\/pl\/wp-json\/wp\/v2\/media?parent=6531"}],"wp:term":[{"taxonomy":"product_brand","embeddable":true,"href":"https:\/\/apexvape.de\/pl\/wp-json\/wp\/v2\/product_brand?post=6531"},{"taxonomy":"product_cat","embeddable":true,"href":"https:\/\/apexvape.de\/pl\/wp-json\/wp\/v2\/product_cat?post=6531"},{"taxonomy":"product_tag","embeddable":true,"href":"https:\/\/apexvape.de\/pl\/wp-json\/wp\/v2\/product_tag?post=6531"}],"curies":[{"name":"wp","href":"https:\/\/api.w.org\/{rel}","templated":true}]}}