{"id":6323,"date":"2025-12-20T13:03:01","date_gmt":"2025-12-20T12:03:01","guid":{"rendered":"https:\/\/apexvape.de\/?post_type=product&#038;p=6323"},"modified":"2025-12-20T13:03:19","modified_gmt":"2025-12-20T12:03:19","slug":"lavande-nebula-15000","status":"publish","type":"product","link":"https:\/\/apexvape.de\/pl\/product\/lavande-nebula-15000\/","title":{"rendered":"Lavande NEBULA 15000 zaci\u0105gni\u0119\u0107 Jednorazowy vape"},"content":{"rendered":"<h1>Lavande NEBULA 15000 zaci\u0105gni\u0119\u0107 Wy\u015bwietlacz LED | Jednorazowy | E-papieros wielokrotnego \u0142adowania<\/h1>\n<p>Lavande NEBULA 15000 zosta\u0142 zaprojektowany tak, aby zapewni\u0107 d\u0142ugotrwa\u0142y smak i wydajno\u015b\u0107 oraz imponuj\u0105c\u0105 pojemno\u015b\u0107 15 000 zaci\u0105gni\u0119\u0107. Dost\u0119pny w wersjach o st\u0119\u017ceniu nikotyny 2% i 5%, urz\u0105dzenie to zaspokaja r\u00f3\u017cne preferencje, zapewniaj\u0105c d\u0142ugotrwa\u0142\u0105 satysfakcj\u0119. Du\u017ca pojemno\u015b\u0107 e-liquidu wynosz\u0105ca 16 ml oznacza, \u017ce mo\u017cna cieszy\u0107 si\u0119 d\u0142ugimi sesjami wapowania bez konieczno\u015bci cz\u0119stej wymiany, co sprawia, \u017ce urz\u0105dzenie idealnie nadaje si\u0119 do codziennego u\u017cytku. Po\u0142\u0105czenie du\u017cej pojemno\u015bci i opcji nikotynowych zapewnia elastyczno\u015b\u0107 i wygod\u0119 dla u\u017cytkownik\u00f3w poszukuj\u0105cych niezawodnego urz\u0105dzenia.<\/p>\n<h2>Lavande NEBULA 15000 zaci\u0105gni\u0119\u0107 Najwa\u017cniejsze cechy:<\/h2>\n<p>B\u0105d\u017a na bie\u017c\u0105co i zachowaj kontrol\u0119 dzi\u0119ki inteligentnemu ekranowi LED, kt\u00f3ry zapewnia monitorowanie stanu urz\u0105dzenia w czasie rzeczywistym. Ta przyjazna dla u\u017cytkownika funkcja pokazuje zar\u00f3wno poziom na\u0142adowania baterii, jak i poziom e-liquidu, dzi\u0119ki czemu zawsze wiesz, kiedy nale\u017cy na\u0142adowa\u0107 lub wymieni\u0107 urz\u0105dzenie. Akumulator o pojemno\u015bci 550 mAh zapewnia ca\u0142odzienn\u0105 wydajno\u015b\u0107, a z\u0142\u0105cze \u0142adowania typu C umo\u017cliwia ultraszybkie \u0142adowanie, minimalizuj\u0105c czas przestoju. Ten wydajny system zasilania sprawia, \u017ce urz\u0105dzenie jest zawsze gotowe do u\u017cycia, gdy jest potrzebne, \u0142\u0105cz\u0105c przeno\u015bno\u015b\u0107 z praktyczn\u0105 funkcjonalno\u015bci\u0105.<\/p>\n<p>Urz\u0105dzenie jest wyposa\u017cone w zaawansowan\u0105 technologi\u0119 cewki siatkowej 1,2 \u03a9, kt\u00f3ra zapewnia najwy\u017csz\u0105 jako\u015b\u0107 parowania. Technologia ta zapewnia bogaty, \u0142agodny smak i g\u0119st\u0105 produkcj\u0119 pary przy ka\u017cdym zaci\u0105gni\u0119ciu si\u0119, gwarantuj\u0105c sta\u0142\u0105 jako\u015b\u0107 przez ca\u0142y okres u\u017cytkowania urz\u0105dzenia. Cewka siatkowa optymalizuje wch\u0142anianie e-p\u0142ynu, zapewniaj\u0105c maksymaln\u0105 intensywno\u015b\u0107 smaku i satysfakcjonuj\u0105ce doznania podczas ka\u017cdego u\u017cycia.<\/p>\n<p>Spersonalizuj swoje doznania dzi\u0119ki regulowanemu systemowi kontroli przep\u0142ywu powietrza, kt\u00f3ry pozwala dostosowa\u0107 intensywno\u015b\u0107 zaci\u0105gni\u0119\u0107 dok\u0142adnie do w\u0142asnych preferencji. Niezale\u017cnie od tego, czy preferujesz w\u0119\u017cszy, czy szerszy przep\u0142yw powietrza, mo\u017cesz z \u0142atwo\u015bci\u0105 dostosowa\u0107 urz\u0105dzenie do delikatnych, precyzyjnych zaci\u0105gni\u0119\u0107, kt\u00f3re pasuj\u0105 do Twojego stylu wapowania. Ten poziom kontroli w po\u0142\u0105czeniu z kompaktow\u0105 i przeno\u015bn\u0105 konstrukcj\u0105 urz\u0105dzenia sprawia, \u017ce Lavande NEBULA 15000 jest doskona\u0142ym wyborem dla wapuj\u0105cych, kt\u00f3rzy ceni\u0105 sobie zar\u00f3wno wydajno\u015b\u0107, jak i wygod\u0119 w eleganckim opakowaniu.<\/p>\n<h2>Dane techniczne:<\/h2>\n<p>Poci\u0105gi: 15 000<br \/>\nCewka: cewka siatkowa 1,2 \u03a9<br \/>\nAkumulator: 550 mAh, wielokrotnego \u0142adowania (typ C)<br \/>\nPojemno\u015b\u0107 e-liquidu: 16 ml<br \/>\nZawarto\u015b\u0107 nikotyny: 2% \/ 5%<br \/>\nEkran LED: Tak (wska\u017anik poziomu baterii i e-liquidu)<br \/>\nSmaki: 10 opcji<\/p>\n<h2>Lavande NEBULA 15000 zaci\u0105gni\u0119\u0107 Lista smak\u00f3w:<\/h2>\n<ol>\n<li>Arbuz Malina<\/li>\n<li>Lody arbuzowe<\/li>\n<li>Truskawkowy l\u00f3d<\/li>\n<li>Lody Alberry<\/li>\n<li>Jagoda Malina<\/li>\n<li>Jagoda Malina Wi\u015bnia<\/li>\n<li>Lody jagodowe<\/li>\n<li>Soczyste brzoskwinie<\/li>\n<li>Jagoda lodowa<\/li>\n<li>Cherry Cola<\/li>\n<\/ol>\n<h2>Lavande NEBULA 15000 zaci\u0105gni\u0119\u0107 Cz\u0119sto zadawane pytania (FAQ)<\/h2>\n<p><strong>1. Jakie poziomy nikotyny s\u0105 dost\u0119pne dla tego jednorazowego e-papierosa?<\/strong><br \/>\nUrz\u0105dzenie jest dost\u0119pne w wersjach o mocy nikotyny 2% i 5%, dzi\u0119ki czemu zaspokaja r\u00f3\u017cne preferencje, zapewniaj\u0105c jednocze\u015bnie d\u0142ugotrwa\u0142\u0105 satysfakcj\u0119. Obie opcje zapewniaj\u0105 sta\u0142y smak podczas ca\u0142ego procesu wapowania.<\/p>\n<p><strong>2. Ile poci\u0105g\u00f3w oferuje Lavande NEBULA 15000?<\/strong><br \/>\nTen vape oferuje imponuj\u0105ce 15 000 zaci\u0105gni\u0119\u0107 dzi\u0119ki pojemno\u015bci 16 ml e-liquidu. Ta du\u017ca pojemno\u015b\u0107 oznacza, \u017ce mo\u017cesz cieszy\u0107 si\u0119 d\u0142ugimi sesjami bez cz\u0119stej wymiany, co czyni go idealnym do codziennego u\u017cytku.<\/p>\n<p><strong>3. Czy ten vape ma wy\u015bwietlacz?<\/strong><br \/>\nTak, posiada inteligentny ekran LED, kt\u00f3ry wy\u015bwietla informacje w czasie rzeczywistym o stanie baterii i poziomie e-liquidu. Ta przyjazna dla u\u017cytkownika funkcja pomaga pozosta\u0107 na bie\u017c\u0105co i dok\u0142adnie wiedzie\u0107, kiedy nale\u017cy na\u0142adowa\u0107 lub wymieni\u0107 urz\u0105dzenie.<\/p>\n<p><strong>4. Jak\u0105 technologi\u0119 cewek wykorzystuje to urz\u0105dzenie?<\/strong><br \/>\nVape wykorzystuje zaawansowan\u0105 technologi\u0119 cewki siatkowej 1,2 \u03a9, kt\u00f3ra zapewnia bogaty, \u0142agodny smak i g\u0119st\u0105 produkcj\u0119 pary. Technologia ta gwarantuje sta\u0142\u0105 jako\u015b\u0107 i maksymaln\u0105 intensywno\u015b\u0107 smaku przy ka\u017cdym zaci\u0105gni\u0119ciu.<\/p>\n<p><strong>5. Czy mo\u017cna regulowa\u0107 przep\u0142yw powietrza w tym jednorazowym e-papierosie?<\/strong><br \/>\nTak, urz\u0105dzenie posiada regulowan\u0105 kontrol\u0119 przep\u0142ywu powietrza, kt\u00f3ra pozwala dostosowa\u0107 intensywno\u015b\u0107 zaci\u0105gni\u0119cia si\u0119 do w\u0142asnych preferencji. Mo\u017cna j\u0105 \u0142atwo ustawi\u0107 tak, aby przep\u0142yw powietrza by\u0142 w\u0119\u017cszy lub szerszy, tworz\u0105c spersonalizowane doznania zwi\u0105zane z wapowaniem, kt\u00f3re pasuj\u0105 do Twojego stylu.<\/p>\n<h2>Odkryj wi\u0119cej produkt\u00f3w LAVANDE VAPE w Apexvape<\/h2>\n<p>Lavande NEBULA 15000 \u0142\u0105czy w sobie innowacyjn\u0105 technologi\u0119 z przyjazn\u0105 dla u\u017cytkownika konstrukcj\u0105, zapewniaj\u0105c maksymaln\u0105 przyjemno\u015b\u0107 z wapowania. Szukasz innych wysokiej jako\u015bci e-papieros\u00f3w i p\u0142yn\u00f3w premium? W naszym <strong><a href=\"https:\/\/apexvape.de\/pl\/\">Sklep internetowy Apex Vape<\/a><\/strong> mo\u017cesz oczekiwa\u0107 najlepszych marek, najnowszych urz\u0105dze\u0144 i obs\u0142ugi klienta na najwy\u017cszym poziomie. Kompletna <strong><a href=\"https:\/\/apexvape.de\/pl\/product-category\/lavande-vape\/\">Gama produkt\u00f3w LAVANDE VAPE<\/a><\/strong> oferuje innowacyjne rozwi\u0105zania dla ka\u017cdego stylu wapowania \u2013 od pocz\u0105tkuj\u0105cych do do\u015bwiadczonych u\u017cytkownik\u00f3w. Przekonaj si\u0119 sam o naszej jako\u015bci i z\u0142\u00f3\u017c zam\u00f3wienie ju\u017c dzi\u015b, a od 50 \u20ac nie ponosisz koszt\u00f3w wysy\u0142ki.<\/p>","protected":false},"excerpt":{"rendered":"<p class=\"font-claude-response-body break-words whitespace-normal leading-[1.7]\">Der Lavande NEBULA 15000 bietet bis zu 15.000 Z\u00fcge mit intelligentem LED-Display. 16ml E-Liquid, 550mAh Type-C-Akku, 1.2\u03a9 Mesh-Coil und einstellbarer Airflow garantieren intensiven Geschmack. Erh\u00e4ltlich in 2% und 5% Nikotin mit 10 Geschmacksrichtungen f\u00fcr langanhaltenden Dampfgenuss.<\/p>\n","protected":false},"featured_media":6346,"comment_status":"open","ping_status":"closed","template":"","meta":[],"product_brand":[],"product_cat":[85],"product_tag":[],"class_list":{"0":"post-6323","1":"product","2":"type-product","3":"status-publish","4":"has-post-thumbnail","6":"product_cat-lavande-vape","8":"first","9":"instock","10":"shipping-taxable","11":"purchasable","12":"product-type-variable"},"_links":{"self":[{"href":"https:\/\/apexvape.de\/pl\/wp-json\/wp\/v2\/product\/6323","targetHints":{"allow":["GET"]}}],"collection":[{"href":"https:\/\/apexvape.de\/pl\/wp-json\/wp\/v2\/product"}],"about":[{"href":"https:\/\/apexvape.de\/pl\/wp-json\/wp\/v2\/types\/product"}],"replies":[{"embeddable":true,"href":"https:\/\/apexvape.de\/pl\/wp-json\/wp\/v2\/comments?post=6323"}],"version-history":[{"count":0,"href":"https:\/\/apexvape.de\/pl\/wp-json\/wp\/v2\/product\/6323\/revisions"}],"wp:featuredmedia":[{"embeddable":true,"href":"https:\/\/apexvape.de\/pl\/wp-json\/wp\/v2\/media\/6346"}],"wp:attachment":[{"href":"https:\/\/apexvape.de\/pl\/wp-json\/wp\/v2\/media?parent=6323"}],"wp:term":[{"taxonomy":"product_brand","embeddable":true,"href":"https:\/\/apexvape.de\/pl\/wp-json\/wp\/v2\/product_brand?post=6323"},{"taxonomy":"product_cat","embeddable":true,"href":"https:\/\/apexvape.de\/pl\/wp-json\/wp\/v2\/product_cat?post=6323"},{"taxonomy":"product_tag","embeddable":true,"href":"https:\/\/apexvape.de\/pl\/wp-json\/wp\/v2\/product_tag?post=6323"}],"curies":[{"name":"wp","href":"https:\/\/api.w.org\/{rel}","templated":true}]}}