{"id":6287,"date":"2025-12-20T12:53:02","date_gmt":"2025-12-20T11:53:02","guid":{"rendered":"https:\/\/apexvape.de\/?post_type=product&#038;p=6287"},"modified":"2025-12-20T12:53:42","modified_gmt":"2025-12-20T11:53:42","slug":"lavande-bm18000","status":"publish","type":"product","link":"https:\/\/apexvape.de\/pl\/product\/lavande-bm18000\/","title":{"rendered":"Lavande BM18000 Jednorazowe vape"},"content":{"rendered":"<h1>Lavande BM18000 Puffs Wy\u015bwietlacz cyfrowy 18K Niska zawarto\u015b\u0107 nikotyny Hurtownia E-papieros wielokrotnego \u0142adowania z mo\u017cliwo\u015bci\u0105 ponownego nape\u0142niania<\/h1>\n<p>Lavande BM18000 to wydajne urz\u0105dzenie do wapowania, kt\u00f3re zapewnia imponuj\u0105ce 18 000 zaci\u0105gni\u0119\u0107 i umo\u017cliwia d\u0142ugotrwa\u0142e u\u017cytkowanie bez konieczno\u015bci ci\u0105g\u0142ej wymiany. Ta du\u017ca pojemno\u015b\u0107 oznacza, \u017ce mo\u017cesz cieszy\u0107 si\u0119 d\u0142ugimi sesjami wapowania bez przerw, co czyni je idealnym rozwi\u0105zaniem do codziennego u\u017cytku. Urz\u0105dzenie zosta\u0142o zaprojektowane tak, aby zapewni\u0107 niezawodn\u0105 wydajno\u015b\u0107 od pocz\u0105tku do ko\u0144ca, dzi\u0119ki czemu mo\u017cna skupi\u0107 si\u0119 na wapowaniu bez obaw o wyczerpanie si\u0119 baterii.<\/p>\n<h2>Lavande BM18000 Puffs Najwa\u017cniejsze cechy:<\/h2>\n<p>Urz\u0105dzenie jest zasilane akumulatorem o pojemno\u015bci 650 mAh z szybkim z\u0142\u0105czem \u0142adowania typu C, kt\u00f3re umo\u017cliwia szybkie i \u0142atwe przywr\u00f3cenie energii. Ten wydajny system akumulatorowy zapewnia sta\u0142\u0105 wydajno\u015b\u0107 podczas ca\u0142ej sesji i zapobiega spadkom wydajno\u015bci lub utracie funkcji. Szybkie \u0142adowanie oznacza mniej czasu oczekiwania i wi\u0119cej czasu na wapowanie, dzi\u0119ki czemu urz\u0105dzenie jest zawsze gotowe do u\u017cycia, gdy jest potrzebne.<\/p>\n<p>Wyposa\u017cony w zaawansowan\u0105 technologi\u0119 cewki siatkowej 1,0 \u03a9, Lavande BM18000 zapewnia g\u0119ste chmury pary i czysty, intensywny smak przy ka\u017cdym zaci\u0105gni\u0119ciu. Regulowana kontrola przep\u0142ywu powietrza pozwala dostosowa\u0107 op\u00f3r zaci\u0105gni\u0119cia si\u0119, aby uzyska\u0107 spersonalizowane wra\u017cenia z wapowania typu direct-to-lung (DTL). Oznacza to, \u017ce mo\u017cesz precyzyjnie dostosowa\u0107 urz\u0105dzenie do swoich preferencji \u2013 niezale\u017cnie od tego, czy wolisz cia\u015bniejsze, czy bardziej otwarte zaci\u0105gni\u0119cia si\u0119, aby uzyska\u0107 maksymaln\u0105 satysfakcj\u0119.<\/p>\n<p>To, co wyr\u00f3\u017cnia Lavande BM18000, to system wielokrotnego nape\u0142niania e-liquidem, kt\u00f3ry zapewnia zar\u00f3wno oszcz\u0119dno\u015b\u0107 koszt\u00f3w, jak i korzy\u015bci dla \u015brodowiska. Urz\u0105dzenie mo\u017cna \u0142atwo nape\u0142ni\u0107 ulubionymi e-liquidami premium, co daje swobod\u0119 eksperymentowania z r\u00f3\u017cnymi smakami i dostosowania do w\u0142asnych preferencji. Ta konstrukcja z mo\u017cliwo\u015bci\u0105 ponownego nape\u0142niania zmniejsza ilo\u015b\u0107 odpad\u00f3w, a jednocze\u015bnie zapewnia lepsz\u0105 warto\u015b\u0107 w d\u0142u\u017cszej perspektywie, co czyni j\u0105 doskona\u0142ym wyborem dla u\u017cytkownik\u00f3w, kt\u00f3rzy oczekuj\u0105 jako\u015bci, elastyczno\u015bci i zr\u00f3wnowa\u017conego rozwoju w jednym urz\u0105dzeniu.<\/p>\n<h2>Dane techniczne:<\/h2>\n<p>\u2611 S\u00f3l nikotynowa: 0,3%<br \/>\n\u2611 Poci\u0105gni\u0119cia: 18 000<br \/>\n\u2611 Dost\u0119pnych jest 20 smak\u00f3w<br \/>\n\u2611 Akumulator 650 mAh<br \/>\n\u2611 Cewka siatkowa<br \/>\n\u2611 Tryb normalny\/wzmocniony<br \/>\n\u2611 Typ C<br \/>\n\u2611 Regulowany przep\u0142yw powietrza<br \/>\n\u2611 Mo\u017cliwo\u015b\u0107 ponownego nape\u0142nienia 1\u20132 razy<\/p>\n<h2>Lavande BM18000 Puffs Lista smak\u00f3w:<\/h2>\n<ol>\n<li>Jagoda i mi\u0119ta<\/li>\n<li>Lody z czarnej porzeczki<\/li>\n<li>Lody jagodowe<\/li>\n<li>Jagoda mi\u0119towa<\/li>\n<li>Mi\u0119t\u00f3wka do \u017cucia<\/li>\n<li>Arbuz o konsystencji gumy do \u017cucia<\/li>\n<li>Podw\u00f3jne jab\u0142ko<\/li>\n<li>Podw\u00f3jny winogronowy<\/li>\n<li>Winogrono mi\u0119towe<\/li>\n<li>Cytryna i mi\u0119ta<\/li>\n<li>Love66<\/li>\n<li>Mango Smoczy owoc<\/li>\n<li>Lody mango<\/li>\n<li>Pan Blue<\/li>\n<li>Lody brzoskwiniowe<\/li>\n<li>Ananasowy l\u00f3d<\/li>\n<li>Rainbow Skittz<\/li>\n<li>Truskawkowy l\u00f3d<\/li>\n<li>Lody arbuzowe<\/li>\n<li>Arbuz Malina<\/li>\n<\/ol>\n<h2>Lavande BM18000 Puffs Cz\u0119sto zadawane pytania (FAQ)<\/h2>\n<p><strong>1. Ile ruch\u00f3w oferuje Lavande BM18000?<\/strong><br \/>\nUrz\u0105dzenie oferuje imponuj\u0105c\u0105 liczb\u0119 18 000 zaci\u0105gni\u0119\u0107 i zapewnia d\u0142ugotrwa\u0142\u0105 wydajno\u015b\u0107 bez konieczno\u015bci cz\u0119stej wymiany. Ta du\u017ca pojemno\u015b\u0107 sprawia, \u017ce idealnie nadaje si\u0119 do d\u0142ugotrwa\u0142ego u\u017cytkowania i codziennego vapowania.<\/p>\n<p><strong>2. Jaki rodzaj akumulatora i funkcji \u0142adowania posiada ten vape?<\/strong><br \/>\nPosiada akumulator o pojemno\u015bci 650 mAh z szybkim z\u0142\u0105czem \u0142adowania typu C. Zapewnia to szybkie przywr\u00f3cenie energii i sta\u0142\u0105 wydajno\u015b\u0107 podczas wszystkich sesji wapowania.<\/p>\n<p><strong>3. Jaka technologia cewek zosta\u0142a zastosowana w tym urz\u0105dzeniu?<\/strong><br \/>\nVape wykorzystuje zaawansowan\u0105 technologi\u0119 cewki siatkowej 1,0 \u03a9, kt\u00f3ra zapewnia g\u0119ste chmury pary i czysty, intensywny smak przy ka\u017cdym zaci\u0105gni\u0119ciu. Zapewnia to optymaln\u0105 wydajno\u015b\u0107 i satysfakcjonuj\u0105cy smak.<\/p>\n<p><strong>4. Czy mo\u017cna regulowa\u0107 przep\u0142yw powietrza w tym vape?<\/strong><br \/>\nTak, posiada regulowan\u0105 kontrol\u0119 przep\u0142ywu powietrza, kt\u00f3ra pozwala dostosowa\u0107 op\u00f3r zaci\u0105gania si\u0119. Funkcja ta pozwala precyzyjnie dostosowa\u0107 wra\u017cenia z wapowania metod\u0105 bezpo\u015bredni\u0105 do p\u0142uc (DTL) do osobistych preferencji.<\/p>\n<p><strong>5. Czy system e-liquid jest wielokrotnego u\u017cytku czy jednorazowy?<\/strong><br \/>\nUrz\u0105dzenie posiada system uzupe\u0142niania e-liquidu, kt\u00f3ry pozwala na stosowanie ulubionych e-liquid\u00f3w premium. Zapewnia to oszcz\u0119dno\u015b\u0107 koszt\u00f3w, zmniejsza ilo\u015b\u0107 odpad\u00f3w i daje swobod\u0119 eksperymentowania z r\u00f3\u017cnymi smakami, aby uzyska\u0107 indywidualne doznania.<\/p>\n<h2>Odkryj wi\u0119cej produkt\u00f3w LAVANDE VAPE w Apexvape<\/h2>\n<p>Odkryj Lavande BM18000 i inne wysokiej jako\u015bci produkty do wapowania w naszym sklepie internetowym. W <strong><a href=\"https:\/\/apexvape.de\/pl\/\">Apex Vape<\/a><\/strong> znajdziesz szeroki wyb\u00f3r wysokiej jako\u015bci e-papieros\u00f3w i akcesori\u00f3w zapewniaj\u0105cych doskona\u0142e wra\u017cenia podczas wapowania. Chcesz pozna\u0107 wi\u0119cej produkt\u00f3w z serii Lavande? Odwied\u017a nasz\u0105 stron\u0119 internetow\u0105. <strong><a href=\"https:\/\/apexvape.de\/pl\/product-category\/lavande-vape\/\">LAVANDE VAPE Kategoria<\/a><\/strong> i znajd\u017a urz\u0105dzenie idealnie dopasowane do swoich potrzeb. Skorzystaj z szybkiej wysy\u0142ki, atrakcyjnych cen hurtowych i kompetentnego doradztwa.<\/p>","protected":false},"excerpt":{"rendered":"<p class=\"font-claude-response-body break-words whitespace-normal leading-[1.7]\">Der Lavande BM18000 bietet bis zu 18.000 Z\u00fcge mit nachf\u00fcllbarem E-Liquid-System. 650mAh Type-C-Akku, 1.0\u03a9 Mesh-Coil, einstellbarer Airflow und Normal\/Boost-Modus. 1-2x nachf\u00fcllbar mit 0,3% Salznikotin. 20 Geschmacksrichtungen f\u00fcr individuelles, nachhaltiges Dampferlebnis.<\/p>\n","protected":false},"featured_media":6310,"comment_status":"open","ping_status":"closed","template":"","meta":[],"product_brand":[],"product_cat":[85],"product_tag":[],"class_list":{"0":"post-6287","1":"product","2":"type-product","3":"status-publish","4":"has-post-thumbnail","6":"product_cat-lavande-vape","8":"first","9":"instock","10":"shipping-taxable","11":"purchasable","12":"product-type-variable"},"_links":{"self":[{"href":"https:\/\/apexvape.de\/pl\/wp-json\/wp\/v2\/product\/6287","targetHints":{"allow":["GET"]}}],"collection":[{"href":"https:\/\/apexvape.de\/pl\/wp-json\/wp\/v2\/product"}],"about":[{"href":"https:\/\/apexvape.de\/pl\/wp-json\/wp\/v2\/types\/product"}],"replies":[{"embeddable":true,"href":"https:\/\/apexvape.de\/pl\/wp-json\/wp\/v2\/comments?post=6287"}],"version-history":[{"count":0,"href":"https:\/\/apexvape.de\/pl\/wp-json\/wp\/v2\/product\/6287\/revisions"}],"wp:featuredmedia":[{"embeddable":true,"href":"https:\/\/apexvape.de\/pl\/wp-json\/wp\/v2\/media\/6310"}],"wp:attachment":[{"href":"https:\/\/apexvape.de\/pl\/wp-json\/wp\/v2\/media?parent=6287"}],"wp:term":[{"taxonomy":"product_brand","embeddable":true,"href":"https:\/\/apexvape.de\/pl\/wp-json\/wp\/v2\/product_brand?post=6287"},{"taxonomy":"product_cat","embeddable":true,"href":"https:\/\/apexvape.de\/pl\/wp-json\/wp\/v2\/product_cat?post=6287"},{"taxonomy":"product_tag","embeddable":true,"href":"https:\/\/apexvape.de\/pl\/wp-json\/wp\/v2\/product_tag?post=6287"}],"curies":[{"name":"wp","href":"https:\/\/api.w.org\/{rel}","templated":true}]}}