{"id":6255,"date":"2025-12-19T11:49:02","date_gmt":"2025-12-19T10:49:02","guid":{"rendered":"https:\/\/apexvape.de\/?post_type=product&#038;p=6255"},"modified":"2025-12-19T11:52:24","modified_gmt":"2025-12-19T10:52:24","slug":"spaceman-sp40000","status":"publish","type":"product","link":"https:\/\/apexvape.de\/pl\/product\/spaceman-sp40000\/","title":{"rendered":"Spaceman SP40000 Jednorazowe vape"},"content":{"rendered":"<p>&nbsp;<\/p>\n<h1>Spaceman SP40000 Jednorazowy vape \u2013 20 ml e-liquidu<\/h1>\n<p>Spaceman SP40000 to wydajny jednorazowy vape o wyj\u0105tkowej pojemno\u015bci, kt\u00f3ry zapewnia imponuj\u0105ce 40 000 zaci\u0105gni\u0119\u0107, co czyni go jednym z najtrwalszych urz\u0105dze\u0144 na rynku. Dzi\u0119ki pojemnemu zbiornikowi na e-liquid o pojemno\u015bci 20 ml i zawarto\u015bci nikotyny 2%, urz\u0105dzenie to zosta\u0142o zaprojektowane z my\u015bl\u0105 o d\u0142ugotrwa\u0142ym u\u017cytkowaniu bez konieczno\u015bci cz\u0119stej wymiany. Du\u017ca liczba zaci\u0105gni\u0119\u0107 i pojemny zbiornik na e-liquid zapewniaj\u0105 sta\u0142\u0105 wydajno\u015b\u0107 i smak przez d\u0142u\u017cszy czas, oferuj\u0105c wyj\u0105tkow\u0105 warto\u015b\u0107 i wygod\u0119 zar\u00f3wno dla codziennych, jak i okazjonalnych u\u017cytkownik\u00f3w.<\/p>\n<h2>Spaceman SP40000 Poci\u0105gi \u2013 g\u0142\u00f3wne cechy:<\/h2>\n<p>SP40000 wykorzystuje zaawansowan\u0105 technologi\u0119 podw\u00f3jnej cewki siatkowej, zapewniaj\u0105c doskona\u0142\u0105 produkcj\u0119 pary i intensywniejszy smak przy ka\u017cdym zaci\u0105gni\u0119ciu. Urz\u0105dzenie oferuje cztery regulowane poziomy mocy od 10 do 26 wat\u00f3w, dzi\u0119ki czemu u\u017cytkownicy mog\u0105 dostosowa\u0107 intensywno\u015b\u0107 pary do w\u0142asnych preferencji. Ta regulacja mocy pozwala precyzyjnie dostosowa\u0107 wra\u017cenia \u2013 niezale\u017cnie od tego, czy preferujesz \u0142agodny, delikatny zaci\u0105g przy ni\u017cszych warto\u015bciach mocy, czy te\u017c mocniejszy, intensywniejszy efekt przy wy\u017cszych ustawieniach. Gwarantuje to optymaln\u0105 satysfakcj\u0119 dostosowan\u0105 do indywidualnego stylu wapowania.<\/p>\n<p>SP40000 jest wyposa\u017cony w praktyczny wy\u015bwietlacz cyfrowy, kt\u00f3ry pokazuje informacje w czasie rzeczywistym o stanie e-liquidu i baterii. Dzi\u0119ki temu nie musisz si\u0119 martwi\u0107 i zawsze wiesz, co si\u0119 dzieje podczas sesji wapowania. Innowacyjna funkcja kontroli lodowej\/nikotynowej dodaje kolejny poziom personalizacji i pozwala dostosowa\u0107 efekt ch\u0142odzenia i uwalnianie nikotyny do nastroju i preferencji. Te inteligentne funkcje \u0142\u0105cz\u0105 si\u0119, tworz\u0105c przyjazne dla u\u017cytkownika do\u015bwiadczenie, kt\u00f3re zapewnia pe\u0142n\u0105 kontrol\u0119 i u\u0142atwia monitorowanie i dostosowywanie urz\u0105dzenia, aby zapewni\u0107 idealn\u0105 przyjemno\u015b\u0107 z wapowania w ka\u017cdej chwili.<\/p>\n<p>Nap\u0119dzane wytrzyma\u0142\u0105 bateri\u0105 o pojemno\u015bci 1000 mAh z funkcj\u0105 \u0142adowania USB-C, urz\u0105dzenie zapewnia szybkie i wydajne \u0142adowanie, minimalizuj\u0105c przestoje mi\u0119dzy sesjami. Nowoczesna technologia \u0142adowania USB-C zapewnia szybsze \u0142adowanie w por\u00f3wnaniu z tradycyjnymi z\u0142\u0105czami micro USB i pozwala szybciej wr\u00f3ci\u0107 do vapowania. Po\u0142\u0105czenie wydajnego akumulatora, szybkiego \u0142adowania, regulowanych ustawie\u0144 mocy i d\u0142ugotrwa\u0142ej pojemno\u015bci e-liquidu sprawia, \u017ce Spaceman SP40000 jest wszechstronnym i praktycznym wyborem dla u\u017cytkownik\u00f3w, kt\u00f3rzy poszukuj\u0105 zar\u00f3wno wydajno\u015bci, jak i elastyczno\u015bci w jednym urz\u0105dzeniu.<\/p>\n<h2>Dane techniczne:<\/h2>\n<ul>\n<li>Pojemno\u015b\u0107 wst\u0119pnie nape\u0142nionego e-liquidu: 20 ml<\/li>\n<li>Pojemno\u015b\u0107 akumulatora: 1000 mAh (\u0142adowalny)<\/li>\n<li>Maksymalna liczba ruch\u00f3w: do 40 000<\/li>\n<li>Moc nikotyny: 2% (50 mg)<\/li>\n<li>Obs\u0142uga: aktywowane poci\u0105gni\u0119ciem<\/li>\n<li>Zakres mocy: 10 W \/ 16 W \/ 20 W \/ 26 W<\/li>\n<li>Element grzewczy: podw\u00f3jne cewki siatkowe<\/li>\n<li>Przep\u0142yw powietrza: sta\u0142y<\/li>\n<li>Wy\u015bwietlacz: cyfrowy ekran z wy\u015bwietlaczami<\/li>\n<li>\u0141adowanie: szybkie \u0142adowanie USB typu C<\/li>\n<li>Wska\u017anik poziomu na\u0142adowania akumulatora i wska\u017anik poziomu e-liquidu<\/li>\n<li>Funkcja kontroli lodu\/nikotyny<\/li>\n<\/ul>\n<h2>Spaceman SP40000 Z\u00fcge \u2013 smaki:<\/h2>\n<ol>\n<li>Lody bananowe<\/li>\n<li>Lemoniada jagodowa<\/li>\n<li>Czarna mamba<\/li>\n<li>Niebieska wi\u015bnia<\/li>\n<li>Niebieska lemoniada razz<\/li>\n<li>Niebieska kwa\u015bna malina<\/li>\n<li>Jagoda i granat<\/li>\n<li>Jagoda Malina<\/li>\n<li>Cherry Cola<\/li>\n<li>Fizzy Cherry<\/li>\n<li>Cytryna Limonka<\/li>\n<li>Pan Blue<\/li>\n<li>S\u0142odki cukierki brzoskwiniowo-jagodowe<\/li>\n<li>Piwo korzenne<\/li>\n<li>Truskawkowo-winogronowy<\/li>\n<\/ol>\n<h2>Spaceman SP40000 Poci\u0105gi \u2013 cz\u0119sto zadawane pytania<\/h2>\n<p><strong>1. Ile ruch\u00f3w wykonuje to urz\u0105dzenie?<\/strong><\/p>\n<p>Ten jednorazowy vape oferuje imponuj\u0105ce 40 000 zaci\u0105gni\u0119\u0107 przy pojemno\u015bci 20 ml e-liquidu. Du\u017ca liczba zaci\u0105gni\u0119\u0107 sprawia, \u017ce jest to jedno z najtrwalszych dost\u0119pnych urz\u0105dze\u0144 \u2013 idealne do d\u0142ugotrwa\u0142ego u\u017cytkowania bez konieczno\u015bci cz\u0119stej wymiany.<\/p>\n<p><strong>2. Jakie ustawienia mocy s\u0105 dost\u0119pne?<\/strong><\/p>\n<p>Urz\u0105dzenie posiada cztery regulowane poziomy mocy od 10 do 26 wat\u00f3w. Pozwala to dostosowa\u0107 intensywno\u015b\u0107 pary od \u0142agodnego, delikatnego zaci\u0105gni\u0119cia si\u0119 do mocniejszego, intensywniejszego zaci\u0105gni\u0119cia si\u0119, zgodnie z w\u0142asnymi preferencjami.<\/p>\n<p><strong>3. Czy posiada wska\u017anik na\u0142adowania baterii?<\/strong><\/p>\n<p>Tak, posiada cyfrowy wy\u015bwietlacz, kt\u00f3ry pokazuje stan e-liquidu i baterii w czasie rzeczywistym. Ten praktyczny ekran zapewnia informacje podczas sesji i eliminuje niepewno\u015b\u0107 co do tego, kiedy urz\u0105dzenie nale\u017cy na\u0142adowa\u0107 lub wymieni\u0107.<\/p>\n<p><strong>4. Czym jest funkcja kontroli lodowej\/nikotynowej?<\/strong><\/p>\n<p>Ta innowacyjna funkcja pozwala dostosowa\u0107 zar\u00f3wno efekt ch\u0142odzenia, jak i uwalnianie nikotyny do aktualnego nastroju. Zapewnia dodatkow\u0105 indywidualizacj\u0119 i pozwala precyzyjnie dostosowa\u0107 wra\u017cenia z wapowania, aby uzyska\u0107 optymaln\u0105 satysfakcj\u0119 w ka\u017cdej chwili.<\/p>\n<p><strong>5. Jak \u0142adowa\u0107 akumulator?<\/strong><\/p>\n<p>Urz\u0105dzenie jest wyposa\u017cone w akumulator o pojemno\u015bci 1000 mAh, kt\u00f3ry mo\u017cna szybko i wydajnie \u0142adowa\u0107 za pomoc\u0105 z\u0142\u0105cza USB-C. Ta nowoczesna technologia \u0142adowania minimalizuje przestoje i pozwala szybko wr\u00f3ci\u0107 do vapowania.<\/p>\n<h2>Odkryj wi\u0119cej produkt\u00f3w SMOK VAPE w Apexvape<\/h2>\n<p>Odkryj Spaceman SP40000 i inne produkty premium do wapowania na stronie <strong><a href=\"https:\/\/apexvape.de\/pl\/\">Apex Vape<\/a><\/strong>, Tw\u00f3j zaufany sklep internetowy z wysokiej jako\u015bci e-papierosami i urz\u0105dzeniami do wapowania. Opr\u00f3cz Spaceman SP40000 oferujemy szeroki wyb\u00f3r produkt\u00f3w najlepszych marek. Zapraszamy r\u00f3wnie\u017c do zapoznania si\u0119 z nasz\u0105 popularn\u0105 <strong><a href=\"https:\/\/apexvape.de\/pl\/product-category\/smok-vape\/\">Kategoria SMOK VAPE<\/a><\/strong> , gdzie znajdziesz innowacyjne urz\u0105dzenia i akcesoria od jednego z wiod\u0105cych producent\u00f3w w bran\u017cy. W Apex Vape otrzymasz szybk\u0105 wysy\u0142k\u0119, pierwszorz\u0119dn\u0105 obs\u0142ug\u0119 klienta i gwarantowan\u0105 jako\u015b\u0107 produkt\u00f3w, kt\u00f3re zapewni\u0105 Ci doskona\u0142e wra\u017cenia podczas wapowania.<\/p>","protected":false},"excerpt":{"rendered":"<p class=\"font-claude-response-body break-words whitespace-normal leading-[1.7]\">Der Spaceman SP40000 Einweg-Vape bietet beeindruckende 40.000 Z\u00fcge mit 20 ml E-Liquid und 2% Nikotin. Dual-Mesh-Coils und vier Leistungsstufen (10-26W) sorgen f\u00fcr intensiven Geschmack. Mit 1000-mAh-Akku, USB-C-Schnellladung, digitalem Display und Ice\/Nikotin-Kontrolle \u2013 maximale Flexibilit\u00e4t und Leistung.<\/p>\n","protected":false},"featured_media":6272,"comment_status":"open","ping_status":"closed","template":"","meta":[],"product_brand":[],"product_cat":[84],"product_tag":[],"class_list":{"0":"post-6255","1":"product","2":"type-product","3":"status-publish","4":"has-post-thumbnail","6":"product_cat-smok-vape","8":"first","9":"instock","10":"shipping-taxable","11":"purchasable","12":"product-type-variable"},"_links":{"self":[{"href":"https:\/\/apexvape.de\/pl\/wp-json\/wp\/v2\/product\/6255","targetHints":{"allow":["GET"]}}],"collection":[{"href":"https:\/\/apexvape.de\/pl\/wp-json\/wp\/v2\/product"}],"about":[{"href":"https:\/\/apexvape.de\/pl\/wp-json\/wp\/v2\/types\/product"}],"replies":[{"embeddable":true,"href":"https:\/\/apexvape.de\/pl\/wp-json\/wp\/v2\/comments?post=6255"}],"version-history":[{"count":0,"href":"https:\/\/apexvape.de\/pl\/wp-json\/wp\/v2\/product\/6255\/revisions"}],"wp:featuredmedia":[{"embeddable":true,"href":"https:\/\/apexvape.de\/pl\/wp-json\/wp\/v2\/media\/6272"}],"wp:attachment":[{"href":"https:\/\/apexvape.de\/pl\/wp-json\/wp\/v2\/media?parent=6255"}],"wp:term":[{"taxonomy":"product_brand","embeddable":true,"href":"https:\/\/apexvape.de\/pl\/wp-json\/wp\/v2\/product_brand?post=6255"},{"taxonomy":"product_cat","embeddable":true,"href":"https:\/\/apexvape.de\/pl\/wp-json\/wp\/v2\/product_cat?post=6255"},{"taxonomy":"product_tag","embeddable":true,"href":"https:\/\/apexvape.de\/pl\/wp-json\/wp\/v2\/product_tag?post=6255"}],"curies":[{"name":"wp","href":"https:\/\/api.w.org\/{rel}","templated":true}]}}