{"id":6193,"date":"2025-12-19T11:28:46","date_gmt":"2025-12-19T10:28:46","guid":{"rendered":"https:\/\/apexvape.de\/?post_type=product&#038;p=6193"},"modified":"2026-02-27T08:21:39","modified_gmt":"2026-02-27T07:21:39","slug":"al-fakher-8000-crystal","status":"publish","type":"product","link":"https:\/\/apexvape.de\/pl\/product\/al-fakher-8000-crystal\/","title":{"rendered":"AL Fakher 8000 Crystal Z\u00fcge Jednorazowy vape"},"content":{"rendered":"<h1>AL Fakher 8000 Crystal Puffs Jednorazowy e-papieros<\/h1>\n<p>AL Fakher 8000 Crystal oferuje 8000 zaci\u0105gni\u0119\u0107 dzi\u0119ki wst\u0119pnie nape\u0142nionemu zbiornikowi o pojemno\u015bci 18 ml i akumulatorowi o pojemno\u015bci 650 mAh, kt\u00f3ry mo\u017cna wielokrotnie \u0142adowa\u0107, zapewniaj\u0105c d\u0142ugotrwa\u0142e u\u017cytkowanie. Urz\u0105dzenie jest wyposa\u017cone w cewk\u0119 siatkow\u0105 0,6 oma zapewniaj\u0105c\u0105 sta\u0142y smak i g\u0119st\u0105 par\u0119, obs\u0142ug\u0119 aktywowan\u0105 zaci\u0105gni\u0119ciem si\u0119 dla \u0142atwego u\u017cytkowania oraz 5 mg nikotyny dla zr\u00f3wnowa\u017conej satysfakcji. To przyjazne dla u\u017cytkownika urz\u0105dzenie nie wymaga uzupe\u0142niania ani skomplikowanych ustawie\u0144 \u2013 wystarczy zaci\u0105gn\u0105\u0107 si\u0119 i cieszy\u0107 si\u0119 delikatnym, niezawodnym doznaniem wapowania. Idealny dla codziennych u\u017cytkownik\u00f3w, wystarcza na kilka dni na jednym \u0142adowaniu i zapewnia autentyczne wra\u017cenia z wapowania dzi\u0119ki r\u00f3wnomiernemu ogrzewaniu i satysfakcjonuj\u0105cej g\u0119sto\u015bci pary podczas ka\u017cdej sesji.<\/p>\n<h2>AL Fakher 8000 Crystal Puffs Najwa\u017cniejsze cechy<\/h2>\n<p>AL Fakher 8000 Crystal zapewnia imponuj\u0105ce 8000 zaci\u0105gni\u0119\u0107 w jednym urz\u0105dzeniu, dzi\u0119ki czemu idealnie nadaje si\u0119 dla codziennych u\u017cytkownik\u00f3w, kt\u00f3rzy chc\u0105 unikn\u0105\u0107 cz\u0119stych wymian. Dzi\u0119ki du\u017cej pojemno\u015bci e-liquidu wynosz\u0105cej 18 ml, otrzymujesz d\u0142ugotrwa\u0142y smak i delikatne wapowanie bezpo\u015brednio po wyj\u0119ciu z opakowania, bez konieczno\u015bci uzupe\u0142niania. Ta gotowa do u\u017cycia konstrukcja oszcz\u0119dza czas i wysi\u0142ek, zapewniaj\u0105c jednocze\u015bnie sta\u0142\u0105 wydajno\u015b\u0107 przez ca\u0142y okres u\u017cytkowania urz\u0105dzenia \u2013 niezawodn\u0105 satysfakcj\u0119 w domu, w podr\u00f3\u017cy lub w sytuacjach towarzyskich.<\/p>\n<p>Urz\u0105dzenie jest zasilane akumulatorem o pojemno\u015bci 650 mAh, dzi\u0119ki czemu mo\u017cna z niego korzysta\u0107 przez d\u0142u\u017cszy czas bez utraty mocy. Akumulator szybko si\u0119 \u0142aduje i zapewnia niezawodne sesje wapowania przez ca\u0142y dzie\u0144, dzi\u0119ki czemu zawsze masz energi\u0119, gdy jej potrzebujesz. W po\u0142\u0105czeniu z du\u017c\u0105 pojemno\u015bci\u0105 e-liquidu, \u017cywotno\u015b\u0107 akumulatora doskonale uzupe\u0142nia pojemno\u015b\u0107 8000 zaci\u0105gni\u0119\u0107, umo\u017cliwiaj\u0105c umiarkowanym u\u017cytkownikom czerpanie przyjemno\u015bci z wapowania przez wiele dni, a okazjonalnym u\u017cytkownikom nawet d\u0142u\u017csze okresy mi\u0119dzy wymianami.<\/p>\n<p>Urz\u0105dzenie jest wyposa\u017cone w cewk\u0119 siatkow\u0105 o impedancji 0,6 oma, kt\u00f3ra zapewnia r\u00f3wnomierne nagrzewanie i sta\u0142y smak przy ka\u017cdym zaci\u0105gni\u0119ciu, wytwarzaj\u0105c g\u0119st\u0105 par\u0119 przy jednoczesnym zachowaniu integralno\u015bci ka\u017cdego profilu smakowego. Dzia\u0142a w oparciu o system aktywowany zaci\u0105gni\u0119ciem i nie wymaga \u017cadnych przycisk\u00f3w ani skomplikowanych ustawie\u0144 \u2013 wystarczy zaci\u0105gn\u0105\u0107 si\u0119, aby aktywowa\u0107 urz\u0105dzenie i cieszy\u0107 si\u0119 delikatnym, przyjaznym dla u\u017cytkownika do\u015bwiadczeniem. Zawarto\u015b\u0107 nikotyny na poziomie 5 mg zapewnia zr\u00f3wnowa\u017cone uczucie w gardle i satysfakcjonuj\u0105ce doznania, nie b\u0119d\u0105c zbyt mocnym ani intensywnym, co jest idealnym rozwi\u0105zaniem dla os\u00f3b poszukuj\u0105cych przyjemnego dostarczania nikotyny.<\/p>\n<p>AL Fakher Crystal 8000 zapewnia autentyczne doznania podczas wapowania, oferuj\u0105c sta\u0142y smak podczas ka\u017cdej sesji i satysfakcjonuj\u0105c\u0105 g\u0119sto\u015b\u0107 pary. Technologia Mesh Coil zapewnia r\u00f3wnomierne ogrzewanie przy ka\u017cdym zaci\u0105gni\u0119ciu, a po\u0142\u0105czenie du\u017cej liczby zaci\u0105gni\u0119\u0107, du\u017cej pojemno\u015bci e-liquidu i niezawodnej baterii tworzy urz\u0105dzenie, kt\u00f3re nadaje si\u0119 do r\u00f3\u017cnych \u015brodowisk. U\u017cytkownicy mog\u0105 oczekiwa\u0107 dobrej wydajno\u015bci, \u0142atwych zaci\u0105gni\u0119\u0107 i szerokiej gamy przyjemnych smak\u00f3w, kt\u00f3re sprawiaj\u0105, \u017ce ka\u017cda sesja wapowania jest przyjemna i satysfakcjonuj\u0105ca.<\/p>\n<h2>Specyfikacje techniczne<\/h2>\n<ul>\n<li><strong>Liczba poci\u0105g\u00f3w:<\/strong> Do 8000 poci\u0105g\u00f3w<\/li>\n<li><strong>Pojemno\u015b\u0107 e-liquidu:<\/strong> 18 ml wst\u0119pnie nape\u0142nione<\/li>\n<li><strong>Moc nikotyny:<\/strong> 5 mg\/ml (0,5 %)<\/li>\n<li><strong>Akumulator:<\/strong> 650 mAh, akumulator<\/li>\n<li><strong>Typ cewki:<\/strong> Cewka siatkowa (0,6 oma)<\/li>\n<li><strong>Tryby pracy:<\/strong> Tryb ekologiczny i tryb boost<\/li>\n<li><strong>Wy\u015bwietlacze:<\/strong> Wska\u017anik stanu akumulatora i poziomu e-p\u0142ynu<\/li>\n<\/ul>\n<h2>AL Fakher 8000 Crystal Puffs Lista smak\u00f3w<\/h2>\n<ol>\n<li>Jagodowy niebieski<\/li>\n<li>Berry Ice<\/li>\n<li>Lody z czarnej porzeczki<\/li>\n<li>Czarna porzeczka i mi\u0119ta<\/li>\n<li>Blue Razz Blast<\/li>\n<li>Niebieska lemoniada razz<\/li>\n<li>Jagoda Wi\u015bnia<\/li>\n<li>Guma jagodowa<\/li>\n<li>Lemoniada jagodowa<\/li>\n<li>Jagoda mi\u0119towa<\/li>\n<li>Jagoda Malina<\/li>\n<li>Jagoda Kwa\u015bna malina<\/li>\n<li>Cherry Fiesta<\/li>\n<li>Cherry Fizz<\/li>\n<li>Lody wi\u015bniowe<\/li>\n<li>Cool Mango<\/li>\n<li>Fusion Pop<\/li>\n<li>Winogrono<\/li>\n<li>Jagoda winogronowa<\/li>\n<li>Winogrono mi\u0119towe<\/li>\n<li>Guma mi\u0119towa<\/li>\n<li>Hubba<\/li>\n<li>Lodowy b\u0142\u0119kit<\/li>\n<li>Cytryna Limonka<\/li>\n<li>Lemon Lime Cherry Fizz<\/li>\n<li>Cytryna i mi\u0119ta<\/li>\n<li>Lush Ice<\/li>\n<li>Magiczna mi\u0142o\u015b\u0107<\/li>\n<li>Mango Ananas<\/li>\n<li>mentol<\/li>\n<li>Mi\u0119ta<\/li>\n<li>Mieszanka jag\u00f3d<\/li>\n<li>Pomara\u0144czowa mi\u0119ta<\/li>\n<li>Lody brzoskwiniowe<\/li>\n<li>Ananasowy l\u00f3d<\/li>\n<li>Kosmiczny sen<\/li>\n<li>Mi\u0119ta zielona<\/li>\n<li>Truskawka Wi\u015bnia<\/li>\n<li>Poncz truskawkowy<\/li>\n<li>Letnie marzenie<\/li>\n<li>Dwa jab\u0142ka<\/li>\n<li>Arbuz Wi\u015bnia<\/li>\n<li>Arbuz Kiwi<\/li>\n<li>Arbuz z limonk\u0105<\/li>\n<li>Arbuz Ananas<\/li>\n<\/ol>\n<h2>Cz\u0119sto zadawane pytania (FAQ)<\/h2>\n<p><strong>1. Ile ruch\u00f3w oferuje to urz\u0105dzenie?<\/strong> Ten jednorazowy e-papieros zapewnia do 8000 zaci\u0105gni\u0119\u0107, dzi\u0119ki czemu idealnie nadaje si\u0119 dla codziennych u\u017cytkownik\u00f3w, kt\u00f3rzy chc\u0105 unikn\u0105\u0107 cz\u0119stej wymiany. Du\u017ca liczba zaci\u0105gni\u0119\u0107 w po\u0142\u0105czeniu z pojemno\u015bci\u0105 18 ml e-liquidu zapewnia d\u0142ugotrwa\u0142\u0105 wydajno\u015b\u0107 przez kilka dni u\u017cytkowania.<\/p>\n<p><strong>2. Jakiego typu cewki u\u017cywa urz\u0105dzenie?<\/strong> Urz\u0105dzenie wyposa\u017cone jest w cewk\u0119 siatkow\u0105 o impedancji 0,6 oma, kt\u00f3ra zapewnia r\u00f3wnomierne nagrzewanie i sta\u0142y smak przy ka\u017cdym zaci\u0105gni\u0119ciu. Technologia tej cewki generuje g\u0119st\u0105 par\u0119, zachowuj\u0105c jednocze\u015bnie jako\u015b\u0107 smaku przez ca\u0142y czas trwania sesji wapowania.<\/p>\n<p><strong>3. Czy akumulator jest wielokrotnego \u0142adowania?<\/strong> Tak, jest wyposa\u017cony w akumulator o pojemno\u015bci 650 mAh, kt\u00f3ry zapewnia d\u0142u\u017cszy czas u\u017cytkowania i szybkie \u0142adowanie. Akumulator jest zaprojektowany tak, aby wytrzyma\u0107 kilka sesji i zapewnia niezawodn\u0105 wydajno\u015b\u0107 przez ca\u0142y dzie\u0144.<\/p>\n<p><strong>4. Jak aktywowa\u0107 ten e-papieros?<\/strong> Urz\u0105dzenie jest aktywowane przez wdech, co oznacza, \u017ce nie wymaga \u017cadnych przycisk\u00f3w ani skomplikowanych ustawie\u0144. Wystarczy wzi\u0105\u0107 wdech, aby aktywowa\u0107 urz\u0105dzenie i cieszy\u0107 si\u0119 prost\u0105, przyjazn\u0105 dla u\u017cytkownika obs\u0142ug\u0105.<\/p>\n<p><strong>5. Jakie st\u0119\u017cenia nikotyny s\u0105 dost\u0119pne?<\/strong> Urz\u0105dzenie zawiera 5 mg nikotyny, co zapewnia zr\u00f3wnowa\u017cone uczucie w gardle, nie b\u0119d\u0105c zbyt mocnym. Ta moc zapewnia satysfakcjonuj\u0105cy dop\u0142yw nikotyny, kt\u00f3ry jest przyjemny dla wi\u0119kszo\u015bci u\u017cytkownik\u00f3w.<\/p>\n<h2>Odkryj wi\u0119cej produkt\u00f3w AL FAKHER VAPE w Apexvape<\/h2>\n<p>Odkryj AL Fakher 8000 Crystal i inne produkty premium w naszym sklepie internetowym. W <strong><a href=\"https:\/\/apexvape.de\/pl\/\">Apex Vape<\/a><\/strong> znajdziesz szeroki wyb\u00f3r wysokiej jako\u015bci e-papieros\u00f3w i produkt\u00f3w do wapowania dla ka\u017cdego gustu. Interesuj\u0105 Ci\u0119 inne produkty AL Fakher? Odwied\u017a nasz\u0105 stron\u0119 <strong><a href=\"https:\/\/apexvape.de\/pl\/product-category\/al-fakher-vape\/\">AL FAKHER VAPE Kategoria<\/a><\/strong> i odkryj pe\u0142n\u0105 gam\u0119 produkt\u00f3w tej popularnej marki. Skorzystaj z szybkiej wysy\u0142ki, doskona\u0142ej obs\u0142ugi klienta i autentycznych produkt\u00f3w dostarczanych bezpo\u015brednio do Twojego domu.<\/p>","protected":false},"excerpt":{"rendered":"<p class=\"font-claude-response-body break-words whitespace-normal leading-[1.7]\">Die AL Fakher 8000 Crystal Einweg-E-Zigarette bietet bis zu 8.000 Z\u00fcge mit 18 ml vorbef\u00fclltem E-Liquid und 5 mg Nikotin. Der wiederaufladbare 650-mAh-Akku und die 0,6-Ohm-Mesh-Coil sorgen f\u00fcr konstanten Geschmack und dichten Dampf. Zugaktiviert, mit Eco- und Boost-Modus sowie praktischen Displays f\u00fcr Akku und F\u00fcllstand.<\/p>\n","protected":false},"featured_media":6240,"comment_status":"open","ping_status":"closed","template":"","meta":[],"product_brand":[],"product_cat":[83],"product_tag":[],"class_list":{"0":"post-6193","1":"product","2":"type-product","3":"status-publish","4":"has-post-thumbnail","6":"product_cat-al-fakher-vape","8":"first","9":"instock","10":"shipping-taxable","11":"purchasable","12":"product-type-variable"},"_links":{"self":[{"href":"https:\/\/apexvape.de\/pl\/wp-json\/wp\/v2\/product\/6193","targetHints":{"allow":["GET"]}}],"collection":[{"href":"https:\/\/apexvape.de\/pl\/wp-json\/wp\/v2\/product"}],"about":[{"href":"https:\/\/apexvape.de\/pl\/wp-json\/wp\/v2\/types\/product"}],"replies":[{"embeddable":true,"href":"https:\/\/apexvape.de\/pl\/wp-json\/wp\/v2\/comments?post=6193"}],"version-history":[{"count":0,"href":"https:\/\/apexvape.de\/pl\/wp-json\/wp\/v2\/product\/6193\/revisions"}],"wp:featuredmedia":[{"embeddable":true,"href":"https:\/\/apexvape.de\/pl\/wp-json\/wp\/v2\/media\/6240"}],"wp:attachment":[{"href":"https:\/\/apexvape.de\/pl\/wp-json\/wp\/v2\/media?parent=6193"}],"wp:term":[{"taxonomy":"product_brand","embeddable":true,"href":"https:\/\/apexvape.de\/pl\/wp-json\/wp\/v2\/product_brand?post=6193"},{"taxonomy":"product_cat","embeddable":true,"href":"https:\/\/apexvape.de\/pl\/wp-json\/wp\/v2\/product_cat?post=6193"},{"taxonomy":"product_tag","embeddable":true,"href":"https:\/\/apexvape.de\/pl\/wp-json\/wp\/v2\/product_tag?post=6193"}],"curies":[{"name":"wp","href":"https:\/\/api.w.org\/{rel}","templated":true}]}}