{"id":6152,"date":"2025-12-16T15:04:49","date_gmt":"2025-12-16T14:04:49","guid":{"rendered":"https:\/\/apexvape.de\/?post_type=product&#038;p=6152"},"modified":"2025-12-16T15:06:50","modified_gmt":"2025-12-16T14:06:50","slug":"fihp-60000","status":"publish","type":"product","link":"https:\/\/apexvape.de\/pl\/product\/fihp-60000\/","title":{"rendered":"FIHP 60000 zaci\u0105gni\u0119\u0107 Jednorazowy vape"},"content":{"rendered":"<h1>FIHP 60000 Triple 3 w 1 | 60000 zaci\u0105gni\u0119\u0107 Jednorazowy vape o potr\u00f3jnym smaku w sprzeda\u017cy hurtowej<\/h1>\n<p>FIHP 60000 Z\u00fcge Vape oferuje wyj\u0105tkow\u0105 wydajno\u015b\u0107 zapewniaj\u0105c\u0105 d\u0142ugotrwa\u0142\u0105 przyjemno\u015b\u0107 i przekonuje imponuj\u0105c\u0105 pojemno\u015bci\u0105 do 60 000 zaci\u0105gni\u0119\u0107, co pozwala na d\u0142ugie sesje wapowania bez konieczno\u015bci cz\u0119stej wymiany. To wysokowydajne urz\u0105dzenie spe\u0142nia r\u00f3\u017cne preferencje dzi\u0119ki regulowanej zawarto\u015bci nikotyny 2% i 5%, dzi\u0119ki czemu u\u017cytkownicy mog\u0105 wybiera\u0107 mi\u0119dzy \u0142agodn\u0105, umiarkowan\u0105 satysfakcj\u0105 a mocnymi, intensywnymi zaci\u0105gni\u0119ciami, w zale\u017cno\u015bci od indywidualnych potrzeb.<\/p>\n<h2>FIHP 60000 poci\u0105gi Najwa\u017cniejsze cechy:<\/h2>\n<p>Zaawansowana technologia nap\u0119dza to urz\u0105dzenie dzi\u0119ki ogromnej pojemno\u015bci 54 ml e-p\u0142ynu w po\u0142\u0105czeniu z wyrafinowanym systemem podw\u00f3jnej cewki siatkowej, kt\u00f3ry wytwarza bogate, aromatyczne chmury pary przy ka\u017cdym zaci\u0105gni\u0119ciu. Technologia podw\u00f3jnej siatki zapewnia sta\u0142\u0105 produkcj\u0119 pary i lepsze uwalnianie smaku, maksymalizuj\u0105c jako\u015b\u0107 dozna\u0144 zwi\u0105zanych z wapowaniem od pierwszego do ostatniego zaci\u0105gni\u0119cia.<\/p>\n<p>To, co naprawd\u0119 wyr\u00f3\u017cnia ten vape, to innowacyjny system potr\u00f3jnego smaku, kt\u00f3ry pozwala u\u017cytkownikom p\u0142ynnie prze\u0142\u0105cza\u0107 si\u0119 mi\u0119dzy trzema r\u00f3\u017cnymi smakami w jednym urz\u0105dzeniu. Dzi\u0119ki 10 ekscytuj\u0105cym opcjom smakowym funkcja ta sprawia, \u017ce sesje wapowania s\u0105 dynamiczne i ekscytuj\u0105ce, zapobiega zm\u0119czeniu smakiem i zapewnia niezwyk\u0142\u0105 r\u00f3\u017cnorodno\u015b\u0107 bez konieczno\u015bci noszenia ze sob\u0105 wielu urz\u0105dze\u0144.<\/p>\n<p>Wygoda \u0142\u0105czy si\u0119 z niezawodno\u015bci\u0105 dzi\u0119ki wbudowanemu akumulatorowi o pojemno\u015bci 650 mAh i funkcji szybkiego \u0142adowania typu C, kt\u00f3ra gwarantuje minimalny czas przestoju, gdy potrzebujesz zastrzyku energii. Inteligentny wy\u015bwietlacz LED zapewnia wyra\u017ane informacje w czasie rzeczywistym o stanie baterii i poziomie e-p\u0142ynu, dzi\u0119ki czemu zawsze masz pe\u0142n\u0105 kontrol\u0119 i jeste\u015b na bie\u017c\u0105co, co zapewnia p\u0142ynne i bezproblemowe wra\u017cenia z wapowania, \u0142\u0105cz\u0105ce wydajno\u015b\u0107, r\u00f3\u017cnorodno\u015b\u0107 i \u0142atw\u0105 obs\u0142ug\u0119.<\/p>\n<h2>Specyfikacje produktu:<\/h2>\n<ul>\n<li><strong>Poci\u0105gi:<\/strong> Do 60 000 poci\u0105g\u00f3w<\/li>\n<li><strong>Nikotyna:<\/strong> 2%\/5%<\/li>\n<li><strong>Cewka z podw\u00f3jn\u0105 siatk\u0105<\/strong><\/li>\n<li><strong>E-liquid:<\/strong> 54 ml<\/li>\n<li><strong>Bateria:<\/strong> 650 mAh<\/li>\n<li><strong>Akumulator:<\/strong> Typ C<\/li>\n<li><strong>Potr\u00f3jny smak<\/strong><\/li>\n<li><strong>10 smak\u00f3w do wyboru<\/strong><\/li>\n<\/ul>\n<h2>FIHP 60000 poci\u0105gni\u0119\u0107 Lista smak\u00f3w:<\/h2>\n<ol>\n<li>Arbuz Lody\/Red Bull\/Truskawka Kiwi<\/li>\n<li>Cytryna Limonka\/Truskawka Arbuz\/Jagoda Lody<\/li>\n<li>Truskawka Banany\/Podw\u00f3jne jab\u0142ko\/Malina Arbuz<\/li>\n<li>Truskawka Kiwi\/Kwa\u015bny mango Ananas\/Red Bull<\/li>\n<li>Owoce tropikalne\/truskawka Arbuz\/cytryna Brzoskwinia<\/li>\n<li>Ananas Kokos\/Blue Razz\/Truskawka Banana<\/li>\n<li>Truskawka Malina\/Potr\u00f3jny melon\/Kwa\u015bny mango Ananas<\/li>\n<li>Mieszanka jag\u00f3d\/maliny Arbuz\/mango Brzoskwinia<\/li>\n<li>Jagoda Malina\/truskawka Wanilia Cola\/cytryna Limonka<\/li>\n<li>Arbuzowy lody\/brzoskwiniowe jagody\/potr\u00f3jny melon<\/li>\n<\/ol>\n<h2>FIHP 60000 poci\u0105g\u00f3w Cz\u0119sto zadawane pytania<\/h2>\n<p><strong>1. Ile zaci\u0105gni\u0119\u0107 oferuje ten wysokowydajny vape?<\/strong><\/p>\n<p>Urz\u0105dzenie to zapewnia do 60 000 zaci\u0105gni\u0119\u0107, gwarantuj\u0105c d\u0142ugie sesje wapowania bez konieczno\u015bci cz\u0119stej wymiany. Ogromna pojemno\u015b\u0107 54 ml e-liquidu zapewnia d\u0142ugotrwa\u0142\u0105 wydajno\u015b\u0107 dla u\u017cytkownik\u00f3w oczekuj\u0105cych niezawodno\u015bci.<\/p>\n<p><strong>2. Czym jest system potr\u00f3jnego smaku?<\/strong><\/p>\n<p>Innowacyjny system Triple Flavor pozwala na p\u0142ynne przechodzenie mi\u0119dzy trzema r\u00f3\u017cnymi smakami w jednym urz\u0105dzeniu. Dzi\u0119ki 10 ekscytuj\u0105cym opcjom smakowym mo\u017cesz dynamicznie kszta\u0142towa\u0107 swoje sesje i unikn\u0105\u0107 zm\u0119czenia smakowego.<\/p>\n<p><strong>3. Jakie st\u0119\u017cenia nikotyny mog\u0119 wybra\u0107?<\/strong><\/p>\n<p>Mo\u017cesz wybra\u0107 poziom nikotyny od 2% do 5%. Ta elastyczno\u015b\u0107 pozwala dostosowa\u0107 doznania do w\u0142asnych preferencji, niezale\u017cnie od tego, czy wolisz \u0142agodne, umiarkowane doznania, czy mocne, intensywne zaci\u0105gni\u0119cia.<\/p>\n<p><strong>4. W jaki spos\u00f3b cewka Dual Mesh poprawia wydajno\u015b\u0107?<\/strong><\/p>\n<p>Zaawansowany system Dual Mesh Coil wytwarza bogate, aromatyczne chmury pary o sta\u0142ej wydajno\u015bci. Technologia ta poprawia smak i zapewnia wysok\u0105 jako\u015b\u0107 od pierwszego do ostatniego zaci\u0105gni\u0119cia.<\/p>\n<p><strong>5. Jakie funkcje pomagaj\u0105 w monitorowaniu stanu urz\u0105dzenia?<\/strong><\/p>\n<p>Inteligentny wy\u015bwietlacz LED dostarcza jasnych informacji w czasie rzeczywistym o stanie baterii i poziomie e-p\u0142ynu. W po\u0142\u0105czeniu z akumulatorem o pojemno\u015bci 650 mAh i szybkim \u0142adowaniem typu C, zawsze jeste\u015b na bie\u017c\u0105co i do\u015bwiadczasz minimalnych przestoj\u00f3w.<\/p>\n<h2>Zam\u00f3w teraz FIHP 60000 w sprzeda\u017cy hurtowej<\/h2>\n<p>Odkryj FIHP 60000 Triple 3-in-1 Vape i skorzystaj z naszej atrakcyjnej oferty hurtowej. Przy <strong><a href=\"https:\/\/apexvape.de\/pl\/\">Apex Vape<\/a><\/strong> znajdziesz szeroki wyb\u00f3r wysokiej jako\u015bci jednorazowych vape'\u00f3w w konkurencyjnych cenach. Przejrzyj nasz\u0105 pe\u0142n\u0105 ofert\u0119 <strong><a href=\"https:\/\/apexvape.de\/pl\/product-category\/fihp-vape\/\">Kolekcja FIHP VAPE<\/a><\/strong> i zapewnij sobie najnowsze modele z innowacyjn\u0105 technologi\u0105 Triple Flavor dla swojej firmy. Skorzystaj z szybkiej wysy\u0142ki, niezawodnej obs\u0142ugi i najwy\u017cszej jako\u015bci dla swoich klient\u00f3w.<\/p>","protected":false},"excerpt":{"rendered":"<div class=\"group relative pb-3\" data-is-streaming=\"false\">\n<div class=\"font-claude-response relative leading-[1.65rem] [&amp;_pre&gt;div]:bg-bg-000\/50 [&amp;_pre&gt;div]:border-0.5 [&amp;_pre&gt;div]:border-border-400 [&amp;_.ignore-pre-bg&gt;div]:bg-transparent [&amp;_.standard-markdown_:is(p,blockquote,h1,h2,h3,h4,h5,h6)]:pl-2 [&amp;_.standard-markdown_:is(p,blockquote,ul,ol,h1,h2,h3,h4,h5,h6)]:pr-8 [&amp;_.progressive-markdown_:is(p,blockquote,h1,h2,h3,h4,h5,h6)]:pl-2 [&amp;_.progressive-markdown_:is(p,blockquote,ul,ol,h1,h2,h3,h4,h5,h6)]:pr-8\">\n<div>\n<div class=\"standard-markdown grid-cols-1 grid gap-4 [&amp;_&gt;_*]:min-w-0 standard-markdown\">\n<p class=\"font-claude-response-body break-words whitespace-normal leading-[1.7]\">Der FIHP 60000 Z\u00fcge \u00fcberzeugt mit revolution\u00e4rem Triple-Flavor-System f\u00fcr drei Geschmacksrichtungen in einem Ger\u00e4t. Mit 54ml E-Liquid-Kapazit\u00e4t, Dual-Mesh-Coil-Technologie und 650mAh Type-C Schnelllade-Akku bietet er maximale Leistung. Das LED-Display zeigt Batterie- und F\u00fcllstand. Erh\u00e4ltlich in 10 Geschmacksrichtungen.<\/p>\n<\/div>\n<\/div>\n<\/div>\n<\/div>\n<div class=\"flex justify-start opacity-0 group-hover:opacity-100 group-focus-within:opacity-100 transition\" role=\"group\" aria-label=\"Message actions\">\n<div class=\"text-text-300\">\n<div class=\"text-text-300 flex items-stretch justify-between\">\n<div class=\"w-fit\" data-state=\"closed\">\n<div class=\"relative text-text-500 group-hover\/btn:text-text-100\">\n<div class=\"flex items-center justify-center transition-all opacity-100 scale-100\"><\/div>\n<div class=\"flex items-center justify-center absolute top-0 left-0 transition-all opacity-0 scale-50\"><\/div>\n<\/div>\n<\/div>\n<div class=\"w-fit\" data-state=\"closed\">\n<div class=\"flex items-center justify-center text-text-500 group-hover\/btn:text-text-100\"><\/div>\n<\/div>\n<div class=\"w-fit\" data-state=\"closed\">\n<div class=\"flex items-center justify-center text-text-500 group-hover\/btn:text-text-100\"><\/div>\n<\/div>\n<div class=\"flex items-center\"><\/div>\n<\/div>\n<\/div>\n<\/div>\n","protected":false},"featured_media":6153,"comment_status":"open","ping_status":"closed","template":"","meta":[],"product_brand":[],"product_cat":[82],"product_tag":[],"class_list":{"0":"post-6152","1":"product","2":"type-product","3":"status-publish","4":"has-post-thumbnail","6":"product_cat-fihp-vape","8":"first","9":"instock","10":"shipping-taxable","11":"purchasable","12":"product-type-variable"},"_links":{"self":[{"href":"https:\/\/apexvape.de\/pl\/wp-json\/wp\/v2\/product\/6152","targetHints":{"allow":["GET"]}}],"collection":[{"href":"https:\/\/apexvape.de\/pl\/wp-json\/wp\/v2\/product"}],"about":[{"href":"https:\/\/apexvape.de\/pl\/wp-json\/wp\/v2\/types\/product"}],"replies":[{"embeddable":true,"href":"https:\/\/apexvape.de\/pl\/wp-json\/wp\/v2\/comments?post=6152"}],"version-history":[{"count":0,"href":"https:\/\/apexvape.de\/pl\/wp-json\/wp\/v2\/product\/6152\/revisions"}],"wp:featuredmedia":[{"embeddable":true,"href":"https:\/\/apexvape.de\/pl\/wp-json\/wp\/v2\/media\/6153"}],"wp:attachment":[{"href":"https:\/\/apexvape.de\/pl\/wp-json\/wp\/v2\/media?parent=6152"}],"wp:term":[{"taxonomy":"product_brand","embeddable":true,"href":"https:\/\/apexvape.de\/pl\/wp-json\/wp\/v2\/product_brand?post=6152"},{"taxonomy":"product_cat","embeddable":true,"href":"https:\/\/apexvape.de\/pl\/wp-json\/wp\/v2\/product_cat?post=6152"},{"taxonomy":"product_tag","embeddable":true,"href":"https:\/\/apexvape.de\/pl\/wp-json\/wp\/v2\/product_tag?post=6152"}],"curies":[{"name":"wp","href":"https:\/\/api.w.org\/{rel}","templated":true}]}}