{"id":6089,"date":"2025-12-16T14:35:33","date_gmt":"2025-12-16T13:35:33","guid":{"rendered":"https:\/\/apexvape.de\/?post_type=product&#038;p=6089"},"modified":"2025-12-16T14:36:52","modified_gmt":"2025-12-16T13:36:52","slug":"fihp-120k-6in1-multi","status":"publish","type":"product","link":"https:\/\/apexvape.de\/pl\/product\/fihp-120k-6in1-multi\/","title":{"rendered":"FIHP 120k 6w1 Multi Z\u00fcge Jednorazowy vape"},"content":{"rendered":"<h1>FIHP 120k 6w1 jednorazowy e-papieros o wielu smakach | 120 000 zaci\u0105gni\u0119\u0107 Inteligentny, wielokrotnego \u0142adowania vape z 6 zbiornikami na e-liquid<\/h1>\n<p>FIHP 120k 6in1 Multi oferuje wyj\u0105tkowe 120 000 zaci\u0105gni\u0119\u0107 dzi\u0119ki ogromnej pojemno\u015bci 64 ml e-liquidu, zapewniaj\u0105cej tygodnie przyjemno\u015bci z vapowania. Innowacyjny system 6 w 1 umo\u017cliwia natychmiastowe prze\u0142\u0105czanie mi\u0119dzy sze\u015bcioma starannie dobranymi smakami. Zaawansowana technologia podw\u00f3jnej cewki siatkowej 0,9 oma zapewnia g\u0119st\u0105 par\u0119 i intensywny smak, a regulowana zawarto\u015b\u0107 nikotyny 2% i 5% pozwala dostosowa\u0107 urz\u0105dzenie do w\u0142asnych preferencji. Akumulator o pojemno\u015bci 650 mAh jest wyposa\u017cony w funkcj\u0119 szybkiego \u0142adowania typu C, a wy\u015bwietlacz LED monitoruje poziom na\u0142adowania akumulatora i poziomu e-liquidu. Kompaktowe wymiary (44\u00d744\u00d7112 mm) gwarantuj\u0105 przeno\u015bno\u015b\u0107 bez utraty wydajno\u015bci i sprawiaj\u0105, \u017ce jest to idealne rozwi\u0105zanie typu \u201ewszystko w jednym\u201d.<\/p>\n<h2>FIHP 120k 6w1 Multi Cechy szczeg\u00f3lne:<\/h2>\n<p>FIHP 120k 6in1 Multi rewolucjonizuje jednorazowe vaping dzi\u0119ki wyj\u0105tkowej pojemno\u015bci 120 000 zaci\u0105gni\u0119\u0107, kt\u00f3ra zapewnia tygodnie nieprzerwanej przyjemno\u015bci i nale\u017cy do najwy\u017cszych warto\u015bci na rynku. Ta ogromna pojemno\u015b\u0107 jest wspierana przez pojemny zbiornik na e-liquid o pojemno\u015bci 64 ml, dzi\u0119ki czemu urz\u0105dzenie jest naprawd\u0119 trwa\u0142e i nie wymaga cz\u0119stej wymiany.<\/p>\n<p>To, co wyr\u00f3\u017cnia to urz\u0105dzenie, to innowacyjny system smak\u00f3w 6 w 1, kt\u00f3ry pozwala na \u0142atwe prze\u0142\u0105czanie si\u0119 mi\u0119dzy sze\u015bcioma wyselekcjonowanymi smakami, dostosowuj\u0105c si\u0119 do nastroju i preferencji w ci\u0105gu dnia. Zaawansowana technologia podw\u00f3jnej cewki siatkowej o rezystancji 0,9 oma zapewnia r\u00f3wnomierne ogrzewanie i wytwarza bogat\u0105, g\u0119st\u0105 par\u0119 oraz czysty, intensywny smak przy ka\u017cdym zaci\u0105gni\u0119ciu. Regulowana zawarto\u015b\u0107 nikotyny 2% i 5% pozwala idealnie dostosowa\u0107 wra\u017cenia z wapowania do indywidualnych potrzeb.<\/p>\n<p>Niezawodny wbudowany akumulator o pojemno\u015bci 650 mAh zapewnia sta\u0142\u0105 wydajno\u015b\u0107 przez ca\u0142y okres u\u017cytkowania, a technologia szybkiego \u0142adowania typu C minimalizuje przestoje i pozwala szybko wr\u00f3ci\u0107 do vapowania. Intuicyjny wy\u015bwietlacz LED zapewnia pe\u0142n\u0105 kontrol\u0119 i dostarcza informacji o stanie na\u0142adowania akumulatora i poziomie e-liquidu, dzi\u0119ki czemu nigdy nie zostaniesz zaskoczony.<\/p>\n<p>Pomimo imponuj\u0105cych mo\u017cliwo\u015bci, FIHP 120k 6in1 Multi zachowuje smuk\u0142\u0105 i przeno\u015bn\u0105 konstrukcj\u0119 o kompaktowych wymiarach 44\u00d744\u00d7112 mm. Ergonomiczna konstrukcja sprawia, \u017ce jest wygodny w trzymaniu i \u0142atwy do zabrania ze sob\u0105 wsz\u0119dzie, co dowodzi, \u017ce maksymalna wydajno\u015b\u0107 nie wymaga rezygnacji z przeno\u015bno\u015bci lub stylu. Urz\u0105dzenie to doskonale \u0142\u0105czy w sobie innowacyjno\u015b\u0107, wszechstronno\u015b\u0107 i wygod\u0119 dla u\u017cytkownik\u00f3w poszukuj\u0105cych wyj\u0105tkowego rozwi\u0105zania typu \u201ewszystko w jednym\u201d.<\/p>\n<h2>Dane techniczne:<\/h2>\n<ul>\n<li><strong>Poci\u0105gi:<\/strong> Do 120 000 poci\u0105g\u00f3w<\/li>\n<li><strong>Moc nikotyny:<\/strong> 2%, 5%<\/li>\n<li><strong>E-liquid:<\/strong> 64 ml<\/li>\n<li><strong>Smaki:<\/strong> 6 regulowanych aromat\u00f3w<\/li>\n<li><strong>G\u0142owica parownika:<\/strong> Podw\u00f3jna cewka siatkowa<\/li>\n<li><strong>Pojemno\u015b\u0107 akumulatora:<\/strong> 650 mAh<\/li>\n<li><strong>Wy\u015bwietlacz:<\/strong> wy\u015bwietlacz LED<\/li>\n<li><strong>Do\u0142adowanie:<\/strong> Szybkie \u0142adowanie typu C<\/li>\n<li><strong>Opakowanie:<\/strong> 10 sztuk\/pude\u0142ko<\/li>\n<\/ul>\n<h2>FIHP 120k 6w1 Lista smak\u00f3w:<\/h2>\n<p><strong>Opcja 1:<\/strong> Truskawka-arbuz \/ Lody arbuzowe \/ Red Bull \/ Truskawka-kiwi \/ Lody jagodowe \/ Cytryna-limonka<\/p>\n<p><strong>Opcja 2:<\/strong> Cytryna-brzoskwinia \/ Truskawka-banan \/ Podw\u00f3jne jab\u0142ko \/ Malina-arbuz \/ Kwa\u015bny mango-ananas \/ Owoce tropikalne<\/p>\n<p><strong>Opcja 3:<\/strong> Truskawka-wanilia-cola \/ Ananas-kokos \/ Blue Razz \/ Mieszanka jag\u00f3d \/ Mango-brzoskwinia \/ Jagoda-malina<\/p>\n<p><strong>Opcja 4:<\/strong> \u017belki \/ Brzoskwinia-jagoda \/ Potr\u00f3jny melon \/ Lody winogronowe \/ Lody Black Dragon \/ Lody wi\u015bniowe z musowaniem<\/p>\n<p><strong>Opcja 5:<\/strong> Lody brzoskwiniowe \/ Rainbow Candy \/ Lody wi\u015bniowo-cola \/ Love 666 \/ Lody mango \/ Wata cukrowa o smaku jagodowym<\/p>\n<p><strong>Opcja 6:<\/strong> Arbuzowo-cytrynowy \/ Lody aloesowo-licziowe \/ R\u00f3\u017cowa cytryna \/ Lody lodowcowe \/ Ig\u0142y sosny i mi\u0119ta \/ Lody z czarnej porzeczki<\/p>\n<h2>Cz\u0119sto zadawane pytania (FAQ)<\/h2>\n<p><strong>1. Ile zaci\u0105gni\u0119\u0107 zapewnia ten jednorazowy e-papieros 6 w 1?<\/strong><\/p>\n<p>To urz\u0105dzenie zapewnia imponuj\u0105ce 120 000 zaci\u0105gni\u0119\u0107, co czyni je jednym z najtrwalszych dost\u0119pnych na rynku. Dzi\u0119ki ogromnej pojemno\u015bci 64 ml e-liquidu zosta\u0142o zaprojektowane tak, aby zapewni\u0107 tygodnie nieprzerwanej przyjemno\u015bci z vapowania.<\/p>\n<p><strong>2. Co sprawia, \u017ce system smak\u00f3w 6 w 1 jest tak wyj\u0105tkowy?<\/strong><\/p>\n<p>Innowacyjny system aromat\u00f3w pozwala na wyb\u00f3r jednego z sze\u015bciu r\u00f3\u017cnych smak\u00f3w w jednym urz\u0105dzeniu. Oznacza to, \u017ce mo\u017cesz \u0142atwo dostosowa\u0107 sw\u00f3j vape do nastroju, bez konieczno\u015bci noszenia przy sobie wielu urz\u0105dze\u0144 lub wk\u0142ad\u00f3w.<\/p>\n<p><strong>3. Jakie s\u0105 dost\u0119pne poziomy nikotyny?<\/strong><\/p>\n<p>Mo\u017cesz wybiera\u0107 spo\u015br\u00f3d opcji nikotynowych od 2% do 5%, co pozwala dostosowa\u0107 doznania do osobistych preferencji i potrzeb.<\/p>\n<p><strong>4. Jak d\u0142ugo trwa \u0142adowanie akumulatora?<\/strong><\/p>\n<p>Wbudowany akumulator o pojemno\u015bci 650 mAh obs\u0142uguje szybkie \u0142adowanie typu C, minimalizuj\u0105c przestoje i umo\u017cliwiaj\u0105c szybki powr\u00f3t do wapowania. Wy\u015bwietlacz LED informuje o stanie na\u0142adowania akumulatora, dzi\u0119ki czemu mo\u017cna go na\u0142adowa\u0107 w odpowiednim momencie.<\/p>\n<p><strong>5. Czy to urz\u0105dzenie jest \u0142atwe w transporcie?<\/strong><\/p>\n<p>Tak, pomimo du\u017cej pojemno\u015bci urz\u0105dzenie ma kompaktow\u0105 i ergonomiczn\u0105 konstrukcj\u0119 o wymiarach 44\u00d744\u00d7112 mm. Smuk\u0142a konstrukcja sprawia, \u017ce jest wygodne w trzymaniu i wystarczaj\u0105co przeno\u015bne, aby zabra\u0107 je ze sob\u0105 wsz\u0119dzie.<\/p>\n<h2>Dowiedz si\u0119 wi\u0119cej na stronie Apex Vape<\/h2>\n<p>FIHP 120k 6in1 Multi to tylko jeden z wielu wysokiej jako\u015bci produkt\u00f3w do wapowania w naszej ofercie. Odwied\u017a nasz\u0105 stron\u0119 internetow\u0105. <strong><a href=\"https:\/\/apexvape.de\/pl\/\">Strona g\u0142\u00f3wna<\/a><\/strong>, aby zapozna\u0107 si\u0119 z pe\u0142n\u0105 ofert\u0105 produkt\u00f3w, lub przejrzyj nasz\u0105 bogat\u0105 <strong><a href=\"https:\/\/apexvape.de\/pl\/product-category\/fihp-vape\/\">Kolekcja FIHP VAPE<\/a><\/strong>, gdzie znajdziesz inne innowacyjne jednorazowe e-papierosy i wysokiej jako\u015bci rozwi\u0105zania do wapowania. W Apex Vape oferujemy najwy\u017csz\u0105 jako\u015b\u0107, szybk\u0105 wysy\u0142k\u0119 i doskona\u0142\u0105 obs\u0142ug\u0119 klienta, aby zapewni\u0107 Ci idealne wra\u017cenia z wapowania.<\/p>","protected":false},"excerpt":{"rendered":"<p class=\"font-claude-response-body break-words whitespace-normal leading-[1.7]\">Die FIHP 120k 6in1 Multi bietet revolution\u00e4re 120.000 Z\u00fcge mit 64ml E-Liquid-Kapazit\u00e4t. Wechseln Sie m\u00fchelos zwischen 6 Premium-Geschmacksrichtungen, genie\u00dfen Sie intensiven Dampf dank Dual-Mesh-Coil und profitieren Sie von Type-C Schnellladung. LED-Display zeigt Akku- und Liquid-Stand. Kompakt, leistungsstark, perfekt!<\/p>\n","protected":false},"featured_media":6090,"comment_status":"open","ping_status":"closed","template":"","meta":[],"product_brand":[],"product_cat":[82],"product_tag":[],"class_list":{"0":"post-6089","1":"product","2":"type-product","3":"status-publish","4":"has-post-thumbnail","6":"product_cat-fihp-vape","8":"first","9":"instock","10":"shipping-taxable","11":"purchasable","12":"product-type-variable"},"_links":{"self":[{"href":"https:\/\/apexvape.de\/pl\/wp-json\/wp\/v2\/product\/6089","targetHints":{"allow":["GET"]}}],"collection":[{"href":"https:\/\/apexvape.de\/pl\/wp-json\/wp\/v2\/product"}],"about":[{"href":"https:\/\/apexvape.de\/pl\/wp-json\/wp\/v2\/types\/product"}],"replies":[{"embeddable":true,"href":"https:\/\/apexvape.de\/pl\/wp-json\/wp\/v2\/comments?post=6089"}],"version-history":[{"count":0,"href":"https:\/\/apexvape.de\/pl\/wp-json\/wp\/v2\/product\/6089\/revisions"}],"wp:featuredmedia":[{"embeddable":true,"href":"https:\/\/apexvape.de\/pl\/wp-json\/wp\/v2\/media\/6090"}],"wp:attachment":[{"href":"https:\/\/apexvape.de\/pl\/wp-json\/wp\/v2\/media?parent=6089"}],"wp:term":[{"taxonomy":"product_brand","embeddable":true,"href":"https:\/\/apexvape.de\/pl\/wp-json\/wp\/v2\/product_brand?post=6089"},{"taxonomy":"product_cat","embeddable":true,"href":"https:\/\/apexvape.de\/pl\/wp-json\/wp\/v2\/product_cat?post=6089"},{"taxonomy":"product_tag","embeddable":true,"href":"https:\/\/apexvape.de\/pl\/wp-json\/wp\/v2\/product_tag?post=6089"}],"curies":[{"name":"wp","href":"https:\/\/api.w.org\/{rel}","templated":true}]}}