{"id":6027,"date":"2025-12-15T11:19:05","date_gmt":"2025-12-15T10:19:05","guid":{"rendered":"https:\/\/apexvape.de\/?post_type=product&#038;p=6027"},"modified":"2025-12-15T11:20:07","modified_gmt":"2025-12-15T10:20:07","slug":"okso-shisha-max-40000","status":"publish","type":"product","link":"https:\/\/apexvape.de\/pl\/product\/okso-shisha-max-40000\/","title":{"rendered":"OKSO Shisha Max 40000 zaci\u0105gni\u0119\u0107 Jednorazowy vape"},"content":{"rendered":"<h1>OKSO Shisha Max 40000 40K Puffs Jednorazowy e-papieros 0% 2% 3% 5% Nikotyna 10 smak\u00f3w Z wy\u015bwietlaczem LED Bezpo\u015brednio od producenta<\/h1>\n<p>Jednorazowy e-papieros OKSO Shisha Max 40000 40K Puffs zapewnia d\u0142ugotrwa\u0142\u0105 wydajno\u015b\u0107 do 40 000 zaci\u0105gni\u0119\u0107 i eliminuje konieczno\u015b\u0107 cz\u0119stej wymiany, oferuj\u0105c jednocze\u015bnie wyj\u0105tkowy stosunek ceny do jako\u015bci. Dzi\u0119ki du\u017cej pojemno\u015bci e-liquidu wynosz\u0105cej 36 ml urz\u0105dzenie to minimalizuje konieczno\u015b\u0107 ponownego nape\u0142niania i umo\u017cliwia d\u0142ugie sesje wapowania przez ca\u0142y dzie\u0144. Zasilane niezawodn\u0105 bateri\u0105 800 mAh zapewnia sta\u0142\u0105 wydajno\u015b\u0107 z szybkim \u0142adowaniem typu C, umo\u017cliwiaj\u0105cym wygodne przywracanie energii przy minimalnym czasie przestoju. Wybierz spo\u015br\u00f3d 10 r\u00f3\u017cnorodnych opcji smakowych, kt\u00f3re zaspokoj\u0105 r\u00f3\u017cne gusta i preferencje, zapewniaj\u0105c co\u015b dla ka\u017cdego u\u017cytkownika.<\/p>\n<h2>OKSO Shisha Max 40000 Puffs Najwa\u017cniejsze cechy:<\/h2>\n<p>Zaawansowana cewka siatkowa 0,6 \u03a9 szybko si\u0119 nagrzewa, zapewniaj\u0105c delikatn\u0105 par\u0119 i intensywny smak przy ka\u017cdym zaci\u0105gni\u0119ciu. Ten wydajny system ogrzewania maksymalizuje ekstrakcj\u0119 aromatu i zapewnia optymaln\u0105 wydajno\u015b\u0107 przez ca\u0142y okres u\u017cytkowania urz\u0105dzenia, zapewniaj\u0105c intensywny smak od pocz\u0105tku do ko\u0144ca. Konstrukcja siatki zapewnia r\u00f3wnomierne rozprowadzanie ciep\u0142a, zapobiega suchym zaci\u0105gni\u0119ciom i zapewnia najwy\u017csz\u0105 jako\u015b\u0107 pary.<\/p>\n<p>Spersonalizuj swoje wra\u017cenia z vapowania dzi\u0119ki podw\u00f3jnym funkcjom ustawie\u0144, w tym regulacji mocy dla zmiennej kontroli wat\u00f3w i regulowanemu przep\u0142ywowi powietrza dla spersonalizowanego oporu zaci\u0105gni\u0119cia. Niezale\u017cnie od tego, czy wolisz intensywne, mocne zaci\u0105gni\u0119cia, czy \u0142agodniejsze, bardziej kontrolowane zaci\u0105gni\u0119cia \u2014 te regulowane ustawienia pozwalaj\u0105 dok\u0142adnie dostosowa\u0107 intensywno\u015b\u0107 pary i przep\u0142yw powietrza do w\u0142asnych preferencji. Wy\u015bwietlacz LED zapewnia przejrzysty podgl\u0105d poziomu na\u0142adowania baterii i poziomu e-liquidu w czasie rzeczywistym, dzi\u0119ki czemu podczas sesji zawsze masz pe\u0142n\u0105 kontrol\u0119 nad urz\u0105dzeniem.<\/p>\n<p>Bezpiecze\u0144stwo jest priorytetem dzi\u0119ki zintegrowanej blokadzie przed dzie\u0107mi, kt\u00f3ra zapobiega przypadkowemu uruchomieniu i zapewnia spok\u00f3j ducha w gospodarstwach domowych z dzie\u0107mi lub w \u015brodowiskach wsp\u00f3lnego u\u017cytkowania. Ka\u017cde opakowanie zawiera 10 sztuk, co sprawia, \u017ce produkt idealnie nadaje si\u0119 zar\u00f3wno do sprzeda\u017cy detalicznej, jak i hurtowej. To praktyczne opakowanie jest przeznaczone zar\u00f3wno dla indywidualnych u\u017cytkownik\u00f3w poszukuj\u0105cych r\u00f3\u017cnorodno\u015bci, jak i dla firm poszukuj\u0105cych wydajnych rozwi\u0105za\u0144 w zakresie zapas\u00f3w.<\/p>\n<h2>Dane techniczne:<\/h2>\n<ul>\n<li><strong>Pojemno\u015b\u0107 poci\u0105gu:<\/strong> 40 000 zaci\u0105gni\u0119\u0107<\/li>\n<li><strong>Moc nikotyny:<\/strong> 0 %, 2 %, 3 %, 5 %<\/li>\n<li><strong>Pojemno\u015b\u0107 e-liquidu:<\/strong> 36 ml<\/li>\n<li><strong>Akumulator:<\/strong> 800 mAh, akumulator<\/li>\n<li><strong>Typ cewki:<\/strong> Cewka siatkowa 0,6 \u03a9<\/li>\n<li><strong>Z\u0142\u0105cze \u0142adowania:<\/strong> USB typu C<\/li>\n<li><strong>Wy\u015bwietlacz LED:<\/strong> Pokazuje poziom na\u0142adowania baterii i poziom e-liquidu<\/li>\n<li><strong>Dostosowanie mocy:<\/strong> Tak<\/li>\n<li><strong>Przep\u0142yw powietrza:<\/strong> Regulowane<\/li>\n<li><strong>Zabezpieczenie przed dzie\u0107mi:<\/strong> Tak<\/li>\n<li><strong>Opakowanie:<\/strong> 10 sztuk w opakowaniu<\/li>\n<li><strong>Opcje smakowe:<\/strong> 10 smak\u00f3w<\/li>\n<\/ul>\n<h2>OKSO Shisha Max 40000 Lista smak\u00f3w:<\/h2>\n<ol>\n<li>Dwa jab\u0142ka<\/li>\n<li>Mi\u0119ta winogronowa<\/li>\n<li>Cherry Fiesta<\/li>\n<li>Brzoskwinia Ice<\/li>\n<li>Magiczna mi\u0142o\u015b\u0107<\/li>\n<li>Poncz truskawkowy<\/li>\n<li>Niebieski Razz Ice<\/li>\n<li>Lush Ice<\/li>\n<li>Truskawka Arbuz<\/li>\n<li>Jagody Mi\u0119ta<\/li>\n<\/ol>\n<h2>Cz\u0119sto zadawane pytania dotycz\u0105ce OKSO Shisha Max 40000<\/h2>\n<p><strong>1. Ile zaci\u0105gni\u0119\u0107 oferuje OKSO Shisha Max?<\/strong><\/p>\n<p>Urz\u0105dzenie to zapewnia do 40 000 zaci\u0105gni\u0119\u0107 dzi\u0119ki pojemno\u015bci e-liquidu wynosz\u0105cej 36 ml i oferuje d\u0142ugotrwa\u0142\u0105 wydajno\u015b\u0107 przy mniejszej liczbie koniecznych uzupe\u0142nie\u0144, co pozwala na d\u0142ugie sesje.<\/p>\n<p><strong>2. Czy ten e-papieros ma regulowane ustawienia mocy?<\/strong><\/p>\n<p>Tak, posiada funkcj\u0119 regulacji mocy, kt\u00f3ra pozwala dostosowa\u0107 intensywno\u015b\u0107 pary od delikatnych, kontrolowanych zaci\u0105gni\u0119\u0107 do intensywnych, mocnych zaci\u0105gni\u0119\u0107.<\/p>\n<p><strong>3. Jakiego typu cewk\u0119 wykorzystuje ten jednorazowy e-papieros?<\/strong><\/p>\n<p>Jest wyposa\u017cony w cewk\u0119 siatkow\u0105 0,6 \u03a9, kt\u00f3ra szybko si\u0119 nagrzewa, zapewniaj\u0105c delikatn\u0105 produkcj\u0119 pary i intensywny smak przy r\u00f3wnomiernym rozk\u0142adzie ciep\u0142a podczas ca\u0142ego u\u017cytkowania.<\/p>\n<p><strong>4. Czy to urz\u0105dzenie posiada funkcje bezpiecze\u0144stwa?<\/strong><\/p>\n<p>Tak, posiada wbudowan\u0105 blokad\u0119 przed dzie\u0107mi, kt\u00f3ra zapobiega przypadkowemu w\u0142\u0105czeniu i zapewnia spok\u00f3j ducha w gospodarstwach domowych z dzie\u0107mi lub w \u015brodowiskach wsp\u00f3lnego u\u017cytkowania.<\/p>\n<p><strong>5. Czy mo\u017cna regulowa\u0107 przep\u0142yw powietrza w tym e-papierosie?<\/strong><\/p>\n<p>Oczywi\u015bcie, regulowany system przep\u0142ywu powietrza pozwala dostosowa\u0107 op\u00f3r zaci\u0105gni\u0119cia si\u0119 do w\u0142asnych preferencji, od ciasnych, ograniczaj\u0105cych zaci\u0105gni\u0119\u0107 ustami do p\u0142uc po otwarte, swobodne zaci\u0105gni\u0119cia bezpo\u015brednio do p\u0142uc.<\/p>\n<h2>Zmienna moc dla indywidualnej przyjemno\u015bci<\/h2>\n<p>OKSO Shisha Max 40000 przekonuje pe\u0142n\u0105 kontrol\u0105 nad doznaniami zwi\u0105zanymi z wapowaniem. Dzi\u0119ki regulacji mocy i zmiennemu przep\u0142ywowi powietrza mo\u017cesz dostosowa\u0107 ka\u017cdy zaci\u0105gni\u0119cie do swoich preferencji. W naszym <strong><a href=\"https:\/\/apexvape.de\/pl\/\">Sklep z e-papierosami<\/a><\/strong> mo\u017cesz kupi\u0107 ten topowy model z zabezpieczeniem przed dzie\u0107mi i wy\u015bwietlaczem LED w cenach hurtowych. Odkryj nasz\u0105 pe\u0142n\u0105 ofert\u0119 <strong><a href=\"https:\/\/apexvape.de\/pl\/product-category\/okso-vape\/\">Wyb\u00f3r OKSO<\/a><\/strong> z wykorzystaniem najnowocze\u015bniejszej technologii i najwy\u017cszej jako\u015bci wykonania. Gwarantujemy szybk\u0105 dostaw\u0119, bezpieczn\u0105 p\u0142atno\u015b\u0107 i doskona\u0142\u0105 obs\u0142ug\u0119 klienta.<\/p>","protected":false},"excerpt":{"rendered":"<div data-test-render-count=\"1\">\n<div class=\"group\">\n<div class=\"group relative pb-3\" data-is-streaming=\"false\">\n<div class=\"font-claude-response relative leading-[1.65rem] [&amp;_pre&gt;div]:bg-bg-000\/50 [&amp;_pre&gt;div]:border-0.5 [&amp;_pre&gt;div]:border-border-400 [&amp;_.ignore-pre-bg&gt;div]:bg-transparent [&amp;_.standard-markdown_:is(p,blockquote,h1,h2,h3,h4,h5,h6)]:pl-2 [&amp;_.standard-markdown_:is(p,blockquote,ul,ol,h1,h2,h3,h4,h5,h6)]:pr-8 [&amp;_.progressive-markdown_:is(p,blockquote,h1,h2,h3,h4,h5,h6)]:pl-2 [&amp;_.progressive-markdown_:is(p,blockquote,ul,ol,h1,h2,h3,h4,h5,h6)]:pr-8\">\n<div>\n<div class=\"standard-markdown grid-cols-1 grid gap-4 [&amp;_&gt;_*]:min-w-0 standard-markdown\">\n<p class=\"font-claude-response-body break-words whitespace-normal leading-[1.7]\">Die OKSO Shisha Max 40000 \u00fcberzeugt mit 40.000 Z\u00fcgen und 36ml E-Liquid-Kapazit\u00e4t. Die 0,6\u03a9 Mesh Coil garantiert intensiven Geschmack, 800mAh Akku mit USB-C Schnellladung sorgt f\u00fcr zuverl\u00e4ssige Leistung. Einstellbare Leistung &amp; Airflow erm\u00f6glichen personalisiertes Dampfen. Mit LED-Display &amp; Kindersicherung.<\/p>\n<\/div>\n<\/div>\n<\/div>\n<\/div>\n<div class=\"flex justify-start\" role=\"group\" aria-label=\"Message actions\">\n<div class=\"text-text-300\">\n<div class=\"text-text-300 flex items-stretch justify-between\">\n<div class=\"w-fit\" data-state=\"closed\">\n<div class=\"relative text-text-500 group-hover\/btn:text-text-100\">\n<div class=\"flex items-center justify-center transition-all opacity-100 scale-100\"><\/div>\n<div class=\"flex items-center justify-center absolute top-0 left-0 transition-all opacity-0 scale-50\"><\/div>\n<\/div>\n<\/div>\n<div class=\"w-fit\" data-state=\"closed\">\n<div class=\"flex items-center justify-center text-text-500 group-hover\/btn:text-text-100\"><\/div>\n<\/div>\n<div class=\"w-fit\" data-state=\"closed\">\n<div class=\"flex items-center justify-center text-text-500 group-hover\/btn:text-text-100\"><\/div>\n<\/div>\n<div class=\"flex items-center\">\n<div class=\"w-fit\" data-state=\"closed\">\n<div class=\"flex items-center justify-center text-text-500 group-hover\/btn:text-text-100\"><\/div>\n<\/div>\n<\/div>\n<\/div>\n<\/div>\n<\/div>\n<\/div>\n<\/div>\n<div class=\"h-px w-full pointer-events-none\" aria-hidden=\"true\"><\/div>\n","protected":false},"featured_media":6082,"comment_status":"open","ping_status":"closed","template":"","meta":[],"product_brand":[],"product_cat":[81],"product_tag":[],"class_list":{"0":"post-6027","1":"product","2":"type-product","3":"status-publish","4":"has-post-thumbnail","6":"product_cat-okso-vape","8":"first","9":"instock","10":"shipping-taxable","11":"purchasable","12":"product-type-variable"},"_links":{"self":[{"href":"https:\/\/apexvape.de\/pl\/wp-json\/wp\/v2\/product\/6027","targetHints":{"allow":["GET"]}}],"collection":[{"href":"https:\/\/apexvape.de\/pl\/wp-json\/wp\/v2\/product"}],"about":[{"href":"https:\/\/apexvape.de\/pl\/wp-json\/wp\/v2\/types\/product"}],"replies":[{"embeddable":true,"href":"https:\/\/apexvape.de\/pl\/wp-json\/wp\/v2\/comments?post=6027"}],"version-history":[{"count":0,"href":"https:\/\/apexvape.de\/pl\/wp-json\/wp\/v2\/product\/6027\/revisions"}],"wp:featuredmedia":[{"embeddable":true,"href":"https:\/\/apexvape.de\/pl\/wp-json\/wp\/v2\/media\/6082"}],"wp:attachment":[{"href":"https:\/\/apexvape.de\/pl\/wp-json\/wp\/v2\/media?parent=6027"}],"wp:term":[{"taxonomy":"product_brand","embeddable":true,"href":"https:\/\/apexvape.de\/pl\/wp-json\/wp\/v2\/product_brand?post=6027"},{"taxonomy":"product_cat","embeddable":true,"href":"https:\/\/apexvape.de\/pl\/wp-json\/wp\/v2\/product_cat?post=6027"},{"taxonomy":"product_tag","embeddable":true,"href":"https:\/\/apexvape.de\/pl\/wp-json\/wp\/v2\/product_tag?post=6027"}],"curies":[{"name":"wp","href":"https:\/\/api.w.org\/{rel}","templated":true}]}}