{"id":5907,"date":"2025-12-15T11:07:58","date_gmt":"2025-12-15T10:07:58","guid":{"rendered":"https:\/\/apexvape.de\/?post_type=product&#038;p=5907"},"modified":"2025-12-15T11:08:29","modified_gmt":"2025-12-15T10:08:29","slug":"okso-magic-mirror-50000","status":"publish","type":"product","link":"https:\/\/apexvape.de\/pl\/product\/okso-magic-mirror-50000\/","title":{"rendered":"OKSO Magic Mirror 50000 zaci\u0105gni\u0119\u0107 Jednorazowy vape"},"content":{"rendered":"<h1>OKSO Magic Mirror 50000 zaci\u0105gni\u0119\u0107 | RGB LED, podw\u00f3jna siatka, wy\u015bwietlacz LED, 40 ml Wielkoobchodowa sprzeda\u017c jednorazowych e-papieros\u00f3w z mo\u017cliwo\u015bci\u0105 ponownego \u0142adowania<\/h1>\n<p>Jednorazowy e-papieros OKSO Magic Mirror 50000 50K Puffs umo\u017cliwia d\u0142ugie sesje wapowania, zapewniaj\u0105c do 50 000 zaci\u0105gni\u0119\u0107, i zosta\u0142 zaprojektowany z my\u015bl\u0105 o rzadszej wymianie i d\u0142ugotrwa\u0142ym u\u017cytkowaniu. Dzi\u0119ki ogromnej pojemno\u015bci e-liquidu wynosz\u0105cej 40 ml urz\u0105dzenie to jest idealne dla intensywnych u\u017cytkownik\u00f3w, kt\u00f3rzy chc\u0105 zminimalizowa\u0107 konieczno\u015b\u0107 uzupe\u0142niania i zmaksymalizowa\u0107 wygod\u0119. Zasilane bateri\u0105 o pojemno\u015bci 850 mAh zapewnia niezawodn\u0105 energi\u0119 do ca\u0142odziennego u\u017cytkowania przy sta\u0142ej wydajno\u015bci, kt\u00f3ra pozwala na nieprzerwane wapowanie. Wybierz spo\u015br\u00f3d 10 r\u00f3\u017cnych smak\u00f3w, aby zaspokoi\u0107 r\u00f3\u017cne preferencje smakowe i zapewni\u0107 sobie \u015bwie\u017ce i ekscytuj\u0105ce doznania podczas wapowania.<\/p>\n<h2>Najwa\u017cniejsze cechy OKSO Magic Mirror 50000 Puffs:<\/h2>\n<p>Zaawansowana technologia podw\u00f3jnej cewki siatkowej umo\u017cliwia szybsze nagrzewanie, zapewniaj\u0105c jednocze\u015bnie lepszy smak i wi\u0119ksz\u0105 produkcj\u0119 pary, co przek\u0142ada si\u0119 na \u0142agodniejsze i intensywniejsze zaci\u0105gni\u0119cia przy ka\u017cdym wdechu. Ten innowacyjny system ogrzewania zapewnia r\u00f3wnomierny rozk\u0142ad na powierzchni cewki, maksymalizuje ekstrakcj\u0119 aromatu i zapewnia doskona\u0142\u0105 jako\u015b\u0107 smaku przez ca\u0142y okres u\u017cytkowania urz\u0105dzenia. Konstrukcja z podw\u00f3jn\u0105 cewk\u0105 zapobiega suchym zaci\u0105gni\u0119ciom i zapewnia optymaln\u0105 wydajno\u015b\u0107 od pierwszego do ostatniego zaci\u0105gni\u0119cia.<\/p>\n<p>Eleganckie wyko\u0144czenie w stylu lustra nadaje urz\u0105dzeniu ekskluzywny wygl\u0105d, kt\u00f3ry wyr\u00f3\u017cnia si\u0119 nowoczesn\u0105 elegancj\u0105 i stylem. Wzbogacone o dynamiczne efekty \u015bwietlne LED RGB, urz\u0105dzenie to dodaje wizualnego uroku do wra\u017ce\u0144 zwi\u0105zanych z wapowaniem, sprawiaj\u0105c, \u017ce ka\u017cda sesja jest bardziej atrakcyjna i przyjemniejsza. Wy\u015bwietlacz LED umo\u017cliwia monitorowanie poziomu na\u0142adowania baterii i poziomu e-p\u0142ynu w czasie rzeczywistym, dzi\u0119ki czemu u\u017cytkownik ma sta\u0142y wgl\u0105d w stan urz\u0105dzenia, co zapewnia najwy\u017cszy komfort u\u017cytkowania.<\/p>\n<p>Bezpiecze\u0144stwo jest priorytetem dzi\u0119ki zintegrowanej blokadzie przed dzie\u0107mi, kt\u00f3ra zapobiega przypadkowemu u\u017cyciu i zapewnia spok\u00f3j ducha u\u017cytkownikom z dzie\u0107mi lub w \u015brodowiskach wsp\u00f3\u0142dzielonych. Ka\u017cde opakowanie zawiera 10 sztuk, co czyni je idealnym rozwi\u0105zaniem dla du\u017cych zam\u00f3wie\u0144 lub sprzeda\u017cy detalicznej. Ta wszechstronna opcja pakowania jest przeznaczona zar\u00f3wno dla u\u017cytkownik\u00f3w indywidualnych poszukuj\u0105cych r\u00f3\u017cnorodno\u015bci, jak i dla firm poszukuj\u0105cych rozwi\u0105za\u0144 hurtowych.<\/p>\n<h2>Dane techniczne:<\/h2>\n<ul>\n<li><strong>Pojemno\u015b\u0107 poci\u0105gu:<\/strong> 50 000 zaci\u0105gni\u0119\u0107<\/li>\n<li><strong>Moc nikotyny:<\/strong> 0 %, 2 %, 3 %, 5 %<\/li>\n<li><strong>Pojemno\u015b\u0107 e-liquidu:<\/strong> 40 ml<\/li>\n<li><strong>Akumulator:<\/strong> 850 mAh, akumulator<\/li>\n<li><strong>Typ cewki:<\/strong> Podw\u00f3jna cewka siatkowa<\/li>\n<li><strong>Z\u0142\u0105cze \u0142adowania:<\/strong> USB typu C<\/li>\n<li><strong>Projekt:<\/strong> Wyko\u0144czenie lustrzane z pod\u015bwietleniem LED RGB<\/li>\n<li><strong>Wy\u015bwietlacz LED:<\/strong> Pokazuje poziom na\u0142adowania baterii i poziom e-liquidu<\/li>\n<li><strong>Zabezpieczenie przed dzie\u0107mi:<\/strong> Tak<\/li>\n<li><strong>Opakowanie:<\/strong> 10 sztuk w opakowaniu<\/li>\n<li><strong>Opcje smakowe:<\/strong> 10 smak\u00f3w<\/li>\n<\/ul>\n<h2>OKSO Magic Mirror 50000 Lista smak\u00f3w:<\/h2>\n<ol>\n<li>Niebieski Razz Ice<\/li>\n<li>Lush Ice<\/li>\n<li>Truskawka Ice<\/li>\n<li>Winogrono Ice<\/li>\n<li>MI\u0141O\u015a\u0106 66<\/li>\n<li>Lady Killa<\/li>\n<li>Mi\u0119ta Ice<\/li>\n<li>Truskawka Arbuz<\/li>\n<li>Kiwi Marakuja<\/li>\n<li>mieszanka jag\u00f3d<\/li>\n<\/ol>\n<h2>Cz\u0119sto zadawane pytania dotycz\u0105ce OKSO Magic Mirror 50000<\/h2>\n<p><strong>1. Ile ruch\u00f3w oferuje OKSO Magic Mirror?<\/strong><\/p>\n<p>Urz\u0105dzenie to zapewnia do 50 000 zaci\u0105gni\u0119\u0107 dzi\u0119ki ogromnej pojemno\u015bci e-liquidu wynosz\u0105cej 40 ml i zosta\u0142o zaprojektowane z my\u015bl\u0105 o d\u0142ugich sesjach wapowania przy mniejszej liczbie koniecznych wymian.<\/p>\n<p><strong>2. Jakie funkcje bezpiecze\u0144stwa posiada ten jednorazowy e-papieros?<\/strong><\/p>\n<p>Posiada wbudowan\u0105 blokad\u0119 rodzicielsk\u0105, kt\u00f3ra zapobiega przypadkowemu u\u017cyciu i zapewnia spok\u00f3j ducha u\u017cytkownikom z dzie\u0107mi lub w \u015brodowiskach wsp\u00f3\u0142dzielonych.<\/p>\n<p><strong>3. Czy ten e-papieros ma wy\u015bwietlacz?<\/strong><\/p>\n<p>Tak, posiada wy\u015bwietlacz LED, kt\u00f3ry umo\u017cliwia monitorowanie poziomu na\u0142adowania baterii i poziomu e-liquidu w czasie rzeczywistym oraz informuje o stanie urz\u0105dzenia na pierwszy rzut oka.<\/p>\n<p><strong>4. Co sprawia, \u017ce design lustra jest wyj\u0105tkowy?<\/strong><\/p>\n<p>Eleganckie lustrzane wyko\u0144czenie nadaje urz\u0105dzeniu ekskluzywny wygl\u0105d i nowoczesn\u0105 elegancj\u0119, podkre\u015blon\u0105 przez dynamiczne efekty \u015bwietlne RGB LED, kt\u00f3re dodaj\u0105 wizualnego uroku podczas wapowania.<\/p>\n<p><strong>5. Jak\u0105 technologi\u0119 cewek wykorzystuje to urz\u0105dzenie?<\/strong><\/p>\n<p>Jest wyposa\u017cony w podw\u00f3jne cewki siatkowe, kt\u00f3re umo\u017cliwiaj\u0105 szybsze nagrzewanie i zapewniaj\u0105 lepszy smak oraz wi\u0119ksz\u0105 produkcj\u0119 pary, co pozwala na \u0142agodniejsze i intensywniejsze zaci\u0105ganie si\u0119 przez ca\u0142y czas u\u017cytkowania.<\/p>\n<h2>Zam\u00f3w bezpo\u015brednio produkty najwy\u017cszej jako\u015bci<\/h2>\n<p>OKSO Magic Mirror 50000 \u0142\u0105czy w sobie styl i wydajno\u015b\u0107 na najwy\u017cszym poziomie. Dzi\u0119ki unikalnej konstrukcji lustra i efektom RGB wyznacza nowe standardy w segmencie vape. Odwied\u017a nasz\u0105 stron\u0119 <strong><a href=\"https:\/\/apexvape.de\/pl\/\">Sklep internetowy Apex Vape<\/a><\/strong> i zapewnij sobie atrakcyjne rabaty ilo\u015bciowe. W naszej kompletnej <strong><a href=\"https:\/\/apexvape.de\/pl\/product-category\/okso-vape\/\">Wyb\u00f3r produkt\u00f3w OKSO<\/a><\/strong> znajdziesz innowacyjne rozwi\u0105zania parowe dostosowane do wszelkich potrzeb. Mo\u017cesz polega\u0107 na najwy\u017cszej jako\u015bci, szybkiej realizacji i obs\u0142udze zorientowanej na klienta.<\/p>","protected":false},"excerpt":{"rendered":"<div data-test-render-count=\"1\">\n<div class=\"group\">\n<div class=\"group relative pb-3\" data-is-streaming=\"false\">\n<div class=\"font-claude-response relative leading-[1.65rem] [&amp;_pre&gt;div]:bg-bg-000\/50 [&amp;_pre&gt;div]:border-0.5 [&amp;_pre&gt;div]:border-border-400 [&amp;_.ignore-pre-bg&gt;div]:bg-transparent [&amp;_.standard-markdown_:is(p,blockquote,h1,h2,h3,h4,h5,h6)]:pl-2 [&amp;_.standard-markdown_:is(p,blockquote,ul,ol,h1,h2,h3,h4,h5,h6)]:pr-8 [&amp;_.progressive-markdown_:is(p,blockquote,h1,h2,h3,h4,h5,h6)]:pl-2 [&amp;_.progressive-markdown_:is(p,blockquote,ul,ol,h1,h2,h3,h4,h5,h6)]:pr-8\">\n<div>\n<div class=\"standard-markdown grid-cols-1 grid gap-4 [&amp;_&gt;_*]:min-w-0 standard-markdown\">\n<p class=\"font-claude-response-body break-words whitespace-normal leading-[1.7]\">Die OKSO Magic Mirror 50000 beeindruckt mit Premium-Spiegel-Design und 50.000 Z\u00fcgen. Dual Mesh Coils garantieren intensiven Geschmack, 40ml Tank und 850mAh Akku bieten Ganztagesleistung. LED-Display \u00fcberwacht Akku &amp; Liquid-Stand, RGB-Beleuchtung sorgt f\u00fcr visuelles Highlight. Mit Kindersicherung.<\/p>\n<\/div>\n<\/div>\n<\/div>\n<\/div>\n<div class=\"flex justify-start\" role=\"group\" aria-label=\"Message actions\">\n<div class=\"text-text-300\">\n<div class=\"text-text-300 flex items-stretch justify-between\">\n<div class=\"w-fit\" data-state=\"closed\">\n<div class=\"relative text-text-500 group-hover\/btn:text-text-100\">\n<div class=\"flex items-center justify-center transition-all opacity-100 scale-100\"><\/div>\n<div class=\"flex items-center justify-center absolute top-0 left-0 transition-all opacity-0 scale-50\"><\/div>\n<\/div>\n<\/div>\n<div class=\"w-fit\" data-state=\"closed\">\n<div class=\"flex items-center justify-center text-text-500 group-hover\/btn:text-text-100\"><\/div>\n<\/div>\n<div class=\"w-fit\" data-state=\"closed\">\n<div class=\"flex items-center justify-center text-text-500 group-hover\/btn:text-text-100\"><\/div>\n<\/div>\n<div class=\"flex items-center\">\n<div class=\"w-fit\" data-state=\"closed\">\n<div class=\"flex items-center justify-center text-text-500 group-hover\/btn:text-text-100\"><\/div>\n<\/div>\n<\/div>\n<\/div>\n<\/div>\n<\/div>\n<\/div>\n<\/div>\n<div class=\"h-px w-full pointer-events-none\" aria-hidden=\"true\"><\/div>\n","protected":false},"featured_media":5909,"comment_status":"open","ping_status":"closed","template":"","meta":[],"product_brand":[],"product_cat":[81],"product_tag":[],"class_list":{"0":"post-5907","1":"product","2":"type-product","3":"status-publish","4":"has-post-thumbnail","6":"product_cat-okso-vape","8":"first","9":"instock","10":"shipping-taxable","11":"purchasable","12":"product-type-variable"},"_links":{"self":[{"href":"https:\/\/apexvape.de\/pl\/wp-json\/wp\/v2\/product\/5907","targetHints":{"allow":["GET"]}}],"collection":[{"href":"https:\/\/apexvape.de\/pl\/wp-json\/wp\/v2\/product"}],"about":[{"href":"https:\/\/apexvape.de\/pl\/wp-json\/wp\/v2\/types\/product"}],"replies":[{"embeddable":true,"href":"https:\/\/apexvape.de\/pl\/wp-json\/wp\/v2\/comments?post=5907"}],"version-history":[{"count":0,"href":"https:\/\/apexvape.de\/pl\/wp-json\/wp\/v2\/product\/5907\/revisions"}],"wp:featuredmedia":[{"embeddable":true,"href":"https:\/\/apexvape.de\/pl\/wp-json\/wp\/v2\/media\/5909"}],"wp:attachment":[{"href":"https:\/\/apexvape.de\/pl\/wp-json\/wp\/v2\/media?parent=5907"}],"wp:term":[{"taxonomy":"product_brand","embeddable":true,"href":"https:\/\/apexvape.de\/pl\/wp-json\/wp\/v2\/product_brand?post=5907"},{"taxonomy":"product_cat","embeddable":true,"href":"https:\/\/apexvape.de\/pl\/wp-json\/wp\/v2\/product_cat?post=5907"},{"taxonomy":"product_tag","embeddable":true,"href":"https:\/\/apexvape.de\/pl\/wp-json\/wp\/v2\/product_tag?post=5907"}],"curies":[{"name":"wp","href":"https:\/\/api.w.org\/{rel}","templated":true}]}}