{"id":5847,"date":"2025-12-15T10:56:01","date_gmt":"2025-12-15T09:56:01","guid":{"rendered":"https:\/\/apexvape.de\/?post_type=product&#038;p=5847"},"modified":"2025-12-15T10:56:47","modified_gmt":"2025-12-15T09:56:47","slug":"okso-double-flavor-60000","status":"publish","type":"product","link":"https:\/\/apexvape.de\/pl\/product\/okso-double-flavor-60000\/","title":{"rendered":"OKSO Double Flavor 60000 zaci\u0105gni\u0119\u0107 Jednorazowy vape"},"content":{"rendered":"<h1>OKSO Double Flavor 60000 60K Puffs Jednorazowy e-papieros 0% 2% 3% 5% Nikotyna 10 smak\u00f3w Wy\u015bwietlacz LED Bezpo\u015brednio od producenta<\/h1>\n<p>OKSO Double Flavor 60000 zapewnia wyj\u0105tkowo d\u0142ug\u0105 wydajno\u015b\u0107 do 60 000 zaci\u0105gni\u0119\u0107, co znacznie ogranicza konieczno\u015b\u0107 cz\u0119stej wymiany, a jednocze\u015bnie oferuje doskona\u0142y stosunek ceny do jako\u015bci. Dzi\u0119ki innowacyjnemu systemowi podw\u00f3jnego aromatu i dw\u00f3m oddzielnym zbiornikom o pojemno\u015bci 25 ml mo\u017cna p\u0142ynnie prze\u0142\u0105cza\u0107 si\u0119 mi\u0119dzy dwoma r\u00f3\u017cnymi smakami bez ryzyka ich zmieszania lub zanieczyszczenia. Imponuj\u0105ca \u0142\u0105czna pojemno\u015b\u0107 e-liquidu wynosz\u0105ca 50 ml pozwala na d\u0142ugie sesje wapowania, dzi\u0119ki czemu urz\u0105dzenie idealnie nadaje si\u0119 do ca\u0142odziennego u\u017cytkowania. Dost\u0119pny w wersjach o zawarto\u015bci nikotyny 0 %, 2 %, 3 % i 5 %, urz\u0105dzenie zaspokaja r\u00f3\u017cne preferencje \u2013 od przyjemno\u015bci bez nikotyny po bardziej intensywne doznania.<\/p>\n<h2>OKSO Double Flavor 60000 Puffs Najwa\u017cniejsze cechy:<\/h2>\n<p>Wyposa\u017cone w podw\u00f3jne cewki siatkowe 0,8 \u03a9, urz\u0105dzenie zapewnia szybkie nagrzewanie i bogat\u0105 produkcj\u0119 pary, zapewniaj\u0105c mocny, intensywny smak przy ka\u017cdym zaci\u0105gni\u0119ciu. Ta zaawansowana technologia cewek zapewnia r\u00f3wnomierne rozprowadzanie ciep\u0142a i optymalne wydobycie aromatu z obu zbiornik\u00f3w, zapewniaj\u0105c niezmiennie doskona\u0142y smak, niezale\u017cnie od wybranego aromatu. Konstrukcja siatkowa maksymalizuje powierzchni\u0119 kontaktu z e-p\u0142ynem, zapewniaj\u0105c doskona\u0142\u0105 wydajno\u015b\u0107 przez ca\u0142y okres u\u017cytkowania urz\u0105dzenia.<\/p>\n<p>Nap\u0119dzane niezawodnym akumulatorem o pojemno\u015bci 650 mAh urz\u0105dzenie zapewnia stabiln\u0105 moc wyj\u015bciow\u0105 i sta\u0142\u0105 wydajno\u015b\u0107 przez ca\u0142y dzie\u0144, umo\u017cliwiaj\u0105c u\u017cytkowanie przez ca\u0142y dzie\u0144. Funkcja szybkiego \u0142adowania typu C umo\u017cliwia szybkie i wygodne \u0142adowanie przy minimalnych przestojach mi\u0119dzy sesjami. Wy\u015bwietlacz LED pokazuje informacje w czasie rzeczywistym, w tym stan baterii i ustawienia trybu, dzi\u0119ki czemu mo\u017cna monitorowa\u0107 urz\u0105dzenie i by\u0107 na bie\u017c\u0105co z jego wydajno\u015bci\u0105.<\/p>\n<p>Wybierz spo\u015br\u00f3d 10 ekscytuj\u0105cych kombinacji dw\u00f3ch smak\u00f3w, kt\u00f3re zapewniaj\u0105 szeroki wachlarz dozna\u0144 smakowych dla ka\u017cdego podniebienia i preferencji. Ka\u017cde opakowanie zawiera 10 sztuk, dzi\u0119ki czemu nadaje si\u0119 zar\u00f3wno do sprzeda\u017cy hurtowej, jak i detalicznej. Ta wszechstronna opcja pakowania zapewnia elastyczno\u015b\u0107 dla firm, a jednocze\u015bnie gwarantuje klientom dost\u0119p do wielu kombinacji smakowych.<\/p>\n<h2>Dane techniczne:<\/h2>\n<ul>\n<li><strong>Pojemno\u015b\u0107 poci\u0105gu:<\/strong> Do 60 000 zaci\u0105gni\u0119\u0107<\/li>\n<li><strong>Moc nikotyny:<\/strong> 0 %, 2 %, 3 %, 5 %<\/li>\n<li><strong>Pojemno\u015b\u0107 e-liquidu:<\/strong> \u0141\u0105cznie 50 ml (25 ml + 25 ml)<\/li>\n<li><strong>Akumulator:<\/strong> 650 mAh, akumulator<\/li>\n<li><strong>Typ cewki:<\/strong> Podw\u00f3jne cewki siatkowe 0,8 \u03a9<\/li>\n<li><strong>Z\u0142\u0105cze \u0142adowania:<\/strong> Szybkie \u0142adowanie USB typu C<\/li>\n<li><strong>Wy\u015bwietlacz:<\/strong> Wy\u015bwietlacz LED z wska\u017anikiem stanu baterii i trybu pracy<\/li>\n<li><strong>Opakowanie:<\/strong> 10 sztuk w opakowaniu<\/li>\n<li><strong>Opcje smakowe:<\/strong> 10 kombinacji podw\u00f3jnych smak\u00f3w<\/li>\n<\/ul>\n<h2>OKSO Double Flavor 60000 Lista smak\u00f3w:<\/h2>\n<ol>\n<li>Jagoda lodowa \/ Czarna porzeczka<\/li>\n<li>Blue Razz Wi\u015bnia \u017burawina \/ Mi\u0119ta<\/li>\n<li>Truskawka Arbuz \/ Dwa jab\u0142ka<\/li>\n<li>Red Energy Ice \/ Winogrono Ice<\/li>\n<li>Blue Razz Lemonade \/ Jab\u0142ko Brzoskwinia<\/li>\n<li>Arbuz Ice \/ Brzoskwinia Mango<\/li>\n<li>Truskawka banan \/ Cherry Fiesta<\/li>\n<li>Guma balonowa o smaku arbuza \/ mieszanka owocowa<\/li>\n<li>Blue Razz \/ Mi\u0142o\u015b\u0107 66<\/li>\n<li>Truskawka Wi\u015bnia \/ Kiwi Marakuja Guawa<\/li>\n<\/ol>\n<h2>Cz\u0119sto zadawane pytania dotycz\u0105ce OKSO Double Flavor 60000<\/h2>\n<p><strong>1. Ile zaci\u0105gni\u0119\u0107 oferuje OKSO Double Flavor?<\/strong><\/p>\n<p>Urz\u0105dzenie to zapewnia do 60 000 zaci\u0105gni\u0119\u0107 przy \u0142\u0105cznej pojemno\u015bci e-liquidu wynosz\u0105cej 50 ml i oferuje wyj\u0105tkowo d\u0142ug\u0105 wydajno\u015b\u0107 przy zmniejszonej konieczno\u015bci cz\u0119stej wymiany.<\/p>\n<p><strong>2. Czym jest system podw\u00f3jnego aromatu?<\/strong><\/p>\n<p>Innowacyjna konstrukcja z podw\u00f3jnym zbiornikiem posiada dwa oddzielne zbiorniki o pojemno\u015bci 25 ml, kt\u00f3re umo\u017cliwiaj\u0105 p\u0142ynne przechodzenie mi\u0119dzy dwoma r\u00f3\u017cnymi smakami bez mieszania si\u0119 lub zanieczyszczania.<\/p>\n<p><strong>3. Jak\u0105 technologi\u0119 cewki wykorzystuje ten e-papieros?<\/strong><\/p>\n<p>Posiada podw\u00f3jne cewki siatkowe 0,8 \u03a9, kt\u00f3re zapewniaj\u0105 szybkie nagrzewanie i bogat\u0105 produkcj\u0119 pary, gwarantuj\u0105c jednocze\u015bnie mocny, intensywny smak i optymaln\u0105 ekstrakcj\u0119 z obu zbiornik\u00f3w.<\/p>\n<p><strong>4. Jakie s\u0105 dost\u0119pne poziomy nikotyny?<\/strong><\/p>\n<p>Urz\u0105dzenie jest dost\u0119pne w wersjach o zawarto\u015bci nikotyny 0 %, 2 %, 3 % i 5 %, dzi\u0119ki czemu zaspokaja r\u00f3\u017cnorodne preferencje, od beznikotynowej przyjemno\u015bci po intensywniejsze doznania zwi\u0105zane z wapowaniem.<\/p>\n<p><strong>5. Jak \u0142adowa\u0107 ten jednorazowy e-papieros?<\/strong><\/p>\n<p>Jest zasilany bateri\u0105 o pojemno\u015bci 650 mAh z funkcj\u0105 szybkiego \u0142adowania typu C, kt\u00f3ra zapewnia szybkie i wygodne \u0142adowanie oraz stabiln\u0105 codzienn\u0105 wydajno\u015b\u0107 przy minimalnych przestojach.<\/p>\n<h2>Kup OKSO Double Flavor 60000 w sklepie Apex Vape<\/h2>\n<p>Szukasz wydajnego systemu Dual Flavor o ekstremalnej wydajno\u015bci? OKSO Double Flavor 60000 to idealny wyb\u00f3r dla wymagaj\u0105cych u\u017cytkownik\u00f3w. W naszym <strong><a href=\"https:\/\/apexvape.de\/pl\/\">Sklep z e-papierosami<\/a><\/strong> mo\u017cesz naby\u0107 ten model premium na korzystnych warunkach hurtowych. Zapraszamy r\u00f3wnie\u017c do zapoznania si\u0119 z nasz\u0105 pe\u0142n\u0105 ofert\u0105. <strong><a href=\"https:\/\/apexvape.de\/pl\/product-category\/okso-vape\/\">Seria OKSO VAPE<\/a><\/strong> z innowacyjnymi funkcjami i najwy\u017csz\u0105 jako\u015bci\u0105. Dostarczamy szybko, niezawodnie i oferujemy profesjonalne wsparcie dla Twojej firmy.<\/p>","protected":false},"excerpt":{"rendered":"<div data-test-render-count=\"1\">\n<div class=\"group\">\n<div class=\"group relative pb-3\" data-is-streaming=\"false\">\n<div class=\"font-claude-response relative leading-[1.65rem] [&amp;_pre&gt;div]:bg-bg-000\/50 [&amp;_pre&gt;div]:border-0.5 [&amp;_pre&gt;div]:border-border-400 [&amp;_.ignore-pre-bg&gt;div]:bg-transparent [&amp;_.standard-markdown_:is(p,blockquote,h1,h2,h3,h4,h5,h6)]:pl-2 [&amp;_.standard-markdown_:is(p,blockquote,ul,ol,h1,h2,h3,h4,h5,h6)]:pr-8 [&amp;_.progressive-markdown_:is(p,blockquote,h1,h2,h3,h4,h5,h6)]:pl-2 [&amp;_.progressive-markdown_:is(p,blockquote,ul,ol,h1,h2,h3,h4,h5,h6)]:pr-8\">\n<div>\n<div class=\"standard-markdown grid-cols-1 grid gap-4 [&amp;_&gt;_*]:min-w-0 standard-markdown\">\n<p class=\"font-claude-response-body break-words whitespace-normal leading-[1.7]\">Die OKSO Double Flavor 60000 bietet 60.000 Z\u00fcge mit innovativem Dual-Tank-System (2\u00d725ml). Wechseln Sie m\u00fchelos zwischen zwei Aromen ohne Vermischung. Duale 0,8\u03a9 Mesh-Coils garantieren intensiven Geschmack, 650mAh USB-C Akku sorgt f\u00fcr Ganztagesleistung. LED-Display zeigt Akkustatus &amp; Modus an.<\/p>\n<\/div>\n<\/div>\n<\/div>\n<\/div>\n<div class=\"flex justify-start\" role=\"group\" aria-label=\"Message actions\">\n<div class=\"text-text-300\">\n<div class=\"text-text-300 flex items-stretch justify-between\">\n<div class=\"w-fit\" data-state=\"closed\">\n<div class=\"relative text-text-500 group-hover\/btn:text-text-100\">\n<div class=\"flex items-center justify-center transition-all opacity-100 scale-100\"><\/div>\n<div class=\"flex items-center justify-center absolute top-0 left-0 transition-all opacity-0 scale-50\"><\/div>\n<\/div>\n<\/div>\n<div class=\"w-fit\" data-state=\"closed\">\n<div class=\"flex items-center justify-center text-text-500 group-hover\/btn:text-text-100\"><\/div>\n<\/div>\n<div class=\"w-fit\" data-state=\"closed\">\n<div class=\"flex items-center justify-center text-text-500 group-hover\/btn:text-text-100\"><\/div>\n<\/div>\n<div class=\"flex items-center\">\n<div class=\"w-fit\" data-state=\"closed\">\n<div class=\"flex items-center justify-center text-text-500 group-hover\/btn:text-text-100\"><\/div>\n<\/div>\n<\/div>\n<\/div>\n<\/div>\n<\/div>\n<\/div>\n<\/div>\n<div class=\"h-px w-full pointer-events-none\" aria-hidden=\"true\"><\/div>\n","protected":false},"featured_media":5858,"comment_status":"open","ping_status":"closed","template":"","meta":[],"product_brand":[],"product_cat":[81],"product_tag":[],"class_list":{"0":"post-5847","1":"product","2":"type-product","3":"status-publish","4":"has-post-thumbnail","6":"product_cat-okso-vape","8":"first","9":"instock","10":"shipping-taxable","11":"purchasable","12":"product-type-variable"},"_links":{"self":[{"href":"https:\/\/apexvape.de\/pl\/wp-json\/wp\/v2\/product\/5847","targetHints":{"allow":["GET"]}}],"collection":[{"href":"https:\/\/apexvape.de\/pl\/wp-json\/wp\/v2\/product"}],"about":[{"href":"https:\/\/apexvape.de\/pl\/wp-json\/wp\/v2\/types\/product"}],"replies":[{"embeddable":true,"href":"https:\/\/apexvape.de\/pl\/wp-json\/wp\/v2\/comments?post=5847"}],"version-history":[{"count":0,"href":"https:\/\/apexvape.de\/pl\/wp-json\/wp\/v2\/product\/5847\/revisions"}],"wp:featuredmedia":[{"embeddable":true,"href":"https:\/\/apexvape.de\/pl\/wp-json\/wp\/v2\/media\/5858"}],"wp:attachment":[{"href":"https:\/\/apexvape.de\/pl\/wp-json\/wp\/v2\/media?parent=5847"}],"wp:term":[{"taxonomy":"product_brand","embeddable":true,"href":"https:\/\/apexvape.de\/pl\/wp-json\/wp\/v2\/product_brand?post=5847"},{"taxonomy":"product_cat","embeddable":true,"href":"https:\/\/apexvape.de\/pl\/wp-json\/wp\/v2\/product_cat?post=5847"},{"taxonomy":"product_tag","embeddable":true,"href":"https:\/\/apexvape.de\/pl\/wp-json\/wp\/v2\/product_tag?post=5847"}],"curies":[{"name":"wp","href":"https:\/\/api.w.org\/{rel}","templated":true}]}}