{"id":5788,"date":"2025-12-15T10:43:50","date_gmt":"2025-12-15T09:43:50","guid":{"rendered":"https:\/\/apexvape.de\/?post_type=product&#038;p=5788"},"modified":"2025-12-15T10:44:05","modified_gmt":"2025-12-15T09:44:05","slug":"okso-crystal-bar-800","status":"publish","type":"product","link":"https:\/\/apexvape.de\/pl\/product\/okso-crystal-bar-800\/","title":{"rendered":"OKSO Crystal Bar 800 zaci\u0105gni\u0119\u0107 Jednorazowy vape"},"content":{"rendered":"<h1>OKSO Crystal Bar 800 zaci\u0105gni\u0119\u0107 | Cewka siatkowa, dioda LED RGB, 0\u20135% nikotyna Jednorazowy e-papieros Sprzeda\u017c hurtowa<\/h1>\n<p>OKSO Crystal Bar 800 Puffs zapewnia sta\u0142\u0105 wydajno\u015b\u0107 do 800 zaci\u0105gni\u0119\u0107, zapewniaj\u0105c d\u0142ugotrwa\u0142\u0105 przyjemno\u015b\u0107 w kompaktowej, przyjaznej dla u\u017cytkownika konstrukcji. Dzi\u0119ki elastycznym opcjom nikotynowym w st\u0119\u017ceniach 0 %, 2 %, 3 % i 5 %, urz\u0105dzenie to zaspokaja wszystkie preferencje \u2013 od wapowania bez nikotyny po bardziej intensywne doznania. Wst\u0119pnie nape\u0142niony 2 ml wysokiej jako\u015bci p\u0142ynem do vape'a, zapewnia \u0142atw\u0105 obs\u0142ug\u0119 bez konieczno\u015bci uci\u0105\u017cliwego uzupe\u0142niania lub konserwacji, dzi\u0119ki czemu jest idealny zar\u00f3wno dla pocz\u0105tkuj\u0105cych, jak i do\u015bwiadczonych u\u017cytkownik\u00f3w.<\/p>\n<h2>Najwa\u017cniejsze cechy OKSO Crystal Bar 800 Puffs:<\/h2>\n<p>Zaawansowana technologia Mesh Coil poprawia zar\u00f3wno dok\u0142adno\u015b\u0107 smaku, jak i produkcj\u0119 pary, zapewniaj\u0105c \u0142agodne uczucie w gardle przy ka\u017cdym zaci\u0105gni\u0119ciu. Ten innowacyjny system grzewczy zapewnia r\u00f3wnomiern\u0105 dystrybucj\u0119 ciep\u0142a na ca\u0142ej powierzchni cewki, maksymalizuje ekstrakcj\u0119 aromatu i zapewnia intensywny smak od pierwszego do ostatniego zaci\u0105gni\u0119cia. Wysokiej jako\u015bci konstrukcja cewki zapobiega suchym zaci\u0105gni\u0119ciom i zapewnia optymaln\u0105 wydajno\u015b\u0107 przez ca\u0142y okres u\u017cytkowania urz\u0105dzenia.<\/p>\n<p>Wyposa\u017cone w niezawodn\u0105 bateri\u0119 o pojemno\u015bci 400 mAh urz\u0105dzenie zapewnia sta\u0142\u0105 moc wyj\u015bciow\u0105, wspieraj\u0105c pe\u0142n\u0105 wydajno\u015b\u0107 bez utraty mocy. Bateria jest idealnie dostosowana do ca\u0142kowitego opr\u00f3\u017cnienia e-liquidu, dzi\u0119ki czemu mo\u017cna czerpa\u0107 przyjemno\u015b\u0107 z ka\u017cdego kropli z urz\u0105dzenia. To wydajne zarz\u0105dzanie energi\u0105 eliminuje frustracj\u0119 zwi\u0105zan\u0105 z przedwczesnym wyczerpaniem baterii.<\/p>\n<p>Dzi\u0119ki efektownemu o\u015bwietleniu LED RGB ten e-papieros \u0142\u0105czy funkcjonalno\u015b\u0107 z doskona\u0142\u0105 estetyk\u0105, zapewniaj\u0105c stylowe doznania podczas wapowania. Gotowy do u\u017cycia od razu po wyj\u0119ciu z opakowania, bez konieczno\u015bci \u0142adowania lub uzupe\u0142niania \u2013 wystarczy otworzy\u0107 i cieszy\u0107 si\u0119 natychmiastow\u0105 przyjemno\u015bci\u0105. Ten praktyczny format jednorazowy sprawia, \u017ce idealnie nadaje si\u0119 do u\u017cytku w podr\u00f3\u017cy lub jako wprowadzenie do wapowania.<\/p>\n<h2>Dane techniczne:<\/h2>\n<ul>\n<li><strong>Poci\u0105gi:<\/strong> Do 800 zaci\u0105gni\u0119\u0107<\/li>\n<li><strong>Nikotyna:<\/strong> 0 % \/ 2 % \/ 3 % \/ 5 %<\/li>\n<li><strong>E-liquid:<\/strong> 2 ml<\/li>\n<li><strong>Akumulator:<\/strong> 400 mAh<\/li>\n<li><strong>Cewka:<\/strong> Cewka siatkowa<\/li>\n<li><strong>O\u015bwietlenie:<\/strong> Diody LED RGB<\/li>\n<li><strong>Nie\u0142adowalny<\/strong><\/li>\n<li><strong>Opakowanie:<\/strong> 10 sztuk\/opakowanie<\/li>\n<li><strong>Smaki:<\/strong> 10 opcji<\/li>\n<\/ul>\n<h2>OKSO Crystal Bar 800 Lista smak\u00f3w:<\/h2>\n<ol>\n<li>mi\u0119ta<\/li>\n<li>Brzoskwinia Ice<\/li>\n<li>R\u00f3\u017cowy cytrynowy<\/li>\n<li>Krew tygrysa<\/li>\n<li>Winogrono Ice<\/li>\n<li>Arbuz Ice<\/li>\n<li>Niebieski Razz Ice<\/li>\n<li>Brzoskwinia Mango Arbuz<\/li>\n<li>Wi\u015bnia Ice<\/li>\n<li>Truskawka Ice<\/li>\n<\/ol>\n<h2>Cz\u0119sto zadawane pytania dotycz\u0105ce OKSO Crystal Bar 800<\/h2>\n<p><strong>1. Ile ruch\u00f3w oferuje OKSO Crystal Bar?<\/strong><\/p>\n<p>To urz\u0105dzenie zapewnia do 800 zaci\u0105gni\u0119\u0107, gwarantuj\u0105c d\u0142ugotrwa\u0142\u0105 przyjemno\u015b\u0107 w kompaktowej obudowie. Jest fabrycznie nape\u0142nione 2 ml wysokiej jako\u015bci p\u0142ynem do e-papieros\u00f3w, co zapewnia \u0142atwo\u015b\u0107 u\u017cytkowania.<\/p>\n<p><strong>2. Jakie opcje nikotynowe s\u0105 dost\u0119pne w przypadku tego jednorazowego e-papierosa?<\/strong><\/p>\n<p>Urz\u0105dzenie oferuje elastyczne st\u0119\u017cenia nikotyny w koncentracjach 0 %, 2 %, 3 % i 5 %, zaspokajaj\u0105c tym samym preferencje od wapowania bez nikotyny po bardziej intensywne doznania.<\/p>\n<p><strong>3. Czy ten e-papieros wykorzystuje technologi\u0119 cewki siatkowej?<\/strong><\/p>\n<p>Tak, jest wyposa\u017cony w zaawansowan\u0105 technologi\u0119 Mesh Coil, kt\u00f3ra poprawia dok\u0142adno\u015b\u0107 smaku i wytwarzanie pary, zapewniaj\u0105c jednocze\u015bnie \u0142agodne uderzenie w gard\u0142o przy sta\u0142ej mocy.<\/p>\n<p><strong>4. Czy urz\u0105dzenie to nale\u017cy na\u0142adowa\u0107 przed u\u017cyciem?<\/strong><\/p>\n<p>Nie, urz\u0105dzenie jest gotowe do u\u017cycia zaraz po wyj\u0119ciu z opakowania, bez konieczno\u015bci \u0142adowania lub uzupe\u0142niania \u2013 wystarczy je otworzy\u0107 i cieszy\u0107 si\u0119 natychmiastow\u0105 przyjemno\u015bci\u0105 dzi\u0119ki akumulatorowi o pojemno\u015bci 400 mAh.<\/p>\n<p><strong>5. Jakie szczeg\u00f3lne cechy konstrukcyjne posiada ten e-papieros?<\/strong><\/p>\n<p>Urz\u0105dzenie posiada efektowne o\u015bwietlenie LED RGB, kt\u00f3re \u0142\u0105czy funkcjonalno\u015b\u0107 z doskona\u0142\u0105 estetyk\u0105, zapewniaj\u0105c stylowe i nowoczesne wra\u017cenia podczas wapowania.<\/p>\n<h2>Zam\u00f3w teraz w Apex Vape<\/h2>\n<p>OKSO Crystal Bar 800 Puffs przekonuje kompaktow\u0105 konstrukcj\u0105 i niezawodn\u0105 wydajno\u015bci\u0105. W naszym <strong><a href=\"https:\/\/apexvape.de\/pl\/\">sklep internetowy<\/a><\/strong> znajdziesz nie tylko ten model, ale tak\u017ce wiele innych produkt\u00f3w premium w atrakcyjnych cenach hurtowych. Zapoznaj si\u0119 z nasz\u0105 pe\u0142n\u0105 ofert\u0105. <strong><a href=\"https:\/\/apexvape.de\/pl\/product-category\/okso-vape\/\">Gama produkt\u00f3w OKSO VAPE<\/a><\/strong> i skorzystaj z szybkiej dostawy, kompetentnego doradztwa i pierwszorz\u0119dnej obs\u0142ugi dla sprzedawc\u00f3w detalicznych.<\/p>","protected":false},"excerpt":{"rendered":"<div data-test-render-count=\"1\">\n<div class=\"group\">\n<div class=\"group relative pb-3\" data-is-streaming=\"false\">\n<div class=\"font-claude-response relative leading-[1.65rem] [&amp;_pre&gt;div]:bg-bg-000\/50 [&amp;_pre&gt;div]:border-0.5 [&amp;_pre&gt;div]:border-border-400 [&amp;_.ignore-pre-bg&gt;div]:bg-transparent [&amp;_.standard-markdown_:is(p,blockquote,h1,h2,h3,h4,h5,h6)]:pl-2 [&amp;_.standard-markdown_:is(p,blockquote,ul,ol,h1,h2,h3,h4,h5,h6)]:pr-8 [&amp;_.progressive-markdown_:is(p,blockquote,h1,h2,h3,h4,h5,h6)]:pl-2 [&amp;_.progressive-markdown_:is(p,blockquote,ul,ol,h1,h2,h3,h4,h5,h6)]:pr-8\">\n<div>\n<div class=\"standard-markdown grid-cols-1 grid gap-4 [&amp;_&gt;_*]:min-w-0 standard-markdown\">\n<p class=\"font-claude-response-body break-words whitespace-normal leading-[1.7]\">Die OKSO Crystal Bar 800 Puffs \u00fcberzeugt mit fortschrittlicher Mesh-Coil-Technologie f\u00fcr intensiven Geschmack und sanften Throat-Hit. Das kompakte Einwegger\u00e4t bietet 2ml Premium-Liquid, 400mAh Akku und stylisches RGB-LED-Design. Sofort einsatzbereit ohne Aufladen \u2013 perfekt f\u00fcr unterwegs und Dampfeinsteiger.<\/p>\n<\/div>\n<\/div>\n<\/div>\n<\/div>\n<div class=\"flex justify-start\" role=\"group\" aria-label=\"Message actions\">\n<div class=\"text-text-300\">\n<div class=\"text-text-300 flex items-stretch justify-between\">\n<div class=\"w-fit\" data-state=\"closed\">\n<div class=\"relative text-text-500 group-hover\/btn:text-text-100\">\n<div class=\"flex items-center justify-center transition-all opacity-100 scale-100\"><\/div>\n<div class=\"flex items-center justify-center absolute top-0 left-0 transition-all opacity-0 scale-50\"><\/div>\n<\/div>\n<\/div>\n<div class=\"w-fit\" data-state=\"closed\">\n<div class=\"flex items-center justify-center text-text-500 group-hover\/btn:text-text-100\"><\/div>\n<\/div>\n<div class=\"w-fit\" data-state=\"closed\">\n<div class=\"flex items-center justify-center text-text-500 group-hover\/btn:text-text-100\"><\/div>\n<\/div>\n<div class=\"flex items-center\">\n<div class=\"w-fit\" data-state=\"closed\">\n<div class=\"flex items-center justify-center text-text-500 group-hover\/btn:text-text-100\"><\/div>\n<\/div>\n<\/div>\n<\/div>\n<\/div>\n<\/div>\n<\/div>\n<\/div>\n<div class=\"h-px w-full pointer-events-none\" aria-hidden=\"true\"><\/div>\n","protected":false},"featured_media":5789,"comment_status":"open","ping_status":"closed","template":"","meta":[],"product_brand":[],"product_cat":[81],"product_tag":[],"class_list":{"0":"post-5788","1":"product","2":"type-product","3":"status-publish","4":"has-post-thumbnail","6":"product_cat-okso-vape","8":"first","9":"instock","10":"shipping-taxable","11":"purchasable","12":"product-type-variable"},"_links":{"self":[{"href":"https:\/\/apexvape.de\/pl\/wp-json\/wp\/v2\/product\/5788","targetHints":{"allow":["GET"]}}],"collection":[{"href":"https:\/\/apexvape.de\/pl\/wp-json\/wp\/v2\/product"}],"about":[{"href":"https:\/\/apexvape.de\/pl\/wp-json\/wp\/v2\/types\/product"}],"replies":[{"embeddable":true,"href":"https:\/\/apexvape.de\/pl\/wp-json\/wp\/v2\/comments?post=5788"}],"version-history":[{"count":0,"href":"https:\/\/apexvape.de\/pl\/wp-json\/wp\/v2\/product\/5788\/revisions"}],"wp:featuredmedia":[{"embeddable":true,"href":"https:\/\/apexvape.de\/pl\/wp-json\/wp\/v2\/media\/5789"}],"wp:attachment":[{"href":"https:\/\/apexvape.de\/pl\/wp-json\/wp\/v2\/media?parent=5788"}],"wp:term":[{"taxonomy":"product_brand","embeddable":true,"href":"https:\/\/apexvape.de\/pl\/wp-json\/wp\/v2\/product_brand?post=5788"},{"taxonomy":"product_cat","embeddable":true,"href":"https:\/\/apexvape.de\/pl\/wp-json\/wp\/v2\/product_cat?post=5788"},{"taxonomy":"product_tag","embeddable":true,"href":"https:\/\/apexvape.de\/pl\/wp-json\/wp\/v2\/product_tag?post=5788"}],"curies":[{"name":"wp","href":"https:\/\/api.w.org\/{rel}","templated":true}]}}