{"id":5729,"date":"2025-12-15T10:33:57","date_gmt":"2025-12-15T09:33:57","guid":{"rendered":"https:\/\/apexvape.de\/?post_type=product&#038;p=5729"},"modified":"2025-12-15T10:34:39","modified_gmt":"2025-12-15T09:34:39","slug":"okso-3in1-70000","status":"publish","type":"product","link":"https:\/\/apexvape.de\/pl\/product\/okso-3in1-70000\/","title":{"rendered":"OKSO 3IN1 70000 zaci\u0105gni\u0119\u0107 Jednorazowy vape"},"content":{"rendered":"<h1>OKSO 3IN1 70000 zaci\u0105gni\u0119\u0107 Wielokrotnego \u0142adowania Jednorazowy e-papieros Sprzeda\u017c hurtowa Niska zawarto\u015b\u0107 nikotyny<\/h1>\n<p>OKSO 3IN1 70000 Puffs oferuje wiod\u0105c\u0105 w bran\u017cy pojemno\u015b\u0107 70 000 zaci\u0105gni\u0119\u0107 z jednego urz\u0105dzenia, znacznie przewy\u017cszaj\u0105c \u017cywotno\u015b\u0107 tradycyjnych jednorazowych e-papieros\u00f3w. Ta wyj\u0105tkowa trwa\u0142o\u015b\u0107 zapewnia doskona\u0142y stosunek ceny do jako\u015bci i zmniejsza konieczno\u015b\u0107 cz\u0119stej wymiany, co czyni go jedn\u0105 z najbardziej op\u0142acalnych opcji na rynku. Dzi\u0119ki elastycznym poziomom nikotyny 0 %, 2 %, 3 % i 5 % urz\u0105dzenie to zaspokaja r\u00f3\u017cnorodne potrzeby u\u017cytkownik\u00f3w \u2013 od przyjemno\u015bci bez nikotyny po intensywne doznania w gardle.<\/p>\n<h2>OKSO 3IN1 70000 Puffs Najwa\u017cniejsze cechy:<\/h2>\n<p>Innowacyjny system kapsu\u0142ek smakowych 3 w 1 umo\u017cliwia prze\u0142\u0105czanie mi\u0119dzy trzema r\u00f3\u017cnymi profilami smakowymi w jednym urz\u0105dzeniu i gwarantuje d\u0142ugotrwa\u0142\u0105 \u015bwie\u017co\u015b\u0107 i r\u00f3\u017cnorodno\u015b\u0107 podczas ca\u0142ego procesu wapowania. Ta prze\u0142omowa konstrukcja z wieloma zbiornikami pozwala cieszy\u0107 si\u0119 r\u00f3\u017cnymi smakami bez konieczno\u015bci noszenia ze sob\u0105 wielu urz\u0105dze\u0144 do wapowania \u2013 zapewniaj\u0105c niezr\u00f3wnan\u0105 wszechstronno\u015b\u0107 i wygod\u0119. Ka\u017cdy aromat pozostaje oddzielny i \u015bwie\u017cy, co zapobiega mieszaniu si\u0119 smak\u00f3w i zapewnia optymaln\u0105 jako\u015b\u0107 smaku.<\/p>\n<p>Dzi\u0119ki trzem niezale\u017cnym wk\u0142adom o pojemno\u015bci 16 ml urz\u0105dzenie oferuje du\u017c\u0105 ca\u0142kowit\u0105 pojemno\u015b\u0107 e-liquidu, kt\u00f3ra zapewnia d\u0142ugotrwa\u0142e u\u017cytkowanie i ca\u0142odzienne sesje wapowania. Ten pojemny zbiornik zmniejsza konieczno\u015b\u0107 cz\u0119stego uzupe\u0142niania lub wymiany, dzi\u0119ki czemu idealnie nadaje si\u0119 dla intensywnych u\u017cytkownik\u00f3w i wszystkich, kt\u00f3rzy ceni\u0105 sobie wygod\u0119. Du\u017ca pojemno\u015b\u0107 gwarantuje, \u017ce niezale\u017cnie od wybranego profilu smakowego b\u0119dziesz mie\u0107 do dyspozycji wystarczaj\u0105c\u0105 ilo\u015b\u0107 e-liquidu.<\/p>\n<p>Zasilane wbudowanym akumulatorem o pojemno\u015bci 650 mAh z funkcj\u0105 szybkiego \u0142adowania USB typu C, urz\u0105dzenie to zapewnia niezawodn\u0105 prac\u0119 przez ca\u0142y dzie\u0144 przy minimalnym czasie przestoju. Energooszcz\u0119dny system umo\u017cliwia szybkie cykle \u0142adowania, dzi\u0119ki czemu nigdy nie musisz d\u0142ugo rezygnowa\u0107 z e-papierosa. Po\u0142\u0105czenie du\u017cej pojemno\u015bci akumulatora i technologii szybkiego \u0142adowania maksymalizuje wygod\u0119 u\u017cytkowania i komfort dla wsp\u00f3\u0142czesnych u\u017cytkownik\u00f3w e-papieros\u00f3w.<\/p>\n<h2>Dane techniczne:<\/h2>\n<ul>\n<li><strong>Pojemno\u015b\u0107 cieczy:<\/strong> 16 ml \u00d7 3<\/li>\n<li><strong>Poci\u0105gi:<\/strong> 70 000 zaci\u0105gni\u0119\u0107<\/li>\n<li><strong>Akumulator:<\/strong> 650 mAh<\/li>\n<li><strong>Nikotyna:<\/strong> 0 %, 2 %, 3 %, 5 %<\/li>\n<li><strong>Cewka:<\/strong> Cewka siatkowa \u00d7 3<\/li>\n<li><strong>\u0141adowarka:<\/strong> USB typu C z mo\u017cliwo\u015bci\u0105 \u0142adowania<\/li>\n<li><strong>Projekt:<\/strong> wy\u015bwietlacz LED<\/li>\n<li><strong>Smaki:<\/strong> 10 dost\u0119pnych aromat\u00f3w<\/li>\n<\/ul>\n<h2>OKSO 3IN1 70000 Puffs Lista smak\u00f3w:<\/h2>\n<ol>\n<li>Jagoda Malina \/ Mieszanka jag\u00f3d \/ Jab\u0142ko Brzoskwinia<\/li>\n<li>Arbuz lodowy \/ Mr Blue \/ Zielony winogronowy arbuz<\/li>\n<li>Truskawka Ice \/ Jungle Juice \/ Smoczy melon<\/li>\n<li>Winogrono Ice \/ Czarna porzeczka Ice \/ D\u017cem jagodowy<\/li>\n<li>Wi\u015bnia Ice \/ Dwa jab\u0142ka \/ Truskawka Malina Wi\u015bnia Ice<\/li>\n<li>Soczysta brzoskwinia \/ cola wi\u015bniowa \/ cukierki wi\u015bniowe<\/li>\n<li>Truskawka Kiwi \/ Gumy do \u017cucia o smaku arbuza \/ Triple Mango Ice<\/li>\n<li>Kiwi, marakuja, guawa \/ Cola Ice \/ Marakuja, mango Ice<\/li>\n<li>Ananasowy l\u00f3d \/ truskawkowy arbuz \/ truskawkowa winogrona<\/li>\n<li>\u015awie\u017ca mi\u0119ta \/ cytryna limonka \/ arbuzowy mojito<\/li>\n<\/ol>\n<h2>Cz\u0119sto zadawane pytania dotycz\u0105ce OKSO 3IN1 70000 Puffs<\/h2>\n<p><strong>1. Ile ruch\u00f3w oferuje OKSO 3IN1?<\/strong><\/p>\n<p>To urz\u0105dzenie oferuje wiod\u0105c\u0105 w bran\u017cy liczb\u0119 70 000 zaci\u0105gni\u0119\u0107 z jednego urz\u0105dzenia, znacznie przewy\u017cszaj\u0105c tradycyjne jednorazowe e-papierosy i zapewniaj\u0105c wyj\u0105tkow\u0105 warto\u015b\u0107 przy zmniejszonej cz\u0119stotliwo\u015bci wymiany.<\/p>\n<p><strong>2. Czym jest system kapsu\u0142ek smakowych 3 w 1?<\/strong><\/p>\n<p>Innowacyjny system Multi-Tank umo\u017cliwia prze\u0142\u0105czanie mi\u0119dzy trzema r\u00f3\u017cnymi profilami smakowymi w jednym urz\u0105dzeniu i zapewnia d\u0142ugotrwa\u0142\u0105 \u015bwie\u017co\u015b\u0107 i r\u00f3\u017cnorodno\u015b\u0107 bez konieczno\u015bci noszenia ze sob\u0105 kilku vape'\u00f3w.<\/p>\n<p><strong>3. Jak\u0105 pojemno\u015b\u0107 ma ten e-papieros?<\/strong><\/p>\n<p>Posiada trzy niezale\u017cne wk\u0142ady o pojemno\u015bci 16 ml, co zapewnia du\u017c\u0105 ca\u0142kowit\u0105 pojemno\u015b\u0107 e-liquidu, umo\u017cliwiaj\u0105c\u0105 ca\u0142odzienne vapowanie i zmniejszaj\u0105c\u0105 konieczno\u015b\u0107 cz\u0119stego uzupe\u0142niania lub wymiany.<\/p>\n<p><strong>4. Jakie s\u0105 dost\u0119pne poziomy nikotyny?<\/strong><\/p>\n<p>Urz\u0105dzenie jest dost\u0119pne w wersjach o st\u0119\u017ceniu nikotyny 0 %, 2 %, 3 % i 5 %, dzi\u0119ki czemu zaspokaja najr\u00f3\u017cniejsze preferencje \u2013 od przyjemno\u015bci bez nikotyny po intensywne doznania w gardle.<\/p>\n<p><strong>5. Jak \u0142adowa\u0107 ten jednorazowy e-papieros?<\/strong><\/p>\n<p>Jest zasilany bateri\u0105 o pojemno\u015bci 650 mAh z funkcj\u0105 szybkiego \u0142adowania USB typu C, zapewniaj\u0105c\u0105 niezawodn\u0105 prac\u0119 przez ca\u0142y dzie\u0144 dzi\u0119ki szybkim cyklom \u0142adowania i minimalnym przestojom.<\/p>\n<h2>Wi\u0119cej informacji i zam\u00f3wienie<\/h2>\n<p>Odkryj OKSO 3IN1 70000 Puffs i inne wysokiej jako\u015bci e-papierosy w naszym asortymencie. Odwied\u017a nasz\u0105 stron\u0119 internetow\u0105. <strong><a href=\"https:\/\/apexvape.de\/pl\/\">Strona g\u0142\u00f3wna<\/a><\/strong> aby zapozna\u0107 si\u0119 z pe\u0142n\u0105 ofert\u0105 produkt\u00f3w lub odkryj nasz\u0105 bogat\u0105 <strong><a href=\"https:\/\/apexvape.de\/pl\/product-category\/okso-vape\/\">Kolekcja OKSO VAPE<\/a><\/strong> ze wszystkimi dost\u0119pnymi modelami OKSO. Jako wiod\u0105cy hurtownik wysokiej jako\u015bci produkt\u00f3w do wapowania oferujemy najwy\u017csz\u0105 jako\u015b\u0107, szybk\u0105 wysy\u0142k\u0119 i atrakcyjne warunki dla klient\u00f3w biznesowych.<\/p>","protected":false},"excerpt":{"rendered":"<div data-test-render-count=\"1\">\n<div class=\"group\">\n<div class=\"group relative pb-3\" data-is-streaming=\"false\">\n<div class=\"font-claude-response relative leading-[1.65rem] [&amp;_pre&gt;div]:bg-bg-000\/50 [&amp;_pre&gt;div]:border-0.5 [&amp;_pre&gt;div]:border-border-400 [&amp;_.ignore-pre-bg&gt;div]:bg-transparent [&amp;_.standard-markdown_:is(p,blockquote,h1,h2,h3,h4,h5,h6)]:pl-2 [&amp;_.standard-markdown_:is(p,blockquote,ul,ol,h1,h2,h3,h4,h5,h6)]:pr-8 [&amp;_.progressive-markdown_:is(p,blockquote,h1,h2,h3,h4,h5,h6)]:pl-2 [&amp;_.progressive-markdown_:is(p,blockquote,ul,ol,h1,h2,h3,h4,h5,h6)]:pr-8\">\n<div>\n<div class=\"standard-markdown grid-cols-1 grid gap-4 [&amp;_&gt;_*]:min-w-0 standard-markdown\">\n<p class=\"font-claude-response-body break-words whitespace-normal leading-[1.7]\">Die OKSO 3IN1 70000 revolutioniert das Dampferlebnis mit 70.000 Z\u00fcgen und innovativem 3-Pod-System. Wechseln Sie m\u00fchelos zwischen drei Geschmacksrichtungen in einem Ger\u00e4t. Mit 3\u00d716ml Tanks, 650mAh Schnellladeakku und flexiblen Nikotinst\u00e4rken (0-5%) bietet sie maximale Vielseitigkeit und Kosteneffizienz.<\/p>\n<\/div>\n<\/div>\n<\/div>\n<\/div>\n<div class=\"flex justify-start\" role=\"group\" aria-label=\"Message actions\">\n<div class=\"text-text-300\">\n<div class=\"text-text-300 flex items-stretch justify-between\">\n<div class=\"w-fit\" data-state=\"closed\">\n<div class=\"relative text-text-500 group-hover\/btn:text-text-100\">\n<div class=\"flex items-center justify-center transition-all opacity-100 scale-100\"><\/div>\n<div class=\"flex items-center justify-center absolute top-0 left-0 transition-all opacity-0 scale-50\"><\/div>\n<\/div>\n<\/div>\n<div class=\"w-fit\" data-state=\"closed\">\n<div class=\"flex items-center justify-center text-text-500 group-hover\/btn:text-text-100\"><\/div>\n<\/div>\n<div class=\"w-fit\" data-state=\"closed\">\n<div class=\"flex items-center justify-center text-text-500 group-hover\/btn:text-text-100\"><\/div>\n<\/div>\n<div class=\"flex items-center\">\n<div class=\"w-fit\" data-state=\"closed\">\n<div class=\"flex items-center justify-center text-text-500 group-hover\/btn:text-text-100\"><\/div>\n<\/div>\n<\/div>\n<\/div>\n<\/div>\n<\/div>\n<\/div>\n<\/div>\n<div class=\"h-px w-full pointer-events-none\" aria-hidden=\"true\"><\/div>\n","protected":false},"featured_media":5730,"comment_status":"open","ping_status":"closed","template":"","meta":[],"product_brand":[],"product_cat":[81],"product_tag":[],"class_list":{"0":"post-5729","1":"product","2":"type-product","3":"status-publish","4":"has-post-thumbnail","6":"product_cat-okso-vape","8":"first","9":"instock","10":"shipping-taxable","11":"purchasable","12":"product-type-variable"},"_links":{"self":[{"href":"https:\/\/apexvape.de\/pl\/wp-json\/wp\/v2\/product\/5729","targetHints":{"allow":["GET"]}}],"collection":[{"href":"https:\/\/apexvape.de\/pl\/wp-json\/wp\/v2\/product"}],"about":[{"href":"https:\/\/apexvape.de\/pl\/wp-json\/wp\/v2\/types\/product"}],"replies":[{"embeddable":true,"href":"https:\/\/apexvape.de\/pl\/wp-json\/wp\/v2\/comments?post=5729"}],"version-history":[{"count":0,"href":"https:\/\/apexvape.de\/pl\/wp-json\/wp\/v2\/product\/5729\/revisions"}],"wp:featuredmedia":[{"embeddable":true,"href":"https:\/\/apexvape.de\/pl\/wp-json\/wp\/v2\/media\/5730"}],"wp:attachment":[{"href":"https:\/\/apexvape.de\/pl\/wp-json\/wp\/v2\/media?parent=5729"}],"wp:term":[{"taxonomy":"product_brand","embeddable":true,"href":"https:\/\/apexvape.de\/pl\/wp-json\/wp\/v2\/product_brand?post=5729"},{"taxonomy":"product_cat","embeddable":true,"href":"https:\/\/apexvape.de\/pl\/wp-json\/wp\/v2\/product_cat?post=5729"},{"taxonomy":"product_tag","embeddable":true,"href":"https:\/\/apexvape.de\/pl\/wp-json\/wp\/v2\/product_tag?post=5729"}],"curies":[{"name":"wp","href":"https:\/\/api.w.org\/{rel}","templated":true}]}}