{"id":5552,"date":"2025-12-13T15:26:40","date_gmt":"2025-12-13T14:26:40","guid":{"rendered":"https:\/\/apexvape.de\/?post_type=product&#038;p=5552"},"modified":"2026-02-27T09:26:15","modified_gmt":"2026-02-27T08:26:15","slug":"razz-bar-40000-with-screen","status":"publish","type":"product","link":"https:\/\/apexvape.de\/pl\/product\/razz-bar-40000-with-screen\/","title":{"rendered":"Razz Bar 40000 z ekranem Z\u00fcge Jednorazowy vape"},"content":{"rendered":"<h1>Razz Bar 40000 z ekranem Niska zawarto\u015b\u0107 nikotyny Zakupy hurtowe Oryginalne jednorazowe e-papierosy wielokrotnego \u0142adowania Sprzeda\u017c hurtowa<\/h1>\n<p>Razz Bar 40000 z ekranem zapewnia 40 000 zaci\u0105gni\u0119\u0107, co pozwala na d\u0142u\u017csze sesje wapowania. Posiada inteligentny wy\u015bwietlacz, kt\u00f3ry pokazuje poziom na\u0142adowania baterii i poziom e-liquidu w czasie rzeczywistym, dzi\u0119ki czemu nigdy nie spotka Ci\u0119 \u017cadna niespodzianka. Zaawansowana technologia cewki siatkowej zapewnia czysty, sta\u0142y smak przy ka\u017cdym zaci\u0105gni\u0119ciu. Zasilany akumulatorem 650 mAh z funkcj\u0105 szybkiego \u0142adowania typu C. Dost\u0119pny w wersjach 2% lub 5% nikotyny dla \u0142agodniejszych zaci\u0105gni\u0119\u0107. Kompaktowa, stylowa konstrukcja dobrze le\u017cy w d\u0142oni i jest \u0142atwa w transporcie. Opakowanie hurtowe zawiera 200 sztuk w kartonie, idealne dla sprzedawc\u00f3w detalicznych i dystrybutor\u00f3w poszukuj\u0105cych wysokiej jako\u015bci urz\u0105dze\u0144 jednorazowego u\u017cytku.<\/p>\n<h2>Razz Bar 40000 z ekranem Najwa\u017cniejsze cechy<\/h2>\n<p>Razz Bar 40000 z ekranem zapewnia wyj\u0105tkow\u0105 trwa\u0142o\u015b\u0107, umo\u017cliwiaj\u0105c wykonanie nawet 40 000 zaci\u0105gni\u0119\u0107, co pozwala na d\u0142u\u017csze sesje wapowania bez konieczno\u015bci cz\u0119stej wymiany. Ta imponuj\u0105ca pojemno\u015b\u0107 gwarantuje sta\u0142\u0105 wydajno\u015b\u0107 przez wiele tygodni niezawodnego u\u017cytkowania, co czyni go idealnym wyborem dla os\u00f3b, kt\u00f3re ceni\u0105 sobie wygod\u0119 i d\u0142ugotrwa\u0142\u0105 jako\u015b\u0107 podczas codziennego wapowania.<\/p>\n<p>Wyposa\u017cone w inteligentny wy\u015bwietlacz urz\u0105dzenie informuje Ci\u0119 na bie\u017c\u0105co o stanie baterii i poziomie e-p\u0142ynu. Intuicyjny interfejs u\u017cytkownika sprawia, \u017ce nigdy nie zaskoczy Ci\u0119 roz\u0142adowana bateria lub pusty zbiornik, a tak\u017ce pozwala efektywnie planowa\u0107 u\u017cytkowanie. Zaawansowana technologia cewki siatkowej zapewnia czysty, pe\u0142ny i sta\u0142y smak przy ka\u017cdym zaci\u0105gni\u0119ciu si\u0119, dostarczaj\u0105c delikatn\u0105 par\u0119 i bogaty smak od pierwszego do ostatniego zaci\u0105gni\u0119cia.<\/p>\n<p>Zasilane akumulatorem o pojemno\u015bci 650 mAh urz\u0105dzenie zapewnia d\u0142ugotrwa\u0142e u\u017cytkowanie i sta\u0142y, niezawodny dop\u0142yw energii przez ca\u0142y dzie\u0144. Praktyczne z\u0142\u0105cze szybkiego \u0142adowania typu C umo\u017cliwia szybkie i wydajne \u0142adowanie oraz minimalizuje przestoje, dzi\u0119ki czemu mo\u017cna szybko powr\u00f3ci\u0107 do wapowania. Dost\u0119pny w wersjach o niskiej zawarto\u015bci nikotyny 2% i 5%, jest idealny dla os\u00f3b wapuj\u0105cych, kt\u00f3re preferuj\u0105 \u0142agodniejsze zaci\u0105gni\u0119cia, ale nadal chc\u0105 cieszy\u0107 si\u0119 satysfakcjonuj\u0105cym uczuciem w gardle.<\/p>\n<p>Kompaktowa i stylowa konstrukcja sprawia, \u017ce ten e-papieros jest wygodny w trzymaniu i \u0142atwy do przenoszenia, gdziekolwiek jeste\u015b. Jego smuk\u0142y profil idealnie mie\u015bci si\u0119 w kieszeni, nie zajmuj\u0105c du\u017co miejsca, i \u0142\u0105czy w sobie przeno\u015bno\u015b\u0107 z nowoczesn\u0105 estetyk\u0105. Opakowanie hurtowe zawiera 200 sztuk w kartonie, co czyni go doskona\u0142\u0105 opcj\u0105 dla sprzedawc\u00f3w detalicznych i dystrybutor\u00f3w, kt\u00f3rzy chc\u0105 mie\u0107 w magazynie wysokiej jako\u015bci, wielofunkcyjny e-papieros jednorazowy.<\/p>\n<h2>Specyfikacje produktu<\/h2>\n<p><strong>Poci\u0105gi:<\/strong> Do 40 000 poci\u0105g\u00f3w<br \/>\n<strong>Pojemno\u015b\u0107:<\/strong> 36 ml wst\u0119pnie nape\u0142nione<br \/>\n<strong>Nikotyna:<\/strong> 2%\/5%<br \/>\n<strong>Cewka siatkowa:<\/strong> Cewka siatkowa 1,0 \u03a9<br \/>\n<strong>Akumulator:<\/strong> 650 mAh TYPE-C Akumulator<br \/>\n<strong>wy\u015bwietlacz LED<\/strong><br \/>\n<strong>Regulowany przep\u0142yw powietrza<\/strong><br \/>\n<strong>Smaki:<\/strong> 16 smak\u00f3w<br \/>\n<strong>Waga:<\/strong> 103 g\/sztuka<br \/>\n<strong>Opakowanie:<\/strong> 10 sztuk\/pude\u0142ko<\/p>\n<h2>Razz Bar 40K z ekranem Smaki<\/h2>\n<ol>\n<li>Grape Burst (Wybuch winogronowy)<\/li>\n<li>Strawberry Ice (truskawkowe lody)<\/li>\n<li>Kiwi Passion Fruit Guava (kiwi, marakuja, guawa)<\/li>\n<li>Lemon Lime (cytryna limonka)<\/li>\n<li>Peach Ice (lody brzoskwiniowe)<\/li>\n<li>Cherry Lemon (wi\u015bnia cytryna)<\/li>\n<li>Lush Ice (Lush Ice)<\/li>\n<li>Skittles (Skittles)<\/li>\n<li>Truskawka Kiwi (truskawka kiwi)<\/li>\n<li>Pink Lemonade (r\u00f3\u017cowa lemoniada)<\/li>\n<li>Ananasowo-kokosowy<\/li>\n<li>Cola Ice (Cola lodowa)<\/li>\n<li>Cool Mint (Ch\u0142odna mi\u0119ta)<\/li>\n<li>Blueberry Ice (lody jagodowe)<\/li>\n<li>Gummy Bear (\u017celki)<\/li>\n<li>Mieszanka jag\u00f3d (Mixed Berries)<\/li>\n<\/ol>\n<h2>Razz Bar 40K z ekranem Cz\u0119sto zadawane pytania<\/h2>\n<p><strong>1. Ile ruch\u00f3w oferuje Razz Bar 40000 z ekranem?<\/strong><\/p>\n<p>Urz\u0105dzenie to zapewnia do 40 000 zaci\u0105gni\u0119\u0107 i oferuje wyj\u0105tkow\u0105 trwa\u0142o\u015b\u0107, umo\u017cliwiaj\u0105c\u0105 d\u0142u\u017csze sesje wapowania. Imponuj\u0105ca pojemno\u015b\u0107 gwarantuje sta\u0142\u0105 wydajno\u015b\u0107 przez wiele tygodni bez konieczno\u015bci cz\u0119stej wymiany, dzi\u0119ki czemu idealnie nadaje si\u0119 dla os\u00f3b ceni\u0105cych wygod\u0119 i niezawodno\u015b\u0107.<\/p>\n<p><strong>2. Co pokazuje inteligentny wy\u015bwietlacz?<\/strong><\/p>\n<p>Inteligentny wy\u015bwietlacz zapewnia monitorowanie w czasie rzeczywistym zar\u00f3wno poziomu na\u0142adowania baterii, jak i poziomu e-p\u0142ynu. Ta intuicyjna funkcja zapewnia sta\u0142y dost\u0119p do informacji i gwarantuje, \u017ce nigdy nie zaskoczy Ci\u0119 roz\u0142adowana bateria lub pusty zbiornik, dzi\u0119ki czemu mo\u017cesz efektywnie planowa\u0107 u\u017cytkowanie.<\/p>\n<p><strong>3. Jakie s\u0105 dost\u0119pne poziomy nikotyny?<\/strong><\/p>\n<p>Wybierz opcj\u0119 o niskiej zawarto\u015bci nikotyny 2% lub 5%, aby dopasowa\u0107 j\u0105 do swoich preferencji. Te st\u0119\u017cenia s\u0105 idealne dla os\u00f3b, kt\u00f3re preferuj\u0105 \u0142agodniejsze zaci\u0105gni\u0119cia, ale nadal chc\u0105 cieszy\u0107 si\u0119 satysfakcjonuj\u0105cym uczuciem w gardle i smakiem podczas sesji.<\/p>\n<p><strong>4. Jak dzia\u0142aj\u0105 akumulator i system \u0142adowania?<\/strong><\/p>\n<p>Nap\u0119dzany akumulatorem 650 mAh, ten e-papieros zapewnia d\u0142ugotrwa\u0142e u\u017cytkowanie dzi\u0119ki sta\u0142ej, niezawodnej mocy. Z\u0142\u0105cze szybkiego \u0142adowania typu C umo\u017cliwia szybkie i wydajne \u0142adowanie oraz minimalizuje przestoje, dzi\u0119ki czemu mo\u017cna szybko powr\u00f3ci\u0107 do vapowania bez d\u0142ugiego oczekiwania.<\/p>\n<p><strong>5. Co sprawia, \u017ce technologia cewek jest wyj\u0105tkowa?<\/strong><\/p>\n<p>Zaawansowana technologia Mesh Coil zapewnia czysty, pe\u0142ny i sta\u0142y smak przy ka\u017cdym zaci\u0105gni\u0119ciu. System ten zapewnia delikatn\u0105 par\u0119 i bogaty smak od pierwszego do ostatniego zaci\u0105gni\u0119cia, zachowuj\u0105c jako\u015b\u0107 przez ca\u0142y okres eksploatacji urz\u0105dzenia wynosz\u0105cy 40 000 zaci\u0105gni\u0119\u0107.<\/p>\n<h2>Tw\u00f3j sprzedawca Razz Bar ApexVape<\/h2>\n<p>Odwied\u017a nasz\u0105 stron\u0119 internetow\u0105 <strong><a href=\"https:\/\/apexvape.de\/pl\/\">Strona g\u0142\u00f3wna<\/a><\/strong> i odkryj nasz\u0105 szerok\u0105 gam\u0119 jednorazowych e-papieros\u00f3w na ka\u017cd\u0105 potrzeb\u0119 i na ka\u017cd\u0105 kiesze\u0144. Kompletn\u0105 kolekcj\u0119 Razz Bar wraz ze wszystkimi modelami ekspozycyjnymi i innowacjami technicznymi prezentujemy w przejrzysty spos\u00f3b w naszym <strong><a href=\"https:\/\/apexvape.de\/pl\/product-category\/razz-bar-vape\/\">RAZZ BAR VAPE Kategoria<\/a><\/strong>. ApexVape przekonuje szybkimi terminami dostaw, elastycznymi opcjami p\u0142atno\u015bci i indywidualnym doradztwem \u2013 jest to niezawodny partner w zakresie skutecznego handlu produktami do wapowania.<\/p>","protected":false},"excerpt":{"rendered":"<p class=\"font-claude-response-body break-words whitespace-normal leading-[1.7]\">Die Razz Bar 40000 with screen bietet 40.000 Z\u00fcge mit Smart-Display f\u00fcr Echtzeit-Status. Mit 36ml E-Liquid, 650mAh wiederaufladbarem Akku und Type-C-Schnellladung. Mesh-Coil-Technologie f\u00fcr konstanten Geschmack. Erh\u00e4ltlich in 2% &amp; 5% Nikotin, 16 Geschmacksrichtungen. Einstellbarer Airflow f\u00fcr personalisiertes Dampferlebnis.<\/p>\n","protected":false},"featured_media":5553,"comment_status":"open","ping_status":"closed","template":"","meta":[],"product_brand":[],"product_cat":[79],"product_tag":[],"class_list":{"0":"post-5552","1":"product","2":"type-product","3":"status-publish","4":"has-post-thumbnail","6":"product_cat-razz-bar-vape","8":"first","9":"instock","10":"shipping-taxable","11":"purchasable","12":"product-type-variable"},"_links":{"self":[{"href":"https:\/\/apexvape.de\/pl\/wp-json\/wp\/v2\/product\/5552","targetHints":{"allow":["GET"]}}],"collection":[{"href":"https:\/\/apexvape.de\/pl\/wp-json\/wp\/v2\/product"}],"about":[{"href":"https:\/\/apexvape.de\/pl\/wp-json\/wp\/v2\/types\/product"}],"replies":[{"embeddable":true,"href":"https:\/\/apexvape.de\/pl\/wp-json\/wp\/v2\/comments?post=5552"}],"version-history":[{"count":0,"href":"https:\/\/apexvape.de\/pl\/wp-json\/wp\/v2\/product\/5552\/revisions"}],"wp:featuredmedia":[{"embeddable":true,"href":"https:\/\/apexvape.de\/pl\/wp-json\/wp\/v2\/media\/5553"}],"wp:attachment":[{"href":"https:\/\/apexvape.de\/pl\/wp-json\/wp\/v2\/media?parent=5552"}],"wp:term":[{"taxonomy":"product_brand","embeddable":true,"href":"https:\/\/apexvape.de\/pl\/wp-json\/wp\/v2\/product_brand?post=5552"},{"taxonomy":"product_cat","embeddable":true,"href":"https:\/\/apexvape.de\/pl\/wp-json\/wp\/v2\/product_cat?post=5552"},{"taxonomy":"product_tag","embeddable":true,"href":"https:\/\/apexvape.de\/pl\/wp-json\/wp\/v2\/product_tag?post=5552"}],"curies":[{"name":"wp","href":"https:\/\/api.w.org\/{rel}","templated":true}]}}