{"id":5508,"date":"2025-12-13T15:19:24","date_gmt":"2025-12-13T14:19:24","guid":{"rendered":"https:\/\/apexvape.de\/?post_type=product&#038;p=5508"},"modified":"2026-02-27T09:27:09","modified_gmt":"2026-02-27T08:27:09","slug":"razz-bar-60000","status":"publish","type":"product","link":"https:\/\/apexvape.de\/pl\/product\/razz-bar-60000\/","title":{"rendered":"Razz Bar 60000 zaci\u0105gni\u0119\u0107 Jednorazowy vape"},"content":{"rendered":"<h1>Razz Bar 60000 zaci\u0105gni\u0119\u0107 Crystal Vape Akumulator Wielkoobrotowy zakup hurtowy Cewka siatkowa<\/h1>\n<p>Razz Bar 60000 zapewnia wyj\u0105tkowe 60 000 zaci\u0105gni\u0119\u0107 z fabrycznie nape\u0142nionego zbiornika o pojemno\u015bci 20 ml, co pozwala na d\u0142u\u017csze u\u017cytkowanie. Posiada wysokiej jako\u015bci kryszta\u0142ow\u0105 konstrukcj\u0119 z przezroczyst\u0105 obudow\u0105 i naklejkami o r\u00f3\u017cnych smakach, kt\u00f3re nadaj\u0105 mu elegancki styl. Zaawansowana technologia cewki siatkowej zapewnia bogaty smak i delikatn\u0105 par\u0119 przy ka\u017cdym zaci\u0105gni\u0119ciu. Zasilany akumulatorem 650 mAh z \u0142adowaniem typu C dla wygodnego \u0142adowania. Dost\u0119pny w wersjach 2% (20 mg) lub 5% (50 mg) soli nikotynowej. Wybierz spo\u015br\u00f3d 16 popularnych smak\u00f3w, kt\u00f3re zosta\u0142y opracowane z my\u015bl\u0105 o d\u0142ugotrwa\u0142ej satysfakcji. Idealny dla u\u017cytkownik\u00f3w, kt\u00f3rzy poszukuj\u0105 maksymalnej pojemno\u015bci, eleganckiego wygl\u0105du i sta\u0142ej wydajno\u015bci.<\/p>\n<h2>Razz Bar 60000 zaci\u0105gni\u0119\u0107 Najwa\u017cniejsze cechy<\/h2>\n<p>Razz Bar 60000 wyznacza bezprecedensowy standard w zakresie wysokowydajnego wapowania, zapewniaj\u0105c niezwyk\u0142e 60 000 zaci\u0105gni\u0119\u0107 z pojemnego, wst\u0119pnie nape\u0142nionego zbiornika o pojemno\u015bci 20 ml. Ta niezwyk\u0142a wytrzyma\u0142o\u015b\u0107 zapewnia d\u0142ugotrwa\u0142e u\u017cytkowanie, znacznie przewy\u017cszaj\u0105ce typowe urz\u0105dzenia jednorazowego u\u017cytku, i sprawia, \u017ce jest to idealny wyb\u00f3r dla u\u017cytkownik\u00f3w, kt\u00f3rzy priorytetowo traktuj\u0105 wygod\u0119 i chc\u0105 zminimalizowa\u0107 cz\u0119stotliwo\u015b\u0107 wymiany urz\u0105dze\u0144, jednocze\u015bnie ciesz\u0105c si\u0119 d\u0142u\u017cszymi, nieprzerwanymi sesjami wapowania.<\/p>\n<p>Wyposa\u017cone w wysokiej jako\u015bci kryszta\u0142owy design, urz\u0105dzenie to posiada jednolit\u0105 przezroczyst\u0105 obudow\u0119, uzupe\u0142nion\u0105 stylowymi naklejkami dostosowanymi do gust\u00f3w u\u017cytkownik\u00f3w, kt\u00f3re tworz\u0105 wyrafinowan\u0105 i przyci\u0105gaj\u0105c\u0105 wzrok estetyk\u0119. Elegancka konstrukcja nie tylko zapewnia atrakcyjny wygl\u0105d, ale tak\u017ce pozwala u\u017cytkownikom \u0142atwo monitorowa\u0107 poziom e-liquidu na pierwszy rzut oka. To nowoczesne podej\u015bcie do projektowania \u0142\u0105czy funkcjonalno\u015b\u0107 z atrakcyjno\u015bci\u0105 rynkow\u0105 i wyr\u00f3\u017cnia si\u0119 na coraz bardziej konkurencyjnym rynku produkt\u00f3w do wapowania.<\/p>\n<p>Dzi\u0119ki zaawansowanej technologii cewki siatkowej urz\u0105dzenie zapewnia bogaty smak i delikatn\u0105 produkcj\u0119 pary przy ka\u017cdym zaci\u0105gni\u0119ciu si\u0119, zachowuj\u0105c sta\u0142\u0105 jako\u015b\u0107 przez ca\u0142y okres eksploatacji. Akumulator o pojemno\u015bci 650 mAh zapewnia niezawodne zasilanie i mo\u017cna go wygodnie \u0142adowa\u0107 za pomoc\u0105 z\u0142\u0105cza typu C, dzi\u0119ki czemu mo\u017cna wykona\u0107 pe\u0142ne 60 000 zaci\u0105gni\u0119\u0107 bez utraty mocy. Dost\u0119pny w dw\u00f3ch opcjach nikotynowych 2% (20 mg) lub 5% (50 mg) soli nikotynowej, zaspokaja r\u00f3\u017cne preferencje u\u017cytkownik\u00f3w i poziomy satysfakcji.<\/p>\n<p>Dzi\u0119ki szerokiej gamie 16 popularnych i wyj\u0105tkowych smak\u00f3w, kt\u00f3re s\u0105 stale dost\u0119pne, ten e-papieros spe\u0142nia r\u00f3\u017cnorodne wymagania rynku i preferencje smakowe. Ka\u017cdy smak zosta\u0142 starannie opracowany, aby zapewni\u0107 satysfakcjonuj\u0105ce doznania smakowe, kt\u00f3re pozostaj\u0105 \u015bwie\u017ce i przyjemne od pierwszego do ostatniego zaci\u0105gni\u0119cia, dzi\u0119ki czemu u\u017cytkownicy mog\u0105 zawsze znale\u017a\u0107 sw\u00f3j ulubiony profil, jednocze\u015bnie odkrywaj\u0105c nowe opcje, kt\u00f3re sprawiaj\u0105, \u017ce ich do\u015bwiadczenia zwi\u0105zane z vapowaniem s\u0105 ekscytuj\u0105ce i spersonalizowane.<\/p>\n<h2>Specyfikacje produktu<\/h2>\n<p><strong>Poci\u0105gi:<\/strong> Do 60 000 poci\u0105g\u00f3w<br \/>\n<strong>Zawarto\u015b\u0107 nikotyny:<\/strong> 2% i 5%<br \/>\n<strong>Akumulator:<\/strong> 650 mAh, akumulator wielokrotnego \u0142adowania<br \/>\n<strong>Do\u0142adowanie:<\/strong> Szybkie \u0142adowanie typu C<br \/>\n<strong>Projekt:<\/strong> Kompaktowy, przeno\u015bny jednorazowy e-papieros<br \/>\n<strong>Smaki:<\/strong> 16 pysznych opcji<br \/>\n<strong>Opakowanie:<\/strong> 10 sztuk w opakowaniu ekspozycyjnym<\/p>\n<h2>Razz Bar 60000 zaci\u0105gni\u0119\u0107 Smaki<\/h2>\n<ol>\n<li>Truskawka i banan (Strawberry Banana)<\/li>\n<li>Juicy Peach Ice (Soczysty l\u00f3d brzoskwiniowy)<\/li>\n<li>Coco Loco (Coco Loco)<\/li>\n<li>Blueberry Sour Raspberry (Jagoda i kwa\u015bna malina)<\/li>\n<li>Cotton Candy (wata cukrowa)<\/li>\n<li>Gummy Bear (\u017celki)<\/li>\n<li>Blueberry Watermelon (jagoda i arbuz)<\/li>\n<li>Lemon Peach Passion Fruit (cytryna, brzoskwinia, marakuja)<\/li>\n<li>Black Ice Dragon Fruit Strawberry (czarna lodowa smocza jagoda truskawkowa)<\/li>\n<li>Mieszanka jag\u00f3d (Mixed Berries)<\/li>\n<li>Mi\u0142o\u015b\u0107 66 (Love 66)<\/li>\n<li>Truskawka Kiwi (truskawka kiwi)<\/li>\n<li>Tropical Fruit (Owoc tropikalny)<\/li>\n<li>Strawberry Vanilla Coke (truskawkowa cola waniliowa)<\/li>\n<li>Lemon Lime (cytryna limonka)<\/li>\n<li>Summer Dream (Letni sen)<\/li>\n<\/ol>\n<h2>Razz Bar 60000 zaci\u0105gni\u0119\u0107 Cz\u0119sto zadawane pytania<\/h2>\n<p><strong>1. Ile zaci\u0105gni\u0119\u0107 zapewnia Razz Bar 60000?<\/strong><\/p>\n<p>To urz\u0105dzenie o du\u017cej pojemno\u015bci zapewnia a\u017c 60 000 zaci\u0105gni\u0119\u0107 dzi\u0119ki pojemnemu zbiornikowi o pojemno\u015bci 20 ml. Wyj\u0105tkowa wytrzyma\u0142o\u015b\u0107 gwarantuje d\u0142ugotrwa\u0142e u\u017cytkowanie, minimalizuj\u0105c potrzeb\u0119 cz\u0119stej wymiany, co czyni je idealnym rozwi\u0105zaniem dla u\u017cytkownik\u00f3w ceni\u0105cych wygod\u0119 i d\u0142ugie sesje wapowania.<\/p>\n<p><strong>2. Co sprawia, \u017ce ten projekt jest wyj\u0105tkowy?<\/strong><\/p>\n<p>Urz\u0105dzenie ma super fajny kryszta\u0142owy design z jednolit\u0105 przezroczyst\u0105 obudow\u0105 i stylowymi naklejkami, kt\u00f3re pasuj\u0105 do r\u00f3\u017cnych gust\u00f3w. Ta elegancka konstrukcja daje fajny wygl\u0105d, a jednocze\u015bnie pozwala u\u017cytkownikom \u0142atwo sprawdza\u0107 poziom e-liquidu na pierwszy rzut oka, \u0142\u0105cz\u0105c atrakcyjno\u015b\u0107 wizualn\u0105 z praktyczn\u0105 funkcjonalno\u015bci\u0105.<\/p>\n<p><strong>3. Jakie s\u0105 dost\u0119pne poziomy nikotyny?<\/strong><\/p>\n<p>Wybierz jedn\u0105 z dw\u00f3ch opcji nikotyny: 2% (20 mg) lub 5% (50 mg) soli nikotynowej, aby dopasowa\u0107 produkt do swoich preferencji. Te elastyczne opcje zaspokoj\u0105 r\u00f3\u017cne potrzeby u\u017cytkownik\u00f3w, niezale\u017cnie od tego, czy preferujesz \u0142agodniejsze doznania, czy te\u017c silniejsz\u0105 zawarto\u015b\u0107 nikotyny dla maksymalnej satysfakcji.<\/p>\n<p><strong>4. Jak dzia\u0142a akumulator i \u0142adowanie?<\/strong><\/p>\n<p>Ten e-papieros jest zasilany akumulatorem o pojemno\u015bci 650 mAh, kt\u00f3ry mo\u017cna \u0142adowa\u0107 za pomoc\u0105 z\u0142\u0105cza typu C. Niezawodny akumulator zapewnia pe\u0142n\u0105 liczb\u0119 zaci\u0105gni\u0119\u0107 bez problem\u00f3w z wydajno\u015bci\u0105 i utrzymuje sta\u0142\u0105 jako\u015b\u0107 przez ca\u0142y czas u\u017cytkowania.<\/p>\n<p><strong>5. Ile opcji smakowych jest dost\u0119pnych?<\/strong><\/p>\n<p>Dzi\u0119ki 16 popularnym i wyj\u0105tkowym smakom, kt\u00f3re s\u0105 stale dost\u0119pne, urz\u0105dzenie to zaspokaja r\u00f3\u017cnorodne preferencje smakowe. Ka\u017cdy smak zosta\u0142 starannie opracowany, aby zapewni\u0107 satysfakcjonuj\u0105ce doznania, kt\u00f3re pozostaj\u0105 \u015bwie\u017ce i przyjemne od pierwszego do ostatniego zaci\u0105gni\u0119cia, oferuj\u0105c r\u00f3\u017cnorodno\u015b\u0107 dla ka\u017cdego u\u017cytkownika.<\/p>\n<h2>Razz Bar Excellence w ApexVape<\/h2>\n<p>Odkryj na naszej stronie <strong><a href=\"https:\/\/apexvape.de\/pl\/\">Strona g\u0142\u00f3wna<\/a><\/strong> ca\u0142a gama innowacyjnych produkt\u00f3w do wapowania spe\u0142niaj\u0105cych najwy\u017csze wymagania. Nasze <strong><a href=\"https:\/\/apexvape.de\/pl\/product-category\/razz-bar-vape\/\">RAZZ BAR VAPE Kategoria<\/a><\/strong> oferuje ekskluzywny dost\u0119p do wszystkich modeli Razz Bar \u2013 od urz\u0105dze\u0144 dla pocz\u0105tkuj\u0105cych po wersje premium o maksymalnej pojemno\u015bci. W ApexVape korzystasz z bezpo\u015bredniego kontaktu z producentem, przejrzystych cen i obs\u0142ugi klienta, kt\u00f3ra kompetentnie odpowiada na Twoje pytania.<\/p>","protected":false},"excerpt":{"rendered":"<p class=\"font-claude-response-body break-words whitespace-normal leading-[1.7]\">Die Razz Bar 60000 beeindruckt mit 60.000 Z\u00fcgen aus 20ml Tank und Premium-Kristall-Design. Mit 650mAh wiederaufladbarem Akku, Type-C-Ladung und Mesh-Coil-Technologie. Transparentes Geh\u00e4use mit geschmacksspezifischen Aufklebern. Erh\u00e4ltlich in 2% &amp; 5% Nikotin, 16 Geschmacksrichtungen. Eleganz trifft auf maximale Kapazit\u00e4t.<\/p>\n","protected":false},"featured_media":5509,"comment_status":"open","ping_status":"closed","template":"","meta":[],"product_brand":[],"product_cat":[79],"product_tag":[],"class_list":{"0":"post-5508","1":"product","2":"type-product","3":"status-publish","4":"has-post-thumbnail","6":"product_cat-razz-bar-vape","8":"first","9":"instock","10":"shipping-taxable","11":"purchasable","12":"product-type-variable"},"_links":{"self":[{"href":"https:\/\/apexvape.de\/pl\/wp-json\/wp\/v2\/product\/5508","targetHints":{"allow":["GET"]}}],"collection":[{"href":"https:\/\/apexvape.de\/pl\/wp-json\/wp\/v2\/product"}],"about":[{"href":"https:\/\/apexvape.de\/pl\/wp-json\/wp\/v2\/types\/product"}],"replies":[{"embeddable":true,"href":"https:\/\/apexvape.de\/pl\/wp-json\/wp\/v2\/comments?post=5508"}],"version-history":[{"count":0,"href":"https:\/\/apexvape.de\/pl\/wp-json\/wp\/v2\/product\/5508\/revisions"}],"wp:featuredmedia":[{"embeddable":true,"href":"https:\/\/apexvape.de\/pl\/wp-json\/wp\/v2\/media\/5509"}],"wp:attachment":[{"href":"https:\/\/apexvape.de\/pl\/wp-json\/wp\/v2\/media?parent=5508"}],"wp:term":[{"taxonomy":"product_brand","embeddable":true,"href":"https:\/\/apexvape.de\/pl\/wp-json\/wp\/v2\/product_brand?post=5508"},{"taxonomy":"product_cat","embeddable":true,"href":"https:\/\/apexvape.de\/pl\/wp-json\/wp\/v2\/product_cat?post=5508"},{"taxonomy":"product_tag","embeddable":true,"href":"https:\/\/apexvape.de\/pl\/wp-json\/wp\/v2\/product_tag?post=5508"}],"curies":[{"name":"wp","href":"https:\/\/api.w.org\/{rel}","templated":true}]}}