{"id":5462,"date":"2025-12-13T15:14:23","date_gmt":"2025-12-13T14:14:23","guid":{"rendered":"https:\/\/apexvape.de\/?post_type=product&#038;p=5462"},"modified":"2026-02-27T09:27:23","modified_gmt":"2026-02-27T08:27:23","slug":"razz-bar-50000","status":"publish","type":"product","link":"https:\/\/apexvape.de\/pl\/product\/razz-bar-50000\/","title":{"rendered":"Razz Bar 50000 zaci\u0105gni\u0119\u0107 Jednorazowy vape"},"content":{"rendered":"<h1>Razz Bar 50000 zaci\u0105gni\u0119\u0107 Jednorazowy e-papieros<\/h1>\n<p>Razz Bar 50000 zapewnia wyj\u0105tkowe 50 000 zaci\u0105gni\u0119\u0107 dzi\u0119ki zaawansowanej technologii cewki siatkowej, kt\u00f3ra zapewnia zwi\u0119kszon\u0105 par\u0119 i bogaty smak. Dost\u0119pny w wersjach o mocy nikotynowej 2% i 5%, przy czym 5% jest najpopularniejsz\u0105 opcj\u0105. Zasilany akumulatorem 650 mAh z szybkim \u0142adowaniem typu C, zapewniaj\u0105cym niezawodne, nieprzerwane u\u017cytkowanie. Inteligentny wy\u015bwietlacz pokazuje poziom na\u0142adowania baterii i e-liquidu w czasie rzeczywistym, dzi\u0119ki czemu zawsze jeste\u015b na bie\u017c\u0105co. Cewki siatkowe zapewniaj\u0105 wi\u0119ksz\u0105 powierzchni\u0119 grzewcz\u0105, co pozwala uzyska\u0107 \u0142agodniejsze i bogatsze zaci\u0105gni\u0119cia. Idealny dla u\u017cytkownik\u00f3w, kt\u00f3rzy szukaj\u0105 d\u0142ugotrwa\u0142ej wydajno\u015bci przy minimalnej cz\u0119stotliwo\u015bci wymiany i inteligentnych funkcjach monitorowania.<\/p>\n<h2>Razz Bar 50000 zaci\u0105gni\u0119\u0107 Najwa\u017cniejsze cechy<\/h2>\n<p>Razz Bar 50000 zaci\u0105gni\u0119\u0107 oferuje elastyczne opcje nikotynowe o mocy 2% i 5%, kt\u00f3re zaspokoj\u0105 r\u00f3\u017cnorodne potrzeby i preferencje u\u017cytkownik\u00f3w. Niezale\u017cnie od tego, czy chcesz zmniejszy\u0107 swoje uzale\u017cnienie od nikotyny, czy szukasz satysfakcjonuj\u0105cego zamiennika papieros\u00f3w \u2013 mo\u017cesz wybra\u0107 poziom, kt\u00f3ry odpowiada Twoim celom. Opcja nikotynowa 5% (20 mg) pozostaje najpopularniejszym wyborem w\u015br\u00f3d u\u017cytkownik\u00f3w e-papieros\u00f3w, kt\u00f3rzy preferuj\u0105 wy\u017csz\u0105 zawarto\u015b\u0107 nikotyny dla maksymalnej satysfakcji.<\/p>\n<p>Dzi\u0119ki niezwyk\u0142ej liczbie 50 000 zaci\u0105gni\u0119\u0107 na urz\u0105dzenie, ten e-papieros wyznacza nowy standard w zakresie d\u0142ugotrwa\u0142ego u\u017cytkowania i komfortu. Imponuj\u0105ca pojemno\u015b\u0107 minimalizuje potrzeb\u0119 cz\u0119stej wymiany i sprawia, \u017ce jest on idealny dla u\u017cytkownik\u00f3w, kt\u00f3rzy ceni\u0105 sobie d\u0142ugotrwa\u0142\u0105 wydajno\u015b\u0107 i chc\u0105 unikn\u0105\u0107 konieczno\u015bci ci\u0105g\u0142ej wymiany urz\u0105dze\u0144 lub nieoczekiwanej sytuacji, w kt\u00f3rej zabraknie im zapas\u00f3w.<\/p>\n<p>Nap\u0119dzane wytrzyma\u0142\u0105, \u0142adowaln\u0105 bateri\u0105 o pojemno\u015bci 650 mAh z szybkim \u0142adowaniem typu C, urz\u0105dzenie to zapewnia niezawodne zasilanie, umo\u017cliwiaj\u0105ce nieprzerwane wapowanie przez ca\u0142y dzie\u0144. Funkcja szybkiego \u0142adowania stanowi przeno\u015bne i wygodne rozwi\u0105zanie, kt\u00f3re pozwala na wapowanie przy minimalnych przestojach. Zaawansowana technologia cewki siatkowej zwi\u0119ksza zar\u00f3wno produkcj\u0119 pary, jak i intensywno\u015b\u0107 smaku dzi\u0119ki wi\u0119kszej powierzchni grzewczej, zapewniaj\u0105c \u0142agodniejsze i bogatsze doznania przy ka\u017cdym zaci\u0105gni\u0119ciu.<\/p>\n<p>Wy\u015bwietlacz Smart Screen zapewnia dodatkowy komfort, pokazuj\u0105c w czasie rzeczywistym poziom oleju i na\u0142adowanie baterii. Ta intuicyjna funkcja pozwala w \u0142atwy spos\u00f3b monitorowa\u0107 stan energii urz\u0105dzenia i zu\u017cycie e-p\u0142ynu, dzi\u0119ki czemu nigdy nie zostaniesz zaskoczony. Po\u0142\u0105czenie du\u017cej pojemno\u015bci, inteligentnego monitorowania i doskona\u0142ej technologii cewki zapewnia \u015bwiadome i satysfakcjonuj\u0105ce doznania podczas wapowania od pocz\u0105tku do ko\u0144ca.<\/p>\n<h2>Specyfikacje<\/h2>\n<p><strong>Poci\u0105gi:<\/strong> 50 000 poci\u0105g\u00f3w<br \/>\n<strong>Nikotyna:<\/strong> 2%\/5%<br \/>\n<strong>Akumulator:<\/strong> 650 mAh<br \/>\n<strong>Typ C, \u0142adowalny<\/strong><br \/>\n<strong>10 sztuk w opakowaniu ekspozycyjnym<\/strong><\/p>\n<h2>Razz Bar 50000 zaci\u0105gni\u0119\u0107 Smaki<\/h2>\n<ol>\n<li>Raspberry Watermelon (malina arbuz)<\/li>\n<li>Strawberry Ice (truskawkowe lody)<\/li>\n<li>Red Bull Grape (Red Bull Winogrono)<\/li>\n<li>Tropical Fruit (Owoc tropikalny)<\/li>\n<li>Banana (banan)<\/li>\n<li>Blueberry Ice (lody jagodowe)<\/li>\n<li>Peach Ice (lody brzoskwiniowe)<\/li>\n<li>Ananasowo-kokosowy<\/li>\n<li>Watermelon Ice (lody arbuzowe)<\/li>\n<li>Lemon Lime (cytryna limonka)<\/li>\n<li>Truskawka i banan (Strawberry Banana)<\/li>\n<li>Pan Blue (Mr Blue)<\/li>\n<li>Guma balonowa o smaku truskawkowo-arbuzowym<\/li>\n<li>Pink Lemonade (r\u00f3\u017cowa lemoniada)<\/li>\n<li>Cherry Cola (wi\u015bniowa cola)<\/li>\n<li>Gummy Bear (\u017celki)<\/li>\n<\/ol>\n<h2>Razz Bar 50000 zaci\u0105gni\u0119\u0107 Cz\u0119sto zadawane pytania<\/h2>\n<p><strong>1. Ile ruch\u00f3w oferuje Razz Bar 50000?<\/strong><\/p>\n<p>Ten jednorazowy e-papieros o du\u017cej pojemno\u015bci zapewnia wyj\u0105tkow\u0105 liczb\u0119 50 000 zaci\u0105gni\u0119\u0107 na urz\u0105dzenie, wyznaczaj\u0105c nowy standard w zakresie d\u0142ugotrwa\u0142ego u\u017cytkowania i komfortu. Imponuj\u0105ca liczba zaci\u0105gni\u0119\u0107 minimalizuje potrzeb\u0119 cz\u0119stej wymiany i sprawia, \u017ce jest on idealny dla u\u017cytkownik\u00f3w, kt\u00f3rzy ceni\u0105 sobie d\u0142ugotrwa\u0142\u0105 wydajno\u015b\u0107 i chc\u0105 unikn\u0105\u0107 ci\u0105g\u0142ej wymiany urz\u0105dze\u0144 lub nieoczekiwanej sytuacji, w kt\u00f3rej zabraknie im zapas\u00f3w.<\/p>\n<p><strong>2. Jakie s\u0105 dost\u0119pne opcje mocy nikotyny?<\/strong><\/p>\n<p>Urz\u0105dzenie oferuje elastyczne poziomy nikotyny 2% i 5%, kt\u00f3re zaspokajaj\u0105 r\u00f3\u017cnorodne potrzeby i preferencje u\u017cytkownik\u00f3w. Niezale\u017cnie od tego, czy chcesz zmniejszy\u0107 swoje uzale\u017cnienie od nikotyny, czy szukasz satysfakcjonuj\u0105cego zamiennika papieros\u00f3w \u2013 mo\u017cesz wybra\u0107 moc, kt\u00f3ra odpowiada Twoim celom. Opcja 5% (20 mg) pozostaje najpopularniejszym wyborem w\u015br\u00f3d u\u017cytkownik\u00f3w e-papieros\u00f3w, kt\u00f3rzy preferuj\u0105 wy\u017csz\u0105 zawarto\u015b\u0107 nikotyny.<\/p>\n<p><strong>3. Jakiego rodzaju akumulator i \u0142adowanie wykorzystuje urz\u0105dzenie?<\/strong><\/p>\n<p>Nap\u0119dzany wytrzyma\u0142\u0105, \u0142adowaln\u0105 bateri\u0105 o pojemno\u015bci 650 mAh z funkcj\u0105 szybkiego \u0142adowania typu C, ten e-papieros zapewnia niezawodne zasilanie, umo\u017cliwiaj\u0105ce nieprzerwane u\u017cytkowanie przez ca\u0142y dzie\u0144. Funkcja szybkiego \u0142adowania stanowi przeno\u015bne i wygodne rozwi\u0105zanie, kt\u00f3re pozwala na palenie przy minimalnych przestojach i zapewnia sta\u0142\u0105 wydajno\u015b\u0107 bez kompromis\u00f3w.<\/p>\n<p><strong>4. Jak dzia\u0142a technologia Mesh Coil?<\/strong><\/p>\n<p>Zaawansowana technologia cewki siatkowej zwi\u0119ksza zar\u00f3wno produkcj\u0119 pary, jak i intensywno\u015b\u0107 smaku, zapewniaj\u0105c wi\u0119ksz\u0105 powierzchni\u0119 grzewcz\u0105 w por\u00f3wnaniu z tradycyjnymi cewkami. Ta innowacyjna konstrukcja zapewnia \u0142agodniejsze i bogatsze doznania podczas ka\u017cdego zaci\u0105gni\u0119cia si\u0119, gwarantuj\u0105c sta\u0142y smak i satysfakcjonuj\u0105ce chmury od pierwszego do ostatniego zaci\u0105gni\u0119cia.<\/p>\n<p><strong>5. Czym jest funkcja Smart Screen?<\/strong><\/p>\n<p>Intuicyjny inteligentny wy\u015bwietlacz pokazuje na pierwszy rzut oka poziom oleju i na\u0142adowanie baterii w czasie rzeczywistym, umo\u017cliwiaj\u0105c \u0142atwe monitorowanie stanu energii urz\u0105dzenia i zu\u017cycia e-p\u0142ynu. Ta inteligentna funkcja gwarantuje, \u017ce nigdy nie zaskoczy Ci\u0119 roz\u0142adowana bateria lub pusty zbiornik, zapewniaj\u0105c bardziej \u015bwiadome i satysfakcjonuj\u0105ce doznania podczas wapowania przez ca\u0142y okres u\u017cytkowania urz\u0105dzenia.<\/p>\n<h2>Produkty Premium Razz Bar w ApexVape<\/h2>\n<p>Zapraszamy do przegl\u0105dania naszej <strong><a href=\"https:\/\/apexvape.de\/pl\/\">Strona g\u0142\u00f3wna<\/a><\/strong> dzi\u0119ki naszej pe\u0142nej ofercie wysokiej jako\u015bci jednorazowych e-papieros\u00f3w i akcesori\u00f3w do wapowania. Najnowsze innowacje Razz Bar o r\u00f3\u017cnych pojemno\u015bciach i funkcjach mo\u017cna znale\u017a\u0107 w przejrzystym zestawieniu w naszym <strong><a href=\"https:\/\/apexvape.de\/pl\/product-category\/razz-bar-vape\/\">RAZZ BAR VAPE Kategoria<\/a><\/strong> \u2013 od kompaktowych modeli po urz\u0105dzenia o du\u017cej pojemno\u015bci. ApexVape to sprawdzone, oryginalne produkty, atrakcyjne rabaty ilo\u015bciowe i niezawodna wysy\u0142ka na terenie Niemiec i Europy.<\/p>","protected":false},"excerpt":{"rendered":"<p class=\"font-claude-response-body break-words whitespace-normal leading-[1.7]\">Die Razz Bar 50000 beeindruckt mit 50.000 Z\u00fcgen und fortschrittlicher Mesh-Coil-Technologie. Mit 650mAh wiederaufladbarem Akku, Type-C-Schnellladung und Smart-Display f\u00fcr Echtzeit-Status. Erh\u00e4ltlich in 2% &amp; 5% Nikotin. Gr\u00f6\u00dfere Heizfl\u00e4che f\u00fcr sanftere, reichhaltigere Z\u00fcge. Perfekt f\u00fcr langanhaltende Performance mit intelligenter \u00dcberwachung.<\/p>\n","protected":false},"featured_media":5463,"comment_status":"open","ping_status":"closed","template":"","meta":[],"product_brand":[],"product_cat":[79],"product_tag":[],"class_list":{"0":"post-5462","1":"product","2":"type-product","3":"status-publish","4":"has-post-thumbnail","6":"product_cat-razz-bar-vape","8":"first","9":"instock","10":"shipping-taxable","11":"purchasable","12":"product-type-variable"},"_links":{"self":[{"href":"https:\/\/apexvape.de\/pl\/wp-json\/wp\/v2\/product\/5462","targetHints":{"allow":["GET"]}}],"collection":[{"href":"https:\/\/apexvape.de\/pl\/wp-json\/wp\/v2\/product"}],"about":[{"href":"https:\/\/apexvape.de\/pl\/wp-json\/wp\/v2\/types\/product"}],"replies":[{"embeddable":true,"href":"https:\/\/apexvape.de\/pl\/wp-json\/wp\/v2\/comments?post=5462"}],"version-history":[{"count":0,"href":"https:\/\/apexvape.de\/pl\/wp-json\/wp\/v2\/product\/5462\/revisions"}],"wp:featuredmedia":[{"embeddable":true,"href":"https:\/\/apexvape.de\/pl\/wp-json\/wp\/v2\/media\/5463"}],"wp:attachment":[{"href":"https:\/\/apexvape.de\/pl\/wp-json\/wp\/v2\/media?parent=5462"}],"wp:term":[{"taxonomy":"product_brand","embeddable":true,"href":"https:\/\/apexvape.de\/pl\/wp-json\/wp\/v2\/product_brand?post=5462"},{"taxonomy":"product_cat","embeddable":true,"href":"https:\/\/apexvape.de\/pl\/wp-json\/wp\/v2\/product_cat?post=5462"},{"taxonomy":"product_tag","embeddable":true,"href":"https:\/\/apexvape.de\/pl\/wp-json\/wp\/v2\/product_tag?post=5462"}],"curies":[{"name":"wp","href":"https:\/\/api.w.org\/{rel}","templated":true}]}}