{"id":5407,"date":"2025-12-13T15:04:10","date_gmt":"2025-12-13T14:04:10","guid":{"rendered":"https:\/\/apexvape.de\/?post_type=product&#038;p=5407"},"modified":"2026-02-27T09:27:34","modified_gmt":"2026-02-27T08:27:34","slug":"razz-bar-40000","status":"publish","type":"product","link":"https:\/\/apexvape.de\/pl\/product\/razz-bar-40000\/","title":{"rendered":"Razz Bar 40000 zaci\u0105gni\u0119\u0107 Jednorazowy vape"},"content":{"rendered":"<h1>Razz Bar 40000 zaci\u0105gni\u0119\u0107 Jednorazowy e-papieros z 10 podw\u00f3jnymi smakami \u2013 650 mAh, \u0142adowalny<\/h1>\n<p>Razz Bar 40000 zapewnia wyj\u0105tkowe 40 000 zaci\u0105gni\u0119\u0107 na urz\u0105dzenie dzi\u0119ki innowacyjnej technologii podw\u00f3jnego zbiornika i cewki siatkowej, kt\u00f3ra zapewnia zwi\u0119kszon\u0105 ilo\u015b\u0107 pary i sta\u0142y smak. Zasilany akumulatorem 650 mAh z funkcj\u0105 szybkiego \u0142adowania typu C minimalizuje przestoje, zapewniaj\u0105c jednocze\u015bnie niezawodn\u0105 wydajno\u015b\u0107. Wybierz spo\u015br\u00f3d 20 ekscytuj\u0105cych kombinacji podw\u00f3jnych smak\u00f3w, kt\u00f3re zaspokoj\u0105 ka\u017cdy gust. Zaawansowany system cewki siatkowej eliminuje suche zaci\u0105gni\u0119cia i przypalone miejsca, zapewniaj\u0105c p\u0142ynne i satysfakcjonuj\u0105ce zaci\u0105gni\u0119cia. Idealny dla u\u017cytkownik\u00f3w, kt\u00f3rzy poszukuj\u0105 d\u0142ugotrwa\u0142ego komfortu bez konieczno\u015bci cz\u0119stej wymiany i \u0142\u0105cz\u0105 doskona\u0142\u0105 pojemno\u015b\u0107 z bogatym smakiem i g\u0119stymi chmurami.<\/p>\n<h2>Razz Bar 40000 zaci\u0105gni\u0119\u0107 Najwa\u017cniejsze cechy<\/h2>\n<p>Razz Bar 40000 zaci\u0105gni\u0119\u0107 wyznacza nowy standard trwa\u0142o\u015bci jednorazowych e-papieros\u00f3w, zapewniaj\u0105c wyj\u0105tkow\u0105 liczb\u0119 40 000 zaci\u0105gni\u0119\u0107 na urz\u0105dzenie. Ta imponuj\u0105ca pojemno\u015b\u0107 gwarantuje d\u0142ugie sesje wapowania bez konieczno\u015bci cz\u0119stej wymiany lub uzupe\u0142niania, co czyni go idealnym wyborem dla os\u00f3b, kt\u00f3re ceni\u0105 sobie wygod\u0119 i niezawodno\u015b\u0107 w codziennym u\u017cytkowaniu.<\/p>\n<p>Dzi\u0119ki innowacyjnemu systemowi podw\u00f3jnego zbiornika z technologi\u0105 Mesh Coil urz\u0105dzenie to zwi\u0119ksza produkcj\u0119 pary, zapewniaj\u0105c jednocze\u015bnie sta\u0142y smak przez ca\u0142y okres u\u017cytkowania. Zaawansowana konstrukcja cewki gwarantuje, \u017ce ka\u017cde zaci\u0105gni\u0119cie si\u0119 jest \u0142agodne i satysfakcjonuj\u0105ce, eliminuje suche zaci\u0105gni\u0119cia i przypalone miejsca oraz wytwarza g\u0119ste, intensywne smakowo chmury, kt\u00f3re spe\u0142niaj\u0105 oczekiwania nawet najbardziej wymagaj\u0105cych u\u017cytkownik\u00f3w.<\/p>\n<p>Nap\u0119dzane wytrzyma\u0142\u0105, \u0142adowaln\u0105 bateri\u0105 650 mAh z mo\u017cliwo\u015bci\u0105 \u0142adowania typu C, urz\u0105dzenie zapewnia szybkie i wydajne \u0142adowanie przy minimalnym czasie przestoju. Z\u0142\u0105cze szybkiego \u0142adowania pozwala szybko powr\u00f3ci\u0107 do wapowania, a niezawodny akumulator zapewnia sta\u0142\u0105 wydajno\u015b\u0107 przez ca\u0142y dzie\u0144 i oferuje wytrzyma\u0142o\u015b\u0107 niezb\u0119dn\u0105 do d\u0142ugotrwa\u0142ego u\u017cytkowania bez wp\u0142ywu na jako\u015b\u0107 pary.<\/p>\n<p>Dzi\u0119ki 20 ekscytuj\u0105cym kombinacjom podw\u00f3jnych smak\u00f3w do wyboru, Razz Bar 40000 zaspokaja r\u00f3\u017cnorodne gusta i preferencje. Ka\u017cda starannie dobrana kombinacja smak\u00f3w zapewnia wyj\u0105tkowe doznania smakowe, kt\u00f3re sprawiaj\u0105, \u017ce sesje s\u0105 interesuj\u0105ce i przyjemne, a tak\u017ce oferuj\u0105 r\u00f3\u017cnorodno\u015b\u0107, kt\u00f3ra spodoba si\u0119 zar\u00f3wno \u017c\u0105dnym przyg\u00f3d u\u017cytkownikom poszukuj\u0105cym nowych wra\u017ce\u0144, jak i tym, kt\u00f3rzy preferuj\u0105 klasyczne profile smakowe.<\/p>\n<h2>Specyfikacje produktu<\/h2>\n<p><strong>Poci\u0105gi:<\/strong> 40 000 poci\u0105g\u00f3w<br \/>\n<strong>Akumulator:<\/strong> 650 mAh, akumulator wielokrotnego \u0142adowania<br \/>\n<strong>Do\u0142adowanie:<\/strong> Szybkie \u0142adowanie typu C<br \/>\n<strong>Typ cewki:<\/strong> Podw\u00f3jna cewka siatkowa<br \/>\n<strong>Smaki:<\/strong> 20 podw\u00f3jnych smak\u00f3w<br \/>\n<strong>Waga produktu:<\/strong> 120 g<\/p>\n<h2>Razz Bar 40000 zaci\u0105gni\u0119\u0107 Smaki<\/h2>\n<ol>\n<li>Blueberry Ice\/Love 66 (Jagodowe lody\/Mi\u0142o\u015b\u0107 66)<\/li>\n<li>Lemon Lime\/Lush Ice (cytryna limonka\/Lush Ice)<\/li>\n<li>Mieszanka jag\u00f3d\/lody arbuzowe (Mixed Berries\/Watermelon Ice)<\/li>\n<li>Peach Ice\/Blueberry Ice (lody brzoskwiniowe\/lody jagodowe)<\/li>\n<li>Strawberry Banana\/Red Bull Ice (truskawka banan\/lody Red Bull)<\/li>\n<li>Strawberry Ice\/Mixed Berries (truskawki lodowe\/mieszanka jag\u00f3d)<\/li>\n<li>Truskawka Kiwi\/Jagoda Kwa\u015bna Malina (Truskawka Kiwi\/Jagoda Kwa\u015bna Malina)<\/li>\n<li>Truskawka arbuz\/winogrono lodowe (truskawka arbuz\/winogrono lodowe)<\/li>\n<li>Watermelon Ice\/Cola Ice (Lody arbuzowe\/Lody coli)<\/li>\n<li>Blue Razz Ice\/Strawberry Watermelon Bubble Gum (niebieska malina lodowa\/truskawkowa arbuzowa guma balonowa)<\/li>\n<li>Cherry Lemon\/Blueberry Sour Raspberry (wi\u015bnia cytryna\/jagoda kwa\u015bna malina)<\/li>\n<li>Pink Lemonade\/Blackberry Ice (r\u00f3\u017cowa lemoniada\/lody je\u017cynowe)<\/li>\n<li>Lemon Lime\/Strawberry Kiwi (cytryna limonka\/truskawka kiwi)<\/li>\n<li>Juicy Peach Ice\/Pineapple Ice (Soczysty l\u00f3d brzoskwiniowy\/ananasowy)<\/li>\n<li>Kiwi, marakuja, guawa\/ananas, kokos (Kiwi Passion Fruit Guava\/Pineapple Coconut)<\/li>\n<li>Skittles\/Grape Burst (Skittles\/Wybuch winogronowy)<\/li>\n<li>Black Ice Dragon Fruit Strawberry\/Triple Melon (czarny l\u00f3d, owoc smoka, truskawka\/potr\u00f3jny melon)<\/li>\n<li>Summer Dream\/Strawberry Banana (Letni sen\/Truskawkowy banan)<\/li>\n<li>Love 66\/Sour Apple (Mi\u0142o\u015b\u0107 66\/Kwa\u015bne jab\u0142ko)<\/li>\n<li>Lemon Lime\/Fresh Mint (cytryna limonka\/\u015bwie\u017ca mi\u0119ta)<\/li>\n<\/ol>\n<h2>Razz Bar 40000 zaci\u0105gni\u0119\u0107 Cz\u0119sto zadawane pytania<\/h2>\n<p><strong>1. Ile ruch\u00f3w oferuje Razz Bar 40000?<\/strong><\/p>\n<p>Ten jednorazowy e-papieros o du\u017cej pojemno\u015bci zapewnia wyj\u0105tkow\u0105 liczb\u0119 40 000 zaci\u0105gni\u0119\u0107 na urz\u0105dzenie, wyznaczaj\u0105c nowy standard trwa\u0142o\u015bci. Imponuj\u0105ca liczba zaci\u0105gni\u0119\u0107 gwarantuje d\u0142ugie sesje wapowania bez konieczno\u015bci cz\u0119stej wymiany lub uzupe\u0142niania, dzi\u0119ki czemu idealnie nadaje si\u0119 dla os\u00f3b, kt\u00f3re ceni\u0105 sobie wygod\u0119 i d\u0142ugotrwa\u0142\u0105 wydajno\u015b\u0107.<\/p>\n<p><strong>2. Czym jest technologia podw\u00f3jnego zbiornika?<\/strong><\/p>\n<p>Dzi\u0119ki innowacyjnemu systemowi podw\u00f3jnego zbiornika z zaawansowan\u0105 technologi\u0105 cewki siatkowej urz\u0105dzenie to zwi\u0119ksza produkcj\u0119 pary przy jednoczesnym utrzymaniu sta\u0142ego smaku. Konstrukcja cewki siatkowej zapewnia, \u017ce ka\u017cdy zaci\u0105gni\u0119cie si\u0119 pozostaje delikatne i satysfakcjonuj\u0105ce, eliminuje suche zaci\u0105gni\u0119cia i przypalone miejsca oraz wytwarza g\u0119ste, intensywne smakowo chmury przez ca\u0142y okres u\u017cytkowania urz\u0105dzenia.<\/p>\n<p><strong>3. Jak dzia\u0142aj\u0105 akumulator i system \u0142adowania?<\/strong><\/p>\n<p>Ten e-papieros, zasilany wytrzyma\u0142\u0105 bateri\u0105 wielokrotnego \u0142adowania o pojemno\u015bci 650 mAh, jest wyposa\u017cony w z\u0142\u0105cze \u0142adowania typu C, kt\u00f3re zapewnia szybkie i wydajne \u0142adowanie. Funkcja szybkiego \u0142adowania minimalizuje przestoje i pozwala szybko powr\u00f3ci\u0107 do wapowania, zapewniaj\u0105c sta\u0142\u0105 wydajno\u015b\u0107 przez ca\u0142y dzie\u0144, bez wp\u0142ywu na jako\u015b\u0107 pary lub intensywno\u015b\u0107 smaku.<\/p>\n<p><strong>4. Ile opcji smakowych jest dost\u0119pnych?<\/strong><\/p>\n<p>Wybierz spo\u015br\u00f3d 20 ekscytuj\u0105cych kombinacji podw\u00f3jnych smak\u00f3w, kt\u00f3re zaspokoj\u0105 r\u00f3\u017cnorodne gusta i preferencje. Ka\u017cda starannie dobrana kombinacja smak\u00f3w zapewnia wyj\u0105tkowe doznania smakowe i oferuje r\u00f3\u017cnorodno\u015b\u0107, kt\u00f3ra spodoba si\u0119 zar\u00f3wno \u017c\u0105dnym przyg\u00f3d u\u017cytkownikom e-papieros\u00f3w poszukuj\u0105cym nowych wra\u017ce\u0144, jak i tym, kt\u00f3rzy preferuj\u0105 klasyczne profile zapewniaj\u0105ce niezmiennie przyjemne sesje.<\/p>\n<p><strong>5. Czym to urz\u0105dzenie wyr\u00f3\u017cnia si\u0119 spo\u015br\u00f3d innych jednorazowych e-papieros\u00f3w?<\/strong><\/p>\n<p>Po\u0142\u0105czenie pojemno\u015bci 40 000 zaci\u0105gni\u0119\u0107, systemu podw\u00f3jnego zbiornika z cewk\u0105 siatkow\u0105 i akumulatora wielokrotnego \u0142adowania z \u0142adowaniem typu C zapewnia doskona\u0142e wra\u017cenia podczas wapowania. Urz\u0105dzenie to eliminuje cz\u0119ste problemy, takie jak niejednolity smak lub konieczno\u015b\u0107 cz\u0119stej wymiany, zapewniaj\u0105c niezawodn\u0105 wydajno\u015b\u0107 przez ca\u0142y dzie\u0144, delikatn\u0105 produkcj\u0119 pary i bogaty smak od pierwszego do ostatniego zaci\u0105gni\u0119cia.<\/p>\n<h2>Razz Bar R\u00f3\u017cnorodno\u015b\u0107 produkt\u00f3w w ApexVape<\/h2>\n<p>Odkryj na naszej stronie <strong><a href=\"https:\/\/apexvape.de\/pl\/\">Strona g\u0142\u00f3wna<\/a><\/strong> szeroki wyb\u00f3r jednorazowych e-papieros\u00f3w premium i produkt\u00f3w do wapowania dla ka\u017cdego. W naszym <strong><a href=\"https:\/\/apexvape.de\/pl\/product-category\/razz-bar-vape\/\">RAZZ BAR VAPE Kategoria<\/a><\/strong> Przedstawiamy Pa\u0144stwu kompletn\u0105 seri\u0119 modeli Razz Bar o r\u00f3\u017cnych pojemno\u015bciach, kombinacjach smak\u00f3w i funkcjach technicznych. Niezale\u017cnie od tego, czy chodzi o sprzeda\u017c detaliczn\u0105, czy hurtow\u0105 \u2013 ApexVape gwarantuje oryginalne produkty, uczciwe warunki i kompetentne doradztwo dla Pa\u0144stwa udanego biznesu.<\/p>","protected":false},"excerpt":{"rendered":"<p class=\"font-claude-response-body break-words whitespace-normal leading-[1.7]\">Die Razz Bar 40000 bietet au\u00dfergew\u00f6hnliche 40.000 Z\u00fcge mit Dual-Tank-Mesh-Coil-Technologie. Ausgestattet mit 650mAh wiederaufladbarem Akku und Type-C-Schnellladung. 20 Doppel-Geschmackskombinationen f\u00fcr vielf\u00e4ltigen Genuss. Eliminiert trockene Z\u00fcge, liefert dichte Wolken und konstanten Geschmack. Perfekt f\u00fcr Langzeitdampfer.<\/p>\n","protected":false},"featured_media":5408,"comment_status":"open","ping_status":"closed","template":"","meta":[],"product_brand":[],"product_cat":[79],"product_tag":[],"class_list":{"0":"post-5407","1":"product","2":"type-product","3":"status-publish","4":"has-post-thumbnail","6":"product_cat-razz-bar-vape","8":"first","9":"instock","10":"shipping-taxable","11":"purchasable","12":"product-type-variable"},"_links":{"self":[{"href":"https:\/\/apexvape.de\/pl\/wp-json\/wp\/v2\/product\/5407","targetHints":{"allow":["GET"]}}],"collection":[{"href":"https:\/\/apexvape.de\/pl\/wp-json\/wp\/v2\/product"}],"about":[{"href":"https:\/\/apexvape.de\/pl\/wp-json\/wp\/v2\/types\/product"}],"replies":[{"embeddable":true,"href":"https:\/\/apexvape.de\/pl\/wp-json\/wp\/v2\/comments?post=5407"}],"version-history":[{"count":0,"href":"https:\/\/apexvape.de\/pl\/wp-json\/wp\/v2\/product\/5407\/revisions"}],"wp:featuredmedia":[{"embeddable":true,"href":"https:\/\/apexvape.de\/pl\/wp-json\/wp\/v2\/media\/5408"}],"wp:attachment":[{"href":"https:\/\/apexvape.de\/pl\/wp-json\/wp\/v2\/media?parent=5407"}],"wp:term":[{"taxonomy":"product_brand","embeddable":true,"href":"https:\/\/apexvape.de\/pl\/wp-json\/wp\/v2\/product_brand?post=5407"},{"taxonomy":"product_cat","embeddable":true,"href":"https:\/\/apexvape.de\/pl\/wp-json\/wp\/v2\/product_cat?post=5407"},{"taxonomy":"product_tag","embeddable":true,"href":"https:\/\/apexvape.de\/pl\/wp-json\/wp\/v2\/product_tag?post=5407"}],"curies":[{"name":"wp","href":"https:\/\/api.w.org\/{rel}","templated":true}]}}