{"id":5360,"date":"2025-12-13T14:56:54","date_gmt":"2025-12-13T13:56:54","guid":{"rendered":"https:\/\/apexvape.de\/?post_type=product&#038;p=5360"},"modified":"2026-02-27T09:27:44","modified_gmt":"2026-02-27T08:27:44","slug":"razz-bar-30000","status":"publish","type":"product","link":"https:\/\/apexvape.de\/pl\/product\/razz-bar-30000\/","title":{"rendered":"Razz Bar 30000 zaci\u0105gni\u0119\u0107 Jednorazowy vape"},"content":{"rendered":"<h1>Razz Bar 30000 30K zaci\u0105gni\u0119\u0107 Jednorazowy e-papieros Podw\u00f3jna cewka siatkowa \u0141adowalny 2%, 5% Nikotyna Hurt<\/h1>\n<p>Jednorazowy e-papieros Razz Bar 30000 30K zapewnia imponuj\u0105c\u0105 trwa\u0142o\u015b\u0107, umo\u017cliwiaj\u0105c wykonanie nawet 30 000 zaci\u0105gni\u0119\u0107, dzi\u0119ki czemu idealnie nadaje si\u0119 do d\u0142ugotrwa\u0142ego u\u017cytkowania bez konieczno\u015bci cz\u0119stej wymiany. Zasilany akumulatorem 650 mAh z \u0142adowaniem typu C, \u0142aduje si\u0119 szybko w mniej ni\u017c godzin\u0119, minimalizuj\u0105c przestoje. Smuk\u0142a, lekka konstrukcja z \u0142atwo\u015bci\u0105 mie\u015bci si\u0119 w kieszeni, zapewniaj\u0105c sta\u0142y smak od pierwszego do ostatniego zaci\u0105gni\u0119cia.<\/p>\n<h2>Razz Bar 30000 zaci\u0105gni\u0119\u0107 Najwa\u017cniejsze cechy<\/h2>\n<p>Wyposa\u017cone w inteligentn\u0105 technologi\u0119 cewki, urz\u0105dzenie to wytwarza delikatn\u0105, r\u00f3wnomiern\u0105 par\u0119 przy ka\u017cdym zaci\u0105gni\u0119ciu. Wybierz spo\u015br\u00f3d 16 pysznych smak\u00f3w, od owocowych mieszanek jagodowych po orze\u017awiaj\u0105ce opcje mi\u0119towe, wszystkie dost\u0119pne w wersjach o st\u0119\u017ceniu nikotyny 2% lub 5%, aby dopasowa\u0107 je do swoich preferencji. System podw\u00f3jnego trybu umo\u017cliwia wapowanie w trybie normalnym przez pe\u0142ne 30 000 zaci\u0105gni\u0119\u0107 lub prze\u0142\u0105czenie si\u0119 w tryb boost, aby uzyska\u0107 wi\u0119ksze chmury i wi\u0119ksz\u0105 intensywno\u015b\u0107 zgodnie z w\u0142asnymi preferencjami.<\/p>\n<p>Zaprojektowany z my\u015bl\u0105 o trwa\u0142o\u015bci, Razz Bar 30000 posiada wytrzyma\u0142\u0105 obudow\u0119, kt\u00f3ra jest odporna na zarysowania i uszkodzenia, a jednocze\u015bnie dobrze le\u017cy w d\u0142oni. Dost\u0119pny w kilku kolorach, od intensywnych odcieni czerwieni po ch\u0142odne odcienie niebieskiego, \u0142\u0105czy w sobie styl i funkcjonalno\u015b\u0107. Ergonomiczny uchwyt naturalnie le\u017cy w d\u0142oni i umo\u017cliwia wygodne u\u017cytkowanie przez ca\u0142y dzie\u0144 bez dyskomfortu.<\/p>\n<p>Jako\u015b\u0107 smaku wyr\u00f3\u017cnia ten e-papieros bogatymi, wielowarstwowymi aromatami, kt\u00f3re pozostaj\u0105 \u015bwie\u017ce przez ca\u0142y czas trwania sesji wapowania. R\u00f3wnomiernie nagrzewaj\u0105ca si\u0119 cewka zapobiega przypalaniu si\u0119 i zapewnia g\u0119ste chmury pary z delikatnym uderzeniem w gard\u0142o. Niezale\u017cnie od tego, czy preferujesz owocowe smaki, takie jak malina z lodow\u0105 nut\u0105, czy klasyczn\u0105 mi\u0119t\u0119 \u2013 ka\u017cda opcja zapewnia satysfakcjonuj\u0105cy smak i sta\u0142\u0105 wydajno\u015b\u0107, kt\u00f3re sprawiaj\u0105, \u017ce sesje s\u0105 przyjemne.<\/p>\n<h2>Specyfikacje produktu<\/h2>\n<p><strong>Nikotyna:<\/strong> 2% i 5%<br \/>\n<strong>Liczba poci\u0105g\u00f3w:<\/strong> Do 30 000 poci\u0105g\u00f3w<br \/>\n<strong>Akumulator:<\/strong> 650 mAh<br \/>\n<strong>Typ cewki:<\/strong> Cewka siatkowa<br \/>\n<strong>Z\u0142\u0105cze \u0142adowania:<\/strong> TYPE-C<\/p>\n<h2>Razz Bar 30000 zaci\u0105gni\u0119\u0107 Smaki<\/h2>\n<ol>\n<li>Triple Melon (potr\u00f3jny melon)<\/li>\n<li>Strawberry Ice (truskawkowe lody)<\/li>\n<li>Sour Apple (Kwa\u015bne jab\u0142ko)<\/li>\n<li>Mango Peach Watermelon (mango, brzoskwinia, arbuz)<\/li>\n<li>Truskawka i banan (Strawberry Banana)<\/li>\n<li>Blueberry Ice (lody jagodowe)<\/li>\n<li>Juicy Peach Ice (Soczysty l\u00f3d brzoskwiniowy)<\/li>\n<li>Truskawka Kiwi (truskawka kiwi)<\/li>\n<li>Watermelon Ice (lody arbuzowe)<\/li>\n<li>Summer Dream (Letni sen)<\/li>\n<li>Strawberry Watermelon (truskawka arbuz)<\/li>\n<li>Mieszanka jag\u00f3d (Mixed Berries)<\/li>\n<li>Blue Razz Ice (niebieska malina lodowa)<\/li>\n<li>Lemon Lime (cytryna limonka)<\/li>\n<li>Cola Ice (Cola lodowa)<\/li>\n<li>Blackberry Ice (lody je\u017cynowe)<\/li>\n<\/ol>\n<h2>Razz Bar 30000 zaci\u0105gni\u0119\u0107 Cz\u0119sto zadawane pytania<\/h2>\n<p><strong>1. Ile ruch\u00f3w oferuje Razz Bar 30000?<\/strong><\/p>\n<p>Ten jednorazowy e-papieros o du\u017cej pojemno\u015bci zapewnia imponuj\u0105ce 30 000 zaci\u0105gni\u0119\u0107 w trybie normalnym, dzi\u0119ki czemu idealnie nadaje si\u0119 do d\u0142ugotrwa\u0142ego u\u017cytkowania bez konieczno\u015bci cz\u0119stej wymiany. Znaczna liczba zaci\u0105gni\u0119\u0107 gwarantuje tygodnie niezmiennego smaku i wydajno\u015bci, a opcja trybu boost zapewnia ponad 10 000 zaci\u0105gni\u0119\u0107 z intensywniejszym wytwarzaniem pary.<\/p>\n<p><strong>2. Jakie funkcje akumulatora i \u0142adowania posiada urz\u0105dzenie?<\/strong><\/p>\n<p>Wyposa\u017cony w wydajny akumulator 650 mAh, urz\u0105dzenie to mo\u017cna szybko na\u0142adowa\u0107 w mniej ni\u017c godzin\u0119 za pomoc\u0105 z\u0142\u0105cza typu C. Funkcja szybkiego \u0142adowania minimalizuje przestoje i pozwala szybko wr\u00f3ci\u0107 do vapowania. Akumulator niezawodnie dzia\u0142a przez ca\u0142y dzie\u0144, zapewniaj\u0105c sta\u0142\u0105 wydajno\u015b\u0107 od rana do wieczora.<\/p>\n<p><strong>3. Ile smak\u00f3w i opcji nikotynowych jest dost\u0119pnych?<\/strong><\/p>\n<p>Wybierz spo\u015br\u00f3d 16 starannie opracowanych profili smakowych, od owocowych mieszanek jagodowych po orze\u017awiaj\u0105ce opcje mi\u0119towe, z kt\u00f3rych ka\u017cda zosta\u0142a stworzona z my\u015bl\u0105 o zapewnieniu bogatego, wielowarstwowego smaku. Dost\u0119pne w wersjach o st\u0119\u017ceniu nikotyny 2% i 5%, pozwalaj\u0105 dostosowa\u0107 doznania do w\u0142asnych preferencji i zadowol\u0105 zar\u00f3wno okazjonalnych, jak i intensywnych u\u017cytkownik\u00f3w.<\/p>\n<p><strong>4. Co sprawia, \u017ce technologia cewek jest wyj\u0105tkowa?<\/strong><\/p>\n<p>Zaawansowana technologia cewki zapewnia delikatn\u0105, r\u00f3wnomiern\u0105 par\u0119 przy ka\u017cdym zaci\u0105gni\u0119ciu si\u0119 i zapobiega suchym zaci\u0105gni\u0119ciom oraz przypaleniom. System r\u00f3wnomiernego ogrzewania zapewnia sta\u0142y smak przez ca\u0142y okres u\u017cytkowania urz\u0105dzenia i dostarcza g\u0119ste chmury z satysfakcjonuj\u0105cym uderzeniem w gard\u0142o, kt\u00f3re nigdy nie jest ostre ani przyt\u0142aczaj\u0105ce.<\/p>\n<p><strong>5. Czy projekt jest praktyczny i trwa\u0142y?<\/strong><\/p>\n<p>Tak, ten e-papieros ma smuk\u0142\u0105, lekk\u0105 konstrukcj\u0119, kt\u00f3ra z \u0142atwo\u015bci\u0105 mie\u015bci si\u0119 w kieszeni i zapewnia wygod\u0119 przenoszenia. Wytrzyma\u0142a obudowa zewn\u0119trzna jest odporna na zarysowania i uszkodzenia, a ergonomiczny uchwyt zapewnia wygod\u0119 u\u017cytkowania. Dost\u0119pny w kilku kolorach, od intensywnych odcieni czerwieni po ch\u0142odne odcienie niebieskiego, \u0142\u0105czy w sobie praktyczn\u0105 funkcjonalno\u015b\u0107 z indywidualnym stylem.<\/p>\n<h2>Odkryj inne modele Razz Bar w ApexVape<\/h2>\n<p>Interesuj\u0105 Ci\u0119 inne produkty premium do wapowania? Na naszej stronie <strong><a href=\"https:\/\/apexvape.de\/pl\/\">Strona g\u0142\u00f3wna<\/a><\/strong> znajdziesz nasz kompletny asortyment innowacyjnych jednorazowych e-papieros\u00f3w i urz\u0105dze\u0144 do wapowania dla ka\u017cdego gustu. Ca\u0142\u0105 gam\u0119 produkt\u00f3w Razz Bar, obejmuj\u0105c\u0105 wszystkie modele, smaki i poziomy nikotyny, mo\u017cna wygodnie znale\u017a\u0107 w naszym <strong><a href=\"https:\/\/apexvape.de\/pl\/product-category\/razz-bar-vape\/\">RAZZ BAR VAPE Kategoria<\/a><\/strong> Przegl\u0105daj. ApexVape to Tw\u00f3j niezawodny partner oferuj\u0105cy autentyczne produkty markowe, konkurencyjne ceny hurtowe i profesjonaln\u0105 obs\u0142ug\u0119 \u2013 idealny zar\u00f3wno dla sprzedawc\u00f3w, jak i wymagaj\u0105cych u\u017cytkownik\u00f3w e-papieros\u00f3w.<\/p>","protected":false},"excerpt":{"rendered":"<p class=\"font-claude-response-body break-words whitespace-normal leading-[1.7]\">Die Razz Bar 30000 beeindruckt mit bis zu 30.000 Z\u00fcgen dank Dual-Mesh-Coil-Technologie. Mit 650mAh wiederaufladbarem Akku und Type-C-Schnellladung. Erh\u00e4ltlich in 2% &amp; 5% Nikotin, 16 Geschmacksrichtungen. Dual-Modus-System f\u00fcr normale oder intensive Nutzung. Schlankes Design f\u00fcr langanhaltende Performance und Stil.<\/p>\n","protected":false},"featured_media":5361,"comment_status":"open","ping_status":"closed","template":"","meta":[],"product_brand":[],"product_cat":[79],"product_tag":[],"class_list":{"0":"post-5360","1":"product","2":"type-product","3":"status-publish","4":"has-post-thumbnail","6":"product_cat-razz-bar-vape","8":"first","9":"instock","10":"shipping-taxable","11":"purchasable","12":"product-type-variable"},"_links":{"self":[{"href":"https:\/\/apexvape.de\/pl\/wp-json\/wp\/v2\/product\/5360","targetHints":{"allow":["GET"]}}],"collection":[{"href":"https:\/\/apexvape.de\/pl\/wp-json\/wp\/v2\/product"}],"about":[{"href":"https:\/\/apexvape.de\/pl\/wp-json\/wp\/v2\/types\/product"}],"replies":[{"embeddable":true,"href":"https:\/\/apexvape.de\/pl\/wp-json\/wp\/v2\/comments?post=5360"}],"version-history":[{"count":0,"href":"https:\/\/apexvape.de\/pl\/wp-json\/wp\/v2\/product\/5360\/revisions"}],"wp:featuredmedia":[{"embeddable":true,"href":"https:\/\/apexvape.de\/pl\/wp-json\/wp\/v2\/media\/5361"}],"wp:attachment":[{"href":"https:\/\/apexvape.de\/pl\/wp-json\/wp\/v2\/media?parent=5360"}],"wp:term":[{"taxonomy":"product_brand","embeddable":true,"href":"https:\/\/apexvape.de\/pl\/wp-json\/wp\/v2\/product_brand?post=5360"},{"taxonomy":"product_cat","embeddable":true,"href":"https:\/\/apexvape.de\/pl\/wp-json\/wp\/v2\/product_cat?post=5360"},{"taxonomy":"product_tag","embeddable":true,"href":"https:\/\/apexvape.de\/pl\/wp-json\/wp\/v2\/product_tag?post=5360"}],"curies":[{"name":"wp","href":"https:\/\/api.w.org\/{rel}","templated":true}]}}