{"id":5315,"date":"2025-12-13T14:50:25","date_gmt":"2025-12-13T13:50:25","guid":{"rendered":"https:\/\/apexvape.de\/?post_type=product&#038;p=5315"},"modified":"2026-02-27T09:27:53","modified_gmt":"2026-02-27T08:27:53","slug":"razz-bar-15000","status":"publish","type":"product","link":"https:\/\/apexvape.de\/pl\/product\/razz-bar-15000\/","title":{"rendered":"Razz Bar 15000 zaci\u0105gni\u0119\u0107 Jednorazowy vape"},"content":{"rendered":"<h1>Razz Bar 15000 zaci\u0105gni\u0119\u0107 Wy\u015bwietlacz LCD Niska zawarto\u015b\u0107 nikotyny Oryginalna fabryka Zakup hurtowy Wielokrotnego u\u017cytku jednorazowe e-papierosy Sprzeda\u017c hurtowa<\/h1>\n<p>Razz Bar 15000 oferuje 15 000 zaci\u0105gni\u0119\u0107 dzi\u0119ki zaawansowanej technologii cewki siatkowej, kt\u00f3ra zapewnia intensywny smak i delikatn\u0105 par\u0119. Dost\u0119pny w wersjach o st\u0119\u017ceniu soli nikotyny 2% i 5%, jest zgodny z przepisami UE TPD i spe\u0142nia r\u00f3\u017cne preferencje u\u017cytkownik\u00f3w. Akumulator 650 mAh z mo\u017cliwo\u015bci\u0105 ponownego \u0142adowania jest wyposa\u017cony w z\u0142\u0105cze typu C, kt\u00f3re zapewnia szybkie i wygodne \u0142adowanie. Wybierz spo\u015br\u00f3d 16 starannie opracowanych smak\u00f3w, kt\u00f3re \u0142\u0105cz\u0105 w sobie klasyczne i innowacyjne profile. Idealny dla u\u017cytkownik\u00f3w poszukuj\u0105cych d\u0142ugotrwa\u0142ej wydajno\u015bci i r\u00f3\u017cnorodno\u015bci.<\/p>\n<h2>Razz Bar 15000 zaci\u0105gni\u0119\u0107 Najwa\u017cniejsze cechy<\/h2>\n<p>Razz Bar 15000 zaci\u0105gni\u0119\u0107 zosta\u0142 zaprojektowany, aby zapewni\u0107 wyj\u0105tkow\u0105 trwa\u0142o\u015b\u0107 przy imponuj\u0105cej liczbie 15 000 zaci\u0105gni\u0119\u0107, gwarantuj\u0105c w ten spos\u00f3b d\u0142u\u017csze u\u017cytkowanie bez konieczno\u015bci cz\u0119stej wymiany. Ta znaczna liczba zaci\u0105gni\u0119\u0107 sprawia, \u017ce jest to idealny wyb\u00f3r dla u\u017cytkownik\u00f3w, kt\u00f3rzy poszukuj\u0105 niezawodnego, trwa\u0142ego urz\u0105dzenia, \u0142\u0105cz\u0105cego wygod\u0119 z sta\u0142\u0105 wydajno\u015bci\u0105 przez ca\u0142y okres u\u017cytkowania.<\/p>\n<p>Dost\u0119pny w wersjach o mocy 2% i 5% soli nikotynowej, Razz Bar 15000 jest zgodny z przepisami UE TPD, a jednocze\u015bnie zaspokaja szerokie spektrum preferencji u\u017cytkownik\u00f3w. Niezale\u017cnie od tego, czy jeste\u015b okazjonalnym u\u017cytkownikiem, czy te\u017c preferujesz wy\u017csz\u0105 zawarto\u015b\u0107 nikotyny \u2013 te precyzyjnie skalibrowane opcje zapewniaj\u0105 idealn\u0105 r\u00f3wnowag\u0119 mi\u0119dzy satysfakcj\u0105 a p\u0142ynno\u015bci\u0105 dla ka\u017cdego typu u\u017cytkownika.<\/p>\n<p>Urz\u0105dzenie wykorzystuje zaawansowan\u0105 technologi\u0119 cewki siatkowej, kt\u00f3ra poprawia dok\u0142adno\u015b\u0107 smaku i zapewnia \u0142agodn\u0105, sta\u0142\u0105 produkcj\u0119 pary przy ka\u017cdym zaci\u0105gni\u0119ciu. Zasilany akumulatorem 650 mAh z praktyczn\u0105 funkcj\u0105 \u0142adowania typu C, Razz Bar 15000 promuje zr\u00f3wnowa\u017cony rozw\u00f3j, zapewniaj\u0105c jednocze\u015bnie szybkie \u0142adowanie i niezawodn\u0105 wydajno\u015b\u0107 przez ca\u0142y dzie\u0144, aby zapewni\u0107 nieprzerwan\u0105 przyjemno\u015b\u0107 z wapowania.<\/p>\n<p>Dzi\u0119ki 16 starannie opracowanym profilom smakowym baton Razz Bar oferuje szeroki wyb\u00f3r, \u0142\u0105cz\u0105c klasyczne ulubione smaki z innowacyjnymi kombinacjami, aby zaspokoi\u0107 r\u00f3\u017cne gusta. Efektywne opakowanie zawieraj\u0105ce 200 sztuk w kartonie o wymiarach 45,5\u00d745,5\u00d724,6 cm i wadze 21,6 kg zapewnia optymaln\u0105 wysy\u0142k\u0119 i przechowywanie, co czyni je doskona\u0142ym wyborem dla detalist\u00f3w i dystrybutor\u00f3w.<\/p>\n<h2>Specyfikacje produktu<\/h2>\n<p><strong>Marka i model:<\/strong> Bar Razz<br \/>\n<strong>Nikotyna:<\/strong> 2% i 5%<br \/>\n<strong>Poci\u0105gi:<\/strong> Do 15 000<br \/>\n<strong>E-liquid:<\/strong> 26 ml<br \/>\n<strong>Rezystancja cewki:<\/strong> 0,8 \u03a9<br \/>\n<strong>Akumulator:<\/strong> 650 mAh, akumulator typu C<br \/>\n<strong>Regulowany przep\u0142yw powietrza<\/strong><\/p>\n<h2>Razz Bar 15000 smak\u00f3w<\/h2>\n<ol>\n<li>Raspberry Fudge (karmelki malinowe)<\/li>\n<li>Strawberry Ice (truskawkowe lody)<\/li>\n<li>Red Bull Ice (lody Red Bull)<\/li>\n<li>Kiwi Passion Fruit Guava (kiwi, marakuja, guawa)<\/li>\n<li>Mamba<\/li>\n<li>Blueberry Ice (lody jagodowe)<\/li>\n<li>Peach Ice (lody brzoskwiniowe)<\/li>\n<li>Truskawka Kiwi (truskawka kiwi)<\/li>\n<li>Watermelon Ice (lody arbuzowe)<\/li>\n<li>Peach Mango Pineapple (brzoskwinia, mango, ananas)<\/li>\n<li>Watermelon Bubble Gum (guma balonowa o smaku arbuza)<\/li>\n<li>Mieszanka jag\u00f3d (Mixed Berries)<\/li>\n<li>Blueberry Raspberry Lemon (jagoda, malina, cytryna)<\/li>\n<li>Lemon Lime (cytryna limonka)<\/li>\n<li>Cola Ice (Cola lodowa)<\/li>\n<li>Double Apple (Podw\u00f3jne jab\u0142ko)<\/li>\n<\/ol>\n<h2>Razz Bar 15000 Cz\u0119sto zadawane pytania<\/h2>\n<p><strong>1. Ile ruch\u00f3w oferuje Razz Bar 15000?<\/strong><\/p>\n<p>Ten jednorazowy e-papieros zapewnia imponuj\u0105ce 15 000 zaci\u0105gni\u0119\u0107, gwarantuj\u0105c tym samym d\u0142u\u017csze u\u017cytkowanie bez konieczno\u015bci cz\u0119stej wymiany. Znaczna pojemno\u015b\u0107 zaci\u0105gni\u0119\u0107 sprawia, \u017ce jest on idealny dla os\u00f3b poszukuj\u0105cych niezawodnego, trwa\u0142ego urz\u0105dzenia, kt\u00f3re zapewnia sta\u0142\u0105 wydajno\u015b\u0107 przez ca\u0142y okres u\u017cytkowania.<\/p>\n<p><strong>2. Jakie s\u0105 dost\u0119pne poziomy nikotyny?<\/strong><\/p>\n<p>Urz\u0105dzenie jest dost\u0119pne w wersjach 2% i 5% z sol\u0105 nikotynow\u0105 i jest zgodne z przepisami UE dotycz\u0105cymi produkt\u00f3w tytoniowych (TPD). Te precyzyjnie skalibrowane st\u0119\u017cenia zaspokoj\u0105 r\u00f3\u017cne preferencje \u2013 niezale\u017cnie od tego, czy jeste\u015b okazjonalnym u\u017cytkownikiem, czy preferujesz silniejsze doznania nikotynowe, zapewniaj\u0105 one idealn\u0105 r\u00f3wnowag\u0119 mi\u0119dzy satysfakcj\u0105 a \u0142agodno\u015bci\u0105.<\/p>\n<p><strong>3. Jaka technologia cewek jest stosowana?<\/strong><\/p>\n<p>Wyposa\u017cony w zaawansowan\u0105 technologi\u0119 Mesh Coil, ten e-papieros poprawia dok\u0142adno\u015b\u0107 smaku i zapewnia delikatn\u0105, sta\u0142\u0105 produkcj\u0119 pary przy ka\u017cdym zaci\u0105gni\u0119ciu. System Premium Coil maksymalizuje intensywno\u015b\u0107 smaku, zapewniaj\u0105c jednocze\u015bnie doskona\u0142e wytwarzanie pary, co zapewnia doskona\u0142e wra\u017cenia podczas wapowania.<\/p>\n<p><strong>4. Jak dzia\u0142a akumulator i \u0142adowanie?<\/strong><\/p>\n<p>Urz\u0105dzenie jest zasilane akumulatorem o pojemno\u015bci 650 mAh z praktyczn\u0105 funkcj\u0105 \u0142adowania typu C, co sprzyja zr\u00f3wnowa\u017conemu rozwojowi i zapewnia szybkie \u0142adowanie. To niezawodne \u017ar\u00f3d\u0142o energii zapewnia ca\u0142odzienn\u0105 wydajno\u015b\u0107, umo\u017cliwiaj\u0105c nieprzerwane korzystanie z urz\u0105dzenia.<\/p>\n<p><strong>5. Ile smak\u00f3w jest do wyboru?<\/strong><\/p>\n<p>Dzi\u0119ki 16 starannie opracowanym profilom smakowym ten jednorazowy e-papieros oferuje szerok\u0105 gam\u0119 smak\u00f3w, \u0142\u0105cz\u0105c klasyczne ulubione smaki z innowacyjnymi kombinacjami, aby zaspokoi\u0107 r\u00f3\u017cne gusta i preferencje.<\/p>\n<h2>Dowiedz si\u0119 wi\u0119cej na stronie ApexVape<\/h2>\n<p>Odwied\u017a nasz\u0105 stron\u0119 internetow\u0105 <strong><a href=\"https:\/\/apexvape.de\/pl\/\">Strona g\u0142\u00f3wna<\/a><\/strong> aby uzyska\u0107 pe\u0142ny przegl\u0105d ca\u0142ej naszej oferty wysokiej jako\u015bci e-papieros\u00f3w i produkt\u00f3w do wapowania. Je\u015bli interesuje Ci\u0119 konkretnie seria Razz Bar, wszystkie dost\u0119pne modele i warianty znajdziesz w naszym <strong><a href=\"https:\/\/apexvape.de\/pl\/product-category\/razz-bar-vape\/\">RAZZ BAR VAPE Kategoria<\/a><\/strong>. Tutaj mo\u017cesz por\u00f3wna\u0107 r\u00f3\u017cne opcje, zapozna\u0107 si\u0119 ze szczeg\u00f3\u0142owymi informacjami o produktach i wybra\u0107 idealny jednorazowy e-papieros dostosowany do Twoich indywidualnych potrzeb. ApexVape oferuje szybk\u0105 wysy\u0142k\u0119, obs\u0142ug\u0119 klienta na najwy\u017cszym poziomie oraz gwarancj\u0119 autentyczno\u015bci produkt\u00f3w bezpo\u015brednio od producenta.<\/p>","protected":false},"excerpt":{"rendered":"<p class=\"font-claude-response-body break-words whitespace-normal leading-[1.7]\">Die Razz Bar 15000 liefert bis zu 15.000 Z\u00fcge mit fortschrittlicher Mesh-Coil-Technologie. Mit 26ml E-Liquid, 650mAh wiederaufladbarem Akku und Type-C-Ladung. Erh\u00e4ltlich in 2% &amp; 5% Nikotin, 16 Geschmacksrichtungen und einstellbarem Airflow. EU-TPD-konform f\u00fcr langanhaltende Performance und Vielfalt. LCD-Display.<\/p>\n","protected":false},"featured_media":5316,"comment_status":"open","ping_status":"closed","template":"","meta":[],"product_brand":[],"product_cat":[79],"product_tag":[],"class_list":{"0":"post-5315","1":"product","2":"type-product","3":"status-publish","4":"has-post-thumbnail","6":"product_cat-razz-bar-vape","8":"first","9":"instock","10":"shipping-taxable","11":"purchasable","12":"product-type-variable"},"_links":{"self":[{"href":"https:\/\/apexvape.de\/pl\/wp-json\/wp\/v2\/product\/5315","targetHints":{"allow":["GET"]}}],"collection":[{"href":"https:\/\/apexvape.de\/pl\/wp-json\/wp\/v2\/product"}],"about":[{"href":"https:\/\/apexvape.de\/pl\/wp-json\/wp\/v2\/types\/product"}],"replies":[{"embeddable":true,"href":"https:\/\/apexvape.de\/pl\/wp-json\/wp\/v2\/comments?post=5315"}],"version-history":[{"count":0,"href":"https:\/\/apexvape.de\/pl\/wp-json\/wp\/v2\/product\/5315\/revisions"}],"wp:featuredmedia":[{"embeddable":true,"href":"https:\/\/apexvape.de\/pl\/wp-json\/wp\/v2\/media\/5316"}],"wp:attachment":[{"href":"https:\/\/apexvape.de\/pl\/wp-json\/wp\/v2\/media?parent=5315"}],"wp:term":[{"taxonomy":"product_brand","embeddable":true,"href":"https:\/\/apexvape.de\/pl\/wp-json\/wp\/v2\/product_brand?post=5315"},{"taxonomy":"product_cat","embeddable":true,"href":"https:\/\/apexvape.de\/pl\/wp-json\/wp\/v2\/product_cat?post=5315"},{"taxonomy":"product_tag","embeddable":true,"href":"https:\/\/apexvape.de\/pl\/wp-json\/wp\/v2\/product_tag?post=5315"}],"curies":[{"name":"wp","href":"https:\/\/api.w.org\/{rel}","templated":true}]}}