{"id":5237,"date":"2025-12-12T04:22:37","date_gmt":"2025-12-12T03:22:37","guid":{"rendered":"https:\/\/apexvape.de\/?post_type=product&#038;p=5237"},"modified":"2025-12-12T04:22:58","modified_gmt":"2025-12-12T03:22:58","slug":"uwin-tornado-triple-60000","status":"publish","type":"product","link":"https:\/\/apexvape.de\/pl\/product\/uwin-tornado-triple-60000\/","title":{"rendered":"Uwin Tornado Triple 60000 zaci\u0105gni\u0119\u0107 Jednorazowy vape"},"content":{"rendered":"<h1>Uwin Tornado Triple 60000 zaci\u0105gni\u0119\u0107 3 w 1 smak Niska zawarto\u015b\u0107 nikotyny Zakup hurtowy Oryginalny Wielokrotnego \u0142adowania Jednorazowy E-papieros Sprzeda\u017c hurtowa<\/h1>\n<p>Uwin Tornado Triple 60000 oferuje do 60 000 zaci\u0105gni\u0119\u0107 dzi\u0119ki innowacyjnemu potr\u00f3jnemu systemowi smak\u00f3w, kt\u00f3ry zawiera 3 oddzielne zbiorniki zapewniaj\u0105ce czyst\u0105 zmian\u0119 smaku na \u017c\u0105danie. Technologia potr\u00f3jnej cewki siatkowej zapewnia szybkie nagrzewanie, intensywny smak i \u0142agodne zaci\u0105gni\u0119cia z ulepszon\u0105 produkcj\u0105 pary. Wyposa\u017cony w akumulator 650 mAh z funkcj\u0105 szybkiego \u0142adowania typu C i wy\u015bwietlaczem LED do monitorowania stanu baterii i u\u017cytkowania. Dost\u0119pny w wersjach o st\u0119\u017ceniu nikotyny 0%, 2%, 3% i 5%. Wybierz spo\u015br\u00f3d 12 ekscytuj\u0105cych kombinacji trzech smak\u00f3w, pakowanych po 10 sztuk w pude\u0142ku. Do\u015bwiadcz niesamowitej r\u00f3\u017cnorodno\u015bci smak\u00f3w i d\u0142ugotrwa\u0142ej wydajno\u015bci!<\/p>\n<h2>Uwin Tornado Triple 60000 Puffs Najwa\u017cniejsze cechy<\/h2>\n<p>Uwin Tornado Triple 60000 z 60 tysi\u0105cami zaci\u0105gni\u0119\u0107 rewolucjonizuje do\u015bwiadczenie zwi\u0105zane z wapowaniem dzi\u0119ki innowacyjnemu systemowi potr\u00f3jnego smaku i wyj\u0105tkowej wydajno\u015bci. Zaprojektowane z my\u015bl\u0105 o u\u017cytkownikach wymagaj\u0105cych wszechstronno\u015bci i trwa\u0142o\u015bci, urz\u0105dzenie to zapewnia do 60 000 zaci\u0105gni\u0119\u0107 czystej przyjemno\u015bci. Prze\u0142omowa technologia potr\u00f3jnego smaku obejmuje trzy oddzielne zbiorniki z regulowanym wyborem smaku, dzi\u0119ki czemu mo\u017cna dowolnie prze\u0142\u0105cza\u0107 si\u0119 mi\u0119dzy aromatami bez mieszania si\u0119 lub zanieczyszczenia krzy\u017cowego \u2013 ka\u017cdy zaci\u0105gni\u0119cie pozostaje tak czyste i autentyczne, jak zamierzono.<\/p>\n<p>Sercem tego urz\u0105dzenia jest zaawansowana technologia potr\u00f3jnej cewki siatkowej, kt\u00f3ra zapewnia szybkie nagrzewanie, intensywny smak i niezwykle \u0142agodne zaci\u0105gni\u0119cia przy ka\u017cdym wdechu. Ulepszony system wytwarzania pary tworzy g\u0119ste, satysfakcjonuj\u0105ce chmury przy sta\u0142ej jako\u015bci smaku przez ca\u0142y okres u\u017cytkowania urz\u0105dzenia. Zasilane niezawodn\u0105 bateri\u0105 650 mAh z funkcj\u0105 szybkiego \u0142adowania typu C, urz\u0105dzenie zapewnia sta\u0142\u0105 wydajno\u015b\u0107 podczas wszystkich sesji wapowania, a w razie potrzeby umo\u017cliwia szybkie i wygodne \u0142adowanie. Wbudowany wy\u015bwietlacz LED dodaje inteligentn\u0105 funkcjonalno\u015b\u0107, zapewniaj\u0105c przejrzyste aktualizacje stanu baterii i \u015bledzenie u\u017cytkowania w czasie rzeczywistym.<\/p>\n<p>Dost\u0119pny w elastycznych st\u0119\u017ceniach nikotyny 0%, 2%, 3% i 5%, Uwin Tornado Triple 60000 zaspokaja wszystkie preferencje, od vapowania bez nikotyny po siln\u0105 satysfakcj\u0119. Dzi\u0119ki 12 starannie dobranym potr\u00f3jnym kombinacjom smakowym ka\u017cdy profil zosta\u0142 zaprojektowany tak, aby zapewni\u0107 zr\u00f3wnowa\u017cone i ekscytuj\u0105ce doznania smakowe, kt\u00f3re urzekn\u0105 Twoje podniebienie. Urz\u0105dzenie jest dostarczane w opakowaniach po 10 sztuk, idealnych do sprzeda\u017cy hurtowej i detalicznej.<\/p>\n<h2>Specyfikacje produktu<\/h2>\n<p><strong>Typ produktu:<\/strong> Jednorazowy e-papieros<br \/>\n<strong>Moc nikotyny:<\/strong> 0% \/ 2% \/ 3% \/ 5%<br \/>\n<strong>Pojemno\u015b\u0107 poci\u0105gu:<\/strong> Do 60 000 poci\u0105g\u00f3w<br \/>\n<strong>Tryby smaku:<\/strong> 3 regulowane aromaty<br \/>\n<strong>Typ cewki:<\/strong> Potr\u00f3jna cewka siatkowa<br \/>\n<strong>Pojemno\u015b\u0107 akumulatora:<\/strong> 650 mAh, akumulator<br \/>\n<strong>Funkcja wy\u015bwietlacza:<\/strong> Inteligentny wy\u015bwietlacz LED<br \/>\n<strong>Z\u0142\u0105cze \u0142adowania:<\/strong> Typ C<br \/>\n<strong>Specyfikacja opakowania:<\/strong> 10 sztuk\/opakowanie<br \/>\n<strong>Opcje smakowe:<\/strong> 12 kombinacji smakowych<\/p>\n<h2>Uwin Tornado Triple 60000 Lista smak\u00f3w<\/h2>\n<ol>\n<li>Lody wi\u015bniowe \/ truskawkowe Red Bull \/ jagodowo-malinowe<\/li>\n<li>Lody jagodowe \/ truskawkowe z arbuzem \/ truskawkowe z malinami i wi\u015bniami<\/li>\n<li>R\u00f3\u017cowa lemoniada \/ lody waniliowe \/ cukierki truskawkowe i malinowe<\/li>\n<li>Truskawka Kiwi \/ Love 66 (marakuja melon) \/ Blue Razz Lody<\/li>\n<li>Cytryna limonka \/ truskawka banan \/ mieszanka owoc\u00f3w<\/li>\n<li>Lody arbuzowe \/ Lody coli \/ Mr Blue<\/li>\n<li>Lody brzoskwiniowe \/ jagodowo-malinowe \/ truskawkowe Red Bull<\/li>\n<li>Kiwi Marakuja Guawa \/ Brzoskwinia Mango \/ Malina Arbuz<\/li>\n<li>Red Bull \/ Lody wi\u015bniowe \/ Cytryna limonka<\/li>\n<li>Lody truskawkowe \/ Lody brzoskwiniowe \/ Lody winogronowe<\/li>\n<li>Mieszanka jag\u00f3d \/ lody z owoc\u00f3w smoka \/ gumy balonowe o smaku truskawkowo-arbuzowym<\/li>\n<li>Wi\u015bniowa cola \/ Truskawkowa cola waniliowa \/ Winogronowo-jagodowa<\/li>\n<\/ol>\n<h2>Cz\u0119sto zadawane pytania \u2013 Uwin Tornado Triple 60000<\/h2>\n<p><strong>1. Jak dzia\u0142a potr\u00f3jny system smaku w tym urz\u0105dzeniu?<\/strong><\/p>\n<p>Urz\u0105dzenie posiada innowacyjny system potr\u00f3jnego smaku z 3 oddzielnymi zbiornikami, kt\u00f3ry pozwala na prze\u0142\u0105czanie si\u0119 mi\u0119dzy trzema r\u00f3\u017cnymi smakami. Ka\u017cdy zbiornik dzia\u0142a niezale\u017cnie, zapewniaj\u0105c czyst\u0105 zmian\u0119 smaku bez mieszania si\u0119 lub zanieczyszczenia krzy\u017cowego. Ta wyj\u0105tkowa konstrukcja oznacza, \u017ce mo\u017cesz cieszy\u0107 si\u0119 wieloma profilami smakowymi w jednym urz\u0105dzeniu i mie\u0107 pe\u0142n\u0105 kontrol\u0119 nad swoim do\u015bwiadczeniem wapowania w dowolnym momencie.<\/p>\n<p><strong>2. Ile zaci\u0105gni\u0119\u0107 mog\u0119 wykona\u0107 tym e-papierosem?<\/strong><\/p>\n<p>Ten jednorazowy e-papieros o du\u017cej pojemno\u015bci zapewnia imponuj\u0105c\u0105 liczb\u0119 nawet 60 000 zaci\u0105gni\u0119\u0107, co czyni go jednym z najtrwalszych urz\u0105dze\u0144 na rynku. Ta niezwyk\u0142a liczba zaci\u0105gni\u0119\u0107 gwarantuje tygodnie, a nawet miesi\u0105ce ci\u0105g\u0142ego u\u017cytkowania, zapewnia doskona\u0142y stosunek ceny do jako\u015bci i eliminuje konieczno\u015b\u0107 cz\u0119stych zakup\u00f3w zamiennik\u00f3w. Idealny dla intensywnych u\u017cytkownik\u00f3w lub tych, kt\u00f3rzy oczekuj\u0105 d\u0142u\u017cszej wydajno\u015bci bez kompromis\u00f3w.<\/p>\n<p><strong>3. Jakie s\u0105 dost\u0119pne poziomy nikotyny?<\/strong><\/p>\n<p>E-papieros jest dost\u0119pny w czterech poziomach mocy nikotyny: 0%, 2%, 3% i 5%, oferuj\u0105c elastyczne opcje dostosowane do preferencji ka\u017cdego u\u017cytkownika. Niezale\u017cnie od tego, czy preferujesz wapowanie bez nikotyny, \u0142agodne doznania czy siln\u0105 satysfakcj\u0119 nikotynow\u0105 \u2013 znajdziesz opcj\u0119 odpowiedni\u0105 do swoich potrzeb. Ta wszechstronno\u015b\u0107 sprawia, \u017ce s\u0105 one odpowiednie zar\u00f3wno dla okazjonalnych u\u017cytkownik\u00f3w, jak i os\u00f3b przechodz\u0105cych z tradycyjnego palenia.<\/p>\n<p><strong>4. Kt\u00f3ra technologia poprawia smak i wytwarzanie pary?<\/strong><\/p>\n<p>Urz\u0105dzenie to wykorzystuje technologi\u0119 potr\u00f3jnej cewki siatkowej, kt\u00f3ra zapewnia szybkie nagrzewanie si\u0119, natychmiastowe wytwarzanie pary, intensywny smak i niezwykle \u0142agodne zaci\u0105gni\u0119cia. Zaawansowany system cewek maksymalizuje kontakt z e-p\u0142ynem i wydajno\u015b\u0107 ogrzewania, wytwarza g\u0119ste, satysfakcjonuj\u0105ce chmury i utrzymuje sta\u0142\u0105 jako\u015b\u0107 smaku przez ca\u0142y okres u\u017cytkowania urz\u0105dzenia. W po\u0142\u0105czeniu z oddzielnym systemem zbiornik\u00f3w, ka\u017cdy zaci\u0105gni\u0119cie zapewnia czysty, autentyczny smak.<\/p>\n<p><strong>5. Jak sprawdzi\u0107 poziom na\u0142adowania baterii i jak \u0142adowa\u0107 urz\u0105dzenie?<\/strong><\/p>\n<p>E-papieros posiada praktyczny wy\u015bwietlacz LED, kt\u00f3ry pokazuje stan baterii i \u015bledzi zu\u017cycie w czasie rzeczywistym, dzi\u0119ki czemu zawsze wiesz, kiedy nadszed\u0142 czas na \u0142adowanie. Zasilany akumulatorem 650 mAh z funkcj\u0105 szybkiego \u0142adowania typu C, urz\u0105dzenie zapewnia szybkie i wydajne \u0142adowanie, umo\u017cliwiaj\u0105c nieprzerwane sesje wapowania. Z\u0142\u0105cze typu C zapewnia uniwersaln\u0105 kompatybilno\u015b\u0107 i szybsze \u0142adowanie w por\u00f3wnaniu ze starszymi standardami \u0142adowania.<\/p>\n<h2>Odkryj wi\u0119cej e-papieros\u00f3w premium<\/h2>\n<p>Uwin Tornado Triple 60000 jest cz\u0119\u015bci\u0105 naszej ekskluzywnej oferty wysokiej jako\u015bci jednorazowych e-papieros\u00f3w. Odkryj inne innowacyjne produkty do wapowania w naszym <strong><a href=\"https:\/\/apexvape.de\/pl\/product-category\/uwin-vape\/\">Asortyment UWIN VAPE<\/a><\/strong>, gdzie znajdziesz najnowsze modele i wersje smakowe. Odwied\u017a nasz\u0105 stron\u0119 <strong><a href=\"https:\/\/apexvape.de\/pl\/\">Strona g\u0142\u00f3wna Apex Vape<\/a><\/strong> aby zapozna\u0107 si\u0119 z pe\u0142n\u0105 ofert\u0105 wysokiej jako\u015bci e-papieros\u00f3w, opcjami hurtowymi i ekskluzywnymi ofertami specjalnymi. Skorzystaj z szybkiej wysy\u0142ki, kompetentnego doradztwa i najwy\u017cszej jako\u015bci obs\u0142ugi klienta, aby zapewni\u0107 sobie doskona\u0142e wra\u017cenia podczas vapowania.<\/p>","protected":false},"excerpt":{"rendered":"<p class=\"font-claude-response-body break-words whitespace-normal leading-[1.7]\">Der Uwin Tornado Triple 60000 revolutioniert Dampfen mit 60.000 Z\u00fcgen und 3-in-1-Geschmackssystem in separaten Tanks. Triple-Mesh-Coil, 650-mAh-Akku mit Type-C-Schnelladung und LED-Display garantieren Premium-Performance. 12 Dreifach-Kombinationen in 0-5% Nikotinst\u00e4rken. Ultimative Vielseitigkeit f\u00fcr anspruchsvolle Dampfer und Gro\u00dfhandel.<\/p>\n","protected":false},"featured_media":5242,"comment_status":"open","ping_status":"closed","template":"","meta":[],"product_brand":[],"product_cat":[78],"product_tag":[],"class_list":{"0":"post-5237","1":"product","2":"type-product","3":"status-publish","4":"has-post-thumbnail","6":"product_cat-uwin-vape","8":"first","9":"instock","10":"shipping-taxable","11":"purchasable","12":"product-type-variable"},"_links":{"self":[{"href":"https:\/\/apexvape.de\/pl\/wp-json\/wp\/v2\/product\/5237","targetHints":{"allow":["GET"]}}],"collection":[{"href":"https:\/\/apexvape.de\/pl\/wp-json\/wp\/v2\/product"}],"about":[{"href":"https:\/\/apexvape.de\/pl\/wp-json\/wp\/v2\/types\/product"}],"replies":[{"embeddable":true,"href":"https:\/\/apexvape.de\/pl\/wp-json\/wp\/v2\/comments?post=5237"}],"version-history":[{"count":0,"href":"https:\/\/apexvape.de\/pl\/wp-json\/wp\/v2\/product\/5237\/revisions"}],"wp:featuredmedia":[{"embeddable":true,"href":"https:\/\/apexvape.de\/pl\/wp-json\/wp\/v2\/media\/5242"}],"wp:attachment":[{"href":"https:\/\/apexvape.de\/pl\/wp-json\/wp\/v2\/media?parent=5237"}],"wp:term":[{"taxonomy":"product_brand","embeddable":true,"href":"https:\/\/apexvape.de\/pl\/wp-json\/wp\/v2\/product_brand?post=5237"},{"taxonomy":"product_cat","embeddable":true,"href":"https:\/\/apexvape.de\/pl\/wp-json\/wp\/v2\/product_cat?post=5237"},{"taxonomy":"product_tag","embeddable":true,"href":"https:\/\/apexvape.de\/pl\/wp-json\/wp\/v2\/product_tag?post=5237"}],"curies":[{"name":"wp","href":"https:\/\/api.w.org\/{rel}","templated":true}]}}