{"id":5170,"date":"2025-12-12T04:17:14","date_gmt":"2025-12-12T03:17:14","guid":{"rendered":"https:\/\/apexvape.de\/?post_type=product&#038;p=5170"},"modified":"2025-12-12T04:17:38","modified_gmt":"2025-12-12T03:17:38","slug":"uwin-shisha-hookah-crystal-20000","status":"publish","type":"product","link":"https:\/\/apexvape.de\/pl\/product\/uwin-shisha-hookah-crystal-20000\/","title":{"rendered":"Uwin Shisha Hookah Crystal 20000 zaci\u0105gni\u0119\u0107 Jednorazowy vape"},"content":{"rendered":"<h1>Uwin Shisha Hookah Crystal 20000 \u2013 \u0142adowalna e-fajka wodna z 20 000 zaci\u0105gni\u0119\u0107<\/h1>\n<h2>Opis produktu<\/h2>\n<p>Uwin Shisha Hookah Crystal 20000 oferuje do 20 000 zaci\u0105gni\u0119\u0107 dzi\u0119ki pojemno\u015bci 22 ml e-liquidu, co pozwala na d\u0142ugie sesje wapowania. Zaawansowana technologia cewki siatkowej zapewnia intensywny smak i optymalne wytwarzanie pary \u2013 idealne do wapowania DTL (Direct-to-Lung). Dost\u0119pny w czterech mocach nikotynowych: 0%, 2%, 3% i 5%, dostosowanych do r\u00f3\u017cnych potrzeb. Wyposa\u017cony w akumulator kobaltowy 650 mAh i z\u0142\u0105cze \u0142adowania typu C do szybkiego \u0142adowania. Wybierz spo\u015br\u00f3d 12 pysznych smak\u00f3w. Opakowanie zawiera 10 sztuk. Do\u015bwiadcz najwy\u017cszej jako\u015bci wra\u017ce\u0144 z palenia sziszy dzi\u0119ki delikatnej, mocnej i d\u0142ugotrwa\u0142ej przyjemno\u015bci wapowania!<\/p>\n<h2>Najwa\u017cniejsze cechy produktu Uwin Shisha Hookah Crystal 20000<\/h2>\n<p>Uwin Shisha Hookah Crystal 20000 zosta\u0142 stworzony specjalnie dla fan\u00f3w fajki wodnej, kt\u00f3rzy szukaj\u0105 bogatych i autentycznych wra\u017ce\u0144, przypominaj\u0105cych tradycyjne sesje z fajk\u0105 wodn\u0105. Dzi\u0119ki imponuj\u0105cej pojemno\u015bci do 20 000 zaci\u0105gni\u0119\u0107, ta jednorazowa, \u0142adowalna e-fajka wodna zapewnia wyj\u0105tkow\u0105 trwa\u0142o\u015b\u0107 i niezmiennie p\u0142ynn\u0105 wydajno\u015b\u0107. Du\u017ca pojemno\u015b\u0107 e-liquidu wynosz\u0105ca 22 ml zapewnia d\u0142ugotrwa\u0142e sesje wapowania o sta\u0142ej jako\u015bci smaku i g\u0119stej, satysfakcjonuj\u0105cej produkcji pary.<\/p>\n<p>Urz\u0105dzenie jest wyposa\u017cone w nowoczesn\u0105 technologi\u0119 Mesh Coil, kt\u00f3ra znacznie wzmacnia intensywno\u015b\u0107 smaku i obj\u0119to\u015b\u0107 pary, zapewniaj\u0105c optymalne wra\u017cenia dla u\u017cytkownik\u00f3w stosuj\u0105cych metod\u0119 Direct-to-Lung (DTL). Dost\u0119pne w kilku wersjach o r\u00f3\u017cnej zawarto\u015bci nikotyny (0%, 2%, 3% i 5%), to wszechstronne urz\u0105dzenie oferuje odpowiedni\u0105 opcj\u0119 dla ka\u017cdego gustu \u2013 od wersji bez nikotyny po wersje o wi\u0119kszej zawarto\u015bci nikotyny. Zasilany niezawodnym akumulatorem kobaltowym o pojemno\u015bci 650 mAh z praktycznym z\u0142\u0105czem \u0142adowania typu C, umo\u017cliwia szybkie i wydajne \u0142adowanie, zapewniaj\u0105c nieprzerwan\u0105 przyjemno\u015b\u0107 wapowania przez ca\u0142y dzie\u0144.<\/p>\n<p>Dzi\u0119ki kusz\u0105cej ofercie 12 starannie opracowanych smak\u00f3w, Uwin Shisha Hookah Crystal 20000 zapewnia r\u00f3\u017cnorodne opcje dla ka\u017cdego gustu i nastroju. Ka\u017cde urz\u0105dzenie jest praktycznie zapakowane w pude\u0142ka po 10 sztuk i idealnie nadaje si\u0119 zar\u00f3wno do u\u017cytku osobistego, jak i do sprzeda\u017cy hurtowej. Niezale\u017cnie od tego, czy jeste\u015b u\u017cytkownikiem prywatnym, czy sprzedawc\u0105 \u2013 ten format opakowania zapewnia wygod\u0119 i warto\u015b\u0107 dodan\u0105.<\/p>\n<h2>Dane techniczne<\/h2>\n<ul>\n<li><strong>Zawarto\u015b\u0107 nikotyny:<\/strong> 0% \/ 2% \/ 3% \/ 5%<\/li>\n<li><strong>Poci\u0105gi:<\/strong> do 20 000<\/li>\n<li><strong>Pojemno\u015b\u0107 zbiornika:<\/strong> 22 ml<\/li>\n<li><strong>Akumulator:<\/strong> 650 mAh, akumulator, kobalt, z\u0142\u0105cze typu C<\/li>\n<li><strong>G\u0142owica parownika:<\/strong> Cewka siatkowa<\/li>\n<li><strong>Technika ci\u0105gni\u0119cia:<\/strong> Bezpo\u015brednio do p\u0142uc (DTL)<\/li>\n<li><strong>Opakowanie:<\/strong> 10 sztuk w pude\u0142ku<\/li>\n<li><strong>Smaki:<\/strong> 12 dost\u0119pnych<\/li>\n<\/ul>\n<h2>Dost\u0119pne smaki Uwin Shisha Hookah Crystal 20000<\/h2>\n<ol>\n<li>Blueberry on Ice (jagoda na lodzie)<\/li>\n<li>Kiwi Passion Fruit Guava (kiwi, marakuja, guawa)<\/li>\n<li>Truskawka Kiwi (truskawka kiwi)<\/li>\n<li>Mieszanka jag\u00f3d (Mixed Berries)<\/li>\n<li>Strawberry Watermelon (truskawka arbuz)<\/li>\n<li>Grape Ice (lody winogronowe)<\/li>\n<li>Watermelon Ice (lody arbuzowe)<\/li>\n<li>Cherry Ice (wi\u015bniowy l\u00f3d)<\/li>\n<li>Strawberry Ice (truskawkowe lody)<\/li>\n<li>Peach Ice (lody brzoskwiniowe)<\/li>\n<li>Blueberry Raspberry (jagoda malina)<\/li>\n<li>Mi\u0142o\u015b\u0107 66<\/li>\n<\/ol>\n<h2>Cz\u0119sto zadawane pytania dotycz\u0105ce fajki wodnej Uwin Shisha Hookah Crystal 20000<\/h2>\n<p><strong>Ile ruch\u00f3w oferuje to urz\u0105dzenie?<\/strong><\/p>\n<p>Ten jednorazowy e-shisha zapewnia imponuj\u0105ce 20 000 zaci\u0105gni\u0119\u0107, co czyni go jednym z najtrwalszych produkt\u00f3w na rynku. Ta wyj\u0105tkowa pojemno\u015b\u0107 umo\u017cliwia d\u0142ugie sesje wapowania bez konieczno\u015bci cz\u0119stej wymiany i zapewnia doskona\u0142y stosunek jako\u015bci do ceny dla mi\u0142o\u015bnik\u00f3w shishy.<\/p>\n<p><strong>Jakie s\u0105 dost\u0119pne poziomy nikotyny?<\/strong><\/p>\n<p>Urz\u0105dzenie jest dost\u0119pne w czterech wersjach o r\u00f3\u017cnej zawarto\u015bci nikotyny: 0%, 2%, 3% i 5%. Ta r\u00f3\u017cnorodna oferta zaspokaja r\u00f3\u017cne preferencje \u2013 od vapowania bez nikotyny po siln\u0105 satysfakcj\u0119 nikotynow\u0105 \u2013 i pozwala u\u017cytkownikom wybra\u0107 moc, kt\u00f3ra najlepiej odpowiada ich potrzebom i stylowi vapowania.<\/p>\n<p><strong>Jak \u0142adowa\u0107 ten vape i jak d\u0142ugo wystarcza bateria?<\/strong><\/p>\n<p>Urz\u0105dzenie jest wyposa\u017cone w akumulator kobaltowy o pojemno\u015bci 650 mAh z praktycznym z\u0142\u0105czem \u0142aduj\u0105cym typu C, kt\u00f3re zapewnia szybkie i wydajne \u0142adowanie. Z\u0142\u0105cze typu C gwarantuje kr\u00f3tki czas \u0142adowania i uniwersaln\u0105 kompatybilno\u015b\u0107 z nowoczesnymi kablami \u0142aduj\u0105cymi, dzi\u0119ki czemu mo\u017cesz cieszy\u0107 si\u0119 nieprzerwanym vapowaniem przez ca\u0142y dzie\u0144.<\/p>\n<p><strong>Co sprawia, \u017ce to urz\u0105dzenie idealnie nadaje si\u0119 do wapowania DTL?<\/strong><\/p>\n<p>Ta elektroniczna fajka wodna w stylu hookah \u0142\u0105czy w sobie zaawansowan\u0105 technologi\u0119 cewki siatkowej z pojemno\u015bci\u0105 22 ml e-p\u0142ynu, co znacznie wzmacnia intensywno\u015b\u0107 smaku i tworzy g\u0119ste, satysfakcjonuj\u0105ce chmury pary. Taka konstrukcja sprawia, \u017ce idealnie nadaje si\u0119 do wapowania bezpo\u015brednio do p\u0142uc (DTL) i zapewnia \u0142agodne i mocne doznania przy ka\u017cdym zaci\u0105gni\u0119ciu.<\/p>\n<p><strong>Ile jest dost\u0119pnych opcji smakowych i jak wygl\u0105da opakowanie urz\u0105dzenia?<\/strong><\/p>\n<p>Vape oferuje 12 starannie opracowanych smak\u00f3w dostosowanych do r\u00f3\u017cnych preferencji smakowych. Ka\u017cda jednostka jest pakowana w pude\u0142ka po 10 sztuk, co jest praktyczne zar\u00f3wno do u\u017cytku osobistego, jak i sprzeda\u017cy hurtowej \u2013 idealne rozwi\u0105zanie dla sprzedawc\u00f3w i u\u017cytkownik\u00f3w prywatnych, kt\u00f3rzy poszukuj\u0105 r\u00f3\u017cnorodno\u015bci i warto\u015bci dodanej.<\/p>\n<h2>Odkryj wi\u0119cej e-szisz premium w Apex Vape<\/h2>\n<p>Szukasz wysokiej jako\u015bci jednorazowych e-szisz i vape'\u00f3w, kt\u00f3re zapewni\u0105 Ci d\u0142ugotrwa\u0142\u0105 przyjemno\u015b\u0107 z wapowania? W <strong><a href=\"https:\/\/apexvape.de\/pl\/\">Apex Vape<\/a><\/strong> znajdziesz szeroki wyb\u00f3r produkt\u00f3w premium dla ka\u017cdego gustu. Uwin Shisha Hookah Crystal 20000 to tylko jedno z wielu doskona\u0142ych urz\u0105dze\u0144 w naszym asortymencie. Zapoznaj si\u0119 z nasz\u0105 pe\u0142n\u0105 ofert\u0105 <strong><a href=\"https:\/\/apexvape.de\/pl\/product-category\/uwin-vape\/\">Kolekcja UWIN VAPE<\/a><\/strong> i odkryj inne innowacyjne rozwi\u0105zania w zakresie vape'\u00f3w, charakteryzuj\u0105ce si\u0119 wyj\u0105tkow\u0105 wydajno\u015bci\u0105, r\u00f3\u017cnorodno\u015bci\u0105 smak\u00f3w i najnowocze\u015bniejsz\u0105 technologi\u0105. Niezale\u017cnie od tego, czy szukasz produkt\u00f3w do u\u017cytku prywatnego, czy hurtowego \u2013 w Apex Vape na pewno znajdziesz produkt dostosowany do swoich potrzeb.<\/p>","protected":false},"excerpt":{"rendered":"<p class=\"font-claude-response-body break-words whitespace-normal leading-[1.7]\">Die Uwin Shisha Hookah Crystal 20000 bietet authentisches Shisha-Feeling mit 20.000 Z\u00fcgen und 22ml E-Liquid. Mesh-Coil-Technologie, 650-mAh-Akku mit Type-C-Ladung und DTL-Dampfen garantieren intensive Aromen und dichte Wolken. 12 Geschmacksrichtungen in 0-5% Nikotinst\u00e4rken. Perfekt f\u00fcr Shisha-Liebhaber und Gro\u00dfhandel.<\/p>\n","protected":false},"featured_media":5171,"comment_status":"open","ping_status":"closed","template":"","meta":[],"product_brand":[],"product_cat":[78],"product_tag":[],"class_list":{"0":"post-5170","1":"product","2":"type-product","3":"status-publish","4":"has-post-thumbnail","6":"product_cat-uwin-vape","8":"first","9":"instock","10":"shipping-taxable","11":"purchasable","12":"product-type-variable"},"_links":{"self":[{"href":"https:\/\/apexvape.de\/pl\/wp-json\/wp\/v2\/product\/5170","targetHints":{"allow":["GET"]}}],"collection":[{"href":"https:\/\/apexvape.de\/pl\/wp-json\/wp\/v2\/product"}],"about":[{"href":"https:\/\/apexvape.de\/pl\/wp-json\/wp\/v2\/types\/product"}],"replies":[{"embeddable":true,"href":"https:\/\/apexvape.de\/pl\/wp-json\/wp\/v2\/comments?post=5170"}],"version-history":[{"count":0,"href":"https:\/\/apexvape.de\/pl\/wp-json\/wp\/v2\/product\/5170\/revisions"}],"wp:featuredmedia":[{"embeddable":true,"href":"https:\/\/apexvape.de\/pl\/wp-json\/wp\/v2\/media\/5171"}],"wp:attachment":[{"href":"https:\/\/apexvape.de\/pl\/wp-json\/wp\/v2\/media?parent=5170"}],"wp:term":[{"taxonomy":"product_brand","embeddable":true,"href":"https:\/\/apexvape.de\/pl\/wp-json\/wp\/v2\/product_brand?post=5170"},{"taxonomy":"product_cat","embeddable":true,"href":"https:\/\/apexvape.de\/pl\/wp-json\/wp\/v2\/product_cat?post=5170"},{"taxonomy":"product_tag","embeddable":true,"href":"https:\/\/apexvape.de\/pl\/wp-json\/wp\/v2\/product_tag?post=5170"}],"curies":[{"name":"wp","href":"https:\/\/api.w.org\/{rel}","templated":true}]}}