{"id":4851,"date":"2025-12-08T16:36:11","date_gmt":"2025-12-08T15:36:11","guid":{"rendered":"https:\/\/apexvape.de\/?post_type=product&#038;p=4851"},"modified":"2025-12-08T16:39:27","modified_gmt":"2025-12-08T15:39:27","slug":"jnr-rage-gorilla-55000","status":"publish","type":"product","link":"https:\/\/apexvape.de\/pl\/product\/jnr-rage-gorilla-55000\/","title":{"rendered":"JNR Rage Gorilla 55000 zaci\u0105gni\u0119\u0107 Jednorazowy vape"},"content":{"rendered":"<h1>JNR Rage Gorilla 55000 zaci\u0105gni\u0119\u0107 55K Cyfrowy wy\u015bwietlacz LED Jednorazowy vape<\/h1>\n<p>JNR Rage Gorilla 55000 to wyj\u0105tkowy jednorazowy vape, kt\u00f3ry oferuje do 55 000 zaci\u0105gni\u0119\u0107 dzi\u0119ki pojemno\u015bci 42 ml e-liquidu. Dzi\u0119ki technologii podw\u00f3jnej cewki siatkowej zapewniaj\u0105cej delikatn\u0105, aromatyczn\u0105 par\u0119 oraz inteligentnemu wy\u015bwietlaczowi do monitorowania czasu pracy baterii i licznika zaci\u0105gni\u0119\u0107, urz\u0105dzenie to \u0142\u0105czy w sobie wygod\u0119 i wydajno\u015b\u0107. Akumulator o pojemno\u015bci 950 mAh obs\u0142uguje szybkie \u0142adowanie typu C, co minimalizuje czas przestoju. Dzi\u0119ki zawarto\u015bci nikotyny 2% zapewnia satysfakcjonuj\u0105ce, a jednocze\u015bnie \u0142agodne doznania, co czyni go jednym z najtrwalszych i naj\u0142atwiejszych w u\u017cyciu jednorazowych vape'\u00f3w dla codziennych u\u017cytkownik\u00f3w, kt\u00f3rzy poszukuj\u0105 jako\u015bci i niezawodno\u015bci.<\/p>\n<h2>JNR Rage Gorilla 55000 zaci\u0105gni\u0119\u0107 Najwa\u017cniejsze cechy<\/h2>\n<p>JNR Rage Gorilla 55000 zaci\u0105gni\u0119\u0107 wyr\u00f3\u017cnia si\u0119 jako jeden z najtrwalszych jednorazowych vape'\u00f3w na rynku, zapewniaj\u0105c imponuj\u0105ce 55 000 zaci\u0105gni\u0119\u0107 dzi\u0119ki pojemno\u015bci 42 ml wysokiej jako\u015bci e-liquidu. Ta niezwyk\u0142a liczba zaci\u0105gni\u0119\u0107 oznacza mniejsz\u0105 cz\u0119stotliwo\u015b\u0107 wymiany i nieprzerwane sesje wapowania, co czyni go idealnym wyborem dla u\u017cytkownik\u00f3w, kt\u00f3rzy ceni\u0105 sobie wygod\u0119 i trwa\u0142o\u015b\u0107 podczas wapowania.<\/p>\n<p>Wyposa\u017cone w zaawansowan\u0105 technologi\u0119 Dual Mesh Coil, urz\u0105dzenie to zapewnia delikatn\u0105 i aromatyczn\u0105 par\u0119 przy ka\u017cdym zaci\u0105gni\u0119ciu. Wy\u015bwietlacz Smart Screen dodaje nowoczesnego komfortu i pozwala u\u017cytkownikom \u0142atwo monitorowa\u0107 zar\u00f3wno czas pracy baterii, jak i pozosta\u0142\u0105 liczb\u0119 zaci\u0105gni\u0119\u0107, dzi\u0119ki czemu nigdy nie zaskoczy Ci\u0119 konieczno\u015b\u0107 na\u0142adowania lub wymiany urz\u0105dzenia.<\/p>\n<p>Konstrukcja z mo\u017cliwo\u015bci\u0105 ponownego \u0142adowania posiada wydajn\u0105 bateri\u0119 o pojemno\u015bci 950 mAh w po\u0142\u0105czeniu z szybk\u0105 technologi\u0105 \u0142adowania typu C, kt\u00f3ra zapewnia szybki powr\u00f3t do wapowania przy minimalnym czasie przestoju. Po\u0142\u0105czenie du\u017cej pojemno\u015bci baterii i wydajnego \u0142adowania sprawia, \u017ce urz\u0105dzenie jest zar\u00f3wno praktyczne, jak i \u0142atwe w u\u017cyciu na co dzie\u0144.<\/p>\n<p>Dzi\u0119ki zawarto\u015bci nikotyny na poziomie 2%, JNR Rage Gorilla zapewnia satysfakcjonuj\u0105ce, a jednocze\u015bnie \u0142agodne doznania podczas wapowania, r\u00f3wnowa\u017c\u0105c dostarczanie nikotyny z jako\u015bci\u0105 smaku. Ten starannie skalibrowany poziom nikotyny zapewnia u\u017cytkownikom po\u017c\u0105dan\u0105 satysfakcj\u0119, jednocze\u015bnie zapewniaj\u0105c komfortow\u0105 i przyjemn\u0105 sesj\u0119 wapowania przez ca\u0142y imponuj\u0105cy okres u\u017cytkowania urz\u0105dzenia.<\/p>\n<h2>Specyfikacje produktu<\/h2>\n<ul>\n<li><strong>Typ urz\u0105dzenia:<\/strong> Jednorazowy vape z mo\u017cliwo\u015bci\u0105 ponownego \u0142adowania<\/li>\n<li><strong>Pojemno\u015b\u0107 poci\u0105gu:<\/strong> Do 55 000 poci\u0105g\u00f3w<\/li>\n<li><strong>Moc nikotyny:<\/strong> 2% (20 mg\/ml)<\/li>\n<li><strong>Pojemno\u015b\u0107 e-liquidu:<\/strong> 42 ml wst\u0119pnie nape\u0142nione<\/li>\n<li><strong>Akumulator:<\/strong> 950 mAh, akumulator<\/li>\n<li><strong>Z\u0142\u0105cze \u0142adowania:<\/strong> USB typu C<\/li>\n<li><strong>System cewek:<\/strong> Cewka z podw\u00f3jn\u0105 siatk\u0105<\/li>\n<li><strong>Wy\u015bwietlacz:<\/strong> Inteligentny ekran LED (monitorowanie poziomu na\u0142adowania akumulatora i poziomu e-p\u0142ynu)<\/li>\n<li><strong>Liczba smak\u00f3w:<\/strong> 20 wyj\u0105tkowych opcji<\/li>\n<li><strong>Opakowanie:<\/strong> 10 sztuk w opakowaniu<\/li>\n<\/ul>\n<h2>Smaki<\/h2>\n<ol>\n<li>Truskawkowy l\u00f3d<\/li>\n<li>Cherry Cola<\/li>\n<li>Lody arbuzowe<\/li>\n<li>Niebieska wi\u015bnia<\/li>\n<li>Truskawka Kiwi<\/li>\n<li>Jagoda Malina Wi\u015bnia<\/li>\n<li>Truskawkowo-arbuzowy l\u00f3d<\/li>\n<li>Kiwi arbuz lody<\/li>\n<li>Mieszanka jag\u00f3d<\/li>\n<li>Soczyste brzoskwinie<\/li>\n<li>Lody jagodowe<\/li>\n<li>Jagoda Kwa\u015bna malina<\/li>\n<li>Bia\u0142a brzoskwinia Razz<\/li>\n<li>Mango Marakuja<\/li>\n<li>Brzoskwinia, mango, arbuz<\/li>\n<li>Arbuzowa guma balonowa<\/li>\n<li>Truskawkowo-bananowy<\/li>\n<li>Podw\u00f3jne jab\u0142ko<\/li>\n<li>Kiwi Passion Guava<\/li>\n<li>Wi\u015bnia jagodowa<\/li>\n<\/ol>\n<h2>JNR Rage Gorilla 55000 \u2013 cz\u0119sto zadawane pytania<\/h2>\n<p><strong>1. Ile poci\u0105g\u00f3w oferuje JNR Rage Gorilla 55000?<\/strong><\/p>\n<p>To urz\u0105dzenie zapewnia imponuj\u0105ce 55 000 zaci\u0105gni\u0119\u0107, co czyni je jednym z najtrwalszych jednorazowych vape'\u00f3w na rynku. Dzi\u0119ki pojemno\u015bci 42 ml wysokiej jako\u015bci e-liquidu u\u017cytkownicy mog\u0105 cieszy\u0107 si\u0119 d\u0142ugimi sesjami wapowania bez konieczno\u015bci cz\u0119stej wymiany, co zapewnia wyj\u0105tkow\u0105 warto\u015b\u0107 i wygod\u0119 dla codziennych u\u017cytkownik\u00f3w.<\/p>\n<p><strong>2. Jak\u0105 technologi\u0119 cewki wykorzystuje ten vape?<\/strong><\/p>\n<p>Urz\u0105dzenie jest wyposa\u017cone w zaawansowan\u0105 technologi\u0119 podw\u00f3jnej cewki siatkowej, kt\u00f3ra zapewnia p\u0142ynn\u0105 i aromatyczn\u0105 par\u0119 przy ka\u017cdym zaci\u0105gni\u0119ciu. Ta podw\u00f3jna konstrukcja siatkowa maksymalizuje kontakt z e-p\u0142ynem i wydajno\u015b\u0107 ogrzewania, zapewniaj\u0105c doskona\u0142\u0105 jako\u015b\u0107 smaku i wytwarzanie pary przez ca\u0142y okres u\u017cytkowania.<\/p>\n<p><strong>3. Czy JNR Rage Gorilla 55000 jest akumulatorem wielokrotnego \u0142adowania?<\/strong><\/p>\n<p>Tak, ten model jest w pe\u0142ni \u0142adowalny i wyposa\u017cony w wydajn\u0105 bateri\u0119 o pojemno\u015bci 950 mAh. Posiada praktyczn\u0105 technologi\u0119 szybkiego \u0142adowania typu C, kt\u00f3ra umo\u017cliwia u\u017cytkownikom szybkie \u0142adowanie przy minimalnym czasie przestoju. Konstrukcja z mo\u017cliwo\u015bci\u0105 \u0142adowania zapewnia, \u017ce mo\u017cna wykorzysta\u0107 ka\u017cd\u0105 kropl\u0119 z pojemno\u015bci 42 ml e-liquidu bez ogranicze\u0144 zwi\u0105zanych z bateri\u0105.<\/p>\n<p><strong>4. Jak\u0105 zawarto\u015b\u0107 nikotyny ma ten jednorazowy vape?<\/strong><\/p>\n<p>Produkt zawiera 2% nikotyny i zapewnia satysfakcjonuj\u0105ce, a jednocze\u015bnie \u0142agodne doznania podczas wapowania. Ten starannie skalibrowany poziom nikotyny r\u00f3wnowa\u017cy skuteczne uwalnianie nikotyny z jako\u015bci\u0105 smaku i sprawia, \u017ce produkt jest odpowiedni dla u\u017cytkownik\u00f3w preferuj\u0105cych umiarkowane st\u0119\u017cenie nikotyny, kt\u00f3re jest komfortowe podczas d\u0142ugich sesji wapowania.<\/p>\n<p><strong>5. Czy to urz\u0105dzenie posiada ekran wy\u015bwietlacza?<\/strong><\/p>\n<p>Tak, posiada inteligentny wy\u015bwietlacz, kt\u00f3ry pozwala u\u017cytkownikom \u0142atwo monitorowa\u0107 zar\u00f3wno czas pracy baterii, jak i pozosta\u0142\u0105 liczb\u0119 zaci\u0105gni\u0119\u0107. Ta praktyczna funkcja zapewnia lepsz\u0105 kontrol\u0119 nad do\u015bwiadczeniem zwi\u0105zanym z wapowaniem i gwarantuje, \u017ce zawsze wiesz, kiedy nadszed\u0142 czas, aby na\u0142adowa\u0107 lub wymieni\u0107 urz\u0105dzenie, eliminuj\u0105c w ten spos\u00f3b nieoczekiwane przerwy w dzia\u0142aniu.<\/p>\n<h2>Odkryj inne produkty JNR w Apex Vape<\/h2>\n<p>JNR Rage Gorilla 55000 to synonim innowacyjno\u015bci i najwy\u017cszej jako\u015bci. Interesuj\u0105 Ci\u0119 inne urz\u0105dzenia klasy premium? Zapraszamy do zapoznania si\u0119 z nasz\u0105 ofert\u0105. <strong><a href=\"https:\/\/apexvape.de\/pl\/\">Strona g\u0142\u00f3wna<\/a><\/strong> dzi\u0119ki naszemu bogatemu asortymentowi e-papieros\u00f3w i akcesori\u00f3w. W naszym specjalnym <strong><a href=\"https:\/\/apexvape.de\/pl\/product-category\/jnr-vape\/\">Kategoria JNR VAPE<\/a><\/strong> Przedstawiamy Pa\u0144stwu kompletn\u0105 gam\u0119 produkt\u00f3w popularnej serii JNR, obejmuj\u0105c\u0105 r\u00f3\u017cne modele, pojemno\u015bci i smaki. Przekonajcie si\u0119 Pa\u0144stwo sami o najwy\u017cszej jako\u015bci, niezawodnej obs\u0142udze i konkurencyjnych cenach zar\u00f3wno w przypadku zam\u00f3wie\u0144 pojedynczych, jak i hurtowych.<\/p>","protected":false},"excerpt":{"rendered":"<p>JNR Rage Gorilla 55000 to wysokiej jako\u015bci jednorazowy vape z imponuj\u0105c\u0105 liczb\u0105 55 000 zaci\u0105gni\u0119\u0107 i pojemno\u015bci\u0105 42 ml e-liquidu. Technologia Dual-Mesh-Coil zapewnia intensywny smak, a inteligentny wy\u015bwietlacz LED pokazuje poziom na\u0142adowania baterii i liczb\u0119 zaci\u0105gni\u0119\u0107. Dzi\u0119ki akumulatorowi o pojemno\u015bci 950 mAh i szybkiemu \u0142adowaniu typu C \u2013 idealny dla wymagaj\u0105cych u\u017cytkownik\u00f3w.<\/p>","protected":false},"featured_media":4852,"comment_status":"open","ping_status":"closed","template":"","meta":[],"product_brand":[],"product_cat":[77],"product_tag":[],"class_list":{"0":"post-4851","1":"product","2":"type-product","3":"status-publish","4":"has-post-thumbnail","6":"product_cat-jnr-vape","8":"first","9":"instock","10":"shipping-taxable","11":"purchasable","12":"product-type-variable"},"_links":{"self":[{"href":"https:\/\/apexvape.de\/pl\/wp-json\/wp\/v2\/product\/4851","targetHints":{"allow":["GET"]}}],"collection":[{"href":"https:\/\/apexvape.de\/pl\/wp-json\/wp\/v2\/product"}],"about":[{"href":"https:\/\/apexvape.de\/pl\/wp-json\/wp\/v2\/types\/product"}],"replies":[{"embeddable":true,"href":"https:\/\/apexvape.de\/pl\/wp-json\/wp\/v2\/comments?post=4851"}],"version-history":[{"count":0,"href":"https:\/\/apexvape.de\/pl\/wp-json\/wp\/v2\/product\/4851\/revisions"}],"wp:featuredmedia":[{"embeddable":true,"href":"https:\/\/apexvape.de\/pl\/wp-json\/wp\/v2\/media\/4852"}],"wp:attachment":[{"href":"https:\/\/apexvape.de\/pl\/wp-json\/wp\/v2\/media?parent=4851"}],"wp:term":[{"taxonomy":"product_brand","embeddable":true,"href":"https:\/\/apexvape.de\/pl\/wp-json\/wp\/v2\/product_brand?post=4851"},{"taxonomy":"product_cat","embeddable":true,"href":"https:\/\/apexvape.de\/pl\/wp-json\/wp\/v2\/product_cat?post=4851"},{"taxonomy":"product_tag","embeddable":true,"href":"https:\/\/apexvape.de\/pl\/wp-json\/wp\/v2\/product_tag?post=4851"}],"curies":[{"name":"wp","href":"https:\/\/api.w.org\/{rel}","templated":true}]}}