{"id":4825,"date":"2025-12-08T16:20:35","date_gmt":"2025-12-08T15:20:35","guid":{"rendered":"https:\/\/apexvape.de\/?post_type=product&#038;p=4825"},"modified":"2025-12-08T16:21:37","modified_gmt":"2025-12-08T15:21:37","slug":"jnr-fox-10000","status":"publish","type":"product","link":"https:\/\/apexvape.de\/pl\/product\/jnr-fox-10000\/","title":{"rendered":"JNR FOX 10000 zaci\u0105gni\u0119\u0107 Jednorazowy vape"},"content":{"rendered":"<h1>JNR FOX 10000 zaci\u0105gni\u0119\u0107 Pod Kit Original Refillable Vape Niska zawarto\u015b\u0107 nikotyny Sprzeda\u017c hurtowa<\/h1>\n<p>Zestaw JNR FOX 10000 Prefilled Pod Vape Kit z 20 mg zapewnia wysokiej jako\u015bci wra\u017cenia z wapowania dzi\u0119ki a\u017c 10 000 zaci\u0105gni\u0119\u0107 w eleganckiej, wielokrotnego \u0142adowania konstrukcji. Posiada wydajn\u0105 bateri\u0119 800 mAh i 2 ml wst\u0119pnie nape\u0142niony pojemnik oraz 10 ml butelk\u0119 do ponownego nape\u0142niania, kt\u00f3re zapewniaj\u0105 zar\u00f3wno wygod\u0119, jak i d\u0142ugotrwa\u0142e u\u017cytkowanie. Urz\u0105dzenie wykorzystuje technologi\u0119 cewki siatkowej, kt\u00f3ra zapewnia wzmocniony smak i r\u00f3wnomiern\u0105 produkcj\u0119 pary, uzupe\u0142nion\u0105 delikatn\u0105 zawarto\u015bci\u0105 nikotyny 2% (20 mg), kt\u00f3ra zapewnia satysfakcj\u0119 bez ostro\u015bci. Posiadaj\u0105cy certyfikat TPD potwierdzaj\u0105cy bezpiecze\u0144stwo i jako\u015b\u0107, JNR Fox 10000 jest przeznaczony dla u\u017cytkownik\u00f3w poszukuj\u0105cych d\u0142ugotrwa\u0142ej wydajno\u015bci w po\u0142\u0105czeniu z bogatym smakiem i \u0142atw\u0105 obs\u0142ug\u0105.<\/p>\n<h2>JNR FOX 10000 Poci\u0105gi Najwa\u017cniejsze cechy<\/h2>\n<p>JNR FOX 10000 zapewnia wyj\u0105tkowe doznania podczas wapowania, oferuj\u0105c do 10 000 zaci\u0105gni\u0119\u0107 w jednym zestawie, dzi\u0119ki czemu nie ma potrzeby ci\u0105g\u0142ego uzupe\u0142niania p\u0142ynu. Jego innowacyjna konstrukcja obejmuje wst\u0119pnie nape\u0142niony pojemnik o pojemno\u015bci 2 ml w po\u0142\u0105czeniu z butelk\u0105 do automatycznego uzupe\u0142niania o pojemno\u015bci 10 ml, co zapewnia ci\u0105g\u0142e wapowanie przy minimalnym wysi\u0142ku, a jednocze\u015bnie maksymalny komfort podczas d\u0142ugotrwa\u0142ego u\u017cytkowania.<\/p>\n<p>Urz\u0105dzenie, zaprojektowane z my\u015bl\u0105 o sta\u0142ej wydajno\u015bci, wykorzystuje cewk\u0119 siatkow\u0105 (\u22481,1 \u03a9), kt\u00f3ra gwarantuje r\u00f3wnomierne rozprowadzanie ciep\u0142a oraz bogaty, jednolity smak od pierwszego do ostatniego zaci\u0105gni\u0119cia. Akumulator 800 mAh z \u0142adowaniem typu C zapewnia niezawodn\u0105 energi\u0119 przez ca\u0142y dzie\u0144, a szybkie \u0142adowanie minimalizuje czas przestoju, dzi\u0119ki czemu mo\u017cna cieszy\u0107 si\u0119 nieprzerwanymi sesjami.<\/p>\n<p>Opr\u00f3cz funkcjonalno\u015bci, JNR FOX dodaje atrakcyjno\u015bci wizualnej dzi\u0119ki kolorowemu \u015bwiat\u0142u oddechu, kt\u00f3re dynamicznie \u015bwieci przy ka\u017cdym zaci\u0105gni\u0119ciu si\u0119, tworz\u0105c stylowe i przyjemne doznania podczas wapowania. Formu\u0142a soli nikotynowej 2% zapewnia idealn\u0105 r\u00f3wnowag\u0119 i oferuje \u0142agodne, ale satysfakcjonuj\u0105ce uczucie w gardle, idealne dla u\u017cytkownik\u00f3w poszukuj\u0105cych \u0142agodnej do umiarkowanej mocy nikotyny bez ostro\u015bci.<\/p>\n<p>Bezpiecze\u0144stwo i jako\u015b\u0107 s\u0105 najwa\u017cniejsze, poniewa\u017c JNR FOX 10000 posiada certyfikat TPD i jest w pe\u0142ni zgodny z przepisami UE dotycz\u0105cymi vaping\u00f3w. Certyfikat ten gwarantuje, \u017ce ka\u017cdy aspekt urz\u0105dzenia spe\u0142nia surowe normy europejskie i zapewnia u\u017cytkownikom bezpiecze\u0144stwo podczas korzystania z wysokiej jako\u015bci, niezawodnego i zgodnego z prawem produktu do vaping\u00f3w.<\/p>\n<h2>Specyfikacje produktu<\/h2>\n<ul>\n<li><strong>Poci\u0105gi:<\/strong> Do 10 000<\/li>\n<li><strong>Moc nikotyny:<\/strong> 2%<\/li>\n<li><strong>Cewka:<\/strong> Cewka siatkowa<\/li>\n<li><strong>Akumulator:<\/strong> 800 mAh, akumulator<\/li>\n<li><strong>Pojemno\u015b\u0107 e-liquidu:<\/strong> 10 ml (mo\u017cliwo\u015b\u0107 ponownego nape\u0142nienia)<\/li>\n<li><strong>\u0141adunek:<\/strong> Szybkie \u0142adowanie USB typu C<\/li>\n<li><strong>O\u015bwietlenie LED:<\/strong> Dynamiczny kolorowy wy\u015bwietlacz LED<\/li>\n<li><strong>Zgodno\u015b\u0107:<\/strong> Certyfikat TPD<\/li>\n<\/ul>\n<h2>Smaki<\/h2>\n<ol>\n<li>Lody jagodowe<\/li>\n<li>Truskawkowy l\u00f3d<\/li>\n<li>Lody arbuzowe<\/li>\n<li>Truskawka Kiwi<\/li>\n<li>Niebieska wi\u015bnia<\/li>\n<li>Niebieski Razz Ice<\/li>\n<li>Jagoda Malina Wi\u015bnia<\/li>\n<li>Wi\u015bnia jagodowa<\/li>\n<li>Fizzy Cherry Cola<\/li>\n<li>Lody winogronowe<\/li>\n<li>Kiwi Marakuja Guawa<\/li>\n<li>Mieszanka jag\u00f3d<\/li>\n<li>Brzoskwinia i jagoda<\/li>\n<li>Truskawkowo-bananowy<\/li>\n<li>Arbuzowa guma balonowa<\/li>\n<\/ol>\n<h2>Cz\u0119sto zadawane pytania \u2013 JNR FOX 10000 poci\u0105gi<\/h2>\n<p><strong>1. Ile ruch\u00f3w oferuje to urz\u0105dzenie?<\/strong><\/p>\n<p>JNR FOX 10000 zapewnia do 10 000 zaci\u0105gni\u0119\u0107 na zestaw i oferuje d\u0142ugotrwa\u0142\u0105 przyjemno\u015b\u0107 bez konieczno\u015bci ci\u0105g\u0142ego uzupe\u0142niania. Jego innowacyjny, wst\u0119pnie nape\u0142niony pojemnik o pojemno\u015bci 2 ml w po\u0142\u0105czeniu z 10-mililitrow\u0105 butelk\u0105 do automatycznego uzupe\u0142niania zapewnia ci\u0105g\u0142e wapowanie przy minimalnym wysi\u0142ku, dzi\u0119ki czemu idealnie nadaje si\u0119 do d\u0142ugotrwa\u0142ego u\u017cytkowania.<\/p>\n<p><strong>2. Jakie jest st\u0119\u017cenie nikotyny w tym vape?<\/strong><\/p>\n<p>Urz\u0105dzenie to zawiera 2% soli nikotynowej, kt\u00f3ra zapewnia \u0142agodne, ale satysfakcjonuj\u0105ce uczucie w gardle. Ta \u0142agodna do umiarkowanej moc nikotyny jest idealna dla u\u017cytkownik\u00f3w, kt\u00f3rzy poszukuj\u0105 zr\u00f3wnowa\u017conego doznania podczas wapowania bez ostro\u015bci i zapewnia sta\u0142\u0105 satysfakcj\u0119 przy ka\u017cdym zaci\u0105gni\u0119ciu.<\/p>\n<p><strong>3. Czy to urz\u0105dzenie jest \u0142adowalne i jak d\u0142ugo trwa \u0142adowanie?<\/strong><\/p>\n<p>Tak, jest wyposa\u017cony w akumulator o pojemno\u015bci 800 mAh i z\u0142\u0105cze \u0142adowania typu C. Z\u0142\u0105cze typu C zapewnia szybkie \u0142adowanie przy minimalnym czasie przestoju i niezawodne zasilanie przez ca\u0142y dzie\u0144, dzi\u0119ki czemu mo\u017cesz cieszy\u0107 si\u0119 nieprzerwanymi sesjami wapowania w dowolnym momencie.<\/p>\n<p><strong>4. Co sprawia, \u017ce jako\u015b\u0107 smaku jest tak sta\u0142a?<\/strong><\/p>\n<p>Urz\u0105dzenie wykorzystuje wysokiej jako\u015bci cewk\u0119 siatkow\u0105 (\u22481,1 \u03a9), kt\u00f3ra zapewnia r\u00f3wnomierne rozprowadzanie ciep\u0142a na ca\u0142ej powierzchni cewki. Ta zaawansowana technologia zapewnia bogaty, jednolity smak od pierwszego do ostatniego zaci\u0105gni\u0119cia si\u0119 i utrzymuje sta\u0142\u0105 jako\u015b\u0107 smaku przez ca\u0142y okres eksploatacji wynosz\u0105cy 10 000 zaci\u0105gni\u0119\u0107.<\/p>\n<p><strong>5. Czy ten vape jest legalny i bezpieczny w u\u017cyciu w Europie?<\/strong><\/p>\n<p>Oczywi\u015bcie. Urz\u0105dzenie posiada certyfikat TPD (Tobacco Products Directive) i jest w pe\u0142ni zgodne ze wszystkimi przepisami UE dotycz\u0105cymi produkt\u00f3w do wapowania. Certyfikat ten gwarantuje, \u017ce ka\u017cdy aspekt produktu spe\u0142nia surowe europejskie normy bezpiecze\u0144stwa i jako\u015bci, zapewniaj\u0105c u\u017cytkownikom pe\u0142ne bezpiecze\u0144stwo podczas korzystania z wysokiej jako\u015bci produktu do wapowania, zgodnego z przepisami prawa.<\/p>\n<h2>Odkryj wi\u0119cej produkt\u00f3w premium do wapowania<\/h2>\n<p>Odwied\u017a nasz\u0105 stron\u0119 internetow\u0105 <strong><a href=\"https:\/\/apexvape.de\/pl\/\">Strona g\u0142\u00f3wna<\/a><\/strong> i odkryj pe\u0142n\u0105 ofert\u0119 wysokiej jako\u015bci e-papieros\u00f3w i produkt\u00f3w do wapowania dla ka\u017cdego gustu. JNR FOX 10000 to tylko jedno z wielu doskona\u0142ych urz\u0105dze\u0144 w naszej ofercie. Zapoznaj si\u0119 z innymi innowacyjnymi modelami i szerok\u0105 gam\u0105 smak\u00f3w w naszym <strong><a href=\"https:\/\/apexvape.de\/pl\/product-category\/jnr-vape\/\">Kategoria JNR VAPE<\/a><\/strong>, gdzie znajdziesz najnowsze produkty marki JNR. Skorzystaj z szybkiej wysy\u0142ki, kompetentnego doradztwa i atrakcyjnych cen hurtowych, aby zaspokoi\u0107 swoje potrzeby zwi\u0105zane z vapowaniem.<\/p>","protected":false},"excerpt":{"rendered":"<div data-test-render-count=\"1\">\n<div class=\"group relative pb-3\" data-is-streaming=\"false\">\n<div class=\"font-claude-response relative leading-[1.65rem] [&amp;_pre&gt;div]:bg-bg-000\/50 [&amp;_pre&gt;div]:border-0.5 [&amp;_pre&gt;div]:border-border-400 [&amp;_.ignore-pre-bg&gt;div]:bg-transparent [&amp;_.standard-markdown_:is(p,blockquote,h1,h2,h3,h4,h5,h6)]:pl-2 [&amp;_.standard-markdown_:is(p,blockquote,ul,ol,h1,h2,h3,h4,h5,h6)]:pr-8 [&amp;_.progressive-markdown_:is(p,blockquote,h1,h2,h3,h4,h5,h6)]:pl-2 [&amp;_.progressive-markdown_:is(p,blockquote,ul,ol,h1,h2,h3,h4,h5,h6)]:pr-8\">\n<div class=\"standard-markdown grid-cols-1 grid gap-4 [&amp;_&gt;_*]:min-w-0 standard-markdown\">\n<p class=\"font-claude-response-body break-words whitespace-normal \">Das JNR FOX 10000 Z\u00fcge Pod Kit bietet au\u00dfergew\u00f6hnliche Leistung mit 10.000 Z\u00fcgen, 800mAh wiederaufladbarem Akku und Mesh-Coil Technologie f\u00fcr intensiven Geschmack. Mit 2ml vorbef\u00fclltem Pod, 10ml Nachf\u00fcllflasche und 2% Nikotinsalz genie\u00dfen Sie langanhaltenden Dampfgenuss. TPD-zertifiziert \u2013 ideal f\u00fcr Gro\u00dfhandel.<\/p>\n<\/div>\n<\/div>\n<div class=\"absolute bottom-0 right-2 pointer-events-none\">\n<div class=\"rounded-lg transition min-w-max pointer-events-auto translate-x-2 translate-y-full pt-2\">\n<div class=\"text-text-300 flex items-stretch justify-between\">\n<div class=\"w-fit\" data-state=\"closed\">\n<div class=\"relative\">\n<div class=\"flex items-center justify-center transition-all opacity-100 scale-100\"><\/div>\n<div class=\"flex items-center justify-center absolute top-0 left-0 transition-all opacity-0 scale-50\"><\/div>\n<\/div>\n<\/div>\n<div class=\"w-fit\" data-state=\"closed\">\n<div class=\"flex items-center justify-center text-text-500 group-hover\/btn:text-text-100\"><\/div>\n<\/div>\n<div class=\"w-fit\" data-state=\"closed\">\n<div class=\"flex items-center justify-center text-text-500 group-hover\/btn:text-text-100\"><\/div>\n<\/div>\n<div class=\"flex items-center\">\n<div class=\"w-fit\" data-state=\"closed\">\n<div class=\"flex items-center justify-center text-text-500 group-hover\/btn:text-text-100\"><\/div>\n<\/div>\n<\/div>\n<\/div>\n<\/div>\n<\/div>\n<\/div>\n<\/div>\n<div class=\"h-px w-full pointer-events-none\" aria-hidden=\"true\"><\/div>\n","protected":false},"featured_media":4826,"comment_status":"open","ping_status":"closed","template":"","meta":[],"product_brand":[],"product_cat":[77],"product_tag":[],"class_list":{"0":"post-4825","1":"product","2":"type-product","3":"status-publish","4":"has-post-thumbnail","6":"product_cat-jnr-vape","8":"first","9":"instock","10":"shipping-taxable","11":"purchasable","12":"product-type-variable"},"_links":{"self":[{"href":"https:\/\/apexvape.de\/pl\/wp-json\/wp\/v2\/product\/4825","targetHints":{"allow":["GET"]}}],"collection":[{"href":"https:\/\/apexvape.de\/pl\/wp-json\/wp\/v2\/product"}],"about":[{"href":"https:\/\/apexvape.de\/pl\/wp-json\/wp\/v2\/types\/product"}],"replies":[{"embeddable":true,"href":"https:\/\/apexvape.de\/pl\/wp-json\/wp\/v2\/comments?post=4825"}],"version-history":[{"count":0,"href":"https:\/\/apexvape.de\/pl\/wp-json\/wp\/v2\/product\/4825\/revisions"}],"wp:featuredmedia":[{"embeddable":true,"href":"https:\/\/apexvape.de\/pl\/wp-json\/wp\/v2\/media\/4826"}],"wp:attachment":[{"href":"https:\/\/apexvape.de\/pl\/wp-json\/wp\/v2\/media?parent=4825"}],"wp:term":[{"taxonomy":"product_brand","embeddable":true,"href":"https:\/\/apexvape.de\/pl\/wp-json\/wp\/v2\/product_brand?post=4825"},{"taxonomy":"product_cat","embeddable":true,"href":"https:\/\/apexvape.de\/pl\/wp-json\/wp\/v2\/product_cat?post=4825"},{"taxonomy":"product_tag","embeddable":true,"href":"https:\/\/apexvape.de\/pl\/wp-json\/wp\/v2\/product_tag?post=4825"}],"curies":[{"name":"wp","href":"https:\/\/api.w.org\/{rel}","templated":true}]}}