{"id":4750,"date":"2025-12-05T17:04:09","date_gmt":"2025-12-05T16:04:09","guid":{"rendered":"https:\/\/apexvape.de\/?post_type=product&#038;p=4750"},"modified":"2025-12-08T15:18:04","modified_gmt":"2025-12-08T14:18:04","slug":"jnr-falcon-pro-28000","status":"publish","type":"product","link":"https:\/\/apexvape.de\/pl\/product\/jnr-falcon-pro-28000\/","title":{"rendered":"JNR Falcon Pro 28000 zaci\u0105gni\u0119\u0107 Jednorazowy vape"},"content":{"rendered":"<h1>Jednorazowy e-papieros JNR Falcon Pro 28000 | Wysoka wydajno\u015b\u0107 i autentyczny smak<\/h1>\n<p>JNR Falcon Pro 28000 Puffs to oryginalny flagowy model, zaprojektowany z my\u015bl\u0105 o p\u0142ynnej, aromatycznej i d\u0142ugotrwa\u0142ej przyjemno\u015bci z vapowania. Dzi\u0119ki imponuj\u0105cej pojemno\u015bci do 28 000 zaci\u0105gni\u0119\u0107 to wydajne urz\u0105dzenie jest idealne dla u\u017cytkownik\u00f3w, kt\u00f3rzy ceni\u0105 sobie wytrzyma\u0142o\u015b\u0107, jako\u015b\u0107 i styl w eleganckim urz\u0105dzeniu. Wyposa\u017cony w 30 ml wysokiej jako\u015bci e-liquidu i 2 % nikotyny, Falcon Pro zapewnia sta\u0142e i satysfakcjonuj\u0105ce uderzenie w gard\u0142o.<\/p>\n<p>Urz\u0105dzenie jest wyposa\u017cone w system podw\u00f3jnej cewki siatkowej, kt\u00f3ry optymalizuje produkcj\u0119 pary i czysto\u015b\u0107 smaku, sprawiaj\u0105c, \u017ce ka\u017cde zaci\u0105gni\u0119cie si\u0119 jest tak samo intensywne i p\u0142ynne jak pierwsze. Zaawansowana technologia cewki p\u0142ynnie wsp\u00f3\u0142pracuje z du\u017c\u0105 pojemno\u015bci\u0105 e-liquidu, zapewniaj\u0105c wyj\u0105tkow\u0105 wydajno\u015b\u0107 przez ca\u0142y okres eksploatacji urz\u0105dzenia.<\/p>\n<p>Nap\u0119dzany niezawodn\u0105 bateri\u0105 950 mAh z funkcj\u0105 \u0142adowania, ten vape zapewnia imponuj\u0105c\u0105 \u017cywotno\u015b\u0107 na jednym \u0142adowaniu i obs\u0142uguje szybkie \u0142adowanie typu C, co minimalizuje przestoje. Cyfrowy wy\u015bwietlacz LED informuje w czasie rzeczywistym o stanie baterii i e-liquidu, zapewniaj\u0105c bezpiecze\u0144stwo i kontrol\u0119 podczas ka\u017cdej sesji, dzi\u0119ki czemu nigdy nie spotka Ci\u0119 \u017cadna niespodzianka.<\/p>\n<p>Dzi\u0119ki 20 wyj\u0105tkowym smakom, JNR Falcon Pro 28000 Puffs zosta\u0142 stworzony, aby zaspokoi\u0107 najr\u00f3\u017cniejsze preferencje smakowe \u2013 niezale\u017cnie od tego, czy szukasz czego\u015b owocowego, lodowego czy mocnego. Ten szeroki wyb\u00f3r smak\u00f3w gwarantuje, \u017ce ka\u017cdy u\u017cytkownik znajdzie co\u015b dla siebie, co sprawia, \u017ce jest to wszechstronny wyb\u00f3r zar\u00f3wno dla pocz\u0105tkuj\u0105cych, jak i do\u015bwiadczonych entuzjast\u00f3w.<\/p>\n<h2>Dane techniczne:<\/h2>\n<ul>\n<li><strong>E-liquid:<\/strong> 30 ml<\/li>\n<li><strong>Pojemno\u015b\u0107 akumulatora:<\/strong> 950 mAh<\/li>\n<li><strong>Maksymalna liczba ruch\u00f3w:<\/strong> 28 000 zaci\u0105gni\u0119\u0107<\/li>\n<li><strong>Moc nikotyny:<\/strong> 2 % (20 mg)<\/li>\n<li><strong>Cewka:<\/strong> Podw\u00f3jne cewki siatkowe 1,0 \u03a9 zapewniaj\u0105ce p\u0142ynne i smaczne zaci\u0105gni\u0119cia<\/li>\n<li><strong>Inteligentny wy\u015bwietlacz:<\/strong> Wy\u015bwietlacz cyfrowy<\/li>\n<li><strong>Technologia Dual Mesh Coil<\/strong><\/li>\n<li><strong>Do\u0142adowanie:<\/strong> USB typu C<\/li>\n<li><strong>Vaping MTL<\/strong> (ustno-p\u0142ucny)<\/li>\n<\/ul>\n<h2>Smaki:<\/h2>\n<ol>\n<li>Strawberry Ice (lody truskawkowe)<\/li>\n<li>Cherry Cola (cola wi\u015bniowa)<\/li>\n<li>Watermelon Ice (lody arbuzowe)<\/li>\n<li>Blue Razz Cherry (niebieska malina-wi\u015bnia)<\/li>\n<li>Truskawka-kiwi (truskawka-kiwi)<\/li>\n<li>Blueberry Raspberry Cherry (jagoda-malina-wi\u015bnia)<\/li>\n<li>Strawberry Watermelon Ice (lody truskawkowe z arbuzem)<\/li>\n<li>Kiwi Watermelon Ice (lody kiwi-arbuz)<\/li>\n<li>Mieszanka jag\u00f3d (Mixed Berries)<\/li>\n<li>Juicy Peaches (Soczyste brzoskwinie)<\/li>\n<li>Blueberry Ice (lody jagodowe)<\/li>\n<li>Blueberry Sour Raspberry (jagoda-kwa\u015bna malina)<\/li>\n<li>White Peach Razz (bia\u0142a brzoskwinia i malina)<\/li>\n<li>Mango Passion Fruit (mango i marakuja)<\/li>\n<li>Peach Mango Watermelon (brzoskwinia, mango, arbuz)<\/li>\n<li>Watermelon Bubblegum (guma balonowa o smaku arbuza)<\/li>\n<li>Truskawkowo-bananowy<\/li>\n<li>Double Apple (Podw\u00f3jne jab\u0142ko)<\/li>\n<li>Kiwi Passion Guava (kiwi, marakuja, guawa)<\/li>\n<li>Cherry Berry (wi\u015bnia i jagody)<\/li>\n<\/ol>\n<h2>Cz\u0119sto zadawane pytania \u2013 JNR Falcon Pro 28000 zaci\u0105gni\u0119\u0107<\/h2>\n<p><strong>1. Ile poci\u0105g\u00f3w oferuje JNR Falcon Pro 28000?<\/strong><\/p>\n<p>To urz\u0105dzenie zapewnia do 28 000 zaci\u0105gni\u0119\u0107, co czyni je jednym z najtrwalszych jednorazowych e-papieros\u00f3w na rynku. Ogromna pojemno\u015b\u0107 jest idealna dla u\u017cytkownik\u00f3w, kt\u00f3rzy szukaj\u0105 wytrzyma\u0142o\u015bci i warto\u015bci bez konieczno\u015bci cz\u0119stej wymiany.<\/p>\n<p><strong>2. Jaka jest pojemno\u015b\u0107 e-liquidu i jakie jest st\u0119\u017cenie nikotyny w urz\u0105dzeniu?<\/strong><\/p>\n<p>Urz\u0105dzenie jest fabrycznie nape\u0142nione 30 ml p\u0142ynu Premium E-Liquid o st\u0119\u017ceniu nikotyny 2 % (20 mg\/ml). Du\u017ca pojemno\u015b\u0107 w po\u0142\u0105czeniu z optymalnym st\u0119\u017ceniem nikotyny zapewnia sta\u0142e i satysfakcjonuj\u0105ce uczucie w gardle przez ca\u0142y okres u\u017cytkowania.<\/p>\n<p><strong>3. Jakiego systemu cewek u\u017cywa JNR Falcon Pro 28000?<\/strong><\/p>\n<p>Posiada zaawansowany system podw\u00f3jnej cewki siatkowej, kt\u00f3ry optymalizuje zar\u00f3wno produkcj\u0119 pary, jak i czysto\u015b\u0107 smaku. Technologia ta zapewnia, \u017ce ka\u017cde zaci\u0105gni\u0119cie si\u0119 jest tak samo intensywne i p\u0142ynne jak pierwsze i zapewnia wyj\u0105tkow\u0105 wydajno\u015b\u0107 od pocz\u0105tku do ko\u0144ca.<\/p>\n<p><strong>4. Jak d\u0142ugo wystarcza bateria i jakie s\u0105 opcje \u0142adowania?<\/strong><\/p>\n<p>Urz\u0105dzenie jest zasilane niezawodn\u0105 bateri\u0105 950 mAh z funkcj\u0105 \u0142adowania, kt\u00f3ra zapewnia imponuj\u0105c\u0105 \u017cywotno\u015b\u0107 na jednym \u0142adowaniu. Obs\u0142uguje szybkie \u0142adowanie typu C, co minimalizuje przestoje, a cyfrowy wy\u015bwietlacz LED pokazuje stan baterii w czasie rzeczywistym, dzi\u0119ki czemu zawsze jeste\u015b na bie\u017c\u0105co.<\/p>\n<p><strong>5. Ile smak\u00f3w jest dost\u0119pnych dla JNR Falcon Pro 28000?<\/strong><\/p>\n<p>Dost\u0119pnych jest 20 wyj\u0105tkowych smak\u00f3w, kt\u00f3re zaspokoj\u0105 najr\u00f3\u017cniejsze preferencje smakowe. Niezale\u017cnie od tego, czy szukasz czego\u015b owocowego, lodowego czy mocnego \u2013 ten szeroki wyb\u00f3r smak\u00f3w sprawia, \u017ce ka\u017cdy u\u017cytkownik e-papieros\u00f3w, od pocz\u0105tkuj\u0105cych po do\u015bwiadczonych entuzjast\u00f3w, znajdzie co\u015b dla siebie.<\/p>\n<h2>O Apex Vape<\/h2>\n<p>Odkryj JNR Falcon Pro 28000 i inne produkty premium na stronie <strong><a href=\"https:\/\/apexvape.de\/pl\/\">Apex Vape<\/a><\/strong> \u2013 Tw\u00f3j zaufany sklep internetowy z wysokiej jako\u015bci e-papierosami i akcesoriami do wapowania w Niemczech. Je\u015bli szukasz innowacyjnych jednorazowych e-papieros\u00f3w o doskona\u0142ej wydajno\u015bci, odwied\u017a nasz\u0105 stron\u0119 internetow\u0105. <strong><a href=\"https:\/\/apexvape.de\/pl\/product-category\/jnr-vape\/\">Kategoria JNR VAPE<\/a><\/strong> i znajd\u017a urz\u0105dzenie idealnie dopasowane do swoich indywidualnych potrzeb. W Apex Vape oferujemy szeroki wyb\u00f3r najwy\u017cszej jako\u015bci produkt\u00f3w do wapowania, szybk\u0105 wysy\u0142k\u0119 i doskona\u0142\u0105 obs\u0142ug\u0119 klienta, aby zapewni\u0107 Ci pe\u0142n\u0105 satysfakcj\u0119 z zakup\u00f3w.<\/p>","protected":false},"excerpt":{"rendered":"<p class=\"font-claude-response-body break-words whitespace-normal\">JNR Falcon Pro 28000 Puffs \u0142\u0105czy w sobie wydajno\u015b\u0107 i elegancj\u0119. Dzi\u0119ki 30 ml e-liquidu, podw\u00f3jnej cewce siatkowej i akumulatorowi 950 mAh zapewnia 28 000 intensywnych zaci\u0105gni\u0119\u0107. Inteligentny wy\u015bwietlacz LED pokazuje poziom na\u0142adowania akumulatora i poziom p\u0142ynu, a szybkie \u0142adowanie typu C zapewnia kr\u00f3tki czas \u0142adowania. 20 premium aromat\u00f3w z nikotyn\u0105 2% \u2013 jako\u015b\u0107 spotyka si\u0119 z wytrzyma\u0142o\u015bci\u0105.<\/p>","protected":false},"featured_media":4751,"comment_status":"open","ping_status":"closed","template":"","meta":[],"product_brand":[],"product_cat":[77],"product_tag":[],"class_list":{"0":"post-4750","1":"product","2":"type-product","3":"status-publish","4":"has-post-thumbnail","6":"product_cat-jnr-vape","8":"first","9":"instock","10":"shipping-taxable","11":"purchasable","12":"product-type-variable"},"_links":{"self":[{"href":"https:\/\/apexvape.de\/pl\/wp-json\/wp\/v2\/product\/4750","targetHints":{"allow":["GET"]}}],"collection":[{"href":"https:\/\/apexvape.de\/pl\/wp-json\/wp\/v2\/product"}],"about":[{"href":"https:\/\/apexvape.de\/pl\/wp-json\/wp\/v2\/types\/product"}],"replies":[{"embeddable":true,"href":"https:\/\/apexvape.de\/pl\/wp-json\/wp\/v2\/comments?post=4750"}],"version-history":[{"count":0,"href":"https:\/\/apexvape.de\/pl\/wp-json\/wp\/v2\/product\/4750\/revisions"}],"wp:featuredmedia":[{"embeddable":true,"href":"https:\/\/apexvape.de\/pl\/wp-json\/wp\/v2\/media\/4751"}],"wp:attachment":[{"href":"https:\/\/apexvape.de\/pl\/wp-json\/wp\/v2\/media?parent=4750"}],"wp:term":[{"taxonomy":"product_brand","embeddable":true,"href":"https:\/\/apexvape.de\/pl\/wp-json\/wp\/v2\/product_brand?post=4750"},{"taxonomy":"product_cat","embeddable":true,"href":"https:\/\/apexvape.de\/pl\/wp-json\/wp\/v2\/product_cat?post=4750"},{"taxonomy":"product_tag","embeddable":true,"href":"https:\/\/apexvape.de\/pl\/wp-json\/wp\/v2\/product_tag?post=4750"}],"curies":[{"name":"wp","href":"https:\/\/api.w.org\/{rel}","templated":true}]}}