{"id":4662,"date":"2025-12-05T16:40:01","date_gmt":"2025-12-05T15:40:01","guid":{"rendered":"https:\/\/apexvape.de\/?post_type=product&#038;p=4662"},"modified":"2025-12-05T16:47:42","modified_gmt":"2025-12-05T15:47:42","slug":"jnr-tank-pro-33000","status":"publish","type":"product","link":"https:\/\/apexvape.de\/pl\/product\/jnr-tank-pro-33000\/","title":{"rendered":"JNR Tank Pro 33000 zaci\u0105gni\u0119\u0107 Jednorazowy vape"},"content":{"rendered":"<h1>JNR Tank Pro 33000 33K zaci\u0105gni\u0119\u0107 E-papieros jednorazowy 2% Nikotyna 15 smak\u00f3w Cyfrowy wy\u015bwietlacz LED Bezpo\u015brednio od producenta<\/h1>\n<p>Jednorazowy vape JNR Tank Pro 33000 33K zapewnia wysok\u0105 wydajno\u015b\u0107, oferuj\u0105c do 33 000 zaci\u0105gni\u0119\u0107 i pojemno\u015b\u0107 28 ml e-liquidu. Wyposa\u017cony w niezawodn\u0105 bateri\u0119 850 mAh, podw\u00f3jn\u0105 cewk\u0119 siatkow\u0105 i czytelny wy\u015bwietlacz cyfrowy, zapewnia doskona\u0142y smak, delikatn\u0105 par\u0119 i praktyczne szybkie \u0142adowanie typu C. Dost\u0119pny w 15 pysznych smakach o mocy nikotyny 2% \u2013 idealny dla u\u017cytkownik\u00f3w poszukuj\u0105cych d\u0142ugotrwa\u0142ej przyjemno\u015bci i \u0142atwej obs\u0142ugi.<\/p>\n<h2>JNR Tank Pro 33000 zaci\u0105gni\u0119\u0107 Najwa\u017cniejsze cechy produktu<\/h2>\n<p>JNR Tank Pro 33000 to jednorazowy e-papieros o du\u017cej pojemno\u015bci, zapewniaj\u0105cy d\u0142ugotrwa\u0142e u\u017cytkowanie i imponuj\u0105c\u0105 liczb\u0119 33 000 zaci\u0105gni\u0119\u0107 przy minimalnej potrzebie uzupe\u0142niania. Du\u017ca pojemno\u015b\u0107 28 ml e-liquidu gwarantuje d\u0142ugotrwa\u0142\u0105 przyjemno\u015b\u0107 z wapowania, a zawarto\u015b\u0107 nikotyny 2% zapewnia \u0142agodne i zr\u00f3wnowa\u017cone uderzenie w gard\u0142o, kt\u00f3re zadowoli bez nadmiernego obci\u0105\u017cenia. Urz\u0105dzenie zosta\u0142o zaprojektowane z my\u015bl\u0105 o niezawodno\u015bci i komforcie i stanowi doskona\u0142y wyb\u00f3r dla wapuj\u0105cych, kt\u00f3rzy ceni\u0105 sobie zar\u00f3wno wydajno\u015b\u0107, jak i \u0142atwo\u015b\u0107 obs\u0142ugi.<\/p>\n<p>Sercem Tank Pro 33000 jest system Dual Mesh Coil, kt\u00f3ry zapewnia doskona\u0142y smak i g\u0119st\u0105 par\u0119, unikaj\u0105c jednocze\u015bnie posmaku kokalu, kt\u00f3ry cz\u0119sto wyst\u0119puje w urz\u0105dzeniach ni\u017cszej jako\u015bci. Akumulator o pojemno\u015bci 850 mAh zapewnia sta\u0142\u0105, niezawodn\u0105 wydajno\u015b\u0107 przez ca\u0142y dzie\u0144, a innowacyjny tryb Boost oferuje regulowane opcje mocy z ustawieniami 15 W i 20 W, dzi\u0119ki czemu u\u017cytkownicy mog\u0105 dostosowa\u0107 doznania zwi\u0105zane z wapowaniem do swoich osobistych preferencji. Po\u0142\u0105czenie zaawansowanej technologii cewki i regulowanej mocy sprawia, \u017ce ka\u017cde zaci\u0105gni\u0119cie si\u0119 jest satysfakcjonuj\u0105ce.<\/p>\n<p>Urz\u0105dzenie posiada przyjazny dla u\u017cytkownika wy\u015bwietlacz cyfrowy, kt\u00f3ry u\u0142atwia monitorowanie poziomu na\u0142adowania baterii i zu\u017cycia, zapewniaj\u0105c informacje na pierwszy rzut oka. Kiedy nadchodzi czas \u0142adowania, z\u0142\u0105cze szybkiego \u0142adowania typu C zapewnia wygodne i szybkie zasilanie, minimalizuj\u0105c przestoje i pozwalaj\u0105c na d\u0142ugie u\u017cytkowanie bez przerw. Te nowoczesne funkcje poprawiaj\u0105 og\u00f3lne wra\u017cenia u\u017cytkownika i wyr\u00f3\u017cniaj\u0105 Tank Pro 33000 spo\u015br\u00f3d tradycyjnych jednorazowych vape'\u00f3w.<\/p>\n<p>Dzi\u0119ki 15 r\u00f3\u017cnorodnym opcjom smakowym JNR Tank Pro 33000 zaspokoi ka\u017cdy gust \u2013 od klasycznego tytoniu i orze\u017awiaj\u0105cego mentolu po owocowe mieszanki i inspirowane deserami kompozycje. Tak szeroki wyb\u00f3r gwarantuje, \u017ce ka\u017cdy u\u017cytkownik znajdzie co\u015b dla siebie, niezale\u017cnie od tego, czy preferuje mocne, intensywne aromaty, czy delikatne, subtelne nuty. Po\u0142\u0105czenie wyj\u0105tkowej pojemno\u015bci, zaawansowanej technologii i r\u00f3\u017cnorodno\u015bci smak\u00f3w sprawia, \u017ce Tank Pro 33000 jest najlepszym wyborem dla wymagaj\u0105cych u\u017cytkownik\u00f3w, kt\u00f3rzy poszukuj\u0105 jako\u015bci i komfortu.<\/p>\n<h2>Dane techniczne<\/h2>\n<ul>\n<li><strong>Liczba poci\u0105g\u00f3w:<\/strong> 33 000 poci\u0105g\u00f3w<\/li>\n<li><strong>Pojemno\u015b\u0107 e-liquidu:<\/strong> 28 ml wst\u0119pnie nape\u0142nione<\/li>\n<li><strong>Akumulator:<\/strong> 850 mAh, akumulator wielokrotnego \u0142adowania<\/li>\n<li><strong>Do\u0142adowanie:<\/strong> USB typu C<\/li>\n<li><strong>Technologia cewek:<\/strong> Podw\u00f3jna\/potr\u00f3jna cewka siatkowa<\/li>\n<li><strong>Moc:<\/strong> 15 W\u201320 W z mo\u017cliwo\u015bci\u0105 regulacji<\/li>\n<li><strong>Wy\u015bwietlacz:<\/strong> Ekran cyfrowy (akumulator\/e-liquid)<\/li>\n<li><strong>Moc nikotyny:<\/strong> 2% (20 mg\/ml)<\/li>\n<\/ul>\n<h2>Smaki<\/h2>\n<ol>\n<li>Niebieska wi\u015bnia<\/li>\n<li>Lody jagodowe<\/li>\n<li>Jagoda Malina Wi\u015bnia<\/li>\n<li>Jagoda Kwa\u015bna malina<\/li>\n<li>Wi\u015bnia jagodowa<\/li>\n<li>Cherry Cola<\/li>\n<li>Podw\u00f3jne jab\u0142ko<\/li>\n<li>Hawaje<\/li>\n<li>Pan Blue<\/li>\n<li>Brzoskwinia Mango Ananas<\/li>\n<li>Truskawkowo-bananowy<\/li>\n<li>Truskawkowy l\u00f3d<\/li>\n<li>Truskawka Kiwi<\/li>\n<li>Lody brzoskwiniowe z lodem<\/li>\n<li>Lody arbuzowe<\/li>\n<\/ol>\n<h2>JNR Tank Pro 33000 Cz\u0119sto zadawane pytania (FAQ)<\/h2>\n<p><strong>1. Ile poci\u0105g\u00f3w oferuje JNR Tank Pro 33000?<\/strong><\/p>\n<p>To urz\u0105dzenie zapewnia imponuj\u0105c\u0105 liczb\u0119 33 000 zaci\u0105gni\u0119\u0107, co czyni je jednym z najtrwalszych jednorazowych vape'\u00f3w na rynku. Tak du\u017ca liczba zaci\u0105gni\u0119\u0107 jest mo\u017cliwa dzi\u0119ki ogromnej pojemno\u015bci 28 ml e-liquidu, co minimalizuje potrzeb\u0119 cz\u0119stego uzupe\u0142niania lub wymiany. Urz\u0105dzenie zosta\u0142o zaprojektowane z my\u015bl\u0105 o d\u0142ugotrwa\u0142ym u\u017cytkowaniu i zapewnia wyj\u0105tkow\u0105 warto\u015b\u0107 oraz wygod\u0119 dla u\u017cytkownik\u00f3w, kt\u00f3rzy poszukuj\u0105 niezawodnego i trwa\u0142ego rozwi\u0105zania.<\/p>\n<p><strong>2. Co sprawia, \u017ce technologia Dual Mesh Coil jest wyj\u0105tkowa w tym urz\u0105dzeniu?<\/strong><\/p>\n<p>Technologia Dual Mesh Coil zapewnia doskona\u0142y smak i wytwarzanie pary, ca\u0142kowicie eliminuj\u0105c smak koktajlu, kt\u00f3ry cz\u0119sto wyst\u0119puje w przypadku standardowych cewek. Ten zaawansowany system cewek podgrzewa e-liquid bardziej r\u00f3wnomiernie i wydajnie, zapewniaj\u0105c, \u017ce ka\u017cdy zaci\u0105gni\u0119cie si\u0119, od pierwszego do ostatniego, jest p\u0142ynne i aromatyczne. W po\u0142\u0105czeniu z funkcj\u0105 trybu Boost, kt\u00f3ra oferuje ustawienia mocy 15 W i 20 W, u\u017cytkownicy mog\u0105 dostosowa\u0107 swoje wra\u017cenia do optymalnej wydajno\u015bci.<\/p>\n<p><strong>3. Jak d\u0142ugo trwa \u0142adowanie tego jednorazowego vape'a?<\/strong><\/p>\n<p>Model ten jest wyposa\u017cony w technologi\u0119 szybkiego \u0142adowania typu C, kt\u00f3ra zapewnia szybkie i wygodne zasilanie. Dok\u0142adny czas \u0142adowania mo\u017ce si\u0119 r\u00f3\u017cni\u0107, ale \u0142adowanie typu C jest znacznie szybsze ni\u017c tradycyjne metody \u0142adowania USB i minimalizuje przestoje, dzi\u0119ki czemu mo\u017cna szybko wr\u00f3ci\u0107 do wapowania. Pojemno\u015b\u0107 akumulatora 850 mAh zapewnia niezawodn\u0105, sta\u0142\u0105 wydajno\u015b\u0107 przez ca\u0142y dzie\u0144 mi\u0119dzy \u0142adowaniami.<\/p>\n<p><strong>4. Jak\u0105 zawarto\u015b\u0107 nikotyny ma ten vape?<\/strong><\/p>\n<p>Ten jednorazowy vape zawiera 2% nikotyny (20 mg\/ml), co zapewnia \u0142agodne i zr\u00f3wnowa\u017cone uczucie w gardle, odpowiednie dla wi\u0119kszo\u015bci u\u017cytkownik\u00f3w. Ta umiarkowana zawarto\u015b\u0107 nikotyny zapewnia satysfakcjonuj\u0105cy dop\u0142yw nikotyny bez przyt\u0142aczaj\u0105cego efektu i stanowi doskona\u0142y wyb\u00f3r zar\u00f3wno dla by\u0142ych palaczy, kt\u00f3rzy przechodz\u0105 na wapowanie, jak i dla do\u015bwiadczonych u\u017cytkownik\u00f3w, kt\u00f3rzy preferuj\u0105 przyjemne, sta\u0142e doznania przez ca\u0142y dzie\u0144.<\/p>\n<p><strong>5. Ile smak\u00f3w jest dost\u0119pnych dla tego urz\u0105dzenia?<\/strong><\/p>\n<p>Ten vape oferuje imponuj\u0105cy wyb\u00f3r 15 r\u00f3\u017cnych opcji smakowych dla ka\u017cdego podniebienia i preferencji. Ta r\u00f3\u017cnorodna paleta obejmuje wszystko, od klasycznego tytoniu i orze\u017awiaj\u0105cego mentolu po owocowe mieszanki i inspirowane deserami kompozycje, dzi\u0119ki czemu ka\u017cdy u\u017cytkownik vape'a mo\u017ce znale\u017a\u0107 sw\u00f3j idealny wyb\u00f3r. Niezale\u017cnie od tego, czy preferujesz mocne, intensywne aromaty, czy delikatne, subtelne nuty \u2013 szeroki wyb\u00f3r u\u0142atwia odkrycie i cieszenie si\u0119 idealnym do\u015bwiadczeniem wapowania.<\/p>\n<h2>Odkryj inne e-papierosy klasy premium w Apex Vape<\/h2>\n<p>JNR Tank Pro 33000 to tylko jeden z wielu wysokiej jako\u015bci produkt\u00f3w w naszym asortymencie. Zapraszamy do odwiedzenia naszej strony internetowej. <strong><a href=\"https:\/\/apexvape.de\/pl\/\">Strona g\u0142\u00f3wna<\/a><\/strong> aby odkry\u0107 pe\u0142n\u0105 ofert\u0119 e-papieros\u00f3w, akcesori\u00f3w do wapowania i nowo\u015bci. Je\u015bli interesuj\u0105 Ci\u0119 szczeg\u00f3lnie innowacyjne produkty JNR, znajdziesz je w naszej <strong><a href=\"https:\/\/apexvape.de\/pl\/product-category\/jnr-vape\/\">Kategoria JNR VAPE<\/a><\/strong> szeroki wyb\u00f3r wydajnych jednorazowych vape'\u00f3w i innych urz\u0105dze\u0144 JNR. W Apex Vape gwarantujemy autentyczne produkty bezpo\u015brednio od producenta, szybk\u0105 wysy\u0142k\u0119 i obs\u0142ug\u0119 klienta na najwy\u017cszym poziomie, aby zapewni\u0107 pe\u0142n\u0105 satysfakcj\u0119 z zakup\u00f3w.<\/p>","protected":false},"excerpt":{"rendered":"<p class=\"font-claude-response-body break-words whitespace-normal\">JNR Tank Pro 33000 przekonuje 33 000 zaci\u0105gni\u0119\u0107, 28 ml e-liquidu i bateri\u0105 850 mAh. System Dual Mesh Coil zapewnia intensywny smak, a wy\u015bwietlacz LED pokazuje poziom na\u0142adowania baterii i poziom nape\u0142nienia. Dzi\u0119ki szybkiemu \u0142adowaniu typu C, trybowi Boost (15 W\/20 W) i 15 smakom z nikotyn\u0105 2% \u2013 idealny do d\u0142ugotrwa\u0142ej przyjemno\u015bci z wapowania.<\/p>","protected":false},"featured_media":4663,"comment_status":"open","ping_status":"closed","template":"","meta":[],"product_brand":[],"product_cat":[77],"product_tag":[],"class_list":{"0":"post-4662","1":"product","2":"type-product","3":"status-publish","4":"has-post-thumbnail","6":"product_cat-jnr-vape","8":"first","9":"instock","10":"shipping-taxable","11":"purchasable","12":"product-type-variable"},"_links":{"self":[{"href":"https:\/\/apexvape.de\/pl\/wp-json\/wp\/v2\/product\/4662","targetHints":{"allow":["GET"]}}],"collection":[{"href":"https:\/\/apexvape.de\/pl\/wp-json\/wp\/v2\/product"}],"about":[{"href":"https:\/\/apexvape.de\/pl\/wp-json\/wp\/v2\/types\/product"}],"replies":[{"embeddable":true,"href":"https:\/\/apexvape.de\/pl\/wp-json\/wp\/v2\/comments?post=4662"}],"version-history":[{"count":0,"href":"https:\/\/apexvape.de\/pl\/wp-json\/wp\/v2\/product\/4662\/revisions"}],"wp:featuredmedia":[{"embeddable":true,"href":"https:\/\/apexvape.de\/pl\/wp-json\/wp\/v2\/media\/4663"}],"wp:attachment":[{"href":"https:\/\/apexvape.de\/pl\/wp-json\/wp\/v2\/media?parent=4662"}],"wp:term":[{"taxonomy":"product_brand","embeddable":true,"href":"https:\/\/apexvape.de\/pl\/wp-json\/wp\/v2\/product_brand?post=4662"},{"taxonomy":"product_cat","embeddable":true,"href":"https:\/\/apexvape.de\/pl\/wp-json\/wp\/v2\/product_cat?post=4662"},{"taxonomy":"product_tag","embeddable":true,"href":"https:\/\/apexvape.de\/pl\/wp-json\/wp\/v2\/product_tag?post=4662"}],"curies":[{"name":"wp","href":"https:\/\/api.w.org\/{rel}","templated":true}]}}