{"id":4395,"date":"2025-12-02T10:12:59","date_gmt":"2025-12-02T09:12:59","guid":{"rendered":"https:\/\/apexvape.de\/?post_type=product&#038;p=4395"},"modified":"2025-12-02T10:13:48","modified_gmt":"2025-12-02T09:13:48","slug":"jnr-alien-10000","status":"publish","type":"product","link":"https:\/\/apexvape.de\/pl\/product\/jnr-alien-10000\/","title":{"rendered":"JNR Alien 10000 zaci\u0105gni\u0119\u0107 Jednorazowy vape"},"content":{"rendered":"<h1>JNR Alien 10000 Z\u00fcge RGB 2% Niedriger Nikotingehalt Original Fabrik Gro\u00dfeinkauf Wiederaufladbare Einweg E-Zigarette Gro\u00dfhandel<\/h1>\n<p>Die JNR Alien 10000 Einweg E-Zigarette ist ein hochwertiges Dampfger\u00e4t, das ein au\u00dfergew\u00f6hnliches Erlebnis mit 10.000 Z\u00fcgen, 2% Nikotin und einer Vielzahl von Funktionen f\u00fcr Komfort und Genuss bietet. Sie ist mit 20 ml E-Liquid vorbef\u00fcllt und wird von einem wiederaufladbaren 850-mAh-Akku mit Type-C-Schnellladung f\u00fcr minimale Ausfallzeiten betrieben. Die 1,2\u03a9 Mesh-Coil sorgt f\u00fcr sanften, gleichm\u00e4\u00dfigen Dampf und verbesserte Geschmacksentwicklung. Mit RGB-LED-Lichtern ausgestattet, bietet sie ein visuell dynamisches Erlebnis, w\u00e4hrend das modische Design mit seinem schlanken, modernen Look und einer praktischen Trageschlaufe f\u00fcr Tragbarkeit sorgt. Mit 53 Geschmacksrichtungen zur Auswahl ist die JNR Alien perfekt f\u00fcr alle, die ein langlebiges und anpassbares Dampferlebnis suchen.<\/p>\n<h2>JNR Alien 10000 Z\u00fcge Highlights<\/h2>\n<p>Die JNR Alien 10000 Z\u00fcge bietet ein au\u00dfergew\u00f6hnliches Dampferlebnis mit ihrer 2% Nikotinst\u00e4rke, die sanfte und zufriedenstellende Sitzungen f\u00fcr Benutzer erm\u00f6glicht. Mit einer beeindruckenden Kapazit\u00e4t von bis zu 10.000 Z\u00fcgen und einem gro\u00dfz\u00fcgigen 20-ml-E-Liquid-Reservoir gew\u00e4hrleistet dieses Ger\u00e4t eine langanhaltende Nutzung ohne h\u00e4ufige Austausche oder st\u00e4ndiges Nachf\u00fcllen, was es ideal f\u00fcr ausgedehnten Dampfgenuss macht.<\/p>\n<p>Dieses Vape-Ger\u00e4t wurde sowohl unter Leistungs- als auch unter \u00e4sthetischen Gesichtspunkten entwickelt und verf\u00fcgt \u00fcber lebendige RGB-LED-Lichter, die Ihrem Erlebnis ein dynamisches, stilvolles visuelles Element verleihen. Das Ger\u00e4t wird von einem wiederaufladbaren 850-mAh-Akku mit Type-C-Schnellladefunktion betrieben, der zuverl\u00e4ssige Leistung und schnelle Energiewiederherstellung bei Bedarf gew\u00e4hrleistet. Die fortschrittliche 1,2\u03a9 Mesh-Coil-Technologie sorgt f\u00fcr gleichm\u00e4\u00dfige Erhitzung, was zu verbesserten Geschmacksprofilen und beeindruckender Dampfproduktion f\u00fchrt.<\/p>\n<p>Das schlanke, tragbare Design verbindet Mode mit Funktionalit\u00e4t und verf\u00fcgt \u00fcber eine praktische Trageschlaufe zum einfachen Transport \u00fcberall hin. Dieses durchdachte Designelement stellt sicher, dass Ihr Vape immer griffbereit ist und gleichzeitig ein anspruchsvolles Erscheinungsbild bewahrt, das Ihren pers\u00f6nlichen Stil erg\u00e4nzt.<\/p>\n<p>Mit einer au\u00dfergew\u00f6hnlichen Auswahl von 53 verschiedenen Geschmacksrichtungen bedient dieses Vape-Ger\u00e4t jeden Geschmack und jede Stimmung. Ob Sie fruchtige, minzige, Dessert- oder klassische Tabakaromen bevorzugen, die umfangreiche Vielfalt stellt sicher, dass Sie die perfekte Option finden, um Ihre Gel\u00fcste zu befriedigen und Ihr Dampferlebnis frisch und aufregend zu halten.<\/p>\n<h2>Technische Spezifikationen<\/h2>\n<p><strong>Zugkapazit\u00e4t:<\/strong> Bis zu 10.000 Z\u00fcge<br \/>\n<strong>E-Liquid-Kapazit\u00e4t:<\/strong> 20 ml (vorbef\u00fcllt)<br \/>\n<strong>Nikotinst\u00e4rke:<\/strong> 2%<br \/>\n<strong>Coil:<\/strong> 1,2\u03a9 Mesh-Coil f\u00fcr verbesserten Geschmack und sanften Dampf<br \/>\n<strong>Akku:<\/strong> 850 mAh wiederaufladbarer Akku<br \/>\n<strong>Aufladung:<\/strong> Type-C-Schnellladung<br \/>\n<strong>LED-Lichter:<\/strong> RGB-LED-Lichter f\u00fcr ein dynamisches visuelles Erlebnis<br \/>\n<strong>Tragbarkeit:<\/strong> Trageschlaufe f\u00fcr einfachen Transport<br \/>\n<strong>Geschmacksoptionen:<\/strong> 53 Geschmacksrichtungen zur Auswahl<br \/>\n<strong>Verpackung:<\/strong> 10 St\u00fcck\/Box<\/p>\n<h2>Geschmacksliste<\/h2>\n<ol>\n<li>Black Dragon Ice<\/li>\n<li>Blue Razz Cherry<\/li>\n<li>Blue Razz Ice<\/li>\n<li>Blueberry Bubble Gum<\/li>\n<li>Blueberry Cherry Cranberry<\/li>\n<li>Blueberry On Ice<\/li>\n<li>Blueberry Sour Raspberry<\/li>\n<li>Fizzy Cherry Cola<\/li>\n<li>Grape Ice<\/li>\n<li>Kiwi Passion Fruit Guava<\/li>\n<li>Kiwi Strawberry<\/li>\n<li>Lemon &amp; Lime<\/li>\n<li>Mixed Berry<\/li>\n<li>Mr.Blue<\/li>\n<li>Passion Fruit<\/li>\n<li>Peach Berry<\/li>\n<li>Peach Blueberry Candy<\/li>\n<li>Peach Ice<\/li>\n<li>Peach Mango Pineapple<\/li>\n<li>Sour Apple<\/li>\n<li>Strawberry Banana<\/li>\n<li>Strawberry Ice<\/li>\n<li>Strawberry Raspberry Cherry Ice<\/li>\n<li>Strawberry Watermelon Ice<\/li>\n<li>Strawberry Watermelon Lemonade<\/li>\n<li>Watermelon Bubble Gum<\/li>\n<li>Watermelon Ice<\/li>\n<li>Banana Ice<\/li>\n<li>Blueberry Kiwi<\/li>\n<li>Cherry Berry<\/li>\n<li>Cola Ice<\/li>\n<li>Cool Mint<\/li>\n<li>Double Apple<\/li>\n<li>Gummy Bear<\/li>\n<li>Lush Ice<\/li>\n<li>Raspberry Watermelon<\/li>\n<li>Strawberry Candy Ice<\/li>\n<li>Strawberry Pinacolada<\/li>\n<li>Strawberry Pommegranate<\/li>\n<li>Strawberry Raspberry Ice<\/li>\n<li>Tropical Punch<\/li>\n<li>Watermelon Brazz Ice<\/li>\n<li>Watermelon Lychee<\/li>\n<li>Summer Peach Ice<\/li>\n<li>Cherry<\/li>\n<li>Cherry Peach Lemonade<\/li>\n<li>Strawberry Pom<\/li>\n<li>Strawberry Grape<\/li>\n<li>Jnr Sparkling Cherry<\/li>\n<li>Jnr Sunny Orange Rind<\/li>\n<li>Jnr Zesty Watermelon<\/li>\n<li>Jnr Tropicana Zest<\/li>\n<li>Jnr Sunny Fruit Spark<\/li>\n<\/ol>\n<h2>H\u00e4ufig gestellte Fragen<\/h2>\n<p><strong>1. Wie viele Z\u00fcge bietet die JNR Alien 10000 und wie lange h\u00e4lt sie?<\/strong><br \/>\nDieses Ger\u00e4t bietet bis zu 10.000 Z\u00fcge mit einer 20-ml-E-Liquid-Kapazit\u00e4t und erm\u00f6glicht eine ausgedehnte Nutzung ohne h\u00e4ufige Austausche oder Nachf\u00fcllungen. Es ist eine ideale Wahl f\u00fcr Dampfer, die eine langlebige, bequeme L\u00f6sung suchen.<\/p>\n<p><strong>2. Welche Nikotinst\u00e4rke hat dieses Vape-Ger\u00e4t?<\/strong><br \/>\nDie JNR Alien 10000 verf\u00fcgt \u00fcber eine Nikotinst\u00e4rke von 2%, die ein sanftes und zufriedenstellendes Dampferlebnis bietet, das Geschmack und Nikotinabgabe f\u00fcr optimale Benutzerzufriedenheit ausbalanciert.<\/p>\n<p><strong>3. Ist dieses Ger\u00e4t wiederaufladbar und welche Art von Aufladung verwendet es?<\/strong><br \/>\nJa, es ist mit einem wiederaufladbaren 850-mAh-Akku ausgestattet und verf\u00fcgt \u00fcber Type-C-Schnellladetechnologie. Dies gew\u00e4hrleistet zuverl\u00e4ssige Leistung und schnelle Energiewiederherstellung, wodurch Ausfallzeiten zwischen den Dampfsitzungen minimiert werden.<\/p>\n<p><strong>4. Was macht den Geschmack und die Dampfproduktion \u00fcberlegen?<\/strong><br \/>\nDas Ger\u00e4t nutzt fortschrittliche 1,2\u03a9 Mesh-Coil-Technologie, die eine gleichm\u00e4\u00dfige Erhitzung der gesamten Coil erm\u00f6glicht. Dies f\u00fchrt zu verbesserten Geschmacksprofilen und beeindruckender Dampfproduktion und bietet mit jedem Zug ein Premium-Dampferlebnis.<\/p>\n<p><strong>5. Wie viele Geschmacksrichtungen sind verf\u00fcgbar und welche Designmerkmale bietet es?<\/strong><br \/>\nDie JNR Alien 10000 bietet eine beeindruckende Auswahl von 53 verschiedenen Geschmacksrichtungen f\u00fcr jeden Geschmack. Sie verf\u00fcgt \u00fcber ein schlankes, tragbares Design mit lebendigen RGB-LED-Farbwechsellichtern und enth\u00e4lt eine praktische Trageschlaufe f\u00fcr einfachen Transport, die Stil mit Praktikabilit\u00e4t verbindet.<\/p>\n<article data-content=\"[{&quot;type&quot;:&quot;block&quot;,&quot;id&quot;:&quot;m52b-1758854808839&quot;,&quot;name&quot;:&quot;paragraph&quot;,&quot;data&quot;:{&quot;version&quot;:1},&quot;nodes&quot;:[{&quot;type&quot;:&quot;text&quot;,&quot;id&quot;:&quot;3pe7-1758854808838&quot;,&quot;leaves&quot;:[{&quot;text&quot;:&quot;Mehr\u00a0JNR\u00a0VAPE\u00a0\u00a0bei\u00a0Apexvape\u00a0entdecken&quot;,&quot;marks&quot;:[]}]}],&quot;state&quot;:{}}]\">\n<h2>Mehr JNR VAPE bei Apexvape entdecken<\/h2>\n<\/article>\n<p>Entdecken Sie die JNR Alien 10000 und weitere hochwertige Einweg E-Zigaretten in unserem <strong><a href=\"https:\/\/apexvape.de\/\">Online-Shop f\u00fcr E-Zigaretten<\/a><\/strong>. F\u00fcr die komplette Auswahl an JNR Produkten besuchen Sie unsere <strong><a href=\"https:\/\/apexvape.de\/product-category\/jnr-vape\/\">JNR VAPE Kategorie<\/a><\/strong>, wo Sie die neuesten Modelle und alle verf\u00fcgbaren Geschmacksrichtungen finden. Apex Vape bietet Ihnen Premium-Qualit\u00e4t zum besten Preis mit schnellem Versand und professionellem Kundenservice.<\/p>\n","protected":false},"excerpt":{"rendered":"<p class=\"font-claude-response-body whitespace-normal break-words\">E-papieros JNR Alien 10000 przekona Ci\u0119 20 ml e-liquidu, nikotyn\u0105 2% i akumulatorem 850 mAh z mo\u017cliwo\u015bci\u0105 ponownego \u0142adowania. Cewka siatkowa 1,2 \u03a9 zapewnia intensywny smak, a diody LED RGB nadaj\u0105 mu wyj\u0105tkowy wygl\u0105d. Dzi\u0119ki szybkiemu \u0142adowaniu typu C, pasku do noszenia i 53 smakom \u2013 idealny do d\u0142ugotrwa\u0142ej przyjemno\u015bci z vapowania.<\/p>","protected":false},"featured_media":4397,"comment_status":"open","ping_status":"closed","template":"","meta":[],"product_brand":[],"product_cat":[77],"product_tag":[],"class_list":{"0":"post-4395","1":"product","2":"type-product","3":"status-publish","4":"has-post-thumbnail","6":"product_cat-jnr-vape","8":"first","9":"instock","10":"shipping-taxable","11":"purchasable","12":"product-type-variable"},"_links":{"self":[{"href":"https:\/\/apexvape.de\/pl\/wp-json\/wp\/v2\/product\/4395","targetHints":{"allow":["GET"]}}],"collection":[{"href":"https:\/\/apexvape.de\/pl\/wp-json\/wp\/v2\/product"}],"about":[{"href":"https:\/\/apexvape.de\/pl\/wp-json\/wp\/v2\/types\/product"}],"replies":[{"embeddable":true,"href":"https:\/\/apexvape.de\/pl\/wp-json\/wp\/v2\/comments?post=4395"}],"version-history":[{"count":0,"href":"https:\/\/apexvape.de\/pl\/wp-json\/wp\/v2\/product\/4395\/revisions"}],"wp:featuredmedia":[{"embeddable":true,"href":"https:\/\/apexvape.de\/pl\/wp-json\/wp\/v2\/media\/4397"}],"wp:attachment":[{"href":"https:\/\/apexvape.de\/pl\/wp-json\/wp\/v2\/media?parent=4395"}],"wp:term":[{"taxonomy":"product_brand","embeddable":true,"href":"https:\/\/apexvape.de\/pl\/wp-json\/wp\/v2\/product_brand?post=4395"},{"taxonomy":"product_cat","embeddable":true,"href":"https:\/\/apexvape.de\/pl\/wp-json\/wp\/v2\/product_cat?post=4395"},{"taxonomy":"product_tag","embeddable":true,"href":"https:\/\/apexvape.de\/pl\/wp-json\/wp\/v2\/product_tag?post=4395"}],"curies":[{"name":"wp","href":"https:\/\/api.w.org\/{rel}","templated":true}]}}