{"id":4326,"date":"2025-11-28T14:11:01","date_gmt":"2025-11-28T13:11:01","guid":{"rendered":"https:\/\/apexvape.de\/?post_type=product&#038;p=4326"},"modified":"2025-11-28T14:11:38","modified_gmt":"2025-11-28T13:11:38","slug":"bang-leader-120k","status":"publish","type":"product","link":"https:\/\/apexvape.de\/pl\/product\/bang-leader-120k\/","title":{"rendered":"Bang Leader 120K zaci\u0105gni\u0119\u0107 Jednorazowy vape"},"content":{"rendered":"<h1>Bang Leader 120K zaci\u0105gni\u0119\u0107 \u2013 podw\u00f3jny aromat i podw\u00f3jna cewka siatkowa Jednorazowy e-papieros<\/h1>\n<p>Bang Leader 120K wyznacza nowe standardy, oferuj\u0105c niesamowit\u0105 liczb\u0119 120 000 zaci\u0105gni\u0119\u0107 w jednym urz\u0105dzeniu, dzi\u0119ki czemu nie ma potrzeby cz\u0119stego kupowania zamiennik\u00f3w. Zasilany bateri\u0105 650 mAh z funkcj\u0105 szybkiego \u0142adowania typu C, zapewnia ca\u0142odzienn\u0105 wydajno\u015b\u0107 przy minimalnym czasie przestoju. Zaawansowana technologia cewki siatkowej 1,0 \u03a9 zapewnia pe\u0142ny, sta\u0142y smak i delikatn\u0105 par\u0119 od pierwszego do ostatniego zaci\u0105gni\u0119cia. Inteligentny wy\u015bwietlacz umo\u017cliwia monitorowanie poziomu na\u0142adowania baterii i poziomu e-p\u0142ynu w czasie rzeczywistym, dzi\u0119ki czemu zawsze masz pe\u0142n\u0105 kontrol\u0119 nad sytuacj\u0105. Szczeg\u00f3ln\u0105 atrakcj\u0105 jest system podw\u00f3jnego aromatu \u2013 dwa r\u00f3\u017cne smaki w jednym urz\u0105dzeniu, mi\u0119dzy kt\u00f3rymi mo\u017cna \u0142atwo prze\u0142\u0105cza\u0107 si\u0119, aby uzyska\u0107 maksymaln\u0105 r\u00f3\u017cnorodno\u015b\u0107. Dzi\u0119ki niezawodnej wydajno\u015bci i innowacyjnym funkcjom jest przeznaczony dla u\u017cytkownik\u00f3w, kt\u00f3rzy wymagaj\u0105 trwa\u0142o\u015bci, wygody i elastyczno\u015bci w jednym pakiecie premium.<\/p>\n<h2>Bang Leader 120K zaci\u0105gni\u0119\u0107 \u2013 najwa\u017cniejsze cechy produktu<\/h2>\n<p>Jednorazowy vape Bang Leader 120K zapewnia 120 000 zaci\u0105gni\u0119\u0107, co jest najlepszym wynikiem w bran\u017cy, oraz wyj\u0105tkow\u0105 trwa\u0142o\u015b\u0107, kt\u00f3ra znacznie ogranicza konieczno\u015b\u0107 cz\u0119stego dokupowania nowych produkt\u00f3w. Ta ogromna pojemno\u015b\u0107 gwarantuje nieprzerwane sesje wapowania i sprawia, \u017ce jest to jedno z najtrwalszych urz\u0105dze\u0144 dost\u0119pnych obecnie na rynku.<\/p>\n<p>Wyposa\u017cony w niezawodn\u0105 bateri\u0119 o pojemno\u015bci 650 mAh z nowoczesn\u0105 funkcj\u0105 \u0142adowania typu C, urz\u0105dzenie to zapewnia gotowo\u015b\u0107 do pracy przez ca\u0142y dzie\u0144 dzi\u0119ki szybkiemu i wydajnemu \u0142adowaniu w razie potrzeby. Zaawansowana technologia cewki siatkowej 1,0 \u03a9 zapewnia r\u00f3wnomierne rozprowadzanie ciep\u0142a na wi\u0119kszej powierzchni i zapewnia intensywny, sta\u0142y smak oraz bardziej p\u0142ynn\u0105 produkcj\u0119 pary, kt\u00f3ra zachowuje swoj\u0105 jako\u015b\u0107 od pierwszego do ostatniego zaci\u0105gni\u0119cia.<\/p>\n<p>B\u0105d\u017a zawsze na bie\u017c\u0105co dzi\u0119ki wbudowanemu inteligentnemu wy\u015bwietlaczowi, kt\u00f3ry monitoruje poziom na\u0142adowania baterii i poziom e-liquidu w czasie rzeczywistym, zapewniaj\u0105c pe\u0142n\u0105 kontrol\u0119 nad do\u015bwiadczeniem vapingu. Zawsze wiesz dok\u0142adnie, na czym stoisz \u2013 bez zgadywania i nieoczekiwanych przerw.<\/p>\n<p>Innowacyjny system podw\u00f3jnego aromatu wyr\u00f3\u017cnia to urz\u0105dzenie, \u0142\u0105cz\u0105c dwa r\u00f3\u017cne smaki w jednym urz\u0105dzeniu i umo\u017cliwiaj\u0105c \u0142atwe prze\u0142\u0105czanie si\u0119 mi\u0119dzy nimi w dowolnym momencie. Ta wszechstronna konfiguracja wprowadza wi\u0119cej r\u00f3\u017cnorodno\u015bci do codziennej rutyny i pozwala dostosowa\u0107 ka\u017cd\u0105 sesj\u0119 do nastroju lub preferencji \u2013 bez konieczno\u015bci noszenia ze sob\u0105 wielu urz\u0105dze\u0144.<\/p>\n<h2>Dane techniczne<\/h2>\n<p>\u2611 0% 2% 3% 5% Nikotyna<br \/>\n\u2611 Poci\u0105gi: 120 000<br \/>\n\u2611 Dost\u0119pnych jest 12 smak\u00f3w<br \/>\n\u2611 Akumulator 650 mAh<br \/>\n\u2611 Podw\u00f3jna cewka siatkowa<br \/>\n\u2611 Z\u0142\u0105cze typu C<br \/>\n\u2611 Zakres dostawy: 1x urz\u0105dzenie<\/p>\n<h2>Bang Leader 120K zaci\u0105gni\u0119\u0107 \u2013 smaki<\/h2>\n<ol>\n<li>Blue Razz\/Love66<\/li>\n<li>Truskawka Wi\u015bnia\/Kiwi Marakuja Guawa<\/li>\n<li>Guma balonowa o smaku arbuza\/mieszanka owocowa<\/li>\n<li>Truskawka Banana\/Cherry Fiesta<\/li>\n<li>Arbuz Ice\/Brzoskwinia Mango<\/li>\n<li>Jagoda lodowa\/malina cytryna<\/li>\n<li>Red Energy Ice\/Winogrono Ice<\/li>\n<li>Truskawka Arbuz\/Limonada pomara\u0144czowa<\/li>\n<li>Cola Ice\/wi\u015bnia \u017curawina<\/li>\n<li>Jagoda lodowa\/czarna porzeczka<\/li>\n<li>Mojito malinowe Brzoskwinia Ice\/Lady Killer<\/li>\n<li>Arbuz Ice\/Truskawka Mamba<\/li>\n<\/ol>\n<h2>Cz\u0119sto zadawane pytania (FAQ)<\/h2>\n<p><strong>P: Jak d\u0142ugo dzia\u0142a urz\u0105dzenie?<\/strong><br \/>\nO: Bang Leader 120K zapewnia 120 000 zaci\u0105gni\u0119\u0107 i przy regularnym u\u017cytkowaniu wystarcza zazwyczaj na kilka tygodni.<\/p>\n<p><strong>P: Jak d\u0142ugo trwa \u0142adowanie?<\/strong><br \/>\nO: Dzi\u0119ki szybkiemu \u0142adowaniu typu C bateria o pojemno\u015bci 650 mAh \u0142aduje si\u0119 ca\u0142kowicie w oko\u0142o 60 minut.<\/p>\n<p><strong>P: Czy mog\u0119 korzysta\u0107 z urz\u0105dzenia podczas \u0142adowania?<\/strong><br \/>\nO: Aby zapewni\u0107 optymaln\u0105 kondycj\u0119 akumulatora, zalecamy niekorzystanie z Bang Leader 120K podczas \u0142adowania.<\/p>\n<p><strong>P: Czy urz\u0105dzenie jest trudne w transporcie?<\/strong><br \/>\nO: Dzi\u0119ki wadze 105 g urz\u0105dzenie jest przyjemne w dotyku, a jednocze\u015bnie wygodne w codziennym transporcie i u\u017cytkowaniu.<\/p>\n<h2 class=\"font-claude-response-heading text-text-100 mt-1 -mb-0.5\">Odkryj Bang Leader 120K w Apex Vape ju\u017c teraz<\/h2>\n<p class=\"font-claude-response-body whitespace-normal break-words\">Odkryj Bang Leader 120K i inne innowacyjne jednorazowe e-papierosy w naszym <strong><a class=\"underline\" href=\"https:\/\/apexvape.de\/pl\/\">sklep internetowy<\/a><\/strong>. Jako wiod\u0105cy dostawca produkt\u00f3w premium do wapowania, Apex Vape oferuje starannie dobrany asortyment wysokiej jako\u015bci urz\u0105dze\u0144 w atrakcyjnych cenach. Zapoznaj si\u0119 z nasz\u0105 pe\u0142n\u0105 ofert\u0105 <strong><a class=\"underline\" href=\"https:\/\/apexvape.de\/pl\/product-category\/bang-vape\/\">Kolekcja BANG VAPE<\/a><\/strong> ze wszystkimi aktualnymi modelami i skorzystaj z szybkiej wysy\u0142ki, doskona\u0142ej obs\u0142ugi klienta i gwarantowanej jako\u015bci produkt\u00f3w. Zam\u00f3w ju\u017c dzi\u015b i do\u015bwiadcz najlepszych wra\u017ce\u0144 z wapowania dzi\u0119ki Bang Leader 120K!<\/p>","protected":false},"excerpt":{"rendered":"<p class=\"font-claude-response-body whitespace-normal break-words\">Bang Leader 120K przekonuje 120 000 zaci\u0105gni\u0119\u0107 i innowacyjnym systemem podw\u00f3jnego aromatu \u2013 dwa smaki w jednym urz\u0105dzeniu. Akumulator 650 mAh z szybkim \u0142adowaniem typu C, cewka Dual Mesh 1,0 \u03a9 i inteligentny wy\u015bwietlacz stanu akumulatora i poziomu p\u0142ynu. Zawarto\u015b\u0107 nikotyny 0-5%, 12 aromat\u00f3w \u2013 maksymalna elastyczno\u015b\u0107 dla wymagaj\u0105cych u\u017cytkownik\u00f3w!<\/p>","protected":false},"featured_media":4327,"comment_status":"open","ping_status":"closed","template":"","meta":[],"product_brand":[],"product_cat":[76],"product_tag":[],"class_list":{"0":"post-4326","1":"product","2":"type-product","3":"status-publish","4":"has-post-thumbnail","6":"product_cat-bang-vape","8":"first","9":"instock","10":"shipping-taxable","11":"purchasable","12":"product-type-variable"},"_links":{"self":[{"href":"https:\/\/apexvape.de\/pl\/wp-json\/wp\/v2\/product\/4326","targetHints":{"allow":["GET"]}}],"collection":[{"href":"https:\/\/apexvape.de\/pl\/wp-json\/wp\/v2\/product"}],"about":[{"href":"https:\/\/apexvape.de\/pl\/wp-json\/wp\/v2\/types\/product"}],"replies":[{"embeddable":true,"href":"https:\/\/apexvape.de\/pl\/wp-json\/wp\/v2\/comments?post=4326"}],"version-history":[{"count":0,"href":"https:\/\/apexvape.de\/pl\/wp-json\/wp\/v2\/product\/4326\/revisions"}],"wp:featuredmedia":[{"embeddable":true,"href":"https:\/\/apexvape.de\/pl\/wp-json\/wp\/v2\/media\/4327"}],"wp:attachment":[{"href":"https:\/\/apexvape.de\/pl\/wp-json\/wp\/v2\/media?parent=4326"}],"wp:term":[{"taxonomy":"product_brand","embeddable":true,"href":"https:\/\/apexvape.de\/pl\/wp-json\/wp\/v2\/product_brand?post=4326"},{"taxonomy":"product_cat","embeddable":true,"href":"https:\/\/apexvape.de\/pl\/wp-json\/wp\/v2\/product_cat?post=4326"},{"taxonomy":"product_tag","embeddable":true,"href":"https:\/\/apexvape.de\/pl\/wp-json\/wp\/v2\/product_tag?post=4326"}],"curies":[{"name":"wp","href":"https:\/\/api.w.org\/{rel}","templated":true}]}}