{"id":4268,"date":"2025-11-28T13:58:44","date_gmt":"2025-11-28T12:58:44","guid":{"rendered":"https:\/\/apexvape.de\/?post_type=product&#038;p=4268"},"modified":"2025-11-28T13:58:59","modified_gmt":"2025-11-28T12:58:59","slug":"bang-leader-110k","status":"publish","type":"product","link":"https:\/\/apexvape.de\/pl\/product\/bang-leader-110k\/","title":{"rendered":"Bang Leader 110K zaci\u0105gni\u0119\u0107 Jednorazowy vape"},"content":{"rendered":"<h1>Bang Leader 110K Jednorazowy vape | 110 000 zaci\u0105gni\u0119\u0107 | \u0141adowalny z cewk\u0105 siatkow\u0105 | Smak 6 w 1<\/h1>\n<p>Jednorazowy e-papieros Bang Leader 110K zapewnia imponuj\u0105c\u0105 liczb\u0119 100 000\u2013110 000 zaci\u0105gni\u0119\u0107. Wyposa\u017cony w potr\u00f3jn\u0105 cewk\u0119 siatkow\u0105 zapewniaj\u0105c\u0105 mocne ogrzewanie i trzy niezale\u017cne zbiorniki na p\u0142yn, zapewnia intensywny smak i wszechstronn\u0105 wydajno\u015b\u0107 w jednym urz\u0105dzeniu. U\u017cytkownicy mog\u0105 indywidualnie dostosowa\u0107 swoje doznania zwi\u0105zane z wapowaniem dzi\u0119ki 6 trybom smaku (A, B, C, A+B, A+C, B+C) i wybiera\u0107 spo\u015br\u00f3d st\u0119\u017ce\u0144 nikotyny 0% \/ 2% \/ 3% \/ 5%, aby zaspokoi\u0107 swoje osobiste preferencje. Akumulator o pojemno\u015bci 850 mAh, szybkie \u0142adowanie typu C i przejrzysty wy\u015bwietlacz LED zapewniaj\u0105 wydajne i wygodne u\u017cytkowanie \u2013 wy\u015bwietlacz pokazuje wa\u017cne informacje, takie jak stan akumulatora i licznik zaci\u0105gni\u0119\u0107. Dost\u0119pny w 10 kombinacjach smakowych premium i pakowany po 10 sztuk w opakowaniu, ten e-papieros jest idealny do osobistej przyjemno\u015bci, a tak\u017ce do sprzeda\u017cy hurtowej i detalicznej.<\/p>\n<h2>Bang Leader 110K zaci\u0105gni\u0119\u0107 Najwa\u017cniejsze cechy:<\/h2>\n<p>Jednorazowy e-papieros Bang Leader 110K zapewnia prze\u0142omow\u0105 wydajno\u015b\u0107 dzi\u0119ki niesamowitej pojemno\u015bci do 110 000 zaci\u0105gni\u0119\u0107, przesuwaj\u0105c granice mo\u017cliwo\u015bci pojedynczego urz\u0105dzenia. Dzi\u0119ki zaawansowanej technologii potr\u00f3jnej cewki siatkowej gwarantuje sta\u0142\u0105 produkcj\u0119 pary, wyj\u0105tkowo \u0142agodne zaci\u0105gni\u0119cia i lepsze oddawanie smaku od pierwszego do ostatniego zaci\u0105gni\u0119cia. Dost\u0119pny w wersjach o mocy nikotyny 0%, 2%, 3% lub 5%, pozwala dok\u0142adnie dostosowa\u0107 satysfakcj\u0119 do w\u0142asnych preferencji.<\/p>\n<p>Komfort \u0142\u0105czy si\u0119 z innowacyjno\u015bci\u0105 dzi\u0119ki zintegrowanemu inteligentnemu wy\u015bwietlaczowi LED, kt\u00f3ry zapewnia wyra\u017any podgl\u0105d stanu baterii i poziomu p\u0142ynu w czasie rzeczywistym, dzi\u0119ki czemu nigdy nie spotka Ci\u0119 \u017cadna niespodzianka. Wydajny akumulator o pojemno\u015bci 850 mAh w po\u0142\u0105czeniu z szybkim z\u0142\u0105czem \u0142adowania typu C zapewnia d\u0142ugotrwa\u0142\u0105 wydajno\u015b\u0107 i minimalny czas przestoju, a trzy oddzielne zbiorniki na p\u0142yn umo\u017cliwiaj\u0105 d\u0142u\u017csze u\u017cytkowanie i p\u0142ynne przechodzenie mi\u0119dzy smakami bez mieszania si\u0119 lub utraty smaku.<\/p>\n<p>To, co naprawd\u0119 wyr\u00f3\u017cnia Bang Leader, to rewolucyjny system 6 w 1 tryb\u00f3w smaku, kt\u00f3ry oferuje kombinacje A, B, C, A+B, A+C i B+C w 10 r\u00f3\u017cnych opcjach smakowych. Ten wszechstronny system sprawia, \u017ce ka\u017cda sesja staje si\u0119 indywidualnie dostosowanym do\u015bwiadczeniem i pozwala odkrywa\u0107 nowe profile smakowe lub pozosta\u0107 przy ulubionych \u2013 wszystko w jednym urz\u0105dzeniu.<\/p>\n<p>Pakowany w praktyczne opakowania po 10 sztuk, Bang Leader 110K idealnie nadaje si\u0119 zar\u00f3wno do u\u017cytku osobistego, jak i do sprzeda\u017cy hurtowej. Niezale\u017cnie od tego, czy jeste\u015b zapalonym u\u017cytkownikiem e-papieros\u00f3w, kt\u00f3ry poszukuje maksymalnej r\u00f3\u017cnorodno\u015bci, czy te\u017c sprzedawc\u0105, kt\u00f3ry chce oferowa\u0107 wiod\u0105cy w bran\u017cy produkt \u2013 to urz\u0105dzenie zapewnia niezr\u00f3wnan\u0105 trwa\u0142o\u015b\u0107, elastyczno\u015b\u0107 i satysfakcj\u0119 w jednym, wysokiej jako\u015bci opakowaniu.<\/p>\n<h2>Specyfikacje techniczne:<\/h2>\n<ul>\n<li><strong>Moc nikotyny:<\/strong> 0% \/ 2% \/ 3% \/ 5%<\/li>\n<li><strong>Liczba poci\u0105g\u00f3w:<\/strong> Do 110 000 poci\u0105g\u00f3w<\/li>\n<li><strong>Tryby smaku:<\/strong> A, B, C, A+B, A+C, B+C<\/li>\n<li><strong>Zbiornik p\u0142yn\u00f3w:<\/strong> 3 zbiorniki<\/li>\n<li><strong>Akumulator:<\/strong> 850 mAh, akumulator wielokrotnego \u0142adowania<\/li>\n<li><strong>Cewka:<\/strong> Potr\u00f3jna cewka siatkowa<\/li>\n<li><strong>Wy\u015bwietlacz LED:<\/strong> Tak<\/li>\n<li><strong>Z\u0142\u0105cze \u0142adowania:<\/strong> Typ C<\/li>\n<li><strong>Opakowanie:<\/strong> 10 sztuk\/opakowanie<\/li>\n<li><strong>Smaki:<\/strong> 10 opcji<\/li>\n<\/ul>\n<h2>Bang Leader 110K zaci\u0105gni\u0119\u0107 Lista smak\u00f3w:<\/h2>\n<ol>\n<li>Arbuz Ice \/ Truskawka Mamba \/ Truskawka Arbuz<\/li>\n<li>Fuji Ice \/ Jab\u0142ko Winogrono \/ Wi\u015bnia Granat<\/li>\n<li>Jagoda lodowa \/ Malina cytrynowa \/ Gumy do \u017cucia o smaku arbuza<\/li>\n<li>Jagody Maliny \/ Kwa\u015bne ananasy Pomara\u0144cze \/ Maliny Arbuzy<\/li>\n<li>Winogrono Ice \/ Mango Brzoskwinia \/ Jagoda Arbuz<\/li>\n<li>Truskawka lodowa \/ Brzoskwinia cytryna \/ Kiwi marakuja guawa<\/li>\n<li>Ananasowo-kokosowy \/ jagodowy Red Bull \/ arbuzowy Ice<\/li>\n<li>Truskawka Kiwi \/ Jagoda Kokos \/ Mieszanka jag\u00f3d<\/li>\n<li>Cytrynowy romans \/ Jagoda malina \/ Brzoskwinia mentol<\/li>\n<li>Brzoskwinia Ice \/ Czarna porzeczka Ananas Ice \/ Zielone jab\u0142ko Kiwi<\/li>\n<\/ol>\n<h2>Cz\u0119sto zadawane pytania dotycz\u0105ce Bang Leader 110K<\/h2>\n<p><strong>P: Czym jest Bang Leader 110K?<\/strong><br \/>\nO: Bang Leader 110K to wydajne jednorazowe urz\u0105dzenie do wapowania. Jest fabrycznie nape\u0142nione p\u0142ynem i mo\u017ce zapewni\u0107 do 110 000 zaci\u0105gni\u0119\u0107, co czyni je idealnym rozwi\u0105zaniem dla u\u017cytkownik\u00f3w, kt\u00f3rzy chc\u0105 wapowa\u0107 przez d\u0142u\u017cszy czas bez konieczno\u015bci cz\u0119stej wymiany urz\u0105dzenia.<\/p>\n<p><strong>P: Czy Bang Leader 110K posiada akumulator wielokrotnego \u0142adowania?<\/strong><br \/>\nO: Tak, jest wyposa\u017cony w akumulator o pojemno\u015bci 850 mAh. Akumulator ten zosta\u0142 zaprojektowany tak, aby wystarcza\u0142 na ca\u0142y okres u\u017cytkowania p\u0142ynu w urz\u0105dzeniu.<\/p>\n<p><strong>P: Jak na\u0142adowa\u0107 Bang Leader 110K?<\/strong><br \/>\nO: Urz\u0105dzenie posiada z\u0142\u0105cze \u0142adowania typu C. Mo\u017cna u\u017cy\u0107 standardowego kabla \u0142aduj\u0105cego typu C (w niekt\u00f3rych przypadkach nie do\u0142\u0105czonego do zestawu) i pod\u0142\u0105czy\u0107 go do \u017ar\u00f3d\u0142a zasilania USB, takiego jak \u0142adowarka \u015bcienna lub powerbank. Podczas \u0142adowania urz\u0105dzenie mo\u017ce wy\u015bwietla\u0107 stan \u0142adowania za pomoc\u0105 diody LED.<\/p>\n<p><strong>P: Jak d\u0142ugo trwa pe\u0142ne na\u0142adowanie akumulatora?<\/strong><br \/>\nO: Czas \u0142adowania mo\u017ce si\u0119 r\u00f3\u017cni\u0107 w zale\u017cno\u015bci od mocy wyj\u015bciowej \u017ar\u00f3d\u0142a \u0142adowania. Zazwyczaj pe\u0142ne na\u0142adowanie baterii o pojemno\u015bci 850 mAh za pomoc\u0105 typowego \u017ar\u00f3d\u0142a zasilania USB 5 V\/1 A zajmuje oko\u0142o 1\u20132 godzin. Jednak w przypadku u\u017cycia \u0142adowarki o wi\u0119kszej mocy (zgodnej ze specyfikacj\u0105 \u0142adowania urz\u0105dzenia) czas \u0142adowania mo\u017ce by\u0107 kr\u00f3tszy.<\/p>\n<h2>Odkryj wi\u0119cej produkt\u00f3w premium do wapowania<\/h2>\n<p>Bang Leader 110K jest cz\u0119\u015bci\u0105 naszej szerokiej oferty wysokiej jako\u015bci jednorazowych e-papieros\u00f3w. W <strong><a href=\"https:\/\/apexvape.de\/pl\/\">Apexvape<\/a><\/strong> znajdziesz szeroki wyb\u00f3r innowacyjnych urz\u0105dze\u0144 do wapowania, kt\u00f3re zaspokoj\u0105 ka\u017cdy gust i potrzeby. Odkryj wi\u0119cej doskona\u0142ych produkt\u00f3w w naszej <strong><a href=\"https:\/\/apexvape.de\/pl\/product-category\/bang-vape\/\">Kategoria BANG VAPE<\/a><\/strong>, gdzie znajdziesz najnowsze modele i bestsellery z serii Bang. Niezale\u017cnie od tego, czy szukasz maksymalnej liczby zaci\u0105gni\u0119\u0107, r\u00f3\u017cnorodnych kombinacji smakowych czy najnowocze\u015bniejszej technologii \u2013 zawsze oferujemy najlepsze rozwi\u0105zania w zakresie vape'\u00f3w na atrakcyjnych warunkach dla klient\u00f3w indywidualnych i hurtownik\u00f3w.<\/p>","protected":false},"excerpt":{"rendered":"<p class=\"font-claude-response-body whitespace-normal break-words\">Bang Leader 110K oferuje rewolucyjne 110 000 zaci\u0105gni\u0119\u0107 dzi\u0119ki innowacyjnemu systemowi smak\u00f3w 6 w 1 (A, B, C, A+B, A+C, B+C). 3 oddzielne zbiorniki na p\u0142yn, potr\u00f3jna cewka siatkowa, akumulator 850 mAh z szybkim \u0142adowaniem typu C i inteligentnym wy\u015bwietlaczem LED. St\u0119\u017cenia nikotyny 0-5%, 10 aromat\u00f3w premium \u2013 najwy\u017csza indywidualno\u015b\u0107 i trwa\u0142o\u015b\u0107!<\/p>","protected":false},"featured_media":4269,"comment_status":"open","ping_status":"closed","template":"","meta":[],"product_brand":[],"product_cat":[76],"product_tag":[],"class_list":{"0":"post-4268","1":"product","2":"type-product","3":"status-publish","4":"has-post-thumbnail","6":"product_cat-bang-vape","8":"first","9":"instock","10":"shipping-taxable","11":"purchasable","12":"product-type-variable"},"_links":{"self":[{"href":"https:\/\/apexvape.de\/pl\/wp-json\/wp\/v2\/product\/4268","targetHints":{"allow":["GET"]}}],"collection":[{"href":"https:\/\/apexvape.de\/pl\/wp-json\/wp\/v2\/product"}],"about":[{"href":"https:\/\/apexvape.de\/pl\/wp-json\/wp\/v2\/types\/product"}],"replies":[{"embeddable":true,"href":"https:\/\/apexvape.de\/pl\/wp-json\/wp\/v2\/comments?post=4268"}],"version-history":[{"count":0,"href":"https:\/\/apexvape.de\/pl\/wp-json\/wp\/v2\/product\/4268\/revisions"}],"wp:featuredmedia":[{"embeddable":true,"href":"https:\/\/apexvape.de\/pl\/wp-json\/wp\/v2\/media\/4269"}],"wp:attachment":[{"href":"https:\/\/apexvape.de\/pl\/wp-json\/wp\/v2\/media?parent=4268"}],"wp:term":[{"taxonomy":"product_brand","embeddable":true,"href":"https:\/\/apexvape.de\/pl\/wp-json\/wp\/v2\/product_brand?post=4268"},{"taxonomy":"product_cat","embeddable":true,"href":"https:\/\/apexvape.de\/pl\/wp-json\/wp\/v2\/product_cat?post=4268"},{"taxonomy":"product_tag","embeddable":true,"href":"https:\/\/apexvape.de\/pl\/wp-json\/wp\/v2\/product_tag?post=4268"}],"curies":[{"name":"wp","href":"https:\/\/api.w.org\/{rel}","templated":true}]}}