{"id":4127,"date":"2025-11-28T13:33:14","date_gmt":"2025-11-28T12:33:14","guid":{"rendered":"https:\/\/apexvape.de\/?post_type=product&#038;p=4127"},"modified":"2025-11-28T13:33:31","modified_gmt":"2025-11-28T12:33:31","slug":"bang-leader-80000","status":"publish","type":"product","link":"https:\/\/apexvape.de\/pl\/product\/bang-leader-80000\/","title":{"rendered":"Bang Leader 80000 zaci\u0105gni\u0119\u0107 Jednorazowy vape"},"content":{"rendered":"<h1>Bang Leader 80000 zaci\u0105gni\u0119\u0107 Vape | 78 ml e-liquidu, bateria 850 mAh, potr\u00f3jny system aromatyzuj\u0105cy, podw\u00f3jna cewka, \u0142adowanie typu C<\/h1>\n<p>Jednorazowy vape Bang Leader 80000 zaci\u0105gni\u0119\u0107 3 w 1 z potr\u00f3jnym aromatem zapewnia imponuj\u0105ce 80 000 zaci\u0105gni\u0119\u0107 dzi\u0119ki unikalnemu systemowi potr\u00f3jnego smaku. Dzi\u0119ki 78 ml e-liquidu roz\u0142o\u017conego na 3 kapsu\u0142ki (po 26 ml ka\u017cda) urz\u0105dzenie to zapewnia dynamiczne doznania podczas wapowania z aromatami, kt\u00f3re mo\u017cna zmienia\u0107 w podr\u00f3\u017cy. Zasilany akumulatorem 850 mAh i cewk\u0105 siatkow\u0105 1,0 \u03a9, zapewnia p\u0142ynn\u0105 par\u0119 i wyj\u0105tkowy smak. Dost\u0119pny w wersjach 0%, 2%, 3% lub 5% nikotyny \u2013 Bang Leader 80000 zapewnia indywidualnie dostosowane do potrzeb do\u015bwiadczenie dla wszystkich u\u017cytkownik\u00f3w.<\/p>\n<h2>Bang Leader 80000 zaci\u0105gni\u0119\u0107 Najwa\u017cniejsze cechy<\/h2>\n<p>Bang Leader 80000 Z\u00fcge Vape na nowo definiuje wytrzyma\u0142o\u015b\u0107 dzi\u0119ki swojej wyj\u0105tkowej pojemno\u015bci do 80 000 zaci\u0105gni\u0119\u0107, wyznaczaj\u0105c tym samym nowy standard trwa\u0142o\u015bci w \u015bwiecie vapingowym. Zaprojektowany z my\u015bl\u0105 o wymagaj\u0105cych u\u017cytkownikach, kt\u00f3rzy nie id\u0105 na kompromisy, \u0142\u0105czy w sobie ogromn\u0105 moc z eleganckim, nowoczesnym designem, zapewniaj\u0105c zar\u00f3wno ilo\u015b\u0107, jak i wyj\u0105tkow\u0105 g\u0142\u0119bi\u0119 smaku podczas ka\u017cdej sesji.<\/p>\n<p>To, co naprawd\u0119 wyr\u00f3\u017cnia to urz\u0105dzenie, to innowacyjny system komory aromatycznej 3 w 1, kt\u00f3ry \u0142\u0105czy trzy r\u00f3\u017cne mieszanki e-liquidu w jednym urz\u0105dzeniu. Mo\u017cesz swobodnie zmienia\u0107 aromaty w ci\u0105gu dnia lub eksperymentowa\u0107, \u0142\u0105cz\u0105c je, aby stworzy\u0107 sw\u00f3j w\u0142asny, indywidualny profil smakowy i odkrywa\u0107 zupe\u0142nie nowe wymiary satysfakcji z ka\u017cdym zaci\u0105gni\u0119ciem. Dzi\u0119ki pojemno\u015bci 78 ml e-liquidu nie ma potrzeby ci\u0105g\u0142ego uzupe\u0142niania, a u\u017cytkownik mo\u017ce d\u0142u\u017cej korzysta\u0107 z urz\u0105dzenia bez przerw \u2013 idealne rozwi\u0105zanie dla wszystkich, kt\u00f3rzy wymagaj\u0105 rozszerzonej, nieprzerwanej pracy w dowolnym miejscu i czasie.<\/p>\n<p>To imponuj\u0105ce urz\u0105dzenie jest zasilane szybko \u0142adowaln\u0105 bateri\u0105 850 mAh z praktycznym z\u0142\u0105czem typu C, kt\u00f3ra zapewnia wiele godzin niezawodnej pracy i minimalny czas przestoju podczas \u0142adowania. Zaawansowany system podw\u00f3jnej cewki siatkowej 1,0 \u03a9 przenosi ka\u017cde zaci\u0105gni\u0119cie si\u0119 na nowy poziom, wytwarzaj\u0105c g\u0119st\u0105, aromatyczn\u0105 par\u0119 o jednolitej konsystencji od pierwszego do ostatniego zaci\u0105gni\u0119cia si\u0119, zachowuj\u0105c jednocze\u015bnie wysok\u0105 jako\u015b\u0107 przez ca\u0142y imponuj\u0105cy okres eksploatacji urz\u0105dzenia.<\/p>\n<p>Dost\u0119pny w wersjach o zawarto\u015bci nikotyny 0%, 2%, 3% i 5%, Bang Leader 80000 zaspokaja potrzeby ka\u017cdego typu u\u017cytkownika \u2013 od os\u00f3b poszukuj\u0105cych produkt\u00f3w bez nikotyny po do\u015bwiadczonych u\u017cytkownik\u00f3w, kt\u00f3rzy oczekuj\u0105 mocniejszego uderzenia. To wszechstronne, pot\u0119\u017cne urz\u0105dzenie, dostosowane do Twoich preferencji i nad\u0105\u017caj\u0105ce za Twoim stylem \u017cycia.<\/p>\n<h2>Dane techniczne<\/h2>\n<ul>\n<li><strong>Poci\u0105gi:<\/strong> Do 80 000 poci\u0105g\u00f3w<\/li>\n<li><strong>Nikotyna:<\/strong> 0% \/ 2% \/ 3% \/ 5%<\/li>\n<li><strong>Aromaty:<\/strong> System aromatyzuj\u0105cy 3 w 1<\/li>\n<li><strong>E-liquid:<\/strong> 78 ml wst\u0119pnie nape\u0142nione (3 kapsu\u0142ki, 26 ml + 26 ml + 26 ml)<\/li>\n<li><strong>Akumulator:<\/strong> 850 mAh, akumulator wielokrotnego \u0142adowania<\/li>\n<li><strong>Cewka:<\/strong> 1,0 \u03a9 siatka<\/li>\n<li><strong>Z\u0142\u0105cze \u0142adowania:<\/strong> Typ C<\/li>\n<li><strong>Dost\u0119pne smaki:<\/strong> 12<\/li>\n<\/ul>\n<h2>Bang Leader 80000 zaci\u0105gni\u0119\u0107 Lista smak\u00f3w<\/h2>\n<ol>\n<li>Arbuz lodowy\/truskawka i mango\/banan<\/li>\n<li>Mojito malinowe Brzoskwinia lodowa\/truskawka i arbuz\/kiwi Marakuja Guawa<\/li>\n<li>Truskawka i arbuz\/winogrono Ice\/Rainbow Candy<\/li>\n<li>Cola Ice\/jagoda malina\/brzoskwinia mango arbuz<\/li>\n<li>Jagoda Arbuz\/truskawka Mango\/czarna porzeczka<\/li>\n<li>Jagoda Ice\/Czarny Smok Ice\/Mango Brzoskwinia<\/li>\n<li>Jagoda lodowa\/truskawka i banan\/mieszanka jag\u00f3d<\/li>\n<li>Red Bull\/jagoda arbuz\/jab\u0142ko gruszka<\/li>\n<li>Red Bull\/arbuz Bubble Candy\/lody truskawkowe<\/li>\n<li>Truskawka Kiwi\/Brzoskwinia Ice\/Wi\u015bnia-Cola<\/li>\n<li>Kiwi Passion\/Litschi Ice\/Mango Brzoskwinia Ananas<\/li>\n<li>Awokado Ice\/Cytryna Limonka\/Arbuz Malina<\/li>\n<\/ol>\n<h2>Cz\u0119sto zadawane pytania dotycz\u0105ce jednorazowego vape'a Bang Leader 80000 3 w 1<\/h2>\n<p><strong>1. Ile \u0142\u0105cznie oferuje Bang Leader 80K?<\/strong><br \/>\nUrz\u0105dzenie zapewnia \u0142\u0105cznie do 80 000 zaci\u0105gni\u0119\u0107, przy czym ka\u017cdy z trzech wk\u0142ad\u00f3w zapewnia oko\u0142o 26 000+ zaci\u0105gni\u0119\u0107.<\/p>\n<p><strong>2. Co oznacza \u201e3 w 1\u201c?<\/strong><br \/>\nBang Leader 80K posiada potr\u00f3jny system aromat\u00f3w, kt\u00f3ry pozwala na prze\u0142\u0105czanie si\u0119 mi\u0119dzy 3 oddzielnymi wk\u0142adami e-liquidu, z kt\u00f3rych ka\u017cdy ma unikalny smak, za pomoc\u0105 dedykowanego mechanizmu wyboru.<\/p>\n<p><strong>3. Czy urz\u0105dzenie jest wielokrotnego \u0142adowania?<\/strong><br \/>\nTak. Jest zasilany akumulatorem o pojemno\u015bci 850 mAh i obs\u0142uguje szybkie \u0142adowanie typu C.<\/p>\n<p><strong>4. Jak prze\u0142\u0105cza\u0107 si\u0119 mi\u0119dzy aromatami?<\/strong><br \/>\nMo\u017cna zmienia\u0107 smaki, przesuwaj\u0105c prze\u0142\u0105cznik wyboru na urz\u0105dzeniu, kt\u00f3ry prze\u0142\u0105cza mi\u0119dzy trzema wbudowanymi kapsu\u0142kami.<\/p>\n<p><strong>5. Jak d\u0142ugo trwa \u0142adowanie urz\u0105dzenia?<\/strong><br \/>\nCzas \u0142adowania wynosi zazwyczaj oko\u0142o 60\u201390 minut przy u\u017cyciu z\u0142\u0105cza typu C.<\/p>\n<p><strong>6. Czy jest odpowiedni dla pocz\u0105tkuj\u0105cych?<\/strong><br \/>\nTak. Jest aktywowany za pomoc\u0105 ci\u0105gu, nie ma przycisk\u00f3w i jest wst\u0119pnie nape\u0142niony \u2013 dzi\u0119ki temu jest niezwykle \u0142atwy w obs\u0142udze, nawet dla pocz\u0105tkuj\u0105cych u\u017cytkownik\u00f3w.<\/p>\n<h2>Odkryj wi\u0119cej produkt\u00f3w premium do wapowania<\/h2>\n<p>Bang Leader 80000 zaci\u0105gni\u0119\u0107 to tylko jeden z wielu wysokiej jako\u015bci jednorazowych vape'\u00f3w w naszej ofercie. Odwied\u017a nasz\u0105 stron\u0119 internetow\u0105. <strong><a href=\"https:\/\/apexvape.de\/pl\/\">Strona g\u0142\u00f3wna<\/a><\/strong>, aby odkry\u0107 pe\u0142n\u0105 gam\u0119 produkt\u00f3w do wapowania klasy premium, lub zapoznaj si\u0119 z nasz\u0105 ofert\u0105 <strong><a href=\"https:\/\/apexvape.de\/pl\/product-category\/bang-vape\/\">Kategoria BANG VAPE<\/a><\/strong> dla kolejnych innowacyjnych urz\u0105dze\u0144 z serii Bang, charakteryzuj\u0105cych si\u0119 wyj\u0105tkow\u0105 wydajno\u015bci\u0105 i r\u00f3\u017cnorodno\u015bci\u0105 smak\u00f3w. W Apex Vape zawsze znajdziesz najnowsze i najlepsze rozwi\u0105zania w zakresie vaping\u00f3w, dostosowane do ka\u017cdej potrzeby.<\/p>","protected":false},"excerpt":{"rendered":"<p class=\"font-claude-response-body whitespace-normal break-words\">Bang Leader 80000 rewolucjonizuje wapowanie dzi\u0119ki 80 000 zaci\u0105gni\u0119\u0107 i innowacyjnemu systemowi aromat\u00f3w 3 w 1. 78 ml e-liquidu w 3 wymiennych kapsu\u0142kach, akumulator 850 mAh z szybkim \u0142adowaniem typu C i cewki Dual Mesh 1,0 \u03a9 gwarantuj\u0105 intensywny smak. St\u0119\u017cenia nikotyny 0-5% \u2013 maksymalna wszechstronno\u015b\u0107 dla wymagaj\u0105cych u\u017cytkownik\u00f3w.<\/p>","protected":false},"featured_media":4128,"comment_status":"open","ping_status":"closed","template":"","meta":[],"product_brand":[],"product_cat":[76],"product_tag":[],"class_list":{"0":"post-4127","1":"product","2":"type-product","3":"status-publish","4":"has-post-thumbnail","6":"product_cat-bang-vape","8":"first","9":"instock","10":"shipping-taxable","11":"purchasable","12":"product-type-variable"},"_links":{"self":[{"href":"https:\/\/apexvape.de\/pl\/wp-json\/wp\/v2\/product\/4127","targetHints":{"allow":["GET"]}}],"collection":[{"href":"https:\/\/apexvape.de\/pl\/wp-json\/wp\/v2\/product"}],"about":[{"href":"https:\/\/apexvape.de\/pl\/wp-json\/wp\/v2\/types\/product"}],"replies":[{"embeddable":true,"href":"https:\/\/apexvape.de\/pl\/wp-json\/wp\/v2\/comments?post=4127"}],"version-history":[{"count":0,"href":"https:\/\/apexvape.de\/pl\/wp-json\/wp\/v2\/product\/4127\/revisions"}],"wp:featuredmedia":[{"embeddable":true,"href":"https:\/\/apexvape.de\/pl\/wp-json\/wp\/v2\/media\/4128"}],"wp:attachment":[{"href":"https:\/\/apexvape.de\/pl\/wp-json\/wp\/v2\/media?parent=4127"}],"wp:term":[{"taxonomy":"product_brand","embeddable":true,"href":"https:\/\/apexvape.de\/pl\/wp-json\/wp\/v2\/product_brand?post=4127"},{"taxonomy":"product_cat","embeddable":true,"href":"https:\/\/apexvape.de\/pl\/wp-json\/wp\/v2\/product_cat?post=4127"},{"taxonomy":"product_tag","embeddable":true,"href":"https:\/\/apexvape.de\/pl\/wp-json\/wp\/v2\/product_tag?post=4127"}],"curies":[{"name":"wp","href":"https:\/\/api.w.org\/{rel}","templated":true}]}}