{"id":4058,"date":"2025-11-28T13:24:36","date_gmt":"2025-11-28T12:24:36","guid":{"rendered":"https:\/\/apexvape.de\/?post_type=product&#038;p=4058"},"modified":"2025-11-28T13:25:35","modified_gmt":"2025-11-28T12:25:35","slug":"bang-leader-18000","status":"publish","type":"product","link":"https:\/\/apexvape.de\/pl\/product\/bang-leader-18000\/","title":{"rendered":"Bang Leader 18000 zaci\u0105gni\u0119\u0107 Jednorazowy vape"},"content":{"rendered":"<h1>Bang Leader 18000 zaci\u0105gni\u0119\u0107 \u2013 wielokrotnego \u0142adowania jednorazowy e-papieros w sprzeda\u017cy hurtowej<\/h1>\n<p>Der <strong>Bang Leader 18000<\/strong> wyznacza nowe standardy w dziedzinie jednorazowych vape'\u00f3w i jest skierowany do u\u017cytkownik\u00f3w, kt\u00f3rzy ceni\u0105 sobie wyj\u0105tkow\u0105 trwa\u0142o\u015b\u0107 i intensywne doznania smakowe. Wyr\u00f3\u017cniaj\u0105c\u0105 cech\u0105 jest imponuj\u0105ca <strong>Pojemno\u015b\u0107 18 000 poci\u0105g\u00f3w<\/strong>, co pozwala na znacznie d\u0142u\u017csze u\u017cytkowanie ni\u017c w przypadku tradycyjnych urz\u0105dze\u0144 jednorazowego u\u017cytku. Urz\u0105dzenie to, wyposa\u017cone w pojemny zbiornik na e-liquid i wydajn\u0105 wbudowan\u0105 bateri\u0119, zosta\u0142o zaprojektowane z my\u015bl\u0105 o d\u0142ugotrwa\u0142ym, nieskomplikowanym u\u017cytkowaniu. Smuk\u0142a, ergonomiczna konstrukcja i przyjazny dla u\u017cytkownika mechanizm automatycznego zaci\u0105gania sprawiaj\u0105, \u017ce <strong>Bang Leader Vape 18000<\/strong> Przekonuj\u0105cy wyb\u00f3r dla u\u017cytkownik\u00f3w e-papieros\u00f3w, kt\u00f3rzy poszukuj\u0105 solidnego i wydajnego rozwi\u0105zania typu \u201ewszystko w jednym\u201d, niewymagaj\u0105cego konserwacji.<\/p>\n<h2>Bang Leader 18000 zaci\u0105gni\u0119\u0107 \u2013 najwa\u017cniejsze zalety<\/h2>\n<p>Urz\u0105dzenie oferuje elastyczne poziomy nikotyny: 0 %, 2 %, 3 % lub 5 %, dzi\u0119ki czemu mo\u017cna indywidualnie dostosowa\u0107 wra\u017cenia z vapowania \u2013 niezale\u017cnie od tego, czy chcesz ca\u0142kowicie zrezygnowa\u0107 z nikotyny, stopniowo zmniejsza\u0107 jej spo\u017cycie, czy te\u017c przej\u015b\u0107 z tradycyjnych papieros\u00f3w na e-papierosy. Ka\u017cda opcja jest dostosowana do Twojego aktualnego etapu podr\u00f3\u017cy w \u015bwiecie wapowania.<\/p>\n<p>Zaprojektowane z my\u015bl\u0105 o maksymalnej trwa\u0142o\u015bci, urz\u0105dzenie to zapewnia imponuj\u0105c\u0105 <strong>18 000 poci\u0105g\u00f3w<\/strong>, co eliminuje konieczno\u015b\u0107 cz\u0119stego kupowania zamiennik\u00f3w i zmniejsza ilo\u015b\u0107 odpad\u00f3w. Przez ca\u0142y okres przed\u0142u\u017conej \u017cywotno\u015bci mo\u017cna polega\u0107 na sta\u0142ej wydajno\u015bci \u2013 idealnej do codziennego u\u017cytku.<\/p>\n<p>Der <strong>Akumulator 650 mAh (\u0142adowalny)<\/strong> zapewnia ca\u0142odzienn\u0105 moc po jednym \u0142adowaniu. Je\u015bli jednak konieczne b\u0119dzie ponowne na\u0142adowanie, <strong>Z\u0142\u0105cze typu C<\/strong> w zaledwie 30 minut do pe\u0142nej wydajno\u015bci. Wzmocnione przez <strong>Cewki siatkowe 1,0 oma<\/strong> Urz\u0105dzenie maksymalizuje produkcj\u0119 pary i intensywno\u015b\u0107 smaku dzi\u0119ki powi\u0119kszonej powierzchni grzewczej i zapewnia g\u0142adkie, satysfakcjonuj\u0105ce chmury przy ka\u017cdym zaci\u0105gni\u0119ciu.<\/p>\n<p>Elegancki design idealnie \u0142\u0105czy form\u0119 i funkcjonalno\u015b\u0107 \u2013 naturalnie le\u017cy w d\u0142oni i bez problemu mie\u015bci si\u0119 w torbie. To przemy\u015blane rzemios\u0142o dostosowane do codziennego \u017cycia, \u0142\u0105cz\u0105ce wygod\u0119 z praktyczno\u015bci\u0105.<\/p>\n<h2>Dane techniczne<\/h2>\n<ul>\n<li><strong>Liczba ruch\u00f3w:<\/strong> 18.000<\/li>\n<li><strong>Pojemno\u015b\u0107 akumulatora:<\/strong> 650 mAh<\/li>\n<li><strong>Rezystancja cewki:<\/strong> 1,0 om<\/li>\n<li><strong>Z\u0142\u0105cze \u0142adowania:<\/strong> Typ C<\/li>\n<li><strong>Waga:<\/strong> 67 g<\/li>\n<\/ul>\n<h2>Smaki<\/h2>\n<ol>\n<li>Truskawka Kiwi (truskawka kiwi)<\/li>\n<li>Strawberry Watermelon (truskawka arbuz)<\/li>\n<li>Red Bull<\/li>\n<li>Mixed Fruits (Mieszanka owoc\u00f3w)<\/li>\n<li>Blueberry Raspberry (jagoda malina)<\/li>\n<li>Blueberry Watermelon (jagoda i arbuz)<\/li>\n<li>Grape Ice (lody winogronowe)<\/li>\n<li>Raspberry Mojito Peach Ice (malinowy mojito brzoskwiniowy l\u00f3d)<\/li>\n<li>Watermelon Ice (lody arbuzowe)<\/li>\n<li>Raspberry Watermelon (malina arbuz)<\/li>\n<li>Cola Ice (Cola lodowa)<\/li>\n<li>Mango Peach Watermelon (mango, brzoskwinia, arbuz)<\/li>\n<\/ol>\n<h2>Cz\u0119sto zadawane pytania (FAQ)<\/h2>\n<p><strong>1. Ile poci\u0105g\u00f3w oferuje Bang Leader 18000?<\/strong><br \/>\nUrz\u0105dzenie zapewnia do 18 000 zaci\u0105gni\u0119\u0107, dzi\u0119ki czemu u\u017cytkownicy mog\u0105 cieszy\u0107 si\u0119 d\u0142ugotrwa\u0142ym u\u017cytkowaniem bez konieczno\u015bci cz\u0119stej wymiany.<\/p>\n<p><strong>2. Czy Bang Leader 18000 wymaga konfiguracji?<\/strong><br \/>\nNie, konfiguracja nie jest wymagana. Wystarczy otworzy\u0107 opakowanie i od razu mo\u017cna korzysta\u0107 z urz\u0105dzenia.<\/p>\n<p><strong>3. Czy obs\u0142ugiwane jest \u0142adowanie typu C?<\/strong><br \/>\nTak. Urz\u0105dzenie posiada z\u0142\u0105cze typu C, dzi\u0119ki czemu \u0142adowanie jest szybsze i wygodniejsze.<\/p>\n<p><strong>4. Czy dost\u0119pne s\u0105 r\u00f3\u017cne poziomy nikotyny?<\/strong><br \/>\nTak. Produkt jest dost\u0119pny w wersjach 0 %, 2 %, 3 % i 5 %, dzi\u0119ki czemu u\u017cytkownicy mog\u0105 wybra\u0107 odpowiedni\u0105 dla siebie moc.<\/p>\n<h2 class=\"font-claude-response-heading text-text-100 mt-1 -mb-0.5\">Odkryj wi\u0119cej e-papieros\u00f3w premium<\/h2>\n<p class=\"font-claude-response-body whitespace-normal break-words\">Bang Leader 18000 jest cz\u0119\u015bci\u0105 naszej szerokiej gamy wysokiej jako\u015bci produkt\u00f3w do wapowania. Odwied\u017a nasz\u0105 stron\u0119 internetow\u0105 <strong><a class=\"underline\" href=\"https:\/\/apexvape.de\/pl\/\">Strona g\u0142\u00f3wna<\/a><\/strong>, aby zapozna\u0107 si\u0119 z pe\u0142n\u0105 ofert\u0105 e-papieros\u00f3w, akcesori\u00f3w i ofert specjalnych. Aby zapozna\u0107 si\u0119 z innymi innowacyjnymi modelami tej marki, polecamy zajrze\u0107 do naszego <strong><a class=\"underline\" href=\"https:\/\/apexvape.de\/pl\/product-category\/bang-vape\/\">Kategoria BANG VAPE<\/a><\/strong>, gdzie znajdziesz szeroki wyb\u00f3r wydajnych jednorazowych vape'\u00f3w o r\u00f3\u017cnej liczbie zaci\u0105gni\u0119\u0107, smakach i zawarto\u015bci nikotyny. W Apexvape.de oferujemy najwy\u017csz\u0105 jako\u015b\u0107, szybk\u0105 wysy\u0142k\u0119 i kompetentne doradztwo, aby zapewni\u0107 Ci idealne wra\u017cenia podczas wapowania.<\/p>","protected":false},"excerpt":{"rendered":"<p class=\"font-claude-response-body whitespace-normal break-words\">Bang Leader 18000 oferuje niezwyk\u0142e 18 000 zaci\u0105gni\u0119\u0107 w jednym, wielokrotnego \u0142adowania urz\u0105dzeniu jednorazowego u\u017cytku. Dzi\u0119ki akumulatorowi o pojemno\u015bci 650 mAh, cewkom siatkowym 1,0 ohm i szybkiemu \u0142adowaniu typu C mo\u017cesz cieszy\u0107 si\u0119 intensywnymi smakami i d\u0142ugotrwa\u0142\u0105 przyjemno\u015bci\u0105 z wapowania. Ergonomiczna konstrukcja, elastyczne st\u0119\u017cenia nikotyny (0-5%) \u2013 idealny wyb\u00f3r dla wymagaj\u0105cych u\u017cytkownik\u00f3w.<\/p>","protected":false},"featured_media":4059,"comment_status":"open","ping_status":"closed","template":"","meta":[],"product_brand":[],"product_cat":[76],"product_tag":[],"class_list":{"0":"post-4058","1":"product","2":"type-product","3":"status-publish","4":"has-post-thumbnail","6":"product_cat-bang-vape","8":"first","9":"instock","10":"shipping-taxable","11":"purchasable","12":"product-type-variable"},"_links":{"self":[{"href":"https:\/\/apexvape.de\/pl\/wp-json\/wp\/v2\/product\/4058","targetHints":{"allow":["GET"]}}],"collection":[{"href":"https:\/\/apexvape.de\/pl\/wp-json\/wp\/v2\/product"}],"about":[{"href":"https:\/\/apexvape.de\/pl\/wp-json\/wp\/v2\/types\/product"}],"replies":[{"embeddable":true,"href":"https:\/\/apexvape.de\/pl\/wp-json\/wp\/v2\/comments?post=4058"}],"version-history":[{"count":0,"href":"https:\/\/apexvape.de\/pl\/wp-json\/wp\/v2\/product\/4058\/revisions"}],"wp:featuredmedia":[{"embeddable":true,"href":"https:\/\/apexvape.de\/pl\/wp-json\/wp\/v2\/media\/4059"}],"wp:attachment":[{"href":"https:\/\/apexvape.de\/pl\/wp-json\/wp\/v2\/media?parent=4058"}],"wp:term":[{"taxonomy":"product_brand","embeddable":true,"href":"https:\/\/apexvape.de\/pl\/wp-json\/wp\/v2\/product_brand?post=4058"},{"taxonomy":"product_cat","embeddable":true,"href":"https:\/\/apexvape.de\/pl\/wp-json\/wp\/v2\/product_cat?post=4058"},{"taxonomy":"product_tag","embeddable":true,"href":"https:\/\/apexvape.de\/pl\/wp-json\/wp\/v2\/product_tag?post=4058"}],"curies":[{"name":"wp","href":"https:\/\/api.w.org\/{rel}","templated":true}]}}