{"id":3990,"date":"2025-11-27T14:22:01","date_gmt":"2025-11-27T13:22:01","guid":{"rendered":"https:\/\/apexvape.de\/?post_type=product&#038;p=3990"},"modified":"2025-11-27T14:22:36","modified_gmt":"2025-11-27T13:22:36","slug":"bang-legend-150k","status":"publish","type":"product","link":"https:\/\/apexvape.de\/pl\/product\/bang-legend-150k\/","title":{"rendered":"Bang Legend 150K zaci\u0105gni\u0119\u0107 Jednorazowy vape"},"content":{"rendered":"<h1>Bang Legend 150K | 150 000 zaci\u0105gni\u0119\u0107 6 smak\u00f3w w 1 d\u0142ugotrwa\u0142ym jednorazowym e-papierosie o wielu smakach<\/h1>\n<p>Jednorazowy e-papieros Bang Legend 150K z funkcj\u0105 6 w 1 wyznacza nowe standardy, oferuj\u0105c do 150 000 zaci\u0105gni\u0119\u0107 i rewolucyjny system trzech zbiornik\u00f3w. Dzi\u0119ki trzem poziomom nikotyny (0%\/2%\/3%\/5%) i sze\u015bciu trybom aromat\u00f3w zapewnia niezr\u00f3wnan\u0105 indywidualizacj\u0119. Cewka siatkowa zapewnia intensywne doznania smakowe, a inteligentny wy\u015bwietlacz LED i akumulator 850 mAh zapewniaj\u0105 kontrol\u0119 i d\u0142ug\u0105 \u017cywotno\u015b\u0107. Idealny dla entuzjast\u00f3w wapowania i sprzedawc\u00f3w.<\/p>\n<h2>Bang Legend 150K G\u0142\u00f3wne cechy:<\/h2>\n<p>Bang Legend 150K reprezentuje now\u0105 generacj\u0119 wysokowydajnych urz\u0105dze\u0144 do wapowania i zapewnia niezr\u00f3wnan\u0105 liczb\u0119 150 000 zaci\u0105gni\u0119\u0107, zapewniaj\u0105c wyj\u0105tkowo d\u0142ugotrwa\u0142e doznania, kt\u00f3re przewy\u017cszaj\u0105 wszelkie oczekiwania. Zaprojektowane z my\u015bl\u0105 o u\u017cytkownikach, kt\u00f3rzy wymagaj\u0105 wydajno\u015bci, smaku i wyj\u0105tkowej trwa\u0142o\u015bci, urz\u0105dzenie to oferuje pe\u0142n\u0105 mo\u017cliwo\u015b\u0107 dostosowania dzi\u0119ki nikotynie o st\u0119\u017ceniu 0%, 2%, 3% i 5%, co zapewnia pe\u0142n\u0105 kontrol\u0119 nad intensywno\u015bci\u0105 wapowania, a elegancka, zaawansowana konstrukcja \u0142\u0105czy w sobie efektowny styl z solidn\u0105 budow\u0105, gwarantuj\u0105c p\u0142ynne i satysfakcjonuj\u0105ce doznania przy ka\u017cdym zaci\u0105gni\u0119ciu.<\/p>\n<p>Do\u015bwiadcz niezr\u00f3wnanej r\u00f3\u017cnorodno\u015bci smak\u00f3w dzi\u0119ki innowacyjnemu systemowi aromat\u00f3w 6 w 1, kt\u00f3ry oferuje sze\u015b\u0107 regulowanych tryb\u00f3w \u2013 A, B, C, A+B, A+C i B+C \u2013 i daje Ci swobod\u0119 odkrywania niesko\u0144czonych preferencji smakowych. Rewolucyjny system trzech zbiornik\u00f3w umo\u017cliwia dynamiczne kombinacje wielu aromat\u00f3w, dzi\u0119ki czemu mo\u017cna cieszy\u0107 si\u0119 pojedynczymi smakami lub tworzy\u0107 indywidualne mieszanki, kt\u00f3re zapewniaj\u0105 \u015bwie\u017cy, ekscytuj\u0105cy i satysfakcjonuj\u0105cy smak przy ka\u017cdym zaci\u0105gni\u0119ciu, a wysokowydajna cewka siatkowa poprawia g\u0142adko\u015b\u0107 pary, zwi\u0119ksza g\u0142\u0119bi\u0119 smaku i zapewnia natychmiastowe nagrzewanie, zapewniaj\u0105c pe\u0142ny smak przy ka\u017cdym zaci\u0105gni\u0119ciu.<\/p>\n<p>Nap\u0119dzany wytrzyma\u0142\u0105 bateri\u0105 wielokrotnego \u0142adowania o pojemno\u015bci 850 mAh, Bang Legend 150K zapewnia niezawodn\u0105 wydajno\u015b\u0107 podczas d\u0142ugich sesji, a szybkie i wygodne \u0142adowanie za pomoc\u0105 nowoczesnego z\u0142\u0105cza typu C minimalizuje przestoje. Inteligentny wy\u015bwietlacz LED wyra\u017anie pokazuje informacje w czasie rzeczywistym dotycz\u0105ce liczby zaci\u0105gni\u0119\u0107 i poziomu na\u0142adowania akumulatora, zapewniaj\u0105c inteligentniejsz\u0105 kontrol\u0119 i pe\u0142n\u0105 przejrzysto\u015b\u0107, dzi\u0119ki czemu mo\u017cna monitorowa\u0107 wzorce u\u017cytkowania i planowa\u0107 z pewno\u015bci\u0105 i \u0142atwo\u015bci\u0105.<\/p>\n<p>Dost\u0119pny w 12 pysznych, profesjonalnie skomponowanych smakach, kt\u00f3re zaspokoj\u0105 ka\u017cde podniebienie i preferencje, Bang Legend 150K jest dostarczany w praktycznych opakowaniach po 10 sztuk, co czyni go idealnym rozwi\u0105zaniem dla detalist\u00f3w i hurtownik\u00f3w poszukuj\u0105cych produkt\u00f3w premium. To wyj\u0105tkowe urz\u0105dzenie w mistrzowski spos\u00f3b \u0142\u0105czy w sobie najnowocze\u015bniejsz\u0105 technologi\u0119, niezwyk\u0142\u0105 r\u00f3\u017cnorodno\u015b\u0107 smak\u00f3w i bezkompromisow\u0105 trwa\u0142o\u015b\u0107 w jednym, najlepszym rozwi\u0105zaniu dla vaper\u00f3w, czyni\u0105c je ostatecznym wyborem dla wymagaj\u0105cych u\u017cytkownik\u00f3w, kt\u00f3rzy nie zadowalaj\u0105 si\u0119 niczym mniej ni\u017c wyj\u0105tkowymi, w pe\u0142ni dostosowywalnymi i nieko\u0144cz\u0105cymi si\u0119 wra\u017ceniami z vapowania.<\/p>\n<h2>Dane techniczne:<\/h2>\n<p><strong>Moc nikotyny:<\/strong> 0% \/ 2% \/ 3% \/ 5%<br \/>\n<strong>Liczba poci\u0105g\u00f3w:<\/strong> 150 000 poci\u0105g\u00f3w<br \/>\n<strong>System zbiornik\u00f3w:<\/strong> 3 zbiorniki<br \/>\n<strong>Akumulator:<\/strong> 850 mAh, akumulator wielokrotnego \u0142adowania<br \/>\n<strong>Z\u0142\u0105cze \u0142adowania:<\/strong> Typ C<br \/>\n<strong>Cewka:<\/strong> Cewka siatkowa<br \/>\n<strong>Wy\u015bwietlacz:<\/strong> Inteligentny wy\u015bwietlacz LED (licznik poci\u0105gni\u0119\u0107, akumulator, e-liquid)<br \/>\n<strong>G\u0142\u00f3wna cecha:<\/strong> 6 tryb\u00f3w aromatu (A, B, C, A+B, A+C, B+C)<br \/>\n<strong>Opakowanie:<\/strong> 10 sztuk\/opakowanie<\/p>\n<h2>Bang Legend 150K Lista smak\u00f3w:<\/h2>\n<ol>\n<li>Brzoskwinia Ice\/Mango Brzoskwinia\/Jagoda Brzoskwinia<\/li>\n<li>Ananas Ice\/Ananas Kokos\/Kiwi Ananas Ice<\/li>\n<li>Winogrono Ice\/Guma do \u017cucia o smaku winogronowym\/Malina Winogrono<\/li>\n<li>Arbuz lodowy\/Arbuz jagodowy\/Truskawkowy arbuz<\/li>\n<li>Jagoda lodowa\/Jagoda malina\/Jagoda \u017curawina wi\u015bnia<\/li>\n<li>Banana Ice\/Truskawka Banana\/Kwas cytrynowy Pomara\u0144cza<\/li>\n<li>Jab\u0142ko Ice\/Jab\u0142ko Winogrono\/Jagoda Winogrono<\/li>\n<li>Mango Ice\/Brzoskwinia Mango Arbuz\/\u017belki<\/li>\n<li>Wi\u015bnia Ice\/Mieszanka jag\u00f3d\/Czerwona cola<\/li>\n<li>Red Bull\/Arbuz Gumy do \u017cucia\/Love 66<\/li>\n<li>Truskawka Ice\/Truskawka Kiwi\/Truskawka Liczi<\/li>\n<li>Marakuja\/guawa Limonka\/marakuja Cytryna<\/li>\n<\/ol>\n<h2>Cz\u0119sto zadawane pytania dotycz\u0105ce Bang Legend 150K<\/h2>\n<p><strong>F1: Ile zaci\u0105gni\u0119\u0107 oferuje Bang Legend 150K?<\/strong><br \/>\nO: Bang Legend 150K zapewnia do 150 000 zaci\u0105gni\u0119\u0107, oferuj\u0105c tym samym jedno z najd\u0142u\u017cszych do\u015bwiadcze\u0144 wapowania w bran\u017cy.<\/p>\n<p><strong>Pytanie 2: Czym Bang Legend 150K r\u00f3\u017cni si\u0119 od innych jednorazowych e-papieros\u00f3w?<\/strong><br \/>\nO: Urz\u0105dzenie posiada system aromat\u00f3w 6 w 1 z 3 niezale\u017cnymi komorami na p\u0142yn, kt\u00f3ry pozwala cieszy\u0107 si\u0119 sze\u015bcioma r\u00f3\u017cnymi kombinacjami smak\u00f3w w jednym urz\u0105dzeniu \u2013 wraz z inteligentnym wy\u015bwietlaczem LED, regulowanym przep\u0142ywem powietrza i \u0142adowaniem typu C.<\/p>\n<p><strong>Pytanie 3: Jak dzia\u0142a system 6 w 1?<\/strong><br \/>\nO: Ka\u017cda komora na p\u0142yn zawiera dwa czyste aromaty, kt\u00f3re mo\u017cna zmienia\u0107 lub miesza\u0107, uzyskuj\u0105c w ten spos\u00f3b sze\u015b\u0107 r\u00f3\u017cnych dozna\u0144 smakowych. Aby cieszy\u0107 si\u0119 ulubionym smakiem, wystarczy prze\u0142\u0105cza\u0107 si\u0119 mi\u0119dzy trybami aromat\u00f3w.<\/p>\n<p><strong>Pytanie 4: Czy Bang Legend 150K jest \u0142adowalny?<\/strong><br \/>\nO: Tak! Posiada akumulator o du\u017cej pojemno\u015bci i funkcj\u0119 szybkiego \u0142adowania typu C, kt\u00f3re zapewniaj\u0105 ci\u0105g\u0142\u0105 wydajno\u015b\u0107 przez wszystkie 150 000 zaci\u0105gni\u0119\u0107.<\/p>\n<p><strong>F5: Czy urz\u0105dzenie wy\u015bwietla poziom na\u0142adowania baterii i poziom e-p\u0142ynu?<\/strong><br \/>\nO: Tak, posiada inteligentny ekran HD, kt\u00f3ry wy\u015bwietla poziom na\u0142adowania baterii, stan e-liquidu i liczb\u0119 zaci\u0105gni\u0119\u0107, zapewniaj\u0105c informacje w czasie rzeczywistym.<\/p>\n<h2>Odkryj wi\u0119cej produkt\u00f3w premium do wapowania<\/h2>\n<p>Bang Legend 150K jest cz\u0119\u015bci\u0105 naszej szerokiej oferty wysokiej jako\u015bci jednorazowych e-papieros\u00f3w. Odwied\u017a nasz\u0105 stron\u0119 internetow\u0105. <strong><a href=\"https:\/\/apexvape.de\/pl\/\">Strona g\u0142\u00f3wna<\/a><\/strong> , aby zapozna\u0107 si\u0119 z pe\u0142n\u0105 ofert\u0105 produkt\u00f3w premium do wapowania oraz ekskluzywnymi ofertami. Je\u015bli interesuj\u0105 Ci\u0119 innowacyjne urz\u0105dzenia Bang Vape, zapoznaj si\u0119 z nasz\u0105 pe\u0142n\u0105 ofert\u0105. <strong><a href=\"https:\/\/apexvape.de\/pl\/product-category\/bang-vape\/\">Kolekcja BANG VAPE<\/a><\/strong> z najnowszymi modelami i smakami. W Apex Vape na pewno znajdziesz idealne urz\u0105dzenie do wapowania, kt\u00f3re spe\u0142ni Twoje indywidualne potrzeby \u2013 z szybk\u0105 wysy\u0142k\u0105 i pierwszorz\u0119dn\u0105 obs\u0142ug\u0105 klienta.<\/p>","protected":false},"excerpt":{"rendered":"<p class=\"font-claude-response-body whitespace-normal break-words\">E-papieros Bang Legend 150K zapewnia rekordow\u0105 liczb\u0119 150 000 zaci\u0105gni\u0119\u0107 dzi\u0119ki rewolucyjnemu systemowi aromat\u00f3w 6 w 1 i konstrukcji z 3 zbiornikami. Wyposa\u017cony w cewk\u0119 siatkow\u0105, akumulator 850 mAh, inteligentny wy\u015bwietlacz LED i \u0142adowanie USB-C. Moc nikotyny 0-5%. 12 smak\u00f3w premium dla niesko\u0144czonych kombinacji.<\/p>","protected":false},"featured_media":3991,"comment_status":"open","ping_status":"closed","template":"","meta":[],"product_brand":[],"product_cat":[76],"product_tag":[],"class_list":{"0":"post-3990","1":"product","2":"type-product","3":"status-publish","4":"has-post-thumbnail","6":"product_cat-bang-vape","8":"first","9":"instock","10":"shipping-taxable","11":"purchasable","12":"product-type-variable"},"_links":{"self":[{"href":"https:\/\/apexvape.de\/pl\/wp-json\/wp\/v2\/product\/3990","targetHints":{"allow":["GET"]}}],"collection":[{"href":"https:\/\/apexvape.de\/pl\/wp-json\/wp\/v2\/product"}],"about":[{"href":"https:\/\/apexvape.de\/pl\/wp-json\/wp\/v2\/types\/product"}],"replies":[{"embeddable":true,"href":"https:\/\/apexvape.de\/pl\/wp-json\/wp\/v2\/comments?post=3990"}],"version-history":[{"count":0,"href":"https:\/\/apexvape.de\/pl\/wp-json\/wp\/v2\/product\/3990\/revisions"}],"wp:featuredmedia":[{"embeddable":true,"href":"https:\/\/apexvape.de\/pl\/wp-json\/wp\/v2\/media\/3991"}],"wp:attachment":[{"href":"https:\/\/apexvape.de\/pl\/wp-json\/wp\/v2\/media?parent=3990"}],"wp:term":[{"taxonomy":"product_brand","embeddable":true,"href":"https:\/\/apexvape.de\/pl\/wp-json\/wp\/v2\/product_brand?post=3990"},{"taxonomy":"product_cat","embeddable":true,"href":"https:\/\/apexvape.de\/pl\/wp-json\/wp\/v2\/product_cat?post=3990"},{"taxonomy":"product_tag","embeddable":true,"href":"https:\/\/apexvape.de\/pl\/wp-json\/wp\/v2\/product_tag?post=3990"}],"curies":[{"name":"wp","href":"https:\/\/api.w.org\/{rel}","templated":true}]}}