{"id":3924,"date":"2025-11-27T14:08:12","date_gmt":"2025-11-27T13:08:12","guid":{"rendered":"https:\/\/apexvape.de\/?post_type=product&#038;p=3924"},"modified":"2025-11-27T14:09:10","modified_gmt":"2025-11-27T13:09:10","slug":"bang-legend-120k","status":"publish","type":"product","link":"https:\/\/apexvape.de\/pl\/product\/bang-legend-120k\/","title":{"rendered":"Bang Legend 120K zaci\u0105gni\u0119\u0107 Jednorazowy vape"},"content":{"rendered":"<p>&nbsp;<\/p>\n<h1><strong>Bang Legend 120K 5 w 1 120000 zaci\u0105gni\u0119\u0107 | Wielosmakowy, regulowany e-papieros dost\u0119pny w sprzeda\u017cy hurtowej<\/strong><\/h1>\n<p>Bang Legend 120K Z\u00fcge 5-in-1 jednorazowy e-papieros to wysokiej jako\u015bci urz\u0105dzenie o ogromnej pojemno\u015bci, stworzone z my\u015bl\u0105 o mi\u0142o\u015bnikach smaku i intensywnych u\u017cytkownikach. Dzi\u0119ki 120 000 zaci\u0105gni\u0119\u0107, zbiornikowi na p\u0142yn o pojemno\u015bci 50 ml i systemowi smak\u00f3w 5 w 1 oferuje niezr\u00f3wnan\u0105 wszechstronno\u015b\u0107 i zapewnia do 5 r\u00f3\u017cnych aromat\u00f3w w jednym urz\u0105dzeniu. Wyposa\u017cony w cewk\u0119 siatkow\u0105 1,0 \u03a9, akumulator 850 mAh i z\u0142\u0105cze szybkiego \u0142adowania typu C, zapewnia delikatn\u0105 par\u0119, d\u0142ugotrwa\u0142\u0105 wydajno\u015b\u0107 i najwy\u017cszy komfort. Dost\u0119pny w regulowanych st\u0119\u017ceniach nikotyny 0%, 2%, 3% i 5%.<\/p>\n<p><img decoding=\"async\" class=\"alignnone size-medium wp-image-3988\" src=\"https:\/\/apexvape.de\/wp-content\/uploads\/2025\/11\/\u4ea7\u54c1\u5408\u96c6\u56fe-300x120.jpg\" alt=\"Bang Legend 120K\" width=\"300\" height=\"120\" srcset=\"https:\/\/apexvape.de\/wp-content\/uploads\/2025\/11\/\u4ea7\u54c1\u5408\u96c6\u56fe-300x120.jpg 300w, https:\/\/apexvape.de\/wp-content\/uploads\/2025\/11\/\u4ea7\u54c1\u5408\u96c6\u56fe-1024x409.jpg 1024w, https:\/\/apexvape.de\/wp-content\/uploads\/2025\/11\/\u4ea7\u54c1\u5408\u96c6\u56fe-768x307.jpg 768w, https:\/\/apexvape.de\/wp-content\/uploads\/2025\/11\/\u4ea7\u54c1\u5408\u96c6\u56fe-1536x613.jpg 1536w, https:\/\/apexvape.de\/wp-content\/uploads\/2025\/11\/\u4ea7\u54c1\u5408\u96c6\u56fe-2048x817.jpg 2048w, https:\/\/apexvape.de\/wp-content\/uploads\/2025\/11\/\u4ea7\u54c1\u5408\u96c6\u56fe-18x7.jpg 18w, https:\/\/apexvape.de\/wp-content\/uploads\/2025\/11\/\u4ea7\u54c1\u5408\u96c6\u56fe-1200x479.jpg 1200w, https:\/\/apexvape.de\/wp-content\/uploads\/2025\/11\/\u4ea7\u54c1\u5408\u96c6\u56fe-150x60.jpg 150w\" sizes=\"(max-width: 300px) 100vw, 300px\" \/><\/p>\n<h2><strong>Bang Legend 120K \u2013 najwa\u017cniejsze cechy:<\/strong><\/h2>\n<p>Do\u015bwiadcz wyj\u0105tkowej wytrzyma\u0142o\u015bci pary dzi\u0119ki jednorazowemu e-papierosowi Bang Legend 120K, kt\u00f3ry oferuje imponuj\u0105c\u0105 pojemno\u015b\u0107 do 120 000 zaci\u0105gni\u0119\u0107 i wyznacza nowy standard trwa\u0142o\u015bci \u2013 bez konieczno\u015bci cz\u0119stej wymiany. Dost\u0119pny w wersjach o st\u0119\u017ceniu nikotyny 0%, 2%, 3% i 5%, urz\u0105dzenie to zaspokaja najr\u00f3\u017cniejsze preferencje. Rewolucyjna konstrukcja z pi\u0119cioma zbiornikami i 5 regulowanymi trybami smaku pozwala u\u017cytkownikom cieszy\u0107 si\u0119 wieloma smakami w jednym urz\u0105dzeniu i do\u015bwiadcza\u0107 w pe\u0142ni dostosowanej podr\u00f3\u017cy smakowej, kt\u00f3ra dostosowuje si\u0119 do nastroju i sprawia, \u017ce ka\u017cda sesja jest ekscytuj\u0105ca i \u015bwie\u017ca.<\/p>\n<p>Zaprojektowany z my\u015bl\u0105 o wyj\u0105tkowej wydajno\u015bci, Bang Legend 120K posiada zaawansowany system 5-mesh coil, kt\u00f3ry zapewnia \u0142agodn\u0105, intensywn\u0105 i nieprzerwan\u0105 aromatyczn\u0105 par\u0119 o doskona\u0142ej wydajno\u015bci grzewczej i produkcji chmur. Zasilane wytrzyma\u0142\u0105 bateri\u0105 o pojemno\u015bci 850 mAh, urz\u0105dzenie to zapewnia niezawodn\u0105, d\u0142ugotrwa\u0142\u0105 wydajno\u015b\u0107 podczas d\u0142ugich sesji wapowania i oferuje moc niezb\u0119dn\u0105 do obs\u0142ugi imponuj\u0105cej pojemno\u015bci zaci\u0105gni\u0119\u0107 bez utraty jako\u015bci lub sp\u00f3jno\u015bci.<\/p>\n<p>B\u0105d\u017a zawsze na bie\u017c\u0105co i zachowaj kontrol\u0119 dzi\u0119ki intuicyjnemu wy\u015bwietlaczowi LCD, kt\u00f3ry dostarcza aktualizowane w czasie rzeczywistym informacje o stanie baterii, liczniku zaci\u0105gni\u0119\u0107 i wybranym trybie smaku, zapewniaj\u0105c u\u017cytkownikom pe\u0142n\u0105 przejrzysto\u015b\u0107 i kontrol\u0119 nad sesjami. Ten inteligentny system monitorowania gwarantuje, \u017ce nigdy nie spotka Ci\u0119 \u017cadna niespodzianka i mo\u017cesz swobodnie planowa\u0107 u\u017cytkowanie, co maksymalizuje komfort i poprawia og\u00f3lne wra\u017cenia u\u017cytkownika.<\/p>\n<p>Idealny do u\u017cytku w\u0142asnego i sprzeda\u017cy hurtowej: Bang Legend 120K jest dostarczany w praktycznym opakowaniu zawieraj\u0105cym 10 sztuk i jest dost\u0119pny w 12 wysokiej jako\u015bci, mistrzowsko stworzonych smakach, kt\u00f3re zadowol\u0105 ka\u017cde podniebienie. Ten jednorazowy e-papieros \u0142\u0105czy w sobie niezr\u00f3wnan\u0105 wszechstronno\u015b\u0107, najwy\u017cszy komfort i wysok\u0105 jako\u015b\u0107 w eleganckim opakowaniu i jest idealnym wyborem dla wymagaj\u0105cych u\u017cytkownik\u00f3w, kt\u00f3rzy poszukuj\u0105 d\u0142ugotrwa\u0142ej satysfakcji, wyj\u0105tkowej r\u00f3\u017cnorodno\u015bci smak\u00f3w i naprawd\u0119 indywidualnych wra\u017ce\u0144, nie zadowalaj\u0105c si\u0119 przeci\u0119tno\u015bci\u0105.<\/p>\n<h2><strong>Dane techniczne:<\/strong><\/h2>\n<ul>\n<li>Liczba poci\u0105g\u00f3w: do 120 000 poci\u0105g\u00f3w<\/li>\n<li>Pojemno\u015b\u0107 p\u0142ynu: 50 ml<\/li>\n<li>Komory smakowe: system smakowy 5 w 1<\/li>\n<li>Typ cewki: cewka siatkowa 1,0 \u03a9<\/li>\n<li>Pojemno\u015b\u0107 akumulatora: 850 mAh, wielokrotnego \u0142adowania<\/li>\n<li>Z\u0142\u0105cze \u0142adowania: szybkie \u0142adowanie typu C<\/li>\n<li>Moc nikotyny: 0%, 2%, 3% lub 5%<\/li>\n<\/ul>\n<h2><strong>Bang Legend 120K Liczba zaci\u0105gni\u0119\u0107 Lista smak\u00f3w:<\/strong><\/h2>\n<ol>\n<li>Nap\u00f3j energetyczny\/jagoda Wi\u015bnia\/jab\u0142ko Winogrono\/arbuz Smoczy owoc\/mamba<\/li>\n<li>Nap\u00f3j energetyczny\/brzoskwinia lodowa\/mango lodowe\/\u017curawina winogronowa\/czarna porzeczka<\/li>\n<li>Jagoda Malina\/brzoskwinia Mango Arbuz\/wi\u015bnia Cola\/winogrono Je\u017cyna Lody\/mango Brzoskwinia Morela<\/li>\n<li>Jagoda Malina\/Black Dragon Ice\/T\u0119czowa cukierki\/Fuji Ice\/Arbuz Kwa\u015bna brzoskwinia<\/li>\n<li>Jagoda lodowa\/kiwi Marakuja Guawa\/potr\u00f3jny melon\/brzoskwinia Ananas\/Passionate Kiss<\/li>\n<li>Jagoda lodowa\/arbuz Gumy do \u017cucia\/kwa\u015bne jab\u0142ko Malina\/owoc lotosu Mango Melon\/marakuja Kiwi Limonka<\/li>\n<li>Arbuz lodowy\/mieszanka jag\u00f3d\/jab\u0142ko gruszka\/jagoda mi\u0119ta\/czas letni<\/li>\n<li>Arbuz lodowy\/truskawka Mango\/czere\u015bnia kalifornijska\/jagoda Brzoskwinia lodowa\/Berry Cool<\/li>\n<li>Truskawka Arbuz\/Winogrono Ice\/Czerwone Mojito\/Banan Ice\/Cytryna Limonka<\/li>\n<li>Truskawka Arbuz\/Kantalupa Jab\u0142ko\/Cola Ice\/Mango Brzoskwinia\/Love 66<\/li>\n<li>Truskawka Kiwi\/Truskawka Banan\/Liczi Ice\/Arbuz Jagoda\/Marakuja Mango<\/li>\n<li>Truskawka Kiwi\/jagoda Arbuz\/czekoladki mi\u015b\/guma do \u017cucia jagodowa\/kwa\u015bny mango Ananas<\/li>\n<\/ol>\n<h2><strong>Cz\u0119sto zadawane pytania dotycz\u0105ce Bang Legend 120K<\/strong><\/h2>\n<p><strong>F1: Czym jest Bang Legend 120K?<\/strong> Bang Legend 120K to jednorazowy e-papieros o du\u017cej pojemno\u015bci, umo\u017cliwiaj\u0105cy wykonanie nawet 120 000 zaci\u0105gni\u0119\u0107, kt\u00f3ry \u0142\u0105czy w sobie kilka kombinacji smakowych w jednym urz\u0105dzeniu i zapewnia d\u0142ugotrwa\u0142e, najwy\u017cszej jako\u015bci doznania podczas wapowania.<\/p>\n<p><strong>Pytanie 2: Jak zmieni\u0107 smak?<\/strong> Wystarczy obr\u00f3ci\u0107 pokr\u0119t\u0142o wyboru smaku lub u\u017cy\u0107 panelu dotykowego (w zale\u017cno\u015bci od modelu), aby wybra\u0107 jedn\u0105 z fabrycznie zainstalowanych kombinacji smak\u00f3w.<\/p>\n<p><strong>Pytanie 3: Czy mog\u0119 \u0142adowa\u0107 Bang Legend 120K?<\/strong> Tak. Urz\u0105dzenie posiada akumulator \u0142adowany przez USB-C, kt\u00f3ry zapewnia sta\u0142\u0105 wydajno\u015b\u0107 do momentu ca\u0142kowitego zu\u017cycia p\u0142ynu.<\/p>\n<p><strong>P4: Sk\u0105d mam wiedzie\u0107, kiedy nale\u017cy na\u0142adowa\u0107 akumulator?<\/strong> Wska\u017anik LED miga lub zmienia kolor, gdy poziom na\u0142adowania baterii jest niski. Nale\u017cy \u0142adowa\u0107 urz\u0105dzenie za pomoc\u0105 kompatybilnego kabla USB-C, a\u017c wska\u017anik zacznie \u015bwieci\u0107 si\u0119 \u015bwiat\u0142em ci\u0105g\u0142ym.<\/p>\n<p><strong>F5: Czy mo\u017cna j\u0105 ponownie nape\u0142ni\u0107?<\/strong> Nie. Bang Legend 120K to jednorazowy e-papieros z fabrycznie nape\u0142nionym wk\u0142adem. Po zu\u017cyciu p\u0142ynu nale\u017cy go wymieni\u0107 na nowy.<\/p>\n<h2 class=\"font-claude-response-body whitespace-normal break-words\"><strong>Odkryj wi\u0119cej produkt\u00f3w premium do waporyzacji:<\/strong><\/h2>\n<p class=\"font-claude-response-body whitespace-normal break-words\">Odwied\u017a nasz\u0105 stron\u0119 internetow\u0105 <strong><a class=\"underline\" href=\"https:\/\/apexvape.de\/pl\/\">Strona g\u0142\u00f3wna<\/a><\/strong> najnowszych e-papieros\u00f3w i ofert vape. Bang Legend 120K jest cz\u0119\u015bci\u0105 naszej bogatej oferty <strong><a class=\"underline\" href=\"https:\/\/apexvape.de\/pl\/product-category\/bang-vape\/\">BANG VAPE<\/a><\/strong> Kolekcja, w kt\u00f3rej mo\u017cna znale\u017a\u0107 inne wysokiej jako\u015bci jednorazowe e-papierosy i innowacyjne urz\u0105dzenia do wapowania marki Bang. Skorzystaj z atrakcyjnych cen hurtowych, szybkiej wysy\u0142ki i doskona\u0142ej obs\u0142ugi klienta, aby zaspokoi\u0107 swoje potrzeby zwi\u0105zane z wapowaniem.<\/p>","protected":false},"excerpt":{"rendered":"<p class=\"font-claude-response-body whitespace-normal break-words\">E-papieros Bang Legend 120K oferuje 120 000 zaci\u0105gni\u0119\u0107 dzi\u0119ki innowacyjnemu systemowi smak\u00f3w 5 w 1 i zbiornikowi o pojemno\u015bci 50 ml. Wyposa\u017cony w cewk\u0119 siatkow\u0105 1,0 \u03a9, akumulator 850 mAh, wy\u015bwietlacz LCD i szybkie \u0142adowanie USB-C. Moc nikotyny 0-5%. 12 premium aromat\u00f3w dla maksymalnej wszechstronno\u015bci i przyjemno\u015bci z wapowania.<\/p>","protected":false},"featured_media":3925,"comment_status":"open","ping_status":"closed","template":"","meta":[],"product_brand":[],"product_cat":[76],"product_tag":[],"class_list":{"0":"post-3924","1":"product","2":"type-product","3":"status-publish","4":"has-post-thumbnail","6":"product_cat-bang-vape","8":"first","9":"instock","10":"shipping-taxable","11":"purchasable","12":"product-type-variable"},"_links":{"self":[{"href":"https:\/\/apexvape.de\/pl\/wp-json\/wp\/v2\/product\/3924","targetHints":{"allow":["GET"]}}],"collection":[{"href":"https:\/\/apexvape.de\/pl\/wp-json\/wp\/v2\/product"}],"about":[{"href":"https:\/\/apexvape.de\/pl\/wp-json\/wp\/v2\/types\/product"}],"replies":[{"embeddable":true,"href":"https:\/\/apexvape.de\/pl\/wp-json\/wp\/v2\/comments?post=3924"}],"version-history":[{"count":0,"href":"https:\/\/apexvape.de\/pl\/wp-json\/wp\/v2\/product\/3924\/revisions"}],"wp:featuredmedia":[{"embeddable":true,"href":"https:\/\/apexvape.de\/pl\/wp-json\/wp\/v2\/media\/3925"}],"wp:attachment":[{"href":"https:\/\/apexvape.de\/pl\/wp-json\/wp\/v2\/media?parent=3924"}],"wp:term":[{"taxonomy":"product_brand","embeddable":true,"href":"https:\/\/apexvape.de\/pl\/wp-json\/wp\/v2\/product_brand?post=3924"},{"taxonomy":"product_cat","embeddable":true,"href":"https:\/\/apexvape.de\/pl\/wp-json\/wp\/v2\/product_cat?post=3924"},{"taxonomy":"product_tag","embeddable":true,"href":"https:\/\/apexvape.de\/pl\/wp-json\/wp\/v2\/product_tag?post=3924"}],"curies":[{"name":"wp","href":"https:\/\/api.w.org\/{rel}","templated":true}]}}