{"id":3857,"date":"2025-11-27T13:59:04","date_gmt":"2025-11-27T12:59:04","guid":{"rendered":"https:\/\/apexvape.de\/?post_type=product&#038;p=3857"},"modified":"2025-11-27T13:59:28","modified_gmt":"2025-11-27T12:59:28","slug":"bang-legend-110k","status":"publish","type":"product","link":"https:\/\/apexvape.de\/pl\/product\/bang-legend-110k\/","title":{"rendered":"Bang Legend 110k zaci\u0105gni\u0119\u0107 Jednorazowy vape"},"content":{"rendered":"<h1>Bang Legend 110k zaci\u0105gni\u0119\u0107 3w1 e-papieros \u2013 ultra wytrzyma\u0142y, cewka siatkowa, \u0142adowanie typu C, 12 kombinacji smakowych<\/h1>\n<p>Bang Legend 110k \u2013 jednorazowy e-papieros 3 w 1. Dzi\u0119ki innowacyjnej technologii potr\u00f3jnej zmiany smaku to wydajne urz\u0105dzenie zapewnia a\u017c 110 000 pe\u0142nych, aromatycznych zaci\u0105gni\u0119\u0107. Zaawansowana cewka siatkowa i cyfrowy wy\u015bwietlacz umo\u017cliwiaj\u0105 doskona\u0142e monitorowanie wydajno\u015bci, a stylowy design z ma\u0142p\u0105 sprawia, \u017ce Bang Vape wyr\u00f3\u017cnia si\u0119 na tle innych produkt\u00f3w. Wybierz spo\u015br\u00f3d 12 ekscytuj\u0105cych kombinacji smak\u00f3w i okre\u015bl preferowan\u0105 moc nikotyny (0%, 2%, 3% lub 5%). Dzi\u0119ki akumulatorowi wielokrotnego \u0142adowania i ogromnej pojemno\u015bci e-liquidu, Bang Legend Big Puff 3 w 1 Vape na nowo definiuje doskona\u0142o\u015b\u0107 jednorazowych e-papieros\u00f3w.<\/p>\n<h2>Najwa\u017cniejsze cechy zestawu Bang Legend 110k:<\/h2>\n<p>Bang Legend 110K na nowo definiuje doskona\u0142o\u015b\u0107 wapowania dzi\u0119ki ogromnej pojemno\u015bci 110 000 zaci\u0105gni\u0119\u0107, kt\u00f3ra zapewnia ultra d\u0142ugotrwa\u0142\u0105 wydajno\u015b\u0107 podczas d\u0142u\u017cszego u\u017cytkowania i ca\u0142kowicie eliminuje potrzeb\u0119 cz\u0119stej wymiany \u2013 to nowy standard w bran\u017cy. To wyj\u0105tkowe urz\u0105dzenie posiada zbiornik e-liquidu o du\u017cej pojemno\u015bci w po\u0142\u0105czeniu z inteligentnym wy\u015bwietlaczem cyfrowym, kt\u00f3ry wyra\u017anie pokazuje poziom e-liquidu i pozosta\u0142\u0105 pojemno\u015b\u0107 baterii, umo\u017cliwiaj\u0105c \u0142atwe monitorowanie, dzi\u0119ki czemu zawsze jeste\u015b poinformowany i masz pe\u0142n\u0105 kontrol\u0119 nad swoim do\u015bwiadczeniem wapowania.<\/p>\n<p>Nap\u0119dzany wydajn\u0105 bateri\u0105 wielokrotnego \u0142adowania o pojemno\u015bci 600 mAh z technologi\u0105 \u0142adowania typu C, Bang Legend 110K zapewnia szybkie i wygodne \u0142adowanie, kt\u00f3re wspiera imponuj\u0105c\u0105 liczb\u0119 zaci\u0105gni\u0119\u0107 i minimalizuje przestoje. Urz\u0105dzenie posiada zintegrowany inteligentny system efektywno\u015bci energetycznej z optymalnym zarz\u0105dzaniem, zapewniaj\u0105cy r\u00f3wnomiern\u0105 moc wyj\u015bciow\u0105 i niezawodn\u0105 wydajno\u015b\u0107 przez ca\u0142y okres eksploatacji, uzupe\u0142niony o zaawansowan\u0105 technologi\u0119 cewki siatkowej 1,0\u03a9, kt\u00f3ra zapewnia doskona\u0142e odwzorowanie smaku i g\u0119ste, satysfakcjonuj\u0105ce chmury pary przy ka\u017cdym zaci\u0105gni\u0119ciu.<\/p>\n<p>Poznaj innowacyjny system smak\u00f3w 3 w 1 z 12 r\u0119cznie dobranymi owocowymi i mro\u017conymi kombinacjami smakowymi, takimi jak mieszanka jag\u00f3d i marakui, mango i Love66 i wiele innych \u2013 prawdziwie dostosowane do indywidualnych potrzeb doznania smakowe, kt\u00f3re zachwyc\u0105 Twoje podniebienie i pobudz\u0105 zmys\u0142y. Dost\u0119pny w kilku wersjach nikotynowych: 0%, 2%, 3% i 5%, Bang Legend 110K spe\u0142nia r\u00f3\u017cne preferencje u\u017cytkownik\u00f3w i zaspokaja zapotrzebowanie rynku na r\u00f3\u017cnorodno\u015b\u0107, dzi\u0119ki czemu ka\u017cdy typ vaper\u00f3w \u2013 od pocz\u0105tkuj\u0105cych po do\u015bwiadczonych entuzjast\u00f3w \u2013 znajdzie idealn\u0105 opcj\u0119 dla siebie.<\/p>\n<p>Przyjazny dla u\u017cytkownika, aktywowany za pomoc\u0105 ruchu Bang Legend 110K Vape ma modny wygl\u0105d ma\u0142py, kt\u00f3ry jest obecnie bardzo popularny i \u0142\u0105czy w sobie efektown\u0105 estetyk\u0119 z praktyczn\u0105 funkcjonalno\u015bci\u0105 w stylowym opakowaniu. To idealne po\u0142\u0105czenie najnowocze\u015bniejszej technologii, wyj\u0105tkowej wydajno\u015bci, mo\u017cliwo\u015bci dostosowania i nowoczesnego designu sprawia, \u017ce Bang Legend 110K jest najlepszym wyborem dla u\u017cytkownik\u00f3w, kt\u00f3rzy nie chc\u0105 rezygnowa\u0107 z jako\u015bci, trwa\u0142o\u015bci ani stylu.<\/p>\n<h2>Specyfikacje techniczne:<\/h2>\n<p><strong>Liczba poci\u0105g\u00f3w:<\/strong> 110 000 poci\u0105g\u00f3w<br \/>\n<strong>Akumulator:<\/strong> 600 mAh, akumulator typu C<br \/>\n<strong>Pojemno\u015b\u0107 e-liquidu:<\/strong> 18 ml (zbiornik o du\u017cej pojemno\u015bci)<br \/>\n<strong>Cewka:<\/strong> Cewka siatkowa 1,0 \u03a9<br \/>\n<strong>Zawarto\u015b\u0107 nikotyny:<\/strong> 0%, 2%, 3%, 5%<br \/>\n<strong>System smakowy:<\/strong> 3 w 1 wymienne smaki \u00d7 12 profili<br \/>\n<strong>Aktywacja:<\/strong> Aktywowane poci\u0105giem<br \/>\n<strong>Czas \u0142adowania:<\/strong> 40 minut (0-100%)<\/p>\n<h2>Lista smak\u00f3w Bang Legend 110k:<\/h2>\n<ol>\n<li>Arbuzowy lody \/ Jab\u0142ko Gruszka \/ Nami\u0119tny poca\u0142unek<\/li>\n<li>Lody jagodowe \/ Jab\u0142ko kantalupa \/ Romans limonkowy<\/li>\n<li>Nap\u00f3j energetyczny \/ Jab\u0142ko i winogrono \/ Mango i brzoskwinia z morel\u0105<\/li>\n<li>Truskawka Mango \/ Jagoda Brzoskwinia \/ Arbuz Jagody<\/li>\n<li>Jagoda Malina \/ \u017belki \/ Arbuz Pitaja<\/li>\n<li>Truskawka Kiwi \/ Czarny smok Lody \/ Cytryna Limonka<\/li>\n<li>Jagoda Arbuz \/ Winogrono Lody \/ Lody Fuji<\/li>\n<li>Truskawka Arbuz \/ Winogrona Je\u017cyna \/ Limonka-Romanse<\/li>\n<li>Truskawka Banana \/ Brzoskwinia Lody \/ Arbuz Kwa\u015bna brzoskwinia<\/li>\n<li>Brzoskwinia Mango Arbuz \/ Wi\u015bnia Cola \/ Marakuja Kiwi Limonka<\/li>\n<li>Guma balonowa o smaku arbuza \/ kiwi, marakuja, guawa \/ mamba<\/li>\n<li>Mieszanka jag\u00f3d \/ Marakuja Mango \/ Love66<\/li>\n<\/ol>\n<h2>Cz\u0119sto zadawane pytania (FAQ)<\/h2>\n<p><strong>F1: Czym Bang Legend 110K r\u00f3\u017cni si\u0119 od innych jednorazowych e-papieros\u00f3w?<\/strong><br \/>\nA1: Bang Legend 110K oferuje wiod\u0105c\u0105 w bran\u017cy liczb\u0119 110 000 zaci\u0105gni\u0119\u0107, ogromny zbiornik na p\u0142yn oraz system wielu smak\u00f3w, dzi\u0119ki kt\u00f3remu mo\u017cna cieszy\u0107 si\u0119 wieloma doznaniami smakowymi w jednym urz\u0105dzeniu.<\/p>\n<p><strong>Pytanie 2: Czy Bang Legend 110K obs\u0142uguje funkcje regulowane?<\/strong><br \/>\nA2: Tak, posiada regulowany przep\u0142yw powietrza i tryby mocy, dzi\u0119ki czemu mo\u017cna prze\u0142\u0105cza\u0107 si\u0119 mi\u0119dzy delikatnymi, bogatymi chmurami a ostrymi, lodowatymi zaci\u0105gni\u0119ciami \u2013 w zale\u017cno\u015bci od preferencji.<\/p>\n<p><strong>Pytanie 3: Jaka jest wydajno\u015b\u0107 akumulatora?<\/strong><br \/>\nA3: Wyposa\u017cony w akumulator o du\u017cej pojemno\u015bci i funkcj\u0119 szybkiego \u0142adowania typu C, zapewnia d\u0142u\u017csze sesje wapowania bez przerw.<\/p>\n<p><strong>F4: Czy mog\u0119 \u0142atwo zmienia\u0107 smaki?<\/strong><br \/>\nA4: Tak, dzi\u0119ki systemowi smak\u00f3w 3 w 1 mo\u017cna \u0142atwo prze\u0142\u0105cza\u0107 si\u0119 mi\u0119dzy smakami za pomoc\u0105 prostego prze\u0142\u0105cznika i cieszy\u0107 si\u0119 r\u00f3\u017cnorodno\u015bci\u0105 bez konieczno\u015bci zmiany urz\u0105dzenia.<\/p>\n<p><strong>F5: Dla kogo przeznaczony jest model Bang Legend 110K?<\/strong><br \/>\nA5: Jest idealny dla d\u0142ugoletnich u\u017cytkownik\u00f3w e-papieros\u00f3w, poszukiwaczy smak\u00f3w i trendsetter\u00f3w, kt\u00f3rzy oczekuj\u0105 najwy\u017cszej jako\u015bci i wygody jednorazowego e-papierosa.<\/p>\n<h2>Odkryj pe\u0142n\u0105 kolekcj\u0119 Bang Vape w Apexvape<\/h2>\n<p>Bang Legend 110K to tylko jeden z wielu wysokiej jako\u015bci produkt\u00f3w w naszym asortymencie. W <strong><a href=\"https:\/\/apexvape.de\/pl\/\">Apexvape<\/a><\/strong> znajdziesz szeroki wyb\u00f3r wysokiej jako\u015bci e-papieros\u00f3w i akcesori\u00f3w do wapowania, kt\u00f3re zaspokoj\u0105 ka\u017cdy gust i preferencje. Zapoznaj si\u0119 z nasz\u0105 pe\u0142n\u0105 ofert\u0105 <strong><a href=\"https:\/\/apexvape.de\/pl\/product-category\/bang-vape\/\">Kolekcja BANG VAPE<\/a><\/strong> i odkryj inne innowacyjne urz\u0105dzenia o wyj\u0105tkowej wydajno\u015bci, r\u00f3\u017cnorodnych smakach i najnowocze\u015bniejszej technologii. Niezale\u017cnie od tego, czy jeste\u015b pocz\u0105tkuj\u0105cym, czy do\u015bwiadczonym u\u017cytkownikiem e-papieros\u00f3w \u2013 w Apexvape na pewno znajdziesz idealny produkt zapewniaj\u0105cy najlepsze wra\u017cenia podczas wapowania.<\/p>","protected":false},"excerpt":{"rendered":"<p class=\"font-claude-response-body whitespace-normal break-words\">E-papieros Bang Legend 110k zapewnia rekordow\u0105 liczb\u0119 110 000 zaci\u0105gni\u0119\u0107 dzi\u0119ki systemowi smak\u00f3w 3 w 1 i zbiornikowi o pojemno\u015bci 18 ml. Wyposa\u017cony w cewk\u0119 siatkow\u0105 1,0 \u03a9, akumulator 600 mAh, wy\u015bwietlacz cyfrowy, szybkie \u0142adowanie USB-C i modny design z ma\u0142p\u0105. Moc nikotyny 0-5%, 12 kombinacji smakowych.<\/p>","protected":false},"featured_media":3858,"comment_status":"open","ping_status":"closed","template":"","meta":[],"product_brand":[],"product_cat":[76],"product_tag":[],"class_list":{"0":"post-3857","1":"product","2":"type-product","3":"status-publish","4":"has-post-thumbnail","6":"product_cat-bang-vape","8":"first","9":"instock","10":"shipping-taxable","11":"purchasable","12":"product-type-variable"},"_links":{"self":[{"href":"https:\/\/apexvape.de\/pl\/wp-json\/wp\/v2\/product\/3857","targetHints":{"allow":["GET"]}}],"collection":[{"href":"https:\/\/apexvape.de\/pl\/wp-json\/wp\/v2\/product"}],"about":[{"href":"https:\/\/apexvape.de\/pl\/wp-json\/wp\/v2\/types\/product"}],"replies":[{"embeddable":true,"href":"https:\/\/apexvape.de\/pl\/wp-json\/wp\/v2\/comments?post=3857"}],"version-history":[{"count":0,"href":"https:\/\/apexvape.de\/pl\/wp-json\/wp\/v2\/product\/3857\/revisions"}],"wp:featuredmedia":[{"embeddable":true,"href":"https:\/\/apexvape.de\/pl\/wp-json\/wp\/v2\/media\/3858"}],"wp:attachment":[{"href":"https:\/\/apexvape.de\/pl\/wp-json\/wp\/v2\/media?parent=3857"}],"wp:term":[{"taxonomy":"product_brand","embeddable":true,"href":"https:\/\/apexvape.de\/pl\/wp-json\/wp\/v2\/product_brand?post=3857"},{"taxonomy":"product_cat","embeddable":true,"href":"https:\/\/apexvape.de\/pl\/wp-json\/wp\/v2\/product_cat?post=3857"},{"taxonomy":"product_tag","embeddable":true,"href":"https:\/\/apexvape.de\/pl\/wp-json\/wp\/v2\/product_tag?post=3857"}],"curies":[{"name":"wp","href":"https:\/\/api.w.org\/{rel}","templated":true}]}}