{"id":3643,"date":"2025-11-26T14:19:30","date_gmt":"2025-11-26T13:19:30","guid":{"rendered":"https:\/\/apexvape.de\/?post_type=product&#038;p=3643"},"modified":"2025-11-26T14:19:56","modified_gmt":"2025-11-26T13:19:56","slug":"bang-king-85000","status":"publish","type":"product","link":"https:\/\/apexvape.de\/pl\/product\/bang-king-85000\/","title":{"rendered":"Bang King 85000 zaci\u0105gni\u0119\u0107 Jednorazowy vape"},"content":{"rendered":"<h1>Bang King 85000 3 w 1 85 tys. zaci\u0105gni\u0119\u0107 | Jednorazowy e-papieros o potr\u00f3jnym aromacie Sprzeda\u017c hurtowa<\/h1>\n<p>Jednorazowy e-papieros Bang King 85000 zaci\u0105gni\u0119\u0107 przekonuje wyj\u0105tkow\u0105 wydajno\u015bci\u0105 dzi\u0119ki regulowanemu systemowi aromat\u00f3w 3 w 1, kt\u00f3ry zapewnia r\u00f3\u017cnorodno\u015b\u0107 podczas ka\u017cdej sesji. Ciesz si\u0119 nawet 85 000 zaci\u0105gni\u0119\u0107, zasilanych bateri\u0105 600 mAh i wzmocnionych potr\u00f3jn\u0105 cewk\u0105 siatkow\u0105, kt\u00f3ra zapewnia intensywny smak i delikatn\u0105 par\u0119. Pojemno\u015b\u0107 p\u0142ynu 63 ml zapewnia d\u0142ugotrwa\u0142e u\u017cytkowanie, a wy\u015bwietlacz LED i \u0142adowanie typu C zapewniaj\u0105 nowoczesny komfort. Dost\u0119pny w 16 intensywnych smakach, urz\u0105dzenie to jest idealne dla u\u017cytkownik\u00f3w poszukuj\u0105cych jednorazowego e-papierosa o du\u017cej pojemno\u015bci i wielu aromatach, wyposa\u017conego w inteligentne funkcje.<\/p>\n<h2>Bang King 85000 zaci\u0105gni\u0119\u0107 Najwa\u017cniejsze cechy<\/h2>\n<p>Bang King 85000 na nowo definiuje doskona\u0142o\u015b\u0107 w zakresie parowania dzi\u0119ki niespotykanej pojemno\u015bci do 85 000 zaci\u0105gni\u0119\u0107, idealnej do d\u0142ugotrwa\u0142ego u\u017cytkowania przy du\u017cej wydajno\u015bci bez konieczno\u015bci cz\u0119stej wymiany. Dzi\u0119ki imponuj\u0105cej pojemno\u015bci 63 ml p\u0142ynu, roz\u0142o\u017conej na trzy oddzielne zbiorniki o pojemno\u015bci 21 ml, urz\u0105dzenie to zosta\u0142o zaprojektowane z my\u015bl\u0105 o d\u0142ugotrwa\u0142ym u\u017cytkowaniu i oferuje niezr\u00f3wnan\u0105 wszechstronno\u015b\u0107, kt\u00f3ra pozwala na d\u0142u\u017csze i bardziej satysfakcjonuj\u0105ce wapowanie ni\u017c kiedykolwiek wcze\u015bniej.<\/p>\n<p>Poznaj rewolucyjny system aromat\u00f3w 3 w 1 z regulowanymi smakami, kt\u00f3ry umo\u017cliwia p\u0142ynne prze\u0142\u0105czanie mi\u0119dzy trzema zintegrowanymi aromatami i zapewnia dynamiczne, w pe\u0142ni dostosowane do indywidualnych potrzeb wra\u017cenia z wapowania, dostosowane do Twojego nastroju i preferencji. Zaawansowana technologia potr\u00f3jnej cewki siatkowej o rezystancji 1,0 \u03a9 zapewnia g\u0119ste chmury pary i sp\u00f3jny, bogaty smak oraz szybkie nagrzewanie, dzi\u0119ki czemu ka\u017cde zaci\u0105gni\u0119cie si\u0119 jest tak samo satysfakcjonuj\u0105ce jak pierwsze i maksymalizuje potencja\u0142 ka\u017cdego profilu aromatu.<\/p>\n<p>B\u0105d\u017a na bie\u017c\u0105co i zachowaj kontrol\u0119 dzi\u0119ki intuicyjnemu wy\u015bwietlaczowi LED, kt\u00f3ry monitoruje liczb\u0119 zaci\u0105gni\u0119\u0107 i poziom na\u0142adowania baterii w czasie rzeczywistym, umo\u017cliwiaj\u0105c \u0142atwe \u015bledzenie zu\u017cycia, dzi\u0119ki czemu nigdy nie spotka Ci\u0119 \u017cadna niespodzianka. Zasilane niezawodn\u0105 bateri\u0105 600 mAh i wyposa\u017cone w z\u0142\u0105cze \u0142adowania typu C, urz\u0105dzenie to zapewnia szybkie, wygodne \u0142adowanie i niezawodn\u0105 energi\u0119 do d\u0142ugich sesji wapowania, minimalizuj\u0105c przestoje i maksymalizuj\u0105c przyjemno\u015b\u0107.<\/p>\n<p>Dost\u0119pny w wersjach o zawarto\u015bci nikotyny 0%, 2%, 3% i 5%, dostosowanych do r\u00f3\u017cnych preferencji i potrzeb, Bang King 85000 oferuje ekscytuj\u0105cy wyb\u00f3r 16 unikalnych smak\u00f3w, zapewniaj\u0105cych prawdziwie spersonalizowane doznania podczas wapowania. W praktycznym opakowaniu zawieraj\u0105cym 10 sztuk, urz\u0105dzenie to jest idealne zar\u00f3wno dla sprzeda\u017cy detalicznej, jak i hurtowej, zapewniaj\u0105c profesjonaln\u0105 wydajno\u015b\u0107 i innowacyjno\u015b\u0107, kt\u00f3re przenios\u0105 Twoj\u0105 przygod\u0119 z wapowaniem na niezwyk\u0142e nowe wy\u017cyny.<\/p>\n<h2>Dane techniczne<\/h2>\n<p><strong>Poci\u0105gi:<\/strong> Do 85 000 poci\u0105g\u00f3w<br \/>\n<strong>Nikotyna:<\/strong> 0% \/ 2% \/ 3% \/ 5%<br \/>\n<strong>Aromaty:<\/strong> 3 regulowane<br \/>\n<strong>E-liquid:<\/strong> 21 ml \u00d7 3 (\u0142\u0105cznie 63 ml)<br \/>\n<strong>Akumulator:<\/strong> 600 mAh, akumulator<br \/>\n<strong>Cewka:<\/strong> Potr\u00f3jna siatka 1,0 \u03a9 \u00d7 3<br \/>\n<strong>Wy\u015bwietlacz:<\/strong> wy\u015bwietlacz LCD<br \/>\n<strong>Do\u0142adowanie:<\/strong> Typ C<br \/>\n<strong>Opakowanie:<\/strong> 10 sztuk\/opakowanie<br \/>\n<strong>Opcje smakowe:<\/strong> 16 mo\u017cliwo\u015bci wyboru<\/p>\n<h2>Bang King 85000 zaci\u0105gni\u0119\u0107 Lista smak\u00f3w<\/h2>\n<ol>\n<li>Arbuz\/Red Bull\/Truskawka Kiwi<\/li>\n<li>Cytryna Limonka\/Truskawka Arbuz\/Jagoda L\u00f3d<\/li>\n<li>Truskawka Banana\/Malina Arbuz\/R\u00f3\u017cowa lemoniada<\/li>\n<li>Blue Razz Cherry\/Cool Mint\/Peach Mango<\/li>\n<li>Owoce tropikalne\/truskawka Arbuz\/cytryna Brzoskwinia<\/li>\n<li>Ananas Kokos\/Truskawka Banan\/Blue Razz<\/li>\n<li>Truskawka Arbuz\/Potr\u00f3jny arbuz\/Truskawka Ice<\/li>\n<li>Mieszanka owoc\u00f3w\/mango brzoskwinia\/winogrono Ice<\/li>\n<li>Truskawka Wanilia Cola\/Brzoskwinia Ice\/Czarny Smok Ice<\/li>\n<li>Lush Ice\/Kiwi Marakuja Guawa\/Truskawka Mango<\/li>\n<li>Truskawka Arbuz\/Arbuz\/Blue Razz Ice<\/li>\n<li>Lemoniada jagodowa\/truskawkowa Red Bull\/truskawkowa Pomp<\/li>\n<li>Podw\u00f3jny jab\u0142ko\/owocowa mieszanka\/ananasowy l\u00f3d<\/li>\n<li>Cola Ice\/Mr Blue\/Cola wi\u015bniowa<\/li>\n<li>P\u0105czek truskawkowy\/Banana Ice\/Love66<\/li>\n<li>Mro\u017cona herbata cytrynowa Ice\/Mango On Ice\/Liczi Ice<\/li>\n<\/ol>\n<h2>Cz\u0119sto zadawane pytania dotycz\u0105ce jednorazowego e-papierosa Bang King 85000 3 w 1<\/h2>\n<p><strong>1. Ile ruch\u00f3w oferuje Bang King 85000?<\/strong><br \/>\n\u0141\u0105cznie do 85 000 zaci\u0105gni\u0119\u0107 \u2013 oko\u0142o 28 000 zaci\u0105gni\u0119\u0107 na kapsu\u0142k\u0119 smakow\u0105, w zale\u017cno\u015bci od indywidualnych nawyk\u00f3w u\u017cytkowania.<\/p>\n<p><strong>2. Co oznacza \u201eTriple 3-in-1\u201c?<\/strong><br \/>\nUrz\u0105dzenie zawiera trzy oddzielne kapsu\u0142ki smakowe, mi\u0119dzy kt\u00f3rymi mo\u017cna prze\u0142\u0105cza\u0107 si\u0119 za pomoc\u0105 wbudowanego prze\u0142\u0105cznika wyboru smaku \u2013 ciesz si\u0119 trzema smakami w jednym urz\u0105dzeniu.<\/p>\n<p><strong>3. Czy ten e-papieros jest wielokrotnego \u0142adowania?<\/strong><br \/>\nTak. Posiada z\u0142\u0105cze szybkiego \u0142adowania typu C oraz wbudowany akumulator o pojemno\u015bci 600 mAh, kt\u00f3ry zapewnia d\u0142u\u017cszy czas u\u017cytkowania i szybsze \u0142adowanie.<\/p>\n<p><strong>4. Jaka jest ca\u0142kowita pojemno\u015b\u0107 p\u0142yn\u00f3w?<\/strong><br \/>\nUrz\u0105dzenie mie\u015bci \u0142\u0105cznie 63 ml e-liquidu (ka\u017cdy pojemnik zawiera 21 ml w\u0142asnego aromatu).<\/p>\n<p><strong>5. Jak zmieni\u0107 aromaty?<\/strong><br \/>\nPrzesu\u0144 prze\u0142\u0105cznik wyboru aromatu, aby wybra\u0107 jeden z trzech wewn\u0119trznych pojemnik\u00f3w. Jest to szybkie i wygodne \u2013 nie wymaga u\u017cycia przycisk\u00f3w ani uzupe\u0142niania.<\/p>\n<p><strong>6. Czy urz\u0105dzenie jest odpowiednie dla pocz\u0105tkuj\u0105cych?<\/strong><br \/>\nAbsolutnie. Jest aktywowany ruchem, bez przycisk\u00f3w ani ustawie\u0144 \u2013 idealny zar\u00f3wno dla pocz\u0105tkuj\u0105cych, jak i zaawansowanych u\u017cytkownik\u00f3w.<\/p>\n<h2>Odkryj wi\u0119cej e-papieros\u00f3w premium<\/h2>\n<p>Bang King 85000 jest cz\u0119\u015bci\u0105 naszej bogatej kolekcji wysokiej jako\u015bci jednorazowych e-papieros\u00f3w. Odwied\u017a nasz\u0105 stron\u0119 internetow\u0105. <strong><a href=\"https:\/\/apexvape.de\/pl\/\">Strona g\u0142\u00f3wna<\/a><\/strong> aby uzyska\u0107 wi\u0119cej informacji na temat innowacyjnych produkt\u00f3w do wapowania i ekskluzywnych ofert. Je\u015bli interesuj\u0105 Ci\u0119 produkty Bang, zapoznaj si\u0119 z nasz\u0105 pe\u0142n\u0105 ofert\u0105. <strong><a href=\"https:\/\/apexvape.de\/pl\/product-category\/bang-vape\/\">Kategoria BANG VAPE<\/a><\/strong> z najnowszymi modelami i smakami. Ciesz si\u0119 szybk\u0105 wysy\u0142k\u0105, pierwszorz\u0119dn\u0105 obs\u0142ug\u0105 klienta i autentycznymi produktami bezpo\u015brednio od zaufanego sprzedawcy e-papieros\u00f3w.<\/p>","protected":false},"excerpt":{"rendered":"<p class=\"font-claude-response-body whitespace-normal break-words\">Bang King 85000 oferuje rewolucyjne 85 000 zaci\u0105gni\u0119\u0107 z innowacyjn\u0105 funkcj\u0105 zmiany aromatu 3 w 1. Trzy zbiorniki o pojemno\u015bci 21 ml (\u0142\u0105cznie 63 ml), potr\u00f3jne cewki siatkowe 1,0 \u03a9 zapewniaj\u0105ce intensywny smak. Akumulator 600 mAh, typ C, wy\u015bwietlacz LCD pokazuj\u0105cy liczb\u0119 zaci\u0105gni\u0119\u0107 i poziom na\u0142adowania akumulatora. Nikotyna 0%-5%, 16 aromat\u00f3w premium. Idealny dla hurtowni i wymagaj\u0105cych u\u017cytkownik\u00f3w.<\/p>","protected":false},"featured_media":3644,"comment_status":"open","ping_status":"closed","template":"","meta":[],"product_brand":[],"product_cat":[76],"product_tag":[],"class_list":{"0":"post-3643","1":"product","2":"type-product","3":"status-publish","4":"has-post-thumbnail","6":"product_cat-bang-vape","8":"first","9":"instock","10":"shipping-taxable","11":"purchasable","12":"product-type-variable"},"_links":{"self":[{"href":"https:\/\/apexvape.de\/pl\/wp-json\/wp\/v2\/product\/3643","targetHints":{"allow":["GET"]}}],"collection":[{"href":"https:\/\/apexvape.de\/pl\/wp-json\/wp\/v2\/product"}],"about":[{"href":"https:\/\/apexvape.de\/pl\/wp-json\/wp\/v2\/types\/product"}],"replies":[{"embeddable":true,"href":"https:\/\/apexvape.de\/pl\/wp-json\/wp\/v2\/comments?post=3643"}],"version-history":[{"count":0,"href":"https:\/\/apexvape.de\/pl\/wp-json\/wp\/v2\/product\/3643\/revisions"}],"wp:featuredmedia":[{"embeddable":true,"href":"https:\/\/apexvape.de\/pl\/wp-json\/wp\/v2\/media\/3644"}],"wp:attachment":[{"href":"https:\/\/apexvape.de\/pl\/wp-json\/wp\/v2\/media?parent=3643"}],"wp:term":[{"taxonomy":"product_brand","embeddable":true,"href":"https:\/\/apexvape.de\/pl\/wp-json\/wp\/v2\/product_brand?post=3643"},{"taxonomy":"product_cat","embeddable":true,"href":"https:\/\/apexvape.de\/pl\/wp-json\/wp\/v2\/product_cat?post=3643"},{"taxonomy":"product_tag","embeddable":true,"href":"https:\/\/apexvape.de\/pl\/wp-json\/wp\/v2\/product_tag?post=3643"}],"curies":[{"name":"wp","href":"https:\/\/api.w.org\/{rel}","templated":true}]}}