{"id":3533,"date":"2025-11-26T13:59:38","date_gmt":"2025-11-26T12:59:38","guid":{"rendered":"https:\/\/apexvape.de\/?post_type=product&#038;p=3533"},"modified":"2026-03-15T16:18:11","modified_gmt":"2026-03-15T15:18:11","slug":"bang-king-50000","status":"publish","type":"product","link":"https:\/\/apexvape.de\/pl\/product\/bang-king-50000\/","title":{"rendered":"Bang King 50000 zaci\u0105gni\u0119\u0107 Jednorazowy vape"},"content":{"rendered":"<h1>Bang King 50000 zaci\u0105gni\u0119\u0107 | Podw\u00f3jny smak, trwa\u0142y e-papieros do hurtowego zakupu<\/h1>\n<p>Die <strong>Bang King 50 000 zaci\u0105gni\u0119\u0107 Jednorazowy e-papieros<\/strong> oferuje do 50 000 zaci\u0105gni\u0119\u0107 dzi\u0119ki pojemno\u015bci 50 ml e-liquidu, podw\u00f3jnym smakom i regulowanemu przep\u0142ywowi powietrza. Nap\u0119dzany cewk\u0105 siatkow\u0105 1,0 \u03a9 i akumulatorem 850 mAh zapewnia p\u0142ynny, intensywny smak i sta\u0142\u0105 produkcj\u0119 pary. Dzi\u0119ki 12 r\u00f3\u017cnorodnym smakom i inteligentnemu wy\u015bwietlaczowi pokazuj\u0105cemu poziom na\u0142adowania baterii i poziom e-liquidu, jest idealny do d\u0142ugotrwa\u0142ego, indywidualnie dostosowanego do potrzeb u\u017cytkownika do\u015bwiadczenia wapowania. \u0141adowanie typu C zapewnia szybkie zasilanie, a ogromna pojemno\u015b\u0107 zapewnia d\u0142ugotrwa\u0142\u0105 przyjemno\u015b\u0107.<\/p>\n<h2>Bang King 50000 zaci\u0105gni\u0119\u0107 Najwa\u017cniejsze cechy:<\/h2>\n<p>Der <strong>Bang King 50000<\/strong> zosta\u0142 opracowany z my\u015bl\u0105 o wymagaj\u0105cych u\u017cytkownikach, kt\u00f3rzy oczekuj\u0105 najwy\u017cszej wydajno\u015bci i d\u0142ugotrwa\u0142ej przyjemno\u015bci. Dzi\u0119ki imponuj\u0105cej liczbie nawet 50 000 zaci\u0105gni\u0119\u0107 urz\u0105dzenie to zapewnia przed\u0142u\u017con\u0105 i nieprzerwan\u0105 przyjemno\u015b\u0107 z vapowania. Du\u017ca pojemno\u015b\u0107 50 ml e-liquidu gwarantuje d\u0142u\u017csze u\u017cytkowanie bez konieczno\u015bci cz\u0119stego uzupe\u0142niania \u2013 idealne rozwi\u0105zanie dla intensywnych u\u017cytkownik\u00f3w, kt\u00f3rzy nie id\u0105 na kompromisy w kwestii jako\u015bci i komfortu.<\/p>\n<p>Wyposa\u017cony w precyzyjnie wykonan\u0105 cewk\u0119 siatkow\u0105 1,0 \u03a9, Bang King 50000 zapewnia p\u0142ynn\u0105, bogat\u0105 i aromatyczn\u0105 par\u0119 przy ka\u017cdym zaci\u0105gni\u0119ciu si\u0119, gwarantuj\u0105c optymalny smak i tworzenie chmur przez ca\u0142y okres u\u017cytkowania. Innowacyjny system Dual Flavor umo\u017cliwia p\u0142ynne prze\u0142\u0105czanie mi\u0119dzy dwoma r\u00f3\u017cnymi smakami, zapewniaj\u0105c indywidualne i orze\u017awiaj\u0105ce doznania. Cyfrowy wy\u015bwietlacz LCD pokazuje w czasie rzeczywistym informacje o stanie baterii i poziomie e-liquidu, dzi\u0119ki czemu zawsze masz pe\u0142n\u0105 kontrol\u0119 i jeste\u015b na bie\u017c\u0105co.<\/p>\n<p>Zasilane wytrzyma\u0142\u0105 bateri\u0105 850 mAh z funkcj\u0105 \u0142adowania, urz\u0105dzenie to obs\u0142uguje technologi\u0119 szybkiego \u0142adowania typu C, kt\u00f3ra zapewnia minimalny czas przestoju mi\u0119dzy sesjami wapowania. Du\u017ca pojemno\u015b\u0107 baterii w po\u0142\u0105czeniu z funkcj\u0105 szybkiego \u0142adowania oznacza, \u017ce mo\u017cesz sp\u0119dza\u0107 wi\u0119cej czasu na korzystaniu z urz\u0105dzenia, a mniej na czekaniu na jego na\u0142adowanie.<\/p>\n<p>Dost\u0119pny w wersjach o zawarto\u015bci nikotyny 0%, 2%, 3% i 5%, Bang King 50000 zaspokaja najr\u00f3\u017cniejsze preferencje i zapewnia idealn\u0105 r\u00f3wnowag\u0119 mi\u0119dzy \u0142agodno\u015bci\u0105 a intensywno\u015bci\u0105, dostosowan\u0105 do indywidualnych potrzeb. Wybierz Bang King 50000, aby cieszy\u0107 si\u0119 niezr\u00f3wnan\u0105 wydajno\u015bci\u0105, wygod\u0105 i innowacyjno\u015bci\u0105 \u2013 poniewa\u017c Twoje doznania zwi\u0105zane z wapowaniem nie powinny by\u0107 nigdy ograniczone, a Ty zas\u0142ugujesz na urz\u0105dzenie, kt\u00f3re nad\u0105\u017ca za Twoim stylem \u017cycia.<\/p>\n<h2>Dane techniczne:<\/h2>\n<ul>\n<li><strong>Pojemno\u015b\u0107 poci\u0105gu:<\/strong> Do 50 000 poci\u0105g\u00f3w<\/li>\n<li><strong>Pojemno\u015b\u0107 e-liquidu:<\/strong> 50 ml (wst\u0119pnie nape\u0142nione)<\/li>\n<li><strong>Moc nikotyny:<\/strong> 0%, 2%, 3% lub 5%<\/li>\n<li><strong>System cewek:<\/strong> Cewka siatkowa 1,0 \u03a9 zapewniaj\u0105ca p\u0142ynne wytwarzanie pary i intensywny smak<\/li>\n<li><strong>Pojemno\u015b\u0107 akumulatora:<\/strong> Akumulator o pojemno\u015bci 850 mAh<\/li>\n<li><strong>Do\u0142adowanie:<\/strong> Szybkie \u0142adowanie typu C<\/li>\n<li><strong>Kontrola przep\u0142ywu powietrza:<\/strong> Regulowany przep\u0142yw powietrza dla indywidualnej inhalacji<\/li>\n<li><strong>Wy\u015bwietlacz:<\/strong> Wska\u017anik poziomu na\u0142adowania akumulatora i poziomu e-liquidu<\/li>\n<li><strong>Opakowanie:<\/strong> 10 sztuk\/pude\u0142ko (idealne w przypadku du\u017cych zam\u00f3wie\u0144)<\/li>\n<\/ul>\n<h2>Bang King 50000 zaci\u0105gni\u0119\u0107 Lista smak\u00f3w:<\/h2>\n<ol>\n<li>Arbuz lodowy\/jagoda mi\u0119towa<\/li>\n<li>Arbuz\/jagoda Wi\u015bnia<\/li>\n<li>Jagoda lodowa\/brzoskwinia mango arbuz<\/li>\n<li>Jagoda Ice\/Brzoskwinia Ice<\/li>\n<li>Jagoda Malina\/Mieszanka jag\u00f3d<\/li>\n<li>Jagoda Malina\/Winogrono Ice<\/li>\n<li>Red Bull\/truskawka banan<\/li>\n<li>Red Bull\/jagoda arbuz<\/li>\n<li>Truskawka Mango\/Arbuz Gumy do \u017cucia<\/li>\n<li>Truskawka Mango\/Truskawka Kiwi<\/li>\n<li>Truskawka Arbuz\/Czarny Smok Ice<\/li>\n<li>Truskawka Arbuz\/kiwi Marakuja Guawa<\/li>\n<\/ol>\n<h2>Cz\u0119sto zadawane pytania (FAQ)<\/h2>\n<p><strong>F1: Ile ruch\u00f3w oferuje Bang King 50K?<\/strong><br \/>\nO: Zapewnia do 50 000 zaci\u0105gni\u0119\u0107, co czyni go jednym z najtrwalszych jednorazowych e-papieros\u00f3w na rynku.<\/p>\n<p><strong>Pytanie 2: Czy mog\u0119 ponownie na\u0142adowa\u0107 urz\u0105dzenie?<\/strong><br \/>\nO: Tak. Urz\u0105dzenie posiada wbudowany akumulator o pojemno\u015bci 850 mAh z funkcj\u0105 \u0142adowania typu C.<\/p>\n<p><strong>Pytanie 3: Jak dzia\u0142a system podw\u00f3jnego smaku?<\/strong><br \/>\nO: Ka\u017cde urz\u0105dzenie zawiera dwa oddzielne zbiorniki na e-liquid, a smaki mo\u017cna zmienia\u0107 za pomoc\u0105 prostego panelu sterowania.<\/p>\n<p><strong>F4: Czy jest odpowiedni dla pocz\u0105tkuj\u0105cych?<\/strong><br \/>\nO: Oczywi\u015bcie. Nie wymaga \u017cadnej konfiguracji \u2013 wystarczy rozpakowa\u0107 i zacz\u0105\u0107 wapowa\u0107.<\/p>\n<p><strong>F5: Jakie s\u0105 dost\u0119pne poziomy nikotyny?<\/strong><br \/>\nO: Mo\u017cesz wybra\u0107 mi\u0119dzy 0%, 2%, 3% lub 5% nikotyn\u0105, w zale\u017cno\u015bci od osobistych preferencji.<\/p>\n<h2>Dowiedz si\u0119 wi\u0119cej na stronie ApexVape<\/h2>\n<p>Bang King 50000 to tylko jeden z wielu wysokiej jako\u015bci produkt\u00f3w w naszym asortymencie. Zapraszamy do odwiedzenia naszej strony internetowej. <strong><a href=\"https:\/\/apexvape.de\/pl\/\">Strona g\u0142\u00f3wna<\/a><\/strong>, aby odkry\u0107 pe\u0142n\u0105 ofert\u0119 wysokiej jako\u015bci e-papieros\u00f3w i akcesori\u00f3w. Aby zapozna\u0107 si\u0119 z innymi innowacyjnymi urz\u0105dzeniami z serii Bang, charakteryzuj\u0105cymi si\u0119 wyj\u0105tkow\u0105 wydajno\u015bci\u0105 i r\u00f3\u017cnorodno\u015bci\u0105 smak\u00f3w, zajrzyj do naszej <strong><a href=\"https:\/\/apexvape.de\/pl\/product-category\/bang-vape\/\">Kategoria BANG VAPE<\/a><\/strong> W ApexVape zawsze znajdziesz najnowsze produkty do wapowania o najwy\u017cszej jako\u015bci i szybkiej wysy\u0142ce.<\/p>","protected":false},"excerpt":{"rendered":"<p class=\"font-claude-response-body whitespace-normal break-words\">Bang King 50000 przekonuje 50 000 zaci\u0105gni\u0119\u0107 i pojemno\u015bci\u0105 50 ml e-liquidu. System Dual Flavor umo\u017cliwia prze\u0142\u0105czanie mi\u0119dzy dwoma smakami. Wy\u015bwietlacz LCD pokazuje poziom na\u0142adowania baterii i poziom e-liquidu. Bateria 850 mAh, szybkie \u0142adowanie typu C, cewka siatkowa 1,0 \u03a9, regulowany przep\u0142yw powietrza. Nikotyna 0%-5%, 12 smak\u00f3w. E-papieros premium w sprzeda\u017cy hurtowej.<\/p>","protected":false},"featured_media":6565,"comment_status":"open","ping_status":"closed","template":"","meta":[],"product_brand":[],"product_cat":[76],"product_tag":[],"class_list":{"0":"post-3533","1":"product","2":"type-product","3":"status-publish","4":"has-post-thumbnail","6":"product_cat-bang-vape","8":"first","9":"instock","10":"shipping-taxable","11":"purchasable","12":"product-type-variable"},"_links":{"self":[{"href":"https:\/\/apexvape.de\/pl\/wp-json\/wp\/v2\/product\/3533","targetHints":{"allow":["GET"]}}],"collection":[{"href":"https:\/\/apexvape.de\/pl\/wp-json\/wp\/v2\/product"}],"about":[{"href":"https:\/\/apexvape.de\/pl\/wp-json\/wp\/v2\/types\/product"}],"replies":[{"embeddable":true,"href":"https:\/\/apexvape.de\/pl\/wp-json\/wp\/v2\/comments?post=3533"}],"version-history":[{"count":0,"href":"https:\/\/apexvape.de\/pl\/wp-json\/wp\/v2\/product\/3533\/revisions"}],"wp:featuredmedia":[{"embeddable":true,"href":"https:\/\/apexvape.de\/pl\/wp-json\/wp\/v2\/media\/6565"}],"wp:attachment":[{"href":"https:\/\/apexvape.de\/pl\/wp-json\/wp\/v2\/media?parent=3533"}],"wp:term":[{"taxonomy":"product_brand","embeddable":true,"href":"https:\/\/apexvape.de\/pl\/wp-json\/wp\/v2\/product_brand?post=3533"},{"taxonomy":"product_cat","embeddable":true,"href":"https:\/\/apexvape.de\/pl\/wp-json\/wp\/v2\/product_cat?post=3533"},{"taxonomy":"product_tag","embeddable":true,"href":"https:\/\/apexvape.de\/pl\/wp-json\/wp\/v2\/product_tag?post=3533"}],"curies":[{"name":"wp","href":"https:\/\/api.w.org\/{rel}","templated":true}]}}