{"id":3335,"date":"2025-11-26T13:34:53","date_gmt":"2025-11-26T12:34:53","guid":{"rendered":"https:\/\/apexvape.de\/?post_type=product&#038;p=3335"},"modified":"2025-11-26T13:35:14","modified_gmt":"2025-11-26T12:35:14","slug":"bang-king-25000","status":"publish","type":"product","link":"https:\/\/apexvape.de\/pl\/product\/bang-king-25000\/","title":{"rendered":"Bang King 25000 zaci\u0105gni\u0119\u0107 Jednorazowy vape"},"content":{"rendered":"<h1>Bang King 25000 zaci\u0105gni\u0119\u0107 | Podw\u00f3jne wk\u0142ady 0%-5% Nikotyna, 46 ml 650 mAh Jednorazowy vape hurtowo<\/h1>\n<p>Bang King 25000 Z\u00fcge to jednorazowe urz\u0105dzenie vape o du\u017cej pojemno\u015bci, zaprojektowane z my\u015bl\u0105 o zapewnieniu niezr\u00f3wnanych wra\u017ce\u0144 podczas wapowania, oferuj\u0105ce do 25 000 zaci\u0105gni\u0119\u0107. Urz\u0105dzenie to, przeznaczone zar\u00f3wno dla entuzjast\u00f3w wapowania, jak i sprzedawc\u00f3w, \u0142\u0105czy w sobie wygod\u0119, wydajno\u015b\u0107 i trwa\u0142o\u015b\u0107. Du\u017ca pojemno\u015b\u0107 e-liquidu wynosz\u0105ca 46 ml (podzielona na 2 wk\u0142ady po 23 ml) minimalizuje potrzeb\u0119 ponownego nape\u0142niania, a wydajna bateria wielokrotnego \u0142adowania o pojemno\u015bci 650 mAh zapewnia d\u0142ugotrwa\u0142e u\u017cytkowanie. Dost\u0119pny w wersjach o st\u0119\u017ceniu nikotyny 0%, 2%, 3% i 5%, zaspokaja r\u00f3\u017cnorodne preferencje.<\/p>\n<h2>Bang King 25000 zaci\u0105gni\u0119\u0107 Najwa\u017cniejsze cechy:<\/h2>\n<p>Prze\u017cyj niezwyk\u0142\u0105 podr\u00f3\u017c parow\u0105 dzi\u0119ki imponuj\u0105cej pojemno\u015bci do 25 000 zaci\u0105gni\u0119\u0107, zasilanej dwoma wst\u0119pnie nape\u0142nionymi wk\u0142adami e-liquidu o pojemno\u015bci 23 ml i \u0142\u0105cznej pojemno\u015bci 46 ml. Ta zwi\u0119kszona pojemno\u015b\u0107 gwarantuje d\u0142ugotrwa\u0142\u0105 przyjemno\u015b\u0107 bez konieczno\u015bci ci\u0105g\u0142ej wymiany i jest idealna zar\u00f3wno dla okazjonalnych u\u017cytkownik\u00f3w, jak i entuzjast\u00f3w wapowania.<\/p>\n<p>Dostosuj swoje doznania dzi\u0119ki elastycznym opcjom zawarto\u015bci nikotyny, dost\u0119pnym w mocach 0%, 2%, 3% i 5%, aby zaspokoi\u0107 indywidualne preferencje i potrzeby. Niezale\u017cnie od tego, czy chcesz zmniejszy\u0107 spo\u017cycie nikotyny, czy wolisz mocniejsze uderzenie \u2013 istnieje opcja stworzona specjalnie dla Ciebie.<\/p>\n<p>Urz\u0105dzenie jest wyposa\u017cone w zaawansowan\u0105 technologi\u0119 z cewk\u0105 siatkow\u0105 1,0 oma, kt\u00f3ra zapewnia lepszy smak i imponuj\u0105c\u0105 produkcj\u0119 pary przy ka\u017cdym zaci\u0105gni\u0119ciu. Zasilane niezawodn\u0105 bateri\u0105 650 mAh, mo\u017cesz liczy\u0107 na sta\u0142\u0105 wydajno\u015b\u0107 przez ca\u0142y dzie\u0144, a praktyczne z\u0142\u0105cze \u0142adowania typu C umo\u017cliwia szybkie i wydajne \u0142adowanie w razie potrzeby.<\/p>\n<p>Wybierz spo\u015br\u00f3d kusz\u0105cej gamy 12 pysznych smak\u00f3w, starannie stworzonych, aby zaspokoi\u0107 ka\u017cdy gust i preferencje. Od klasycznych ulubionych po wyj\u0105tkowe mieszanki \u2013 ta r\u00f3\u017cnorodna gama smak\u00f3w gwarantuje, \u017ce znajdziesz idealny smak, kt\u00f3ry pasuje do Twojego nastroju i wzbogaci Twoje doznania zwi\u0105zane z wapowaniem.<\/p>\n<h2>Specyfikacje produktu:<\/h2>\n<ul>\n<li><strong>Poci\u0105gi:<\/strong> Do 25 000 poci\u0105g\u00f3w<\/li>\n<li><strong>P\u0142yn:<\/strong> 46 ml wst\u0119pnie nape\u0142nionego e-liquidu (2 PODS, 23 ml + 23 ml)<\/li>\n<li><strong>Nikotyna:<\/strong> 0%, 2%, 3%, 5%<\/li>\n<li><strong>Typ:<\/strong> jednorazowy<\/li>\n<li><strong>Akumulator:<\/strong> Akumulator 650 mAh<\/li>\n<li><strong>Regulowany przep\u0142yw powietrza<\/strong><\/li>\n<li><strong>\u0141adowanie typu C<\/strong><\/li>\n<li><strong>12 dost\u0119pnych smak\u00f3w<\/strong><\/li>\n<\/ul>\n<h2>Lista smak\u00f3w:<\/h2>\n<ol>\n<li>Niebieski Razz Ice<\/li>\n<li>Soczysty brzoskwiniowy l\u00f3d<\/li>\n<li>Truskawka i arbuz<\/li>\n<li>Lody arbuzowe<\/li>\n<li>Truskawkowo-bananowy<\/li>\n<li>Kwa\u015bne jab\u0142ko z lodem<\/li>\n<li>Potr\u00f3jne jagody lodowe<\/li>\n<li>Owoce tropikalne<\/li>\n<li>Cherry Bomb<\/li>\n<li>Lody winogronowe<\/li>\n<li>Brzoskwinia Mango<\/li>\n<li>Truskawka Mango<\/li>\n<\/ol>\n<h2>Cz\u0119sto zadawane pytania (FAQ)<\/h2>\n<p><strong>1. Jak d\u0142ugo wystarcza Bang King na 25000 zaci\u0105gni\u0119\u0107?<\/strong><\/p>\n<p>Bang King 25000 zaci\u0105gni\u0119\u0107 jest zaprojektowany tak, aby zapewni\u0107 do 25 000 zaci\u0105gni\u0119\u0107, w zale\u017cno\u015bci od intensywno\u015bci u\u017cytkowania. Jest to znacznie wi\u0119cej ni\u017c w przypadku wi\u0119kszo\u015bci jednorazowych vape'\u00f3w, co czyni go idealnym rozwi\u0105zaniem dla intensywnie vapuj\u0105cych u\u017cytkownik\u00f3w.<\/p>\n<p><strong>2. Jakie smaki s\u0105 dost\u0119pne dla Bang King 25000 zaci\u0105gni\u0119\u0107?<\/strong><\/p>\n<p>Bang King 25000 zaci\u0105gni\u0119\u0107 jest dost\u0119pny w wielu smakach, w tym owocowych, mentolowych i deserowych. Popularne opcje to Blueberry Mint, Mango Ice i Strawberry Banana.<\/p>\n<p><strong>3. Jak pozby\u0107 si\u0119 zu\u017cytego Bang King 25000 Z\u00fcge?<\/strong><\/p>\n<p>Zach\u0119camy wszystkich klient\u00f3w do odpowiedzialnego utylizowania zu\u017cytych vape'\u00f3w jednorazowych. Prosimy o zapoznanie si\u0119 z lokalnymi programami recyklingowymi, aby dowiedzie\u0107 si\u0119, jakie s\u0105 odpowiednie metody utylizacji, zw\u0142aszcza \u017ce wiele element\u00f3w vape'\u00f3w jednorazowych nadaje si\u0119 do recyklingu.<\/p>\n<h2 class=\"font-claude-response-heading text-text-100 mt-1 -mb-0.5\">Dowiedz si\u0119 wi\u0119cej na stronie Apex Vape<\/h2>\n<p class=\"font-claude-response-body whitespace-normal break-words\">Szukasz innych produkt\u00f3w premium do wapowania? Odwied\u017a nasz\u0105 stron\u0119 <strong><a class=\"underline\" href=\"https:\/\/apexvape.de\/pl\/\">Strona g\u0142\u00f3wna<\/a><\/strong>, aby odkry\u0107 nasz\u0105 pe\u0142n\u0105 ofert\u0119 wysokiej jako\u015bci jednorazowych vape'\u00f3w i produkt\u00f3w do wapowania. Bang King 25000 zaci\u0105gni\u0119\u0107 jest cz\u0119\u015bci\u0105 naszej ekskluzywnej <strong><a class=\"underline\" href=\"https:\/\/apexvape.de\/pl\/product-category\/bang-vape\/\">Kolekcja BANG VAPE<\/a><\/strong>, kt\u00f3ra oferuje szeroki wyb\u00f3r innowacyjnych urz\u0105dze\u0144 o wyj\u0105tkowej wydajno\u015bci i r\u00f3\u017cnorodno\u015bci smak\u00f3w. W Apex Vape stawiamy na jako\u015b\u0107, niezawodno\u015b\u0107 i zadowolenie klient\u00f3w \u2013 jeste\u015bmy Twoim zaufanym partnerem w zakresie najwy\u017cszej klasy produkt\u00f3w do wapowania w Niemczech.<\/p>","protected":false},"excerpt":{"rendered":"<p class=\"font-claude-response-body whitespace-normal break-words\">Bang King 25000 oferuje wyj\u0105tkowe 25 000 zaci\u0105gni\u0119\u0107 dzi\u0119ki innowacyjnemu systemowi podw\u00f3jnych kapsu\u0142ek (2x23 ml). Wyposa\u017cony w akumulator 650 mAh, \u0142adowanie typu C, cewk\u0119 siatkow\u0105 1,0 \u03a9 i regulowany przep\u0142yw powietrza. Dost\u0119pny w wersjach 0%-5% nikotynowych i 12 smakach premium. Idealny dla hurtownik\u00f3w i wymagaj\u0105cych u\u017cytkownik\u00f3w.<\/p>","protected":false},"featured_media":3336,"comment_status":"open","ping_status":"closed","template":"","meta":[],"product_brand":[],"product_cat":[76],"product_tag":[],"class_list":{"0":"post-3335","1":"product","2":"type-product","3":"status-publish","4":"has-post-thumbnail","6":"product_cat-bang-vape","8":"first","9":"instock","10":"shipping-taxable","11":"purchasable","12":"product-type-variable"},"_links":{"self":[{"href":"https:\/\/apexvape.de\/pl\/wp-json\/wp\/v2\/product\/3335","targetHints":{"allow":["GET"]}}],"collection":[{"href":"https:\/\/apexvape.de\/pl\/wp-json\/wp\/v2\/product"}],"about":[{"href":"https:\/\/apexvape.de\/pl\/wp-json\/wp\/v2\/types\/product"}],"replies":[{"embeddable":true,"href":"https:\/\/apexvape.de\/pl\/wp-json\/wp\/v2\/comments?post=3335"}],"version-history":[{"count":0,"href":"https:\/\/apexvape.de\/pl\/wp-json\/wp\/v2\/product\/3335\/revisions"}],"wp:featuredmedia":[{"embeddable":true,"href":"https:\/\/apexvape.de\/pl\/wp-json\/wp\/v2\/media\/3336"}],"wp:attachment":[{"href":"https:\/\/apexvape.de\/pl\/wp-json\/wp\/v2\/media?parent=3335"}],"wp:term":[{"taxonomy":"product_brand","embeddable":true,"href":"https:\/\/apexvape.de\/pl\/wp-json\/wp\/v2\/product_brand?post=3335"},{"taxonomy":"product_cat","embeddable":true,"href":"https:\/\/apexvape.de\/pl\/wp-json\/wp\/v2\/product_cat?post=3335"},{"taxonomy":"product_tag","embeddable":true,"href":"https:\/\/apexvape.de\/pl\/wp-json\/wp\/v2\/product_tag?post=3335"}],"curies":[{"name":"wp","href":"https:\/\/api.w.org\/{rel}","templated":true}]}}