{"id":3212,"date":"2025-11-25T14:10:05","date_gmt":"2025-11-25T13:10:05","guid":{"rendered":"https:\/\/apexvape.de\/?post_type=product&#038;p=3212"},"modified":"2025-11-25T14:10:26","modified_gmt":"2025-11-25T13:10:26","slug":"bang-blaze-100000","status":"publish","type":"product","link":"https:\/\/apexvape.de\/pl\/product\/bang-blaze-100000\/","title":{"rendered":"Bang Blaze 100000 zaci\u0105gni\u0119\u0107 Jednorazowy vape"},"content":{"rendered":"<h1>Bang Blaze 100000 6 w 1 100 tys. zaci\u0105gni\u0119\u0107 | Jednorazowy e-papieros z mo\u017cliwo\u015bci\u0105 \u0142adowania, potr\u00f3jnym zbiornikiem i wy\u015bwietlaczem LED<\/h1>\n<p>Die <strong>Bang Blaze 100000 zaci\u0105gni\u0119\u0107 6w1<\/strong> jest najmocniejszym jednorazowym e-papierosem z serii Bang, stworzonym z my\u015bl\u0105 o do\u015bwiadczonych u\u017cytkownikach i mi\u0142o\u015bnikach smaku. Dzi\u0119ki imponuj\u0105cej liczbie 100 000 zaci\u0105gni\u0119\u0107 urz\u0105dzenie to zapewnia wyj\u0105tkowo d\u0142ugi czas u\u017cytkowania bez konieczno\u015bci cz\u0119stej wymiany. Wyposa\u017cony w akumulator 850 mAh z funkcj\u0105 szybkiego \u0142adowania typu C, ten e-papieros gwarantuje d\u0142ugotrwa\u0142\u0105 i niezawodn\u0105 wydajno\u015b\u0107. Pojemno\u015b\u0107 60 ml e-p\u0142ynu jest podzielona na trzy oddzielne zbiorniki o pojemno\u015bci 20 ml, kt\u00f3re s\u0105 wyposa\u017cone w cewk\u0119 siatkow\u0105 1,0 \u03a9 i wytwarzaj\u0105 intensywny smak i delikatn\u0105 par\u0119. Wy\u015bwietlacz LED pokazuje poziom na\u0142adowania baterii i dane u\u017cytkowania, a tryb czystego smaku i tryb kombinacji smak\u00f3w umo\u017cliwiaj\u0105 indywidualne lub mieszane doznania smakowe. Wybierz preferowan\u0105 zawarto\u015b\u0107 nikotyny spo\u015br\u00f3d 0%, 2%, 3% lub 5% i ciesz si\u0119 w pe\u0142ni dostosowanym do swoich potrzeb do\u015bwiadczeniem wapowania.<\/p>\n<h2>Bang Blaze 100000 zaci\u0105gni\u0119\u0107 Najwa\u017cniejsze cechy:<\/h2>\n<p>E-papieros Bang Blaze 100000 zaci\u0105gni\u0119\u0107 przekonuje wyj\u0105tkow\u0105 trwa\u0142o\u015bci\u0105, umo\u017cliwiaj\u0105c\u0105 wykonanie nawet 100 000 zaci\u0105gni\u0119\u0107, dzi\u0119ki czemu nie ma potrzeby cz\u0119stego dokupowania nowych produkt\u00f3w. Cewka siatkowa 1,0 \u03a9 zapewnia intensywny smak i mi\u0119kk\u0105 par\u0119, a pojemno\u015b\u0107 60 ml e-liquidu jest roz\u0142o\u017cona na trzy niezale\u017cne zbiorniki o pojemno\u015bci 20 ml, co zapewnia niezr\u00f3wnan\u0105 wszechstronno\u015b\u0107. Funkcja szybkiego \u0142adowania typu C gwarantuje niezawodne zasilanie, dzi\u0119ki czemu mo\u017cna korzysta\u0107 z e-papierosa w dowolnym miejscu i czasie.<\/p>\n<p>Ciesz si\u0119 maksymaln\u0105 elastyczno\u015bci\u0105 smak\u00f3w dzi\u0119ki innowacyjnemu systemowi potr\u00f3jnego zbiornika, kt\u00f3ry przechowuje do 6 r\u00f3\u017cnych aromat\u00f3w w oddzielnych komorach. \u0141atwo prze\u0142\u0105czaj si\u0119 mi\u0119dzy trybem czystym dla pojedynczych smak\u00f3w a trybem kombinowanym, aby tworzy\u0107 ekscytuj\u0105ce mieszane profile smakowe. Inteligentna konstrukcja prze\u0142\u0105cznika sprawia, \u017ce prze\u0142\u0105czanie mi\u0119dzy opcjami jest p\u0142ynne i intuicyjne.<\/p>\n<p>Spersonalizuj swoje doznania zwi\u0105zane z wapowaniem, wybieraj\u0105c poziom nikotyny: 0%, 2%, 3% lub 5%, zgodnie z w\u0142asnymi preferencjami. Wbudowany wy\u015bwietlacz LED dostarcza informacji w czasie rzeczywistym na temat stanu baterii, aktualnego trybu smaku i licznika zaci\u0105gni\u0119\u0107, dzi\u0119ki czemu zawsze jeste\u015b na bie\u017c\u0105co.<\/p>\n<p>Bang Blaze 100000 zaci\u0105gni\u0119\u0107 \u0142\u0105czy w sobie najnowocze\u015bniejsz\u0105 technologi\u0119, ogromn\u0105 pojemno\u015b\u0107 i innowacyjny smak w jednym urz\u0105dzeniu klasy premium dla wymagaj\u0105cych u\u017cytkownik\u00f3w.<\/p>\n<h2>Specyfikacje produktu:<\/h2>\n<ul>\n<li><strong>Moc nikotyny:<\/strong> 0% \/ 2% \/ 3% \/ 5%<\/li>\n<li><strong>Liczba poci\u0105g\u00f3w:<\/strong> Do 100 000 poci\u0105g\u00f3w<\/li>\n<li><strong>Tryby smaku:<\/strong> A, B, C, A+B, A+C, B+C<\/li>\n<li><strong>Zbiorniki na ciecze:<\/strong> 3 zbiorniki<\/li>\n<li><strong>Akumulator:<\/strong> 850 mAh, akumulator wielokrotnego \u0142adowania<\/li>\n<li><strong>Cewka:<\/strong> Potr\u00f3jna cewka siatkowa<\/li>\n<li><strong>Wy\u015bwietlacz LED:<\/strong> Tak<\/li>\n<li><strong>Z\u0142\u0105cze \u0142adowania:<\/strong> Typ C<\/li>\n<li><strong>Opakowanie:<\/strong> 10 sztuk\/opakowanie<\/li>\n<li><strong>Smaki:<\/strong> 10 opcji<\/li>\n<\/ul>\n<h2>Bang Blaze 100000 zaci\u0105gni\u0119\u0107 Lista smak\u00f3w:<\/h2>\n<ol>\n<li>Lody arbuzowe \/ truskawkowe Mamba \/ truskawkowe arbuzowe<\/li>\n<li>Lody Fuji \/ Jab\u0142ko Winogrono \/ Wi\u015bnia Granat<\/li>\n<li>Lody jagodowe \/ malinowo-cytrynowe \/ gumy do \u017cucia o smaku arbuza<\/li>\n<li>Jagody Maliny \/ Kwa\u015bny ananas Pomara\u0144cza \/ Maliny Arbuz<\/li>\n<li>Lody winogronowe \/ mango brzoskwiniowe \/ jagodowo-arbuzowe<\/li>\n<li>Lody truskawkowe \/ brzoskwiniowo-cytrynowe \/ kiwi-marakuja-gwajawa<\/li>\n<li>Ananasowo-kokosowy \/ jagodowy Red Bull \/ arbuzowy lody<\/li>\n<li>Truskawka Kiwi \/ Jagoda Kokos \/ Mieszanka jag\u00f3d<\/li>\n<li>Cytrynowy romans \/ Jagoda malina \/ Brzoskwinia mentolowa<\/li>\n<li>Lody brzoskwiniowe \/ czarna porzeczka Lody ananasowe \/ zielone jab\u0142ko Kiwi<\/li>\n<\/ol>\n<h2>Cz\u0119sto zadawane pytania (FAQ)<\/h2>\n<p><strong>1. Jak d\u0142ugo wystarcza Bang Blaze na 100 000 zaci\u0105gni\u0119\u0107?<\/strong> E-papieros Bang Blaze 100000 zaci\u0105gni\u0119\u0107 zosta\u0142 zaprojektowany tak, aby zapewni\u0107 do 100 000 zaci\u0105gni\u0119\u0107, co czyni go jednym z najtrwalszych jednorazowych e-papieros\u00f3w.<\/p>\n<p><strong>2. Jakie smaki zawiera zestaw 6 w 1?<\/strong> Ka\u017cde urz\u0105dzenie zawiera 6 kombinacji smakowych, takich jak lody arbuzowe, lody Fuji, lody jagodowe i inne. Konkretna mieszanka mo\u017ce si\u0119 r\u00f3\u017cni\u0107 w zale\u017cno\u015bci od urz\u0105dzenia, ale zawsze zawiera 6 unikalnych profili smakowych.<\/p>\n<p><strong>3. Czy e-papieros Bang Blaze 100k jest wielokrotnego \u0142adowania?<\/strong> Tak, posiada wbudowany akumulator o pojemno\u015bci 850 mAh i z\u0142\u0105cze \u0142adowania typu C, kt\u00f3re umo\u017cliwia szybkie i \u0142atwe \u0142adowanie.<\/p>\n<p><strong>4. Czy mog\u0119 wybra\u0107 poziom nikotyny?<\/strong> Tak, zawarto\u015b\u0107 nikotyny mo\u017cna dostosowa\u0107: dost\u0119pne s\u0105 opcje 0%, 2%, 3% i 5%, aby dopasowa\u0107 si\u0119 do Twoich preferencji.<\/p>\n<h2 class=\"font-claude-response-heading text-text-100 mt-1 -mb-0.5\">Odkryj wi\u0119cej produkt\u00f3w premium do wapowania<\/h2>\n<p class=\"font-claude-response-body whitespace-normal break-words\">Odkryj pe\u0142n\u0105 gam\u0119 wysokiej jako\u015bci e-papieros\u00f3w w naszym <strong><a class=\"underline\" href=\"https:\/\/apexvape.de\/pl\/\">sklep internetowy<\/a><\/strong>. Bang Blaze 100000 zaci\u0105gni\u0119\u0107 to tylko jeden z wielu doskona\u0142ych produkt\u00f3w w naszej bogatej ofercie. Je\u015bli chcesz pozna\u0107 inne innowacyjne urz\u0105dzenia z serii Bang, odwied\u017a nasz\u0105 stron\u0119 internetow\u0105. <strong><a class=\"underline\" href=\"https:\/\/apexvape.de\/pl\/product-category\/bang-vape\/\">Kategoria BANG VAPE<\/a><\/strong>, gdzie znajdziesz szeroki wyb\u00f3r wydajnych jednorazowych e-papieros\u00f3w z najnowocze\u015bniejsz\u0105 technologi\u0105 i wyj\u0105tkowymi doznaniami smakowymi. W Apex Vape oferujemy najwy\u017csz\u0105 jako\u015b\u0107, szybk\u0105 wysy\u0142k\u0119 i kompetentn\u0105 obs\u0142ug\u0119 klienta, aby zapewni\u0107 Ci idealne wra\u017cenia podczas wapowania.<\/p>","protected":false},"excerpt":{"rendered":"<p class=\"font-claude-response-body whitespace-normal break-words\">Bang Blaze 100000 rewolucjonizuje wapowanie dzi\u0119ki 100 000 zaci\u0105gni\u0119\u0107 i innowacyjnemu systemowi 6 w 1. Trzy zbiorniki o pojemno\u015bci 20 ml umo\u017cliwiaj\u0105 6 kombinacji smakowych (A, B, C, A+B, A+C, B+C). Wy\u015bwietlacz LED, akumulator 850 mAh typu C, potr\u00f3jna cewka siatkowa. 10 aromat\u00f3w w 4 mocach nikotynowych. Maksymalna wydajno\u015b\u0107 dla najwy\u017cszych wymaga\u0144.<\/p>","protected":false},"featured_media":3214,"comment_status":"open","ping_status":"closed","template":"","meta":[],"product_brand":[],"product_cat":[76],"product_tag":[],"class_list":{"0":"post-3212","1":"product","2":"type-product","3":"status-publish","4":"has-post-thumbnail","6":"product_cat-bang-vape","8":"first","9":"instock","10":"shipping-taxable","11":"purchasable","12":"product-type-variable"},"_links":{"self":[{"href":"https:\/\/apexvape.de\/pl\/wp-json\/wp\/v2\/product\/3212","targetHints":{"allow":["GET"]}}],"collection":[{"href":"https:\/\/apexvape.de\/pl\/wp-json\/wp\/v2\/product"}],"about":[{"href":"https:\/\/apexvape.de\/pl\/wp-json\/wp\/v2\/types\/product"}],"replies":[{"embeddable":true,"href":"https:\/\/apexvape.de\/pl\/wp-json\/wp\/v2\/comments?post=3212"}],"version-history":[{"count":0,"href":"https:\/\/apexvape.de\/pl\/wp-json\/wp\/v2\/product\/3212\/revisions"}],"wp:featuredmedia":[{"embeddable":true,"href":"https:\/\/apexvape.de\/pl\/wp-json\/wp\/v2\/media\/3214"}],"wp:attachment":[{"href":"https:\/\/apexvape.de\/pl\/wp-json\/wp\/v2\/media?parent=3212"}],"wp:term":[{"taxonomy":"product_brand","embeddable":true,"href":"https:\/\/apexvape.de\/pl\/wp-json\/wp\/v2\/product_brand?post=3212"},{"taxonomy":"product_cat","embeddable":true,"href":"https:\/\/apexvape.de\/pl\/wp-json\/wp\/v2\/product_cat?post=3212"},{"taxonomy":"product_tag","embeddable":true,"href":"https:\/\/apexvape.de\/pl\/wp-json\/wp\/v2\/product_tag?post=3212"}],"curies":[{"name":"wp","href":"https:\/\/api.w.org\/{rel}","templated":true}]}}